{"id":1016,"date":"2023-04-26T08:26:47","date_gmt":"2023-04-26T08:26:47","guid":{"rendered":"https:\/\/www.avistahideawayphuketresort.com\/accommodations-in-phuket-luxury\/executive-room-pool-access-1-king-bed\/"},"modified":"2023-07-10T22:26:02","modified_gmt":"2023-07-10T22:26:02","slug":"executive-room-pool-access-1-king-bed","status":"publish","type":"page","link":"https:\/\/www.avistahideawayphuketresort.com\/de\/accommodations-in-phuket-luxury\/executive-room-pool-access-1-king-bed\/","title":{"rendered":"EXECUTIVE ZIMMER &#8211; ZUGANG ZUM POOL"},"content":{"rendered":"<p style=\"text-align: center;\">Am Hang neben dem Pool des Resorts gelegen, erstreckt sich auf 55 m\u00b2 ein ger\u00e4umiger, moderner Wohnbereich mit traditionellem thail\u00e4ndischem Design und satten Blaut\u00f6nen. Die G\u00e4ste k\u00f6nnen zwischen 1 Kingsize-Bett oder 1 Kingsize- und 1 Queensize-Bett w\u00e4hlen. Das Badezimmer verf\u00fcgt \u00fcber eine Regendusche und eine separate Badewanne, w\u00e4hrend die Terrasse einen direkten Zugang zum Pool bietet.<br \/>\n<span style=\"font-weight: 400;\">Profitieren Sie von der Bestpreisgarantie bei Direktbuchung! Genie\u00dfen Sie einen zus\u00e4tzlichen Rabatt von 10 % auf Ihren Aufenthalt mit <\/span><a href=\"https:\/\/all.accor.com\/loyalty-program\/reasonstojoin\/index.en.shtml?utm_source=hotelwebsite_A245&amp;utm_campaign=hotel_website_search&amp;utm_medium=accor_regional_websites&amp;merchantid=MS-A245&amp;sourceid=Direct_Access&amp;_gl=1*1rjkeqh*_ga*NTAzMzQ3MDQyLjE2Nzc4MDY1Nzc.*_ga_SMBX2K52JL*MTY4NDI4NzI1MS4yNC4xLjE2ODQyOTI3MTQuNTQuMC4w&amp;gacid=503347042.1677806577&amp;_ga=2.230927071.1109085014.1684201254-503347042.1677806577\"><span style=\"font-weight: 400;\">Accor ALL<\/span><\/a><span style=\"font-weight: 400;\">.<\/span><\/p>\n","protected":false},"excerpt":{"rendered":"<p>Am Hang neben dem Pool des Resorts gelegen, erstreckt sich auf 55 m\u00b2 ein ger\u00e4umiger, moderner Wohnbereich mit traditionellem thail\u00e4ndischem Design und satten Blaut\u00f6nen. Die G\u00e4ste k\u00f6nnen zwischen 1 Kingsize-Bett oder 1 Kingsize- und 1 Queensize-Bett w\u00e4hlen. Das Badezimmer verf\u00fcgt \u00fcber eine Regendusche und eine separate Badewanne, w\u00e4hrend die Terrasse einen direkten Zugang zum Pool [&hellip;]<\/p>\n","protected":false},"author":55,"featured_media":0,"parent":989,"menu_order":6,"comment_status":"closed","ping_status":"closed","template":"template-room.php","meta":{"footnotes":""},"categories":[41],"class_list":["post-1016","page","type-page","status-publish","hentry","category-rooms-de"],"acf":[],"yoast_head":"<!-- This site is optimized with the Yoast SEO plugin v26.9 - https:\/\/yoast.com\/product\/yoast-seo-wordpress\/ -->\n<title>EXECUTIVE ZIMMER - ZUGANG ZUM POOL - Avista Hideaway Phuket Patong<\/title>\n<meta name=\"robots\" content=\"index, follow, max-snippet:-1, max-image-preview:large, max-video-preview:-1\" \/>\n<link rel=\"canonical\" href=\"https:\/\/www.avistahideawayphuketresort.com\/de\/accommodations-in-phuket-luxury\/executive-room-pool-access-1-king-bed\/\" \/>\n<meta property=\"og:locale\" content=\"de_DE\" \/>\n<meta property=\"og:type\" content=\"article\" \/>\n<meta property=\"og:title\" content=\"EXECUTIVE ZIMMER - ZUGANG ZUM POOL - Avista Hideaway Phuket Patong\" \/>\n<meta property=\"og:description\" content=\"Am Hang neben dem Pool des Resorts gelegen, erstreckt sich auf 55 m\u00b2 ein ger\u00e4umiger, moderner Wohnbereich mit traditionellem thail\u00e4ndischem Design und satten Blaut\u00f6nen. Die G\u00e4ste k\u00f6nnen zwischen 1 Kingsize-Bett oder 1 Kingsize- und 1 Queensize-Bett w\u00e4hlen. Das Badezimmer verf\u00fcgt \u00fcber eine Regendusche und eine separate Badewanne, w\u00e4hrend die Terrasse einen direkten Zugang zum Pool [&hellip;]\" \/>\n<meta property=\"og:url\" content=\"https:\/\/www.avistahideawayphuketresort.com\/de\/accommodations-in-phuket-luxury\/executive-room-pool-access-1-king-bed\/\" \/>\n<meta property=\"og:site_name\" content=\"Avista Hideaway Phuket Patong\" \/>\n<meta property=\"article:modified_time\" content=\"2023-07-10T22:26:02+00:00\" \/>\n<meta name=\"twitter:card\" content=\"summary_large_image\" \/>\n<meta name=\"twitter:label1\" content=\"Gesch\u00e4tzte Lesezeit\" \/>\n\t<meta name=\"twitter:data1\" content=\"1 Minute\" \/>\n<script type=\"application\/ld+json\" class=\"yoast-schema-graph\">{\"@context\":\"https:\/\/schema.org\",\"@graph\":[{\"@type\":\"WebPage\",\"@id\":\"https:\/\/www.avistahideawayphuketresort.com\/de\/accommodations-in-phuket-luxury\/executive-room-pool-access-1-king-bed\/\",\"url\":\"https:\/\/www.avistahideawayphuketresort.com\/de\/accommodations-in-phuket-luxury\/executive-room-pool-access-1-king-bed\/\",\"name\":\"EXECUTIVE ZIMMER - ZUGANG ZUM POOL - Avista Hideaway Phuket Patong\",\"isPartOf\":{\"@id\":\"https:\/\/www.avistahideawayphuketresort.com\/#website\"},\"datePublished\":\"2023-04-26T08:26:47+00:00\",\"dateModified\":\"2023-07-10T22:26:02+00:00\",\"breadcrumb\":{\"@id\":\"https:\/\/www.avistahideawayphuketresort.com\/de\/accommodations-in-phuket-luxury\/executive-room-pool-access-1-king-bed\/#breadcrumb\"},\"inLanguage\":\"de-DE\",\"potentialAction\":[{\"@type\":\"ReadAction\",\"target\":[\"https:\/\/www.avistahideawayphuketresort.com\/de\/accommodations-in-phuket-luxury\/executive-room-pool-access-1-king-bed\/\"]}]},{\"@type\":\"BreadcrumbList\",\"@id\":\"https:\/\/www.avistahideawayphuketresort.com\/de\/accommodations-in-phuket-luxury\/executive-room-pool-access-1-king-bed\/#breadcrumb\",\"itemListElement\":[{\"@type\":\"ListItem\",\"position\":1,\"name\":\"Home\",\"item\":\"https:\/\/www.avistahideawayphuketresort.com\/de\/\"},{\"@type\":\"ListItem\",\"position\":2,\"name\":\"Zimmer &#038; Suiten\",\"item\":\"https:\/\/www.avistahideawayphuketresort.com\/de\/accommodations-in-phuket-luxury\/\"},{\"@type\":\"ListItem\",\"position\":3,\"name\":\"EXECUTIVE ZIMMER &#8211; ZUGANG ZUM POOL\"}]},{\"@type\":\"WebSite\",\"@id\":\"https:\/\/www.avistahideawayphuketresort.com\/#website\",\"url\":\"https:\/\/www.avistahideawayphuketresort.com\/\",\"name\":\"Avista Hideaway Phuket Patong\",\"description\":\"\",\"potentialAction\":[{\"@type\":\"SearchAction\",\"target\":{\"@type\":\"EntryPoint\",\"urlTemplate\":\"https:\/\/www.avistahideawayphuketresort.com\/?s={search_term_string}\"},\"query-input\":{\"@type\":\"PropertyValueSpecification\",\"valueRequired\":true,\"valueName\":\"search_term_string\"}}],\"inLanguage\":\"de-DE\"}]}<\/script>\n<!-- \/ Yoast SEO plugin. -->","yoast_head_json":{"title":"EXECUTIVE ZIMMER - ZUGANG ZUM POOL - Avista Hideaway Phuket Patong","robots":{"index":"index","follow":"follow","max-snippet":"max-snippet:-1","max-image-preview":"max-image-preview:large","max-video-preview":"max-video-preview:-1"},"canonical":"https:\/\/www.avistahideawayphuketresort.com\/de\/accommodations-in-phuket-luxury\/executive-room-pool-access-1-king-bed\/","og_locale":"de_DE","og_type":"article","og_title":"EXECUTIVE ZIMMER - ZUGANG ZUM POOL - Avista Hideaway Phuket Patong","og_description":"Am Hang neben dem Pool des Resorts gelegen, erstreckt sich auf 55 m\u00b2 ein ger\u00e4umiger, moderner Wohnbereich mit traditionellem thail\u00e4ndischem Design und satten Blaut\u00f6nen. Die G\u00e4ste k\u00f6nnen zwischen 1 Kingsize-Bett oder 1 Kingsize- und 1 Queensize-Bett w\u00e4hlen. Das Badezimmer verf\u00fcgt \u00fcber eine Regendusche und eine separate Badewanne, w\u00e4hrend die Terrasse einen direkten Zugang zum Pool [&hellip;]","og_url":"https:\/\/www.avistahideawayphuketresort.com\/de\/accommodations-in-phuket-luxury\/executive-room-pool-access-1-king-bed\/","og_site_name":"Avista Hideaway Phuket Patong","article_modified_time":"2023-07-10T22:26:02+00:00","twitter_card":"summary_large_image","twitter_misc":{"Gesch\u00e4tzte Lesezeit":"1 Minute"},"schema":{"@context":"https:\/\/schema.org","@graph":[{"@type":"WebPage","@id":"https:\/\/www.avistahideawayphuketresort.com\/de\/accommodations-in-phuket-luxury\/executive-room-pool-access-1-king-bed\/","url":"https:\/\/www.avistahideawayphuketresort.com\/de\/accommodations-in-phuket-luxury\/executive-room-pool-access-1-king-bed\/","name":"EXECUTIVE ZIMMER - ZUGANG ZUM POOL - Avista Hideaway Phuket Patong","isPartOf":{"@id":"https:\/\/www.avistahideawayphuketresort.com\/#website"},"datePublished":"2023-04-26T08:26:47+00:00","dateModified":"2023-07-10T22:26:02+00:00","breadcrumb":{"@id":"https:\/\/www.avistahideawayphuketresort.com\/de\/accommodations-in-phuket-luxury\/executive-room-pool-access-1-king-bed\/#breadcrumb"},"inLanguage":"de-DE","potentialAction":[{"@type":"ReadAction","target":["https:\/\/www.avistahideawayphuketresort.com\/de\/accommodations-in-phuket-luxury\/executive-room-pool-access-1-king-bed\/"]}]},{"@type":"BreadcrumbList","@id":"https:\/\/www.avistahideawayphuketresort.com\/de\/accommodations-in-phuket-luxury\/executive-room-pool-access-1-king-bed\/#breadcrumb","itemListElement":[{"@type":"ListItem","position":1,"name":"Home","item":"https:\/\/www.avistahideawayphuketresort.com\/de\/"},{"@type":"ListItem","position":2,"name":"Zimmer &#038; Suiten","item":"https:\/\/www.avistahideawayphuketresort.com\/de\/accommodations-in-phuket-luxury\/"},{"@type":"ListItem","position":3,"name":"EXECUTIVE ZIMMER &#8211; ZUGANG ZUM POOL"}]},{"@type":"WebSite","@id":"https:\/\/www.avistahideawayphuketresort.com\/#website","url":"https:\/\/www.avistahideawayphuketresort.com\/","name":"Avista Hideaway Phuket Patong","description":"","potentialAction":[{"@type":"SearchAction","target":{"@type":"EntryPoint","urlTemplate":"https:\/\/www.avistahideawayphuketresort.com\/?s={search_term_string}"},"query-input":{"@type":"PropertyValueSpecification","valueRequired":true,"valueName":"search_term_string"}}],"inLanguage":"de-DE"}]}},"_links":{"self":[{"href":"https:\/\/www.avistahideawayphuketresort.com\/de\/wp-json\/wp\/v2\/pages\/1016","targetHints":{"allow":["GET"]}}],"collection":[{"href":"https:\/\/www.avistahideawayphuketresort.com\/de\/wp-json\/wp\/v2\/pages"}],"about":[{"href":"https:\/\/www.avistahideawayphuketresort.com\/de\/wp-json\/wp\/v2\/types\/page"}],"author":[{"embeddable":true,"href":"https:\/\/www.avistahideawayphuketresort.com\/de\/wp-json\/wp\/v2\/users\/55"}],"replies":[{"embeddable":true,"href":"https:\/\/www.avistahideawayphuketresort.com\/de\/wp-json\/wp\/v2\/comments?post=1016"}],"version-history":[{"count":0,"href":"https:\/\/www.avistahideawayphuketresort.com\/de\/wp-json\/wp\/v2\/pages\/1016\/revisions"}],"up":[{"embeddable":true,"href":"https:\/\/www.avistahideawayphuketresort.com\/de\/wp-json\/wp\/v2\/pages\/989"}],"wp:attachment":[{"href":"https:\/\/www.avistahideawayphuketresort.com\/de\/wp-json\/wp\/v2\/media?parent=1016"}],"wp:term":[{"taxonomy":"category","embeddable":true,"href":"https:\/\/www.avistahideawayphuketresort.com\/de\/wp-json\/wp\/v2\/categories?post=1016"}],"curies":[{"name":"wp","href":"https:\/\/api.w.org\/{rel}","templated":true}]}}