{"id":1024,"date":"2023-04-26T09:00:14","date_gmt":"2023-04-26T09:00:14","guid":{"rendered":"https:\/\/www.avistahideawayphuketresort.com\/accommodations-in-phuket-luxury\/deluxe-duplex-suite\/"},"modified":"2023-07-10T22:31:57","modified_gmt":"2023-07-10T22:31:57","slug":"deluxe-duplex-suite","status":"publish","type":"page","link":"https:\/\/www.avistahideawayphuketresort.com\/de\/accommodations-in-phuket-luxury\/deluxe-duplex-suite\/","title":{"rendered":"SANTI DUPLEX SUITE MIT WHIRLPOOL, 1 KING BED"},"content":{"rendered":"<p style=\"text-align: center;\"><span style=\"font-weight: 400;\">Wenn Sie einen ger\u00e4umigen Zufluchtsort suchen, bietet die Santi Duplex Suite mit Whirlpool und Rendez-Vue-Vorteilen 140 Quadratmeter pure, verschwenderische Klasse. Von allen <\/span><a href=\"https:\/\/www.avistahideawayphuketresort.com\/luxury-accommodation\/executive-suite\/\"><span style=\"font-weight: 400;\">privaten Suiten<\/span><\/a><span style=\"font-weight: 400;\">, die Patong zu bieten hat, ist diese Suite eine der sch\u00f6nsten. Sie bietet einige der sch\u00f6nsten Aussichtspunkte des gesamten Resorts und ist die Art von Luxus, die man nur von den allerbesten Duplex-Suiten erwarten kann. Phuket ist mit unendlicher nat\u00fcrlicher Sch\u00f6nheit gesegnet, und von der privaten Dachterrasse aus haben Sie einen atemberaubenden Blick auf all diese Wunder. Auf der Dachterrasse befinden sich auch ein Esstisch und ein Lounge-Bereich f\u00fcr ein einzigartiges, privates al fresca-Erlebnis. Eine Wendeltreppe f\u00fchrt hinunter in das darunter liegende Schlafzimmer mit einem Kingsize-Bett, wo Sie auf einer weiteren Terrasse ein zauberhaftes Bad in Ihrem Weltklasse-Whirlpool genie\u00dfen k\u00f6nnen. Als eine der sch\u00f6nsten <\/span><a href=\"https:\/\/www.avistahideawayphuketresort.com\/luxury-accommodation\/jacuzzi-junior-suite\/\"><span style=\"font-weight: 400;\">Jacuzzi-Suiten in Phuket<\/span><\/a><span style=\"font-weight: 400;\"> wird Sie diese Auswahl sicher begeistern.<\/span><\/p>\n<p style=\"text-align: center;\">\n<span style=\"font-weight: 400;\">Profitieren Sie von der Bestpreisgarantie bei Direktbuchung! Genie\u00dfen Sie einen zus\u00e4tzlichen Rabatt von 10 % auf Ihren Aufenthalt mit <\/span><a href=\"https:\/\/all.accor.com\/loyalty-program\/reasonstojoin\/index.en.shtml?utm_source=hotelwebsite_A245&amp;utm_campaign=hotel_website_search&amp;utm_medium=accor_regional_websites&amp;merchantid=MS-A245&amp;sourceid=Direct_Access&amp;_gl=1*1rjkeqh*_ga*NTAzMzQ3MDQyLjE2Nzc4MDY1Nzc.*_ga_SMBX2K52JL*MTY4NDI4NzI1MS4yNC4xLjE2ODQyOTI3MTQuNTQuMC4w&amp;gacid=503347042.1677806577&amp;_ga=2.230927071.1109085014.1684201254-503347042.1677806577\"><span style=\"font-weight: 400;\">Accor ALL<\/span><\/a><span style=\"font-weight: 400;\">.<\/span><\/p>\n","protected":false},"excerpt":{"rendered":"<p>Wenn Sie einen ger\u00e4umigen Zufluchtsort suchen, bietet die Santi Duplex Suite mit Whirlpool und Rendez-Vue-Vorteilen 140 Quadratmeter pure, verschwenderische Klasse. Von allen privaten Suiten, die Patong zu bieten hat, ist diese Suite eine der sch\u00f6nsten. Sie bietet einige der sch\u00f6nsten Aussichtspunkte des gesamten Resorts und ist die Art von Luxus, die man nur von den [&hellip;]<\/p>\n","protected":false},"author":55,"featured_media":0,"parent":989,"menu_order":8,"comment_status":"closed","ping_status":"closed","template":"template-room.php","meta":{"footnotes":""},"categories":[43],"class_list":["post-1024","page","type-page","status-publish","hentry","category-suites-de"],"acf":[],"yoast_head":"<!-- This site is optimized with the Yoast SEO plugin v26.9 - https:\/\/yoast.com\/product\/yoast-seo-wordpress\/ -->\n<title>SANTI DUPLEX SUITE MIT WHIRLPOOL, 1 KING BED - Avista Hideaway Phuket Patong<\/title>\n<meta name=\"robots\" content=\"index, follow, max-snippet:-1, max-image-preview:large, max-video-preview:-1\" \/>\n<link rel=\"canonical\" href=\"https:\/\/www.avistahideawayphuketresort.com\/de\/accommodations-in-phuket-luxury\/deluxe-duplex-suite\/\" \/>\n<meta property=\"og:locale\" content=\"de_DE\" \/>\n<meta property=\"og:type\" content=\"article\" \/>\n<meta property=\"og:title\" content=\"SANTI DUPLEX SUITE MIT WHIRLPOOL, 1 KING BED - Avista Hideaway Phuket Patong\" \/>\n<meta property=\"og:description\" content=\"Wenn Sie einen ger\u00e4umigen Zufluchtsort suchen, bietet die Santi Duplex Suite mit Whirlpool und Rendez-Vue-Vorteilen 140 Quadratmeter pure, verschwenderische Klasse. Von allen privaten Suiten, die Patong zu bieten hat, ist diese Suite eine der sch\u00f6nsten. Sie bietet einige der sch\u00f6nsten Aussichtspunkte des gesamten Resorts und ist die Art von Luxus, die man nur von den [&hellip;]\" \/>\n<meta property=\"og:url\" content=\"https:\/\/www.avistahideawayphuketresort.com\/de\/accommodations-in-phuket-luxury\/deluxe-duplex-suite\/\" \/>\n<meta property=\"og:site_name\" content=\"Avista Hideaway Phuket Patong\" \/>\n<meta property=\"article:modified_time\" content=\"2023-07-10T22:31:57+00:00\" \/>\n<meta name=\"twitter:card\" content=\"summary_large_image\" \/>\n<meta name=\"twitter:label1\" content=\"Gesch\u00e4tzte Lesezeit\" \/>\n\t<meta name=\"twitter:data1\" content=\"1 Minute\" \/>\n<script type=\"application\/ld+json\" class=\"yoast-schema-graph\">{\"@context\":\"https:\/\/schema.org\",\"@graph\":[{\"@type\":\"WebPage\",\"@id\":\"https:\/\/www.avistahideawayphuketresort.com\/de\/accommodations-in-phuket-luxury\/deluxe-duplex-suite\/\",\"url\":\"https:\/\/www.avistahideawayphuketresort.com\/de\/accommodations-in-phuket-luxury\/deluxe-duplex-suite\/\",\"name\":\"SANTI DUPLEX SUITE MIT WHIRLPOOL, 1 KING BED - Avista Hideaway Phuket Patong\",\"isPartOf\":{\"@id\":\"https:\/\/www.avistahideawayphuketresort.com\/#website\"},\"datePublished\":\"2023-04-26T09:00:14+00:00\",\"dateModified\":\"2023-07-10T22:31:57+00:00\",\"breadcrumb\":{\"@id\":\"https:\/\/www.avistahideawayphuketresort.com\/de\/accommodations-in-phuket-luxury\/deluxe-duplex-suite\/#breadcrumb\"},\"inLanguage\":\"de-DE\",\"potentialAction\":[{\"@type\":\"ReadAction\",\"target\":[\"https:\/\/www.avistahideawayphuketresort.com\/de\/accommodations-in-phuket-luxury\/deluxe-duplex-suite\/\"]}]},{\"@type\":\"BreadcrumbList\",\"@id\":\"https:\/\/www.avistahideawayphuketresort.com\/de\/accommodations-in-phuket-luxury\/deluxe-duplex-suite\/#breadcrumb\",\"itemListElement\":[{\"@type\":\"ListItem\",\"position\":1,\"name\":\"Home\",\"item\":\"https:\/\/www.avistahideawayphuketresort.com\/de\/\"},{\"@type\":\"ListItem\",\"position\":2,\"name\":\"Zimmer &#038; Suiten\",\"item\":\"https:\/\/www.avistahideawayphuketresort.com\/de\/accommodations-in-phuket-luxury\/\"},{\"@type\":\"ListItem\",\"position\":3,\"name\":\"SANTI DUPLEX SUITE MIT WHIRLPOOL, 1 KING BED\"}]},{\"@type\":\"WebSite\",\"@id\":\"https:\/\/www.avistahideawayphuketresort.com\/#website\",\"url\":\"https:\/\/www.avistahideawayphuketresort.com\/\",\"name\":\"Avista Hideaway Phuket Patong\",\"description\":\"\",\"potentialAction\":[{\"@type\":\"SearchAction\",\"target\":{\"@type\":\"EntryPoint\",\"urlTemplate\":\"https:\/\/www.avistahideawayphuketresort.com\/?s={search_term_string}\"},\"query-input\":{\"@type\":\"PropertyValueSpecification\",\"valueRequired\":true,\"valueName\":\"search_term_string\"}}],\"inLanguage\":\"de-DE\"}]}<\/script>\n<!-- \/ Yoast SEO plugin. -->","yoast_head_json":{"title":"SANTI DUPLEX SUITE MIT WHIRLPOOL, 1 KING BED - Avista Hideaway Phuket Patong","robots":{"index":"index","follow":"follow","max-snippet":"max-snippet:-1","max-image-preview":"max-image-preview:large","max-video-preview":"max-video-preview:-1"},"canonical":"https:\/\/www.avistahideawayphuketresort.com\/de\/accommodations-in-phuket-luxury\/deluxe-duplex-suite\/","og_locale":"de_DE","og_type":"article","og_title":"SANTI DUPLEX SUITE MIT WHIRLPOOL, 1 KING BED - Avista Hideaway Phuket Patong","og_description":"Wenn Sie einen ger\u00e4umigen Zufluchtsort suchen, bietet die Santi Duplex Suite mit Whirlpool und Rendez-Vue-Vorteilen 140 Quadratmeter pure, verschwenderische Klasse. Von allen privaten Suiten, die Patong zu bieten hat, ist diese Suite eine der sch\u00f6nsten. Sie bietet einige der sch\u00f6nsten Aussichtspunkte des gesamten Resorts und ist die Art von Luxus, die man nur von den [&hellip;]","og_url":"https:\/\/www.avistahideawayphuketresort.com\/de\/accommodations-in-phuket-luxury\/deluxe-duplex-suite\/","og_site_name":"Avista Hideaway Phuket Patong","article_modified_time":"2023-07-10T22:31:57+00:00","twitter_card":"summary_large_image","twitter_misc":{"Gesch\u00e4tzte Lesezeit":"1 Minute"},"schema":{"@context":"https:\/\/schema.org","@graph":[{"@type":"WebPage","@id":"https:\/\/www.avistahideawayphuketresort.com\/de\/accommodations-in-phuket-luxury\/deluxe-duplex-suite\/","url":"https:\/\/www.avistahideawayphuketresort.com\/de\/accommodations-in-phuket-luxury\/deluxe-duplex-suite\/","name":"SANTI DUPLEX SUITE MIT WHIRLPOOL, 1 KING BED - Avista Hideaway Phuket Patong","isPartOf":{"@id":"https:\/\/www.avistahideawayphuketresort.com\/#website"},"datePublished":"2023-04-26T09:00:14+00:00","dateModified":"2023-07-10T22:31:57+00:00","breadcrumb":{"@id":"https:\/\/www.avistahideawayphuketresort.com\/de\/accommodations-in-phuket-luxury\/deluxe-duplex-suite\/#breadcrumb"},"inLanguage":"de-DE","potentialAction":[{"@type":"ReadAction","target":["https:\/\/www.avistahideawayphuketresort.com\/de\/accommodations-in-phuket-luxury\/deluxe-duplex-suite\/"]}]},{"@type":"BreadcrumbList","@id":"https:\/\/www.avistahideawayphuketresort.com\/de\/accommodations-in-phuket-luxury\/deluxe-duplex-suite\/#breadcrumb","itemListElement":[{"@type":"ListItem","position":1,"name":"Home","item":"https:\/\/www.avistahideawayphuketresort.com\/de\/"},{"@type":"ListItem","position":2,"name":"Zimmer &#038; Suiten","item":"https:\/\/www.avistahideawayphuketresort.com\/de\/accommodations-in-phuket-luxury\/"},{"@type":"ListItem","position":3,"name":"SANTI DUPLEX SUITE MIT WHIRLPOOL, 1 KING BED"}]},{"@type":"WebSite","@id":"https:\/\/www.avistahideawayphuketresort.com\/#website","url":"https:\/\/www.avistahideawayphuketresort.com\/","name":"Avista Hideaway Phuket Patong","description":"","potentialAction":[{"@type":"SearchAction","target":{"@type":"EntryPoint","urlTemplate":"https:\/\/www.avistahideawayphuketresort.com\/?s={search_term_string}"},"query-input":{"@type":"PropertyValueSpecification","valueRequired":true,"valueName":"search_term_string"}}],"inLanguage":"de-DE"}]}},"_links":{"self":[{"href":"https:\/\/www.avistahideawayphuketresort.com\/de\/wp-json\/wp\/v2\/pages\/1024","targetHints":{"allow":["GET"]}}],"collection":[{"href":"https:\/\/www.avistahideawayphuketresort.com\/de\/wp-json\/wp\/v2\/pages"}],"about":[{"href":"https:\/\/www.avistahideawayphuketresort.com\/de\/wp-json\/wp\/v2\/types\/page"}],"author":[{"embeddable":true,"href":"https:\/\/www.avistahideawayphuketresort.com\/de\/wp-json\/wp\/v2\/users\/55"}],"replies":[{"embeddable":true,"href":"https:\/\/www.avistahideawayphuketresort.com\/de\/wp-json\/wp\/v2\/comments?post=1024"}],"version-history":[{"count":0,"href":"https:\/\/www.avistahideawayphuketresort.com\/de\/wp-json\/wp\/v2\/pages\/1024\/revisions"}],"up":[{"embeddable":true,"href":"https:\/\/www.avistahideawayphuketresort.com\/de\/wp-json\/wp\/v2\/pages\/989"}],"wp:attachment":[{"href":"https:\/\/www.avistahideawayphuketresort.com\/de\/wp-json\/wp\/v2\/media?parent=1024"}],"wp:term":[{"taxonomy":"category","embeddable":true,"href":"https:\/\/www.avistahideawayphuketresort.com\/de\/wp-json\/wp\/v2\/categories?post=1024"}],"curies":[{"name":"wp","href":"https:\/\/api.w.org\/{rel}","templated":true}]}}