{"id":1069,"date":"2023-05-02T06:51:39","date_gmt":"2023-05-02T06:51:39","guid":{"rendered":"https:\/\/www.avistahideawayphuketresort.com\/phuket-spa-wellness\/aqua-spa-in-phuket\/aqua-spa-menu\/"},"modified":"2023-07-11T04:24:43","modified_gmt":"2023-07-11T04:24:43","slug":"aqua-spa-menu","status":"publish","type":"page","link":"https:\/\/www.avistahideawayphuketresort.com\/de\/phuket-spa-wellness\/aqua-spa-in-phuket\/aqua-spa-menu\/","title":{"rendered":"Aqua Spa Men\u00fc"},"content":{"rendered":"<p style=\"text-align: center;\"><span style=\"font-weight: 400;\">St\u00f6bern Sie in einer breiten Palette von Behandlungen und w\u00e4hlen Sie das Beste f\u00fcr Sie aus. Verw\u00f6hnen Sie sich und gehen Sie die Extrameile, indem Sie Behandlungen kombinieren oder eines unserer <\/span><a href=\"https:\/\/www.avistahideawayphuketresort.com\/de\/phuket-spa-wellness\/aqua-spa-in-phuket\/aqua-spa-promotions\/\"><span style=\"font-weight: 400;\">Pakete<\/span><\/a><span style=\"font-weight: 400;\"> w\u00e4hlen.<\/span><\/p>\n","protected":false},"excerpt":{"rendered":"<p>St\u00f6bern Sie in einer breiten Palette von Behandlungen und w\u00e4hlen Sie das Beste f\u00fcr Sie aus. Verw\u00f6hnen Sie sich und gehen Sie die Extrameile, indem Sie Behandlungen kombinieren oder eines unserer Pakete w\u00e4hlen.<\/p>\n","protected":false},"author":55,"featured_media":0,"parent":1057,"menu_order":2,"comment_status":"closed","ping_status":"closed","template":"","meta":{"footnotes":""},"categories":[],"class_list":["post-1069","page","type-page","status-publish","hentry"],"acf":[],"yoast_head":"<!-- This site is optimized with the Yoast SEO plugin v26.9 - https:\/\/yoast.com\/product\/yoast-seo-wordpress\/ -->\n<title>Aqua Spa Men\u00fc - Avista Hideaway Phuket Patong<\/title>\n<meta name=\"robots\" content=\"index, follow, max-snippet:-1, max-image-preview:large, max-video-preview:-1\" \/>\n<link rel=\"canonical\" href=\"https:\/\/www.avistahideawayphuketresort.com\/de\/phuket-spa-wellness\/aqua-spa-in-phuket\/aqua-spa-menu\/\" \/>\n<meta property=\"og:locale\" content=\"de_DE\" \/>\n<meta property=\"og:type\" content=\"article\" \/>\n<meta property=\"og:title\" content=\"Aqua Spa Men\u00fc - Avista Hideaway Phuket Patong\" \/>\n<meta property=\"og:description\" content=\"St\u00f6bern Sie in einer breiten Palette von Behandlungen und w\u00e4hlen Sie das Beste f\u00fcr Sie aus. Verw\u00f6hnen Sie sich und gehen Sie die Extrameile, indem Sie Behandlungen kombinieren oder eines unserer Pakete w\u00e4hlen.\" \/>\n<meta property=\"og:url\" content=\"https:\/\/www.avistahideawayphuketresort.com\/de\/phuket-spa-wellness\/aqua-spa-in-phuket\/aqua-spa-menu\/\" \/>\n<meta property=\"og:site_name\" content=\"Avista Hideaway Phuket Patong\" \/>\n<meta property=\"article:modified_time\" content=\"2023-07-11T04:24:43+00:00\" \/>\n<meta name=\"twitter:card\" content=\"summary_large_image\" \/>\n<meta name=\"twitter:label1\" content=\"Gesch\u00e4tzte Lesezeit\" \/>\n\t<meta name=\"twitter:data1\" content=\"1 Minute\" \/>\n<script type=\"application\/ld+json\" class=\"yoast-schema-graph\">{\"@context\":\"https:\/\/schema.org\",\"@graph\":[{\"@type\":\"WebPage\",\"@id\":\"https:\/\/www.avistahideawayphuketresort.com\/de\/phuket-spa-wellness\/aqua-spa-in-phuket\/aqua-spa-menu\/\",\"url\":\"https:\/\/www.avistahideawayphuketresort.com\/de\/phuket-spa-wellness\/aqua-spa-in-phuket\/aqua-spa-menu\/\",\"name\":\"Aqua Spa Men\u00fc - Avista Hideaway Phuket Patong\",\"isPartOf\":{\"@id\":\"https:\/\/www.avistahideawayphuketresort.com\/#website\"},\"datePublished\":\"2023-05-02T06:51:39+00:00\",\"dateModified\":\"2023-07-11T04:24:43+00:00\",\"breadcrumb\":{\"@id\":\"https:\/\/www.avistahideawayphuketresort.com\/de\/phuket-spa-wellness\/aqua-spa-in-phuket\/aqua-spa-menu\/#breadcrumb\"},\"inLanguage\":\"de-DE\",\"potentialAction\":[{\"@type\":\"ReadAction\",\"target\":[\"https:\/\/www.avistahideawayphuketresort.com\/de\/phuket-spa-wellness\/aqua-spa-in-phuket\/aqua-spa-menu\/\"]}]},{\"@type\":\"BreadcrumbList\",\"@id\":\"https:\/\/www.avistahideawayphuketresort.com\/de\/phuket-spa-wellness\/aqua-spa-in-phuket\/aqua-spa-menu\/#breadcrumb\",\"itemListElement\":[{\"@type\":\"ListItem\",\"position\":1,\"name\":\"Home\",\"item\":\"https:\/\/www.avistahideawayphuketresort.com\/de\/\"},{\"@type\":\"ListItem\",\"position\":2,\"name\":\"Spa &#038; Wellness\",\"item\":\"https:\/\/www.avistahideawayphuketresort.com\/de\/phuket-spa-wellness\/\"},{\"@type\":\"ListItem\",\"position\":3,\"name\":\"Aqua Spa\",\"item\":\"https:\/\/www.avistahideawayphuketresort.com\/de\/phuket-spa-wellness\/aqua-spa-in-phuket\/\"},{\"@type\":\"ListItem\",\"position\":4,\"name\":\"Aqua Spa Men\u00fc\"}]},{\"@type\":\"WebSite\",\"@id\":\"https:\/\/www.avistahideawayphuketresort.com\/#website\",\"url\":\"https:\/\/www.avistahideawayphuketresort.com\/\",\"name\":\"Avista Hideaway Phuket Patong\",\"description\":\"\",\"potentialAction\":[{\"@type\":\"SearchAction\",\"target\":{\"@type\":\"EntryPoint\",\"urlTemplate\":\"https:\/\/www.avistahideawayphuketresort.com\/?s={search_term_string}\"},\"query-input\":{\"@type\":\"PropertyValueSpecification\",\"valueRequired\":true,\"valueName\":\"search_term_string\"}}],\"inLanguage\":\"de-DE\"}]}<\/script>\n<!-- \/ Yoast SEO plugin. -->","yoast_head_json":{"title":"Aqua Spa Men\u00fc - Avista Hideaway Phuket Patong","robots":{"index":"index","follow":"follow","max-snippet":"max-snippet:-1","max-image-preview":"max-image-preview:large","max-video-preview":"max-video-preview:-1"},"canonical":"https:\/\/www.avistahideawayphuketresort.com\/de\/phuket-spa-wellness\/aqua-spa-in-phuket\/aqua-spa-menu\/","og_locale":"de_DE","og_type":"article","og_title":"Aqua Spa Men\u00fc - Avista Hideaway Phuket Patong","og_description":"St\u00f6bern Sie in einer breiten Palette von Behandlungen und w\u00e4hlen Sie das Beste f\u00fcr Sie aus. Verw\u00f6hnen Sie sich und gehen Sie die Extrameile, indem Sie Behandlungen kombinieren oder eines unserer Pakete w\u00e4hlen.","og_url":"https:\/\/www.avistahideawayphuketresort.com\/de\/phuket-spa-wellness\/aqua-spa-in-phuket\/aqua-spa-menu\/","og_site_name":"Avista Hideaway Phuket Patong","article_modified_time":"2023-07-11T04:24:43+00:00","twitter_card":"summary_large_image","twitter_misc":{"Gesch\u00e4tzte Lesezeit":"1 Minute"},"schema":{"@context":"https:\/\/schema.org","@graph":[{"@type":"WebPage","@id":"https:\/\/www.avistahideawayphuketresort.com\/de\/phuket-spa-wellness\/aqua-spa-in-phuket\/aqua-spa-menu\/","url":"https:\/\/www.avistahideawayphuketresort.com\/de\/phuket-spa-wellness\/aqua-spa-in-phuket\/aqua-spa-menu\/","name":"Aqua Spa Men\u00fc - Avista Hideaway Phuket Patong","isPartOf":{"@id":"https:\/\/www.avistahideawayphuketresort.com\/#website"},"datePublished":"2023-05-02T06:51:39+00:00","dateModified":"2023-07-11T04:24:43+00:00","breadcrumb":{"@id":"https:\/\/www.avistahideawayphuketresort.com\/de\/phuket-spa-wellness\/aqua-spa-in-phuket\/aqua-spa-menu\/#breadcrumb"},"inLanguage":"de-DE","potentialAction":[{"@type":"ReadAction","target":["https:\/\/www.avistahideawayphuketresort.com\/de\/phuket-spa-wellness\/aqua-spa-in-phuket\/aqua-spa-menu\/"]}]},{"@type":"BreadcrumbList","@id":"https:\/\/www.avistahideawayphuketresort.com\/de\/phuket-spa-wellness\/aqua-spa-in-phuket\/aqua-spa-menu\/#breadcrumb","itemListElement":[{"@type":"ListItem","position":1,"name":"Home","item":"https:\/\/www.avistahideawayphuketresort.com\/de\/"},{"@type":"ListItem","position":2,"name":"Spa &#038; Wellness","item":"https:\/\/www.avistahideawayphuketresort.com\/de\/phuket-spa-wellness\/"},{"@type":"ListItem","position":3,"name":"Aqua Spa","item":"https:\/\/www.avistahideawayphuketresort.com\/de\/phuket-spa-wellness\/aqua-spa-in-phuket\/"},{"@type":"ListItem","position":4,"name":"Aqua Spa Men\u00fc"}]},{"@type":"WebSite","@id":"https:\/\/www.avistahideawayphuketresort.com\/#website","url":"https:\/\/www.avistahideawayphuketresort.com\/","name":"Avista Hideaway Phuket Patong","description":"","potentialAction":[{"@type":"SearchAction","target":{"@type":"EntryPoint","urlTemplate":"https:\/\/www.avistahideawayphuketresort.com\/?s={search_term_string}"},"query-input":{"@type":"PropertyValueSpecification","valueRequired":true,"valueName":"search_term_string"}}],"inLanguage":"de-DE"}]}},"_links":{"self":[{"href":"https:\/\/www.avistahideawayphuketresort.com\/de\/wp-json\/wp\/v2\/pages\/1069","targetHints":{"allow":["GET"]}}],"collection":[{"href":"https:\/\/www.avistahideawayphuketresort.com\/de\/wp-json\/wp\/v2\/pages"}],"about":[{"href":"https:\/\/www.avistahideawayphuketresort.com\/de\/wp-json\/wp\/v2\/types\/page"}],"author":[{"embeddable":true,"href":"https:\/\/www.avistahideawayphuketresort.com\/de\/wp-json\/wp\/v2\/users\/55"}],"replies":[{"embeddable":true,"href":"https:\/\/www.avistahideawayphuketresort.com\/de\/wp-json\/wp\/v2\/comments?post=1069"}],"version-history":[{"count":0,"href":"https:\/\/www.avistahideawayphuketresort.com\/de\/wp-json\/wp\/v2\/pages\/1069\/revisions"}],"up":[{"embeddable":true,"href":"https:\/\/www.avistahideawayphuketresort.com\/de\/wp-json\/wp\/v2\/pages\/1057"}],"wp:attachment":[{"href":"https:\/\/www.avistahideawayphuketresort.com\/de\/wp-json\/wp\/v2\/media?parent=1069"}],"wp:term":[{"taxonomy":"category","embeddable":true,"href":"https:\/\/www.avistahideawayphuketresort.com\/de\/wp-json\/wp\/v2\/categories?post=1069"}],"curies":[{"name":"wp","href":"https:\/\/api.w.org\/{rel}","templated":true}]}}