{"id":1100,"date":"2023-05-02T08:37:02","date_gmt":"2023-05-02T08:37:02","guid":{"rendered":"https:\/\/www.avistahideawayphuketresort.com\/phuket-spa-wellness\/aqua-spa-in-phuket\/aqua-spa-menu\/body-wrap-treatments\/"},"modified":"2023-07-04T07:19:08","modified_gmt":"2023-07-04T07:19:08","slug":"body-wrap-treatments","status":"publish","type":"page","link":"https:\/\/www.avistahideawayphuketresort.com\/de\/phuket-spa-wellness\/aqua-spa-in-phuket\/aqua-spa-menu\/body-wrap-treatments\/","title":{"rendered":"Body Wrap-Behandlungen"},"content":{"rendered":"<p style=\"text-align: center;\">Eine K\u00f6rperpackung ist eine himmlische Art und Weise, sich von Stress und Alltagssorgen zu befreien, den Geist zu regenerieren und den K\u00f6rper zu regenerieren. Pflegende \u00d6le, entgiftende Tonerde, Peeling-Rituale und Aromatherapie mit Kr\u00e4utern sind g\u00e4ngige Bestandteile von K\u00f6rperwickelbehandlungen, die individuell auf Ihre Bed\u00fcrfnisse abgestimmt werden. Eine K\u00f6rperpackung ist eine Spa-Behandlung, die die Gesundheit und das Aussehen der Haut verbessern und\/oder die K\u00f6rperma\u00dfe reduzieren soll. Das verw\u00f6hnende Erlebnis einer K\u00f6rperpackung kann zahlreiche Gesundheits- und Sch\u00f6nheitsvorteile bieten, wie z. B. die Entfernung abgestorbener Haut, Entgiftung, intensive Feuchtigkeitszufuhr, Entspannung und auch den Verlust einiger Zentimeter an Ihrem K\u00f6rper. Die beruhigende und zugleich entgiftende Wirkung der wohltuenden Ganzk\u00f6rpermassage erh\u00f6ht nicht nur den Feuchtigkeitsgehalt der Haut, sondern die Rituale jeder Behandlung wirken auch tief entspannend. F\u00fcr ein unvergesslich sch\u00f6nes Spa-Erlebnis sollten Sie Ihre Sinne mit einer K\u00f6rperpackung im Spa des Avista Hideaway verw\u00f6hnen.<\/p>\n","protected":false},"excerpt":{"rendered":"<p>Eine K\u00f6rperpackung ist eine himmlische Art und Weise, sich von Stress und Alltagssorgen zu befreien, den Geist zu regenerieren und den K\u00f6rper zu regenerieren. Pflegende \u00d6le, entgiftende Tonerde, Peeling-Rituale und Aromatherapie mit Kr\u00e4utern sind g\u00e4ngige Bestandteile von K\u00f6rperwickelbehandlungen, die individuell auf Ihre Bed\u00fcrfnisse abgestimmt werden. Eine K\u00f6rperpackung ist eine Spa-Behandlung, die die Gesundheit und das [&hellip;]<\/p>\n","protected":false},"author":55,"featured_media":0,"parent":1069,"menu_order":1,"comment_status":"closed","ping_status":"closed","template":"","meta":{"footnotes":""},"categories":[],"class_list":["post-1100","page","type-page","status-publish","hentry"],"acf":[],"yoast_head":"<!-- This site is optimized with the Yoast SEO plugin v26.9 - https:\/\/yoast.com\/product\/yoast-seo-wordpress\/ -->\n<title>Body Wrap-Behandlungen - Avista Hideaway Phuket Patong<\/title>\n<meta name=\"robots\" content=\"index, follow, max-snippet:-1, max-image-preview:large, max-video-preview:-1\" \/>\n<link rel=\"canonical\" href=\"https:\/\/www.avistahideawayphuketresort.com\/de\/phuket-spa-wellness\/aqua-spa-in-phuket\/aqua-spa-menu\/body-wrap-treatments\/\" \/>\n<meta property=\"og:locale\" content=\"de_DE\" \/>\n<meta property=\"og:type\" content=\"article\" \/>\n<meta property=\"og:title\" content=\"Body Wrap-Behandlungen - Avista Hideaway Phuket Patong\" \/>\n<meta property=\"og:description\" content=\"Eine K\u00f6rperpackung ist eine himmlische Art und Weise, sich von Stress und Alltagssorgen zu befreien, den Geist zu regenerieren und den K\u00f6rper zu regenerieren. Pflegende \u00d6le, entgiftende Tonerde, Peeling-Rituale und Aromatherapie mit Kr\u00e4utern sind g\u00e4ngige Bestandteile von K\u00f6rperwickelbehandlungen, die individuell auf Ihre Bed\u00fcrfnisse abgestimmt werden. Eine K\u00f6rperpackung ist eine Spa-Behandlung, die die Gesundheit und das [&hellip;]\" \/>\n<meta property=\"og:url\" content=\"https:\/\/www.avistahideawayphuketresort.com\/de\/phuket-spa-wellness\/aqua-spa-in-phuket\/aqua-spa-menu\/body-wrap-treatments\/\" \/>\n<meta property=\"og:site_name\" content=\"Avista Hideaway Phuket Patong\" \/>\n<meta property=\"article:modified_time\" content=\"2023-07-04T07:19:08+00:00\" \/>\n<meta name=\"twitter:card\" content=\"summary_large_image\" \/>\n<meta name=\"twitter:label1\" content=\"Gesch\u00e4tzte Lesezeit\" \/>\n\t<meta name=\"twitter:data1\" content=\"1 Minute\" \/>\n<script type=\"application\/ld+json\" class=\"yoast-schema-graph\">{\"@context\":\"https:\/\/schema.org\",\"@graph\":[{\"@type\":\"WebPage\",\"@id\":\"https:\/\/www.avistahideawayphuketresort.com\/de\/phuket-spa-wellness\/aqua-spa-in-phuket\/aqua-spa-menu\/body-wrap-treatments\/\",\"url\":\"https:\/\/www.avistahideawayphuketresort.com\/de\/phuket-spa-wellness\/aqua-spa-in-phuket\/aqua-spa-menu\/body-wrap-treatments\/\",\"name\":\"Body Wrap-Behandlungen - Avista Hideaway Phuket Patong\",\"isPartOf\":{\"@id\":\"https:\/\/www.avistahideawayphuketresort.com\/#website\"},\"datePublished\":\"2023-05-02T08:37:02+00:00\",\"dateModified\":\"2023-07-04T07:19:08+00:00\",\"breadcrumb\":{\"@id\":\"https:\/\/www.avistahideawayphuketresort.com\/de\/phuket-spa-wellness\/aqua-spa-in-phuket\/aqua-spa-menu\/body-wrap-treatments\/#breadcrumb\"},\"inLanguage\":\"de-DE\",\"potentialAction\":[{\"@type\":\"ReadAction\",\"target\":[\"https:\/\/www.avistahideawayphuketresort.com\/de\/phuket-spa-wellness\/aqua-spa-in-phuket\/aqua-spa-menu\/body-wrap-treatments\/\"]}]},{\"@type\":\"BreadcrumbList\",\"@id\":\"https:\/\/www.avistahideawayphuketresort.com\/de\/phuket-spa-wellness\/aqua-spa-in-phuket\/aqua-spa-menu\/body-wrap-treatments\/#breadcrumb\",\"itemListElement\":[{\"@type\":\"ListItem\",\"position\":1,\"name\":\"Home\",\"item\":\"https:\/\/www.avistahideawayphuketresort.com\/de\/\"},{\"@type\":\"ListItem\",\"position\":2,\"name\":\"Spa &#038; Wellness\",\"item\":\"https:\/\/www.avistahideawayphuketresort.com\/de\/phuket-spa-wellness\/\"},{\"@type\":\"ListItem\",\"position\":3,\"name\":\"Aqua Spa\",\"item\":\"https:\/\/www.avistahideawayphuketresort.com\/de\/phuket-spa-wellness\/aqua-spa-in-phuket\/\"},{\"@type\":\"ListItem\",\"position\":4,\"name\":\"Aqua Spa Men\u00fc\",\"item\":\"https:\/\/www.avistahideawayphuketresort.com\/de\/phuket-spa-wellness\/aqua-spa-in-phuket\/aqua-spa-menu\/\"},{\"@type\":\"ListItem\",\"position\":5,\"name\":\"Body Wrap-Behandlungen\"}]},{\"@type\":\"WebSite\",\"@id\":\"https:\/\/www.avistahideawayphuketresort.com\/#website\",\"url\":\"https:\/\/www.avistahideawayphuketresort.com\/\",\"name\":\"Avista Hideaway Phuket Patong\",\"description\":\"\",\"potentialAction\":[{\"@type\":\"SearchAction\",\"target\":{\"@type\":\"EntryPoint\",\"urlTemplate\":\"https:\/\/www.avistahideawayphuketresort.com\/?s={search_term_string}\"},\"query-input\":{\"@type\":\"PropertyValueSpecification\",\"valueRequired\":true,\"valueName\":\"search_term_string\"}}],\"inLanguage\":\"de-DE\"}]}<\/script>\n<!-- \/ Yoast SEO plugin. -->","yoast_head_json":{"title":"Body Wrap-Behandlungen - Avista Hideaway Phuket Patong","robots":{"index":"index","follow":"follow","max-snippet":"max-snippet:-1","max-image-preview":"max-image-preview:large","max-video-preview":"max-video-preview:-1"},"canonical":"https:\/\/www.avistahideawayphuketresort.com\/de\/phuket-spa-wellness\/aqua-spa-in-phuket\/aqua-spa-menu\/body-wrap-treatments\/","og_locale":"de_DE","og_type":"article","og_title":"Body Wrap-Behandlungen - Avista Hideaway Phuket Patong","og_description":"Eine K\u00f6rperpackung ist eine himmlische Art und Weise, sich von Stress und Alltagssorgen zu befreien, den Geist zu regenerieren und den K\u00f6rper zu regenerieren. Pflegende \u00d6le, entgiftende Tonerde, Peeling-Rituale und Aromatherapie mit Kr\u00e4utern sind g\u00e4ngige Bestandteile von K\u00f6rperwickelbehandlungen, die individuell auf Ihre Bed\u00fcrfnisse abgestimmt werden. Eine K\u00f6rperpackung ist eine Spa-Behandlung, die die Gesundheit und das [&hellip;]","og_url":"https:\/\/www.avistahideawayphuketresort.com\/de\/phuket-spa-wellness\/aqua-spa-in-phuket\/aqua-spa-menu\/body-wrap-treatments\/","og_site_name":"Avista Hideaway Phuket Patong","article_modified_time":"2023-07-04T07:19:08+00:00","twitter_card":"summary_large_image","twitter_misc":{"Gesch\u00e4tzte Lesezeit":"1 Minute"},"schema":{"@context":"https:\/\/schema.org","@graph":[{"@type":"WebPage","@id":"https:\/\/www.avistahideawayphuketresort.com\/de\/phuket-spa-wellness\/aqua-spa-in-phuket\/aqua-spa-menu\/body-wrap-treatments\/","url":"https:\/\/www.avistahideawayphuketresort.com\/de\/phuket-spa-wellness\/aqua-spa-in-phuket\/aqua-spa-menu\/body-wrap-treatments\/","name":"Body Wrap-Behandlungen - Avista Hideaway Phuket Patong","isPartOf":{"@id":"https:\/\/www.avistahideawayphuketresort.com\/#website"},"datePublished":"2023-05-02T08:37:02+00:00","dateModified":"2023-07-04T07:19:08+00:00","breadcrumb":{"@id":"https:\/\/www.avistahideawayphuketresort.com\/de\/phuket-spa-wellness\/aqua-spa-in-phuket\/aqua-spa-menu\/body-wrap-treatments\/#breadcrumb"},"inLanguage":"de-DE","potentialAction":[{"@type":"ReadAction","target":["https:\/\/www.avistahideawayphuketresort.com\/de\/phuket-spa-wellness\/aqua-spa-in-phuket\/aqua-spa-menu\/body-wrap-treatments\/"]}]},{"@type":"BreadcrumbList","@id":"https:\/\/www.avistahideawayphuketresort.com\/de\/phuket-spa-wellness\/aqua-spa-in-phuket\/aqua-spa-menu\/body-wrap-treatments\/#breadcrumb","itemListElement":[{"@type":"ListItem","position":1,"name":"Home","item":"https:\/\/www.avistahideawayphuketresort.com\/de\/"},{"@type":"ListItem","position":2,"name":"Spa &#038; Wellness","item":"https:\/\/www.avistahideawayphuketresort.com\/de\/phuket-spa-wellness\/"},{"@type":"ListItem","position":3,"name":"Aqua Spa","item":"https:\/\/www.avistahideawayphuketresort.com\/de\/phuket-spa-wellness\/aqua-spa-in-phuket\/"},{"@type":"ListItem","position":4,"name":"Aqua Spa Men\u00fc","item":"https:\/\/www.avistahideawayphuketresort.com\/de\/phuket-spa-wellness\/aqua-spa-in-phuket\/aqua-spa-menu\/"},{"@type":"ListItem","position":5,"name":"Body Wrap-Behandlungen"}]},{"@type":"WebSite","@id":"https:\/\/www.avistahideawayphuketresort.com\/#website","url":"https:\/\/www.avistahideawayphuketresort.com\/","name":"Avista Hideaway Phuket Patong","description":"","potentialAction":[{"@type":"SearchAction","target":{"@type":"EntryPoint","urlTemplate":"https:\/\/www.avistahideawayphuketresort.com\/?s={search_term_string}"},"query-input":{"@type":"PropertyValueSpecification","valueRequired":true,"valueName":"search_term_string"}}],"inLanguage":"de-DE"}]}},"_links":{"self":[{"href":"https:\/\/www.avistahideawayphuketresort.com\/de\/wp-json\/wp\/v2\/pages\/1100","targetHints":{"allow":["GET"]}}],"collection":[{"href":"https:\/\/www.avistahideawayphuketresort.com\/de\/wp-json\/wp\/v2\/pages"}],"about":[{"href":"https:\/\/www.avistahideawayphuketresort.com\/de\/wp-json\/wp\/v2\/types\/page"}],"author":[{"embeddable":true,"href":"https:\/\/www.avistahideawayphuketresort.com\/de\/wp-json\/wp\/v2\/users\/55"}],"replies":[{"embeddable":true,"href":"https:\/\/www.avistahideawayphuketresort.com\/de\/wp-json\/wp\/v2\/comments?post=1100"}],"version-history":[{"count":0,"href":"https:\/\/www.avistahideawayphuketresort.com\/de\/wp-json\/wp\/v2\/pages\/1100\/revisions"}],"up":[{"embeddable":true,"href":"https:\/\/www.avistahideawayphuketresort.com\/de\/wp-json\/wp\/v2\/pages\/1069"}],"wp:attachment":[{"href":"https:\/\/www.avistahideawayphuketresort.com\/de\/wp-json\/wp\/v2\/media?parent=1100"}],"wp:term":[{"taxonomy":"category","embeddable":true,"href":"https:\/\/www.avistahideawayphuketresort.com\/de\/wp-json\/wp\/v2\/categories?post=1100"}],"curies":[{"name":"wp","href":"https:\/\/api.w.org\/{rel}","templated":true}]}}