{"id":1124,"date":"2023-05-02T08:49:27","date_gmt":"2023-05-02T08:49:27","guid":{"rendered":"https:\/\/www.avistahideawayphuketresort.com\/phuket-spa-wellness\/aqua-spa-in-phuket\/aqua-spa-menu\/body-scrub-treatments\/"},"modified":"2023-07-04T07:37:37","modified_gmt":"2023-07-04T07:37:37","slug":"body-scrub-treatments","status":"publish","type":"page","link":"https:\/\/www.avistahideawayphuketresort.com\/de\/phuket-spa-wellness\/aqua-spa-in-phuket\/aqua-spa-menu\/body-scrub-treatments\/","title":{"rendered":"K\u00f6rperpeeling-Behandlungen"},"content":{"rendered":"<p style=\"text-align: center;\">Unser K\u00f6rper braucht die gleiche Pflege wie unser Gesicht und unser Hals, da sich die Hautzellen auf unserem K\u00f6rper regelm\u00e4\u00dfig zugunsten neuer und ges\u00fcnderer Haut abl\u00f6sen. Wenn wir \u00e4lter werden, verlangsamt sich dieser Prozess, und um ihm einen Ansto\u00df zu geben, sollten wir uns ein K\u00f6rperpeeling g\u00f6nnen.<br \/>\nIhre Haut zu verw\u00f6hnen ist die beste Selbstpflege, die Sie sich g\u00f6nnen k\u00f6nnen. K\u00f6rperpeelings sollten ein fester Bestandteil Ihrer Sch\u00f6nheitspflege sein. Ein K\u00f6rperpeeling ist eine Spa-Behandlung, bei der die Haut am K\u00f6rper gepeelt wird, so dass sie sich frisch, glatt, mit Feuchtigkeit versorgt und weich anf\u00fchlt. Ein k\u00f6rniges Produkt wird kr\u00e4ftig gerieben, \u00fcber und in die Haut massiert und dann abgesp\u00fclt, um eine mit Feuchtigkeit versorgte Schicht frischer, sauberer und glatter Haut zu hinterlassen. Ein K\u00f6rperpeeling hat viele Vorteile, denn es peelt die Haut, entfernt abgestorbene Hautzellen, reibt harte und schuppige Haut ab und hinterl\u00e4sst ein weiches und glattes Hautgef\u00fchl. Peeling- oder Polierprodukte enthalten in der Regel eine \u00f6lige Grundlage, die der Haut w\u00e4hrend des Peelings Feuchtigkeit spendet und sie beruhigt. Ein Peeling kann auch erfrischend wirken und die Durchblutung und Lymphzirkulation an der Hautoberfl\u00e4che verbessern, was zur Bek\u00e4mpfung von Cellulite und zur Verbesserung des Hauttons beitr\u00e4gt. Das Peeling wirkt als hervorragendes K\u00f6rperpeeling, entfernt abgestorbene Haut und hinterl\u00e4sst eine glatte, verfeinerte Haut.<\/p>\n","protected":false},"excerpt":{"rendered":"<p>Unser K\u00f6rper braucht die gleiche Pflege wie unser Gesicht und unser Hals, da sich die Hautzellen auf unserem K\u00f6rper regelm\u00e4\u00dfig zugunsten neuer und ges\u00fcnderer Haut abl\u00f6sen. Wenn wir \u00e4lter werden, verlangsamt sich dieser Prozess, und um ihm einen Ansto\u00df zu geben, sollten wir uns ein K\u00f6rperpeeling g\u00f6nnen. Ihre Haut zu verw\u00f6hnen ist die beste Selbstpflege, [&hellip;]<\/p>\n","protected":false},"author":55,"featured_media":0,"parent":1069,"menu_order":2,"comment_status":"closed","ping_status":"closed","template":"","meta":{"footnotes":""},"categories":[],"class_list":["post-1124","page","type-page","status-publish","hentry"],"acf":[],"yoast_head":"<!-- This site is optimized with the Yoast SEO plugin v26.9 - https:\/\/yoast.com\/product\/yoast-seo-wordpress\/ -->\n<title>K\u00f6rperpeeling-Behandlungen - Avista Hideaway Phuket Patong<\/title>\n<meta name=\"robots\" content=\"index, follow, max-snippet:-1, max-image-preview:large, max-video-preview:-1\" \/>\n<link rel=\"canonical\" href=\"https:\/\/www.avistahideawayphuketresort.com\/de\/phuket-spa-wellness\/aqua-spa-in-phuket\/aqua-spa-menu\/body-scrub-treatments\/\" \/>\n<meta property=\"og:locale\" content=\"de_DE\" \/>\n<meta property=\"og:type\" content=\"article\" \/>\n<meta property=\"og:title\" content=\"K\u00f6rperpeeling-Behandlungen - Avista Hideaway Phuket Patong\" \/>\n<meta property=\"og:description\" content=\"Unser K\u00f6rper braucht die gleiche Pflege wie unser Gesicht und unser Hals, da sich die Hautzellen auf unserem K\u00f6rper regelm\u00e4\u00dfig zugunsten neuer und ges\u00fcnderer Haut abl\u00f6sen. Wenn wir \u00e4lter werden, verlangsamt sich dieser Prozess, und um ihm einen Ansto\u00df zu geben, sollten wir uns ein K\u00f6rperpeeling g\u00f6nnen. Ihre Haut zu verw\u00f6hnen ist die beste Selbstpflege, [&hellip;]\" \/>\n<meta property=\"og:url\" content=\"https:\/\/www.avistahideawayphuketresort.com\/de\/phuket-spa-wellness\/aqua-spa-in-phuket\/aqua-spa-menu\/body-scrub-treatments\/\" \/>\n<meta property=\"og:site_name\" content=\"Avista Hideaway Phuket Patong\" \/>\n<meta property=\"article:modified_time\" content=\"2023-07-04T07:37:37+00:00\" \/>\n<meta name=\"twitter:card\" content=\"summary_large_image\" \/>\n<meta name=\"twitter:label1\" content=\"Gesch\u00e4tzte Lesezeit\" \/>\n\t<meta name=\"twitter:data1\" content=\"1 Minute\" \/>\n<script type=\"application\/ld+json\" class=\"yoast-schema-graph\">{\"@context\":\"https:\/\/schema.org\",\"@graph\":[{\"@type\":\"WebPage\",\"@id\":\"https:\/\/www.avistahideawayphuketresort.com\/de\/phuket-spa-wellness\/aqua-spa-in-phuket\/aqua-spa-menu\/body-scrub-treatments\/\",\"url\":\"https:\/\/www.avistahideawayphuketresort.com\/de\/phuket-spa-wellness\/aqua-spa-in-phuket\/aqua-spa-menu\/body-scrub-treatments\/\",\"name\":\"K\u00f6rperpeeling-Behandlungen - Avista Hideaway Phuket Patong\",\"isPartOf\":{\"@id\":\"https:\/\/www.avistahideawayphuketresort.com\/#website\"},\"datePublished\":\"2023-05-02T08:49:27+00:00\",\"dateModified\":\"2023-07-04T07:37:37+00:00\",\"breadcrumb\":{\"@id\":\"https:\/\/www.avistahideawayphuketresort.com\/de\/phuket-spa-wellness\/aqua-spa-in-phuket\/aqua-spa-menu\/body-scrub-treatments\/#breadcrumb\"},\"inLanguage\":\"de-DE\",\"potentialAction\":[{\"@type\":\"ReadAction\",\"target\":[\"https:\/\/www.avistahideawayphuketresort.com\/de\/phuket-spa-wellness\/aqua-spa-in-phuket\/aqua-spa-menu\/body-scrub-treatments\/\"]}]},{\"@type\":\"BreadcrumbList\",\"@id\":\"https:\/\/www.avistahideawayphuketresort.com\/de\/phuket-spa-wellness\/aqua-spa-in-phuket\/aqua-spa-menu\/body-scrub-treatments\/#breadcrumb\",\"itemListElement\":[{\"@type\":\"ListItem\",\"position\":1,\"name\":\"Home\",\"item\":\"https:\/\/www.avistahideawayphuketresort.com\/de\/\"},{\"@type\":\"ListItem\",\"position\":2,\"name\":\"Spa &#038; Wellness\",\"item\":\"https:\/\/www.avistahideawayphuketresort.com\/de\/phuket-spa-wellness\/\"},{\"@type\":\"ListItem\",\"position\":3,\"name\":\"Aqua Spa\",\"item\":\"https:\/\/www.avistahideawayphuketresort.com\/de\/phuket-spa-wellness\/aqua-spa-in-phuket\/\"},{\"@type\":\"ListItem\",\"position\":4,\"name\":\"Aqua Spa Men\u00fc\",\"item\":\"https:\/\/www.avistahideawayphuketresort.com\/de\/phuket-spa-wellness\/aqua-spa-in-phuket\/aqua-spa-menu\/\"},{\"@type\":\"ListItem\",\"position\":5,\"name\":\"K\u00f6rperpeeling-Behandlungen\"}]},{\"@type\":\"WebSite\",\"@id\":\"https:\/\/www.avistahideawayphuketresort.com\/#website\",\"url\":\"https:\/\/www.avistahideawayphuketresort.com\/\",\"name\":\"Avista Hideaway Phuket Patong\",\"description\":\"\",\"potentialAction\":[{\"@type\":\"SearchAction\",\"target\":{\"@type\":\"EntryPoint\",\"urlTemplate\":\"https:\/\/www.avistahideawayphuketresort.com\/?s={search_term_string}\"},\"query-input\":{\"@type\":\"PropertyValueSpecification\",\"valueRequired\":true,\"valueName\":\"search_term_string\"}}],\"inLanguage\":\"de-DE\"}]}<\/script>\n<!-- \/ Yoast SEO plugin. -->","yoast_head_json":{"title":"K\u00f6rperpeeling-Behandlungen - Avista Hideaway Phuket Patong","robots":{"index":"index","follow":"follow","max-snippet":"max-snippet:-1","max-image-preview":"max-image-preview:large","max-video-preview":"max-video-preview:-1"},"canonical":"https:\/\/www.avistahideawayphuketresort.com\/de\/phuket-spa-wellness\/aqua-spa-in-phuket\/aqua-spa-menu\/body-scrub-treatments\/","og_locale":"de_DE","og_type":"article","og_title":"K\u00f6rperpeeling-Behandlungen - Avista Hideaway Phuket Patong","og_description":"Unser K\u00f6rper braucht die gleiche Pflege wie unser Gesicht und unser Hals, da sich die Hautzellen auf unserem K\u00f6rper regelm\u00e4\u00dfig zugunsten neuer und ges\u00fcnderer Haut abl\u00f6sen. Wenn wir \u00e4lter werden, verlangsamt sich dieser Prozess, und um ihm einen Ansto\u00df zu geben, sollten wir uns ein K\u00f6rperpeeling g\u00f6nnen. Ihre Haut zu verw\u00f6hnen ist die beste Selbstpflege, [&hellip;]","og_url":"https:\/\/www.avistahideawayphuketresort.com\/de\/phuket-spa-wellness\/aqua-spa-in-phuket\/aqua-spa-menu\/body-scrub-treatments\/","og_site_name":"Avista Hideaway Phuket Patong","article_modified_time":"2023-07-04T07:37:37+00:00","twitter_card":"summary_large_image","twitter_misc":{"Gesch\u00e4tzte Lesezeit":"1 Minute"},"schema":{"@context":"https:\/\/schema.org","@graph":[{"@type":"WebPage","@id":"https:\/\/www.avistahideawayphuketresort.com\/de\/phuket-spa-wellness\/aqua-spa-in-phuket\/aqua-spa-menu\/body-scrub-treatments\/","url":"https:\/\/www.avistahideawayphuketresort.com\/de\/phuket-spa-wellness\/aqua-spa-in-phuket\/aqua-spa-menu\/body-scrub-treatments\/","name":"K\u00f6rperpeeling-Behandlungen - Avista Hideaway Phuket Patong","isPartOf":{"@id":"https:\/\/www.avistahideawayphuketresort.com\/#website"},"datePublished":"2023-05-02T08:49:27+00:00","dateModified":"2023-07-04T07:37:37+00:00","breadcrumb":{"@id":"https:\/\/www.avistahideawayphuketresort.com\/de\/phuket-spa-wellness\/aqua-spa-in-phuket\/aqua-spa-menu\/body-scrub-treatments\/#breadcrumb"},"inLanguage":"de-DE","potentialAction":[{"@type":"ReadAction","target":["https:\/\/www.avistahideawayphuketresort.com\/de\/phuket-spa-wellness\/aqua-spa-in-phuket\/aqua-spa-menu\/body-scrub-treatments\/"]}]},{"@type":"BreadcrumbList","@id":"https:\/\/www.avistahideawayphuketresort.com\/de\/phuket-spa-wellness\/aqua-spa-in-phuket\/aqua-spa-menu\/body-scrub-treatments\/#breadcrumb","itemListElement":[{"@type":"ListItem","position":1,"name":"Home","item":"https:\/\/www.avistahideawayphuketresort.com\/de\/"},{"@type":"ListItem","position":2,"name":"Spa &#038; Wellness","item":"https:\/\/www.avistahideawayphuketresort.com\/de\/phuket-spa-wellness\/"},{"@type":"ListItem","position":3,"name":"Aqua Spa","item":"https:\/\/www.avistahideawayphuketresort.com\/de\/phuket-spa-wellness\/aqua-spa-in-phuket\/"},{"@type":"ListItem","position":4,"name":"Aqua Spa Men\u00fc","item":"https:\/\/www.avistahideawayphuketresort.com\/de\/phuket-spa-wellness\/aqua-spa-in-phuket\/aqua-spa-menu\/"},{"@type":"ListItem","position":5,"name":"K\u00f6rperpeeling-Behandlungen"}]},{"@type":"WebSite","@id":"https:\/\/www.avistahideawayphuketresort.com\/#website","url":"https:\/\/www.avistahideawayphuketresort.com\/","name":"Avista Hideaway Phuket Patong","description":"","potentialAction":[{"@type":"SearchAction","target":{"@type":"EntryPoint","urlTemplate":"https:\/\/www.avistahideawayphuketresort.com\/?s={search_term_string}"},"query-input":{"@type":"PropertyValueSpecification","valueRequired":true,"valueName":"search_term_string"}}],"inLanguage":"de-DE"}]}},"_links":{"self":[{"href":"https:\/\/www.avistahideawayphuketresort.com\/de\/wp-json\/wp\/v2\/pages\/1124","targetHints":{"allow":["GET"]}}],"collection":[{"href":"https:\/\/www.avistahideawayphuketresort.com\/de\/wp-json\/wp\/v2\/pages"}],"about":[{"href":"https:\/\/www.avistahideawayphuketresort.com\/de\/wp-json\/wp\/v2\/types\/page"}],"author":[{"embeddable":true,"href":"https:\/\/www.avistahideawayphuketresort.com\/de\/wp-json\/wp\/v2\/users\/55"}],"replies":[{"embeddable":true,"href":"https:\/\/www.avistahideawayphuketresort.com\/de\/wp-json\/wp\/v2\/comments?post=1124"}],"version-history":[{"count":0,"href":"https:\/\/www.avistahideawayphuketresort.com\/de\/wp-json\/wp\/v2\/pages\/1124\/revisions"}],"up":[{"embeddable":true,"href":"https:\/\/www.avistahideawayphuketresort.com\/de\/wp-json\/wp\/v2\/pages\/1069"}],"wp:attachment":[{"href":"https:\/\/www.avistahideawayphuketresort.com\/de\/wp-json\/wp\/v2\/media?parent=1124"}],"wp:term":[{"taxonomy":"category","embeddable":true,"href":"https:\/\/www.avistahideawayphuketresort.com\/de\/wp-json\/wp\/v2\/categories?post=1124"}],"curies":[{"name":"wp","href":"https:\/\/api.w.org\/{rel}","templated":true}]}}