{"id":1172,"date":"2023-05-02T09:32:13","date_gmt":"2023-05-02T09:32:13","guid":{"rendered":"https:\/\/www.avistahideawayphuketresort.com\/phuket-spa-wellness\/aqua-spa-in-phuket\/aqua-spa-menu\/facial-treatments\/soothing-facial\/"},"modified":"2023-07-11T04:37:37","modified_gmt":"2023-07-11T04:37:37","slug":"soothing-facial","status":"publish","type":"page","link":"https:\/\/www.avistahideawayphuketresort.com\/de\/phuket-spa-wellness\/aqua-spa-in-phuket\/aqua-spa-menu\/facial-treatments\/soothing-facial\/","title":{"rendered":"Wohltuende Gesichtsbehandlung &#8211; 3.000 THB"},"content":{"rendered":"<p style=\"text-align: center;\">Geeignet f\u00fcr empfindliche Haut, die die gr\u00f6\u00dfte Ern\u00e4hrung mit den Zutaten von Kamillenextrakten, Mais, Eiche und Wurzeln. Sie reduzieren die Hautreizung und sch\u00fctzen die Haut vor Verschmutzung. Macht Ihre Haut lebendig und strahlend.<br \/>\n60 Minuten \/ \u0e3f3,000<\/p>\n","protected":false},"excerpt":{"rendered":"<p>Geeignet f\u00fcr empfindliche Haut, die die gr\u00f6\u00dfte Ern\u00e4hrung mit den Zutaten von Kamillenextrakten, Mais, Eiche und Wurzeln. Sie reduzieren die Hautreizung und sch\u00fctzen die Haut vor Verschmutzung. Macht Ihre Haut lebendig und strahlend. 60 Minuten \/ \u0e3f3,000<\/p>\n","protected":false},"author":55,"featured_media":0,"parent":1157,"menu_order":2,"comment_status":"closed","ping_status":"closed","template":"","meta":{"footnotes":""},"categories":[],"class_list":["post-1172","page","type-page","status-publish","hentry"],"acf":[],"yoast_head":"<!-- This site is optimized with the Yoast SEO plugin v26.9 - https:\/\/yoast.com\/product\/yoast-seo-wordpress\/ -->\n<title>Wohltuende Gesichtsbehandlung - 3.000 THB - Avista Hideaway Phuket Patong<\/title>\n<meta name=\"robots\" content=\"index, follow, max-snippet:-1, max-image-preview:large, max-video-preview:-1\" \/>\n<link rel=\"canonical\" href=\"https:\/\/www.avistahideawayphuketresort.com\/de\/phuket-spa-wellness\/aqua-spa-in-phuket\/aqua-spa-menu\/facial-treatments\/soothing-facial\/\" \/>\n<meta property=\"og:locale\" content=\"de_DE\" \/>\n<meta property=\"og:type\" content=\"article\" \/>\n<meta property=\"og:title\" content=\"Wohltuende Gesichtsbehandlung - 3.000 THB - Avista Hideaway Phuket Patong\" \/>\n<meta property=\"og:description\" content=\"Geeignet f\u00fcr empfindliche Haut, die die gr\u00f6\u00dfte Ern\u00e4hrung mit den Zutaten von Kamillenextrakten, Mais, Eiche und Wurzeln. Sie reduzieren die Hautreizung und sch\u00fctzen die Haut vor Verschmutzung. Macht Ihre Haut lebendig und strahlend. 60 Minuten \/ \u0e3f3,000\" \/>\n<meta property=\"og:url\" content=\"https:\/\/www.avistahideawayphuketresort.com\/de\/phuket-spa-wellness\/aqua-spa-in-phuket\/aqua-spa-menu\/facial-treatments\/soothing-facial\/\" \/>\n<meta property=\"og:site_name\" content=\"Avista Hideaway Phuket Patong\" \/>\n<meta property=\"article:modified_time\" content=\"2023-07-11T04:37:37+00:00\" \/>\n<meta name=\"twitter:card\" content=\"summary_large_image\" \/>\n<meta name=\"twitter:label1\" content=\"Gesch\u00e4tzte Lesezeit\" \/>\n\t<meta name=\"twitter:data1\" content=\"1 Minute\" \/>\n<script type=\"application\/ld+json\" class=\"yoast-schema-graph\">{\"@context\":\"https:\/\/schema.org\",\"@graph\":[{\"@type\":\"WebPage\",\"@id\":\"https:\/\/www.avistahideawayphuketresort.com\/de\/phuket-spa-wellness\/aqua-spa-in-phuket\/aqua-spa-menu\/facial-treatments\/soothing-facial\/\",\"url\":\"https:\/\/www.avistahideawayphuketresort.com\/de\/phuket-spa-wellness\/aqua-spa-in-phuket\/aqua-spa-menu\/facial-treatments\/soothing-facial\/\",\"name\":\"Wohltuende Gesichtsbehandlung - 3.000 THB - Avista Hideaway Phuket Patong\",\"isPartOf\":{\"@id\":\"https:\/\/www.avistahideawayphuketresort.com\/#website\"},\"datePublished\":\"2023-05-02T09:32:13+00:00\",\"dateModified\":\"2023-07-11T04:37:37+00:00\",\"breadcrumb\":{\"@id\":\"https:\/\/www.avistahideawayphuketresort.com\/de\/phuket-spa-wellness\/aqua-spa-in-phuket\/aqua-spa-menu\/facial-treatments\/soothing-facial\/#breadcrumb\"},\"inLanguage\":\"de-DE\",\"potentialAction\":[{\"@type\":\"ReadAction\",\"target\":[\"https:\/\/www.avistahideawayphuketresort.com\/de\/phuket-spa-wellness\/aqua-spa-in-phuket\/aqua-spa-menu\/facial-treatments\/soothing-facial\/\"]}]},{\"@type\":\"BreadcrumbList\",\"@id\":\"https:\/\/www.avistahideawayphuketresort.com\/de\/phuket-spa-wellness\/aqua-spa-in-phuket\/aqua-spa-menu\/facial-treatments\/soothing-facial\/#breadcrumb\",\"itemListElement\":[{\"@type\":\"ListItem\",\"position\":1,\"name\":\"Home\",\"item\":\"https:\/\/www.avistahideawayphuketresort.com\/de\/\"},{\"@type\":\"ListItem\",\"position\":2,\"name\":\"Spa &#038; Wellness\",\"item\":\"https:\/\/www.avistahideawayphuketresort.com\/de\/phuket-spa-wellness\/\"},{\"@type\":\"ListItem\",\"position\":3,\"name\":\"Aqua Spa\",\"item\":\"https:\/\/www.avistahideawayphuketresort.com\/de\/phuket-spa-wellness\/aqua-spa-in-phuket\/\"},{\"@type\":\"ListItem\",\"position\":4,\"name\":\"Aqua Spa Men\u00fc\",\"item\":\"https:\/\/www.avistahideawayphuketresort.com\/de\/phuket-spa-wellness\/aqua-spa-in-phuket\/aqua-spa-menu\/\"},{\"@type\":\"ListItem\",\"position\":5,\"name\":\"Gesichtsbehandlungen\",\"item\":\"https:\/\/www.avistahideawayphuketresort.com\/de\/phuket-spa-wellness\/aqua-spa-in-phuket\/aqua-spa-menu\/facial-treatments\/\"},{\"@type\":\"ListItem\",\"position\":6,\"name\":\"Wohltuende Gesichtsbehandlung &#8211; 3.000 THB\"}]},{\"@type\":\"WebSite\",\"@id\":\"https:\/\/www.avistahideawayphuketresort.com\/#website\",\"url\":\"https:\/\/www.avistahideawayphuketresort.com\/\",\"name\":\"Avista Hideaway Phuket Patong\",\"description\":\"\",\"potentialAction\":[{\"@type\":\"SearchAction\",\"target\":{\"@type\":\"EntryPoint\",\"urlTemplate\":\"https:\/\/www.avistahideawayphuketresort.com\/?s={search_term_string}\"},\"query-input\":{\"@type\":\"PropertyValueSpecification\",\"valueRequired\":true,\"valueName\":\"search_term_string\"}}],\"inLanguage\":\"de-DE\"}]}<\/script>\n<!-- \/ Yoast SEO plugin. -->","yoast_head_json":{"title":"Wohltuende Gesichtsbehandlung - 3.000 THB - Avista Hideaway Phuket Patong","robots":{"index":"index","follow":"follow","max-snippet":"max-snippet:-1","max-image-preview":"max-image-preview:large","max-video-preview":"max-video-preview:-1"},"canonical":"https:\/\/www.avistahideawayphuketresort.com\/de\/phuket-spa-wellness\/aqua-spa-in-phuket\/aqua-spa-menu\/facial-treatments\/soothing-facial\/","og_locale":"de_DE","og_type":"article","og_title":"Wohltuende Gesichtsbehandlung - 3.000 THB - Avista Hideaway Phuket Patong","og_description":"Geeignet f\u00fcr empfindliche Haut, die die gr\u00f6\u00dfte Ern\u00e4hrung mit den Zutaten von Kamillenextrakten, Mais, Eiche und Wurzeln. Sie reduzieren die Hautreizung und sch\u00fctzen die Haut vor Verschmutzung. Macht Ihre Haut lebendig und strahlend. 60 Minuten \/ \u0e3f3,000","og_url":"https:\/\/www.avistahideawayphuketresort.com\/de\/phuket-spa-wellness\/aqua-spa-in-phuket\/aqua-spa-menu\/facial-treatments\/soothing-facial\/","og_site_name":"Avista Hideaway Phuket Patong","article_modified_time":"2023-07-11T04:37:37+00:00","twitter_card":"summary_large_image","twitter_misc":{"Gesch\u00e4tzte Lesezeit":"1 Minute"},"schema":{"@context":"https:\/\/schema.org","@graph":[{"@type":"WebPage","@id":"https:\/\/www.avistahideawayphuketresort.com\/de\/phuket-spa-wellness\/aqua-spa-in-phuket\/aqua-spa-menu\/facial-treatments\/soothing-facial\/","url":"https:\/\/www.avistahideawayphuketresort.com\/de\/phuket-spa-wellness\/aqua-spa-in-phuket\/aqua-spa-menu\/facial-treatments\/soothing-facial\/","name":"Wohltuende Gesichtsbehandlung - 3.000 THB - Avista Hideaway Phuket Patong","isPartOf":{"@id":"https:\/\/www.avistahideawayphuketresort.com\/#website"},"datePublished":"2023-05-02T09:32:13+00:00","dateModified":"2023-07-11T04:37:37+00:00","breadcrumb":{"@id":"https:\/\/www.avistahideawayphuketresort.com\/de\/phuket-spa-wellness\/aqua-spa-in-phuket\/aqua-spa-menu\/facial-treatments\/soothing-facial\/#breadcrumb"},"inLanguage":"de-DE","potentialAction":[{"@type":"ReadAction","target":["https:\/\/www.avistahideawayphuketresort.com\/de\/phuket-spa-wellness\/aqua-spa-in-phuket\/aqua-spa-menu\/facial-treatments\/soothing-facial\/"]}]},{"@type":"BreadcrumbList","@id":"https:\/\/www.avistahideawayphuketresort.com\/de\/phuket-spa-wellness\/aqua-spa-in-phuket\/aqua-spa-menu\/facial-treatments\/soothing-facial\/#breadcrumb","itemListElement":[{"@type":"ListItem","position":1,"name":"Home","item":"https:\/\/www.avistahideawayphuketresort.com\/de\/"},{"@type":"ListItem","position":2,"name":"Spa &#038; Wellness","item":"https:\/\/www.avistahideawayphuketresort.com\/de\/phuket-spa-wellness\/"},{"@type":"ListItem","position":3,"name":"Aqua Spa","item":"https:\/\/www.avistahideawayphuketresort.com\/de\/phuket-spa-wellness\/aqua-spa-in-phuket\/"},{"@type":"ListItem","position":4,"name":"Aqua Spa Men\u00fc","item":"https:\/\/www.avistahideawayphuketresort.com\/de\/phuket-spa-wellness\/aqua-spa-in-phuket\/aqua-spa-menu\/"},{"@type":"ListItem","position":5,"name":"Gesichtsbehandlungen","item":"https:\/\/www.avistahideawayphuketresort.com\/de\/phuket-spa-wellness\/aqua-spa-in-phuket\/aqua-spa-menu\/facial-treatments\/"},{"@type":"ListItem","position":6,"name":"Wohltuende Gesichtsbehandlung &#8211; 3.000 THB"}]},{"@type":"WebSite","@id":"https:\/\/www.avistahideawayphuketresort.com\/#website","url":"https:\/\/www.avistahideawayphuketresort.com\/","name":"Avista Hideaway Phuket Patong","description":"","potentialAction":[{"@type":"SearchAction","target":{"@type":"EntryPoint","urlTemplate":"https:\/\/www.avistahideawayphuketresort.com\/?s={search_term_string}"},"query-input":{"@type":"PropertyValueSpecification","valueRequired":true,"valueName":"search_term_string"}}],"inLanguage":"de-DE"}]}},"_links":{"self":[{"href":"https:\/\/www.avistahideawayphuketresort.com\/de\/wp-json\/wp\/v2\/pages\/1172","targetHints":{"allow":["GET"]}}],"collection":[{"href":"https:\/\/www.avistahideawayphuketresort.com\/de\/wp-json\/wp\/v2\/pages"}],"about":[{"href":"https:\/\/www.avistahideawayphuketresort.com\/de\/wp-json\/wp\/v2\/types\/page"}],"author":[{"embeddable":true,"href":"https:\/\/www.avistahideawayphuketresort.com\/de\/wp-json\/wp\/v2\/users\/55"}],"replies":[{"embeddable":true,"href":"https:\/\/www.avistahideawayphuketresort.com\/de\/wp-json\/wp\/v2\/comments?post=1172"}],"version-history":[{"count":0,"href":"https:\/\/www.avistahideawayphuketresort.com\/de\/wp-json\/wp\/v2\/pages\/1172\/revisions"}],"up":[{"embeddable":true,"href":"https:\/\/www.avistahideawayphuketresort.com\/de\/wp-json\/wp\/v2\/pages\/1157"}],"wp:attachment":[{"href":"https:\/\/www.avistahideawayphuketresort.com\/de\/wp-json\/wp\/v2\/media?parent=1172"}],"wp:term":[{"taxonomy":"category","embeddable":true,"href":"https:\/\/www.avistahideawayphuketresort.com\/de\/wp-json\/wp\/v2\/categories?post=1172"}],"curies":[{"name":"wp","href":"https:\/\/api.w.org\/{rel}","templated":true}]}}