{"id":1220,"date":"2023-05-02T06:57:28","date_gmt":"2023-05-02T06:57:28","guid":{"rendered":"https:\/\/www.avistahideawayphuketresort.com\/phuket-spa-wellness\/aqua-spa-in-phuket\/aqua-spa-menu\/body-massage-treatments\/"},"modified":"2023-07-04T08:00:58","modified_gmt":"2023-07-04T08:00:58","slug":"body-massage-treatments","status":"publish","type":"page","link":"https:\/\/www.avistahideawayphuketresort.com\/de\/phuket-spa-wellness\/aqua-spa-in-phuket\/aqua-spa-menu\/body-massage-treatments\/","title":{"rendered":"K\u00f6rper-Massage-Behandlungen"},"content":{"rendered":"<p style=\"text-align: center;\">Ged\u00e4mpftes Licht, sanfte Musik, Ruhe ist ein Paradies, w\u00e4hrend eine Ganzk\u00f6rpermassage unser Nervensystem stimuliert. W\u00e4hrend einer Massage werden Endorphine freigesetzt, die uns gl\u00fccklich und ruhig machen. Unser K\u00f6rper braucht die Massage, um sich zu erneuern und die Auswirkungen von Stress r\u00fcckg\u00e4ngig zu machen. Sie weckt unsere Muskeln, Organe und Dr\u00fcsen und bringt eine Vielzahl von Zellen dazu, Chemikalien und Hormone zu produzieren und freizusetzen. Massage l\u00f6st nicht nur Spannungen im K\u00f6rper, sondern lindert auch k\u00f6rperliche und emotionale Schmerzen, \u00c4ngste und Depressionen, verbessert die Atmung und ist auch gut f\u00fcr unser Herz.<\/p>\n<p style=\"text-align: center;\">\nEin Spa-Besuch kann ein Verw\u00f6hnprogramm sein, aber er ist auch eine Bereicherung f\u00fcr unsere Gesundheit und unser Wohlbefinden. Lockern Sie Ihren Tag auf und erg\u00e4nzen Sie Ihr Gesundheitsprogramm mit regelm\u00e4\u00dfigen Massagen im Avista Hideaway Spa. W\u00e4hlen Sie aus den verschiedenen Massagen, die wir anbieten, und unsere Masseurin wird Sie mit ihren Techniken sehr ruhig und tief entspannt zur\u00fccklassen.<\/p>\n","protected":false},"excerpt":{"rendered":"<p>Ged\u00e4mpftes Licht, sanfte Musik, Ruhe ist ein Paradies, w\u00e4hrend eine Ganzk\u00f6rpermassage unser Nervensystem stimuliert. W\u00e4hrend einer Massage werden Endorphine freigesetzt, die uns gl\u00fccklich und ruhig machen. Unser K\u00f6rper braucht die Massage, um sich zu erneuern und die Auswirkungen von Stress r\u00fcckg\u00e4ngig zu machen. Sie weckt unsere Muskeln, Organe und Dr\u00fcsen und bringt eine Vielzahl von [&hellip;]<\/p>\n","protected":false},"author":55,"featured_media":0,"parent":1069,"menu_order":4,"comment_status":"closed","ping_status":"closed","template":"","meta":{"footnotes":""},"categories":[],"class_list":["post-1220","page","type-page","status-publish","hentry"],"acf":[],"yoast_head":"<!-- This site is optimized with the Yoast SEO plugin v26.9 - https:\/\/yoast.com\/product\/yoast-seo-wordpress\/ -->\n<title>K\u00f6rper-Massage-Behandlungen - Avista Hideaway Phuket Patong<\/title>\n<meta name=\"robots\" content=\"index, follow, max-snippet:-1, max-image-preview:large, max-video-preview:-1\" \/>\n<link rel=\"canonical\" href=\"https:\/\/www.avistahideawayphuketresort.com\/de\/phuket-spa-wellness\/aqua-spa-in-phuket\/aqua-spa-menu\/body-massage-treatments\/\" \/>\n<meta property=\"og:locale\" content=\"de_DE\" \/>\n<meta property=\"og:type\" content=\"article\" \/>\n<meta property=\"og:title\" content=\"K\u00f6rper-Massage-Behandlungen - Avista Hideaway Phuket Patong\" \/>\n<meta property=\"og:description\" content=\"Ged\u00e4mpftes Licht, sanfte Musik, Ruhe ist ein Paradies, w\u00e4hrend eine Ganzk\u00f6rpermassage unser Nervensystem stimuliert. W\u00e4hrend einer Massage werden Endorphine freigesetzt, die uns gl\u00fccklich und ruhig machen. Unser K\u00f6rper braucht die Massage, um sich zu erneuern und die Auswirkungen von Stress r\u00fcckg\u00e4ngig zu machen. Sie weckt unsere Muskeln, Organe und Dr\u00fcsen und bringt eine Vielzahl von [&hellip;]\" \/>\n<meta property=\"og:url\" content=\"https:\/\/www.avistahideawayphuketresort.com\/de\/phuket-spa-wellness\/aqua-spa-in-phuket\/aqua-spa-menu\/body-massage-treatments\/\" \/>\n<meta property=\"og:site_name\" content=\"Avista Hideaway Phuket Patong\" \/>\n<meta property=\"article:modified_time\" content=\"2023-07-04T08:00:58+00:00\" \/>\n<meta name=\"twitter:card\" content=\"summary_large_image\" \/>\n<meta name=\"twitter:label1\" content=\"Gesch\u00e4tzte Lesezeit\" \/>\n\t<meta name=\"twitter:data1\" content=\"1 Minute\" \/>\n<script type=\"application\/ld+json\" class=\"yoast-schema-graph\">{\"@context\":\"https:\/\/schema.org\",\"@graph\":[{\"@type\":\"WebPage\",\"@id\":\"https:\/\/www.avistahideawayphuketresort.com\/de\/phuket-spa-wellness\/aqua-spa-in-phuket\/aqua-spa-menu\/body-massage-treatments\/\",\"url\":\"https:\/\/www.avistahideawayphuketresort.com\/de\/phuket-spa-wellness\/aqua-spa-in-phuket\/aqua-spa-menu\/body-massage-treatments\/\",\"name\":\"K\u00f6rper-Massage-Behandlungen - Avista Hideaway Phuket Patong\",\"isPartOf\":{\"@id\":\"https:\/\/www.avistahideawayphuketresort.com\/#website\"},\"datePublished\":\"2023-05-02T06:57:28+00:00\",\"dateModified\":\"2023-07-04T08:00:58+00:00\",\"breadcrumb\":{\"@id\":\"https:\/\/www.avistahideawayphuketresort.com\/de\/phuket-spa-wellness\/aqua-spa-in-phuket\/aqua-spa-menu\/body-massage-treatments\/#breadcrumb\"},\"inLanguage\":\"de-DE\",\"potentialAction\":[{\"@type\":\"ReadAction\",\"target\":[\"https:\/\/www.avistahideawayphuketresort.com\/de\/phuket-spa-wellness\/aqua-spa-in-phuket\/aqua-spa-menu\/body-massage-treatments\/\"]}]},{\"@type\":\"BreadcrumbList\",\"@id\":\"https:\/\/www.avistahideawayphuketresort.com\/de\/phuket-spa-wellness\/aqua-spa-in-phuket\/aqua-spa-menu\/body-massage-treatments\/#breadcrumb\",\"itemListElement\":[{\"@type\":\"ListItem\",\"position\":1,\"name\":\"Home\",\"item\":\"https:\/\/www.avistahideawayphuketresort.com\/de\/\"},{\"@type\":\"ListItem\",\"position\":2,\"name\":\"Spa &#038; Wellness\",\"item\":\"https:\/\/www.avistahideawayphuketresort.com\/de\/phuket-spa-wellness\/\"},{\"@type\":\"ListItem\",\"position\":3,\"name\":\"Aqua Spa\",\"item\":\"https:\/\/www.avistahideawayphuketresort.com\/de\/phuket-spa-wellness\/aqua-spa-in-phuket\/\"},{\"@type\":\"ListItem\",\"position\":4,\"name\":\"Aqua Spa Men\u00fc\",\"item\":\"https:\/\/www.avistahideawayphuketresort.com\/de\/phuket-spa-wellness\/aqua-spa-in-phuket\/aqua-spa-menu\/\"},{\"@type\":\"ListItem\",\"position\":5,\"name\":\"K\u00f6rper-Massage-Behandlungen\"}]},{\"@type\":\"WebSite\",\"@id\":\"https:\/\/www.avistahideawayphuketresort.com\/#website\",\"url\":\"https:\/\/www.avistahideawayphuketresort.com\/\",\"name\":\"Avista Hideaway Phuket Patong\",\"description\":\"\",\"potentialAction\":[{\"@type\":\"SearchAction\",\"target\":{\"@type\":\"EntryPoint\",\"urlTemplate\":\"https:\/\/www.avistahideawayphuketresort.com\/?s={search_term_string}\"},\"query-input\":{\"@type\":\"PropertyValueSpecification\",\"valueRequired\":true,\"valueName\":\"search_term_string\"}}],\"inLanguage\":\"de-DE\"}]}<\/script>\n<!-- \/ Yoast SEO plugin. -->","yoast_head_json":{"title":"K\u00f6rper-Massage-Behandlungen - Avista Hideaway Phuket Patong","robots":{"index":"index","follow":"follow","max-snippet":"max-snippet:-1","max-image-preview":"max-image-preview:large","max-video-preview":"max-video-preview:-1"},"canonical":"https:\/\/www.avistahideawayphuketresort.com\/de\/phuket-spa-wellness\/aqua-spa-in-phuket\/aqua-spa-menu\/body-massage-treatments\/","og_locale":"de_DE","og_type":"article","og_title":"K\u00f6rper-Massage-Behandlungen - Avista Hideaway Phuket Patong","og_description":"Ged\u00e4mpftes Licht, sanfte Musik, Ruhe ist ein Paradies, w\u00e4hrend eine Ganzk\u00f6rpermassage unser Nervensystem stimuliert. W\u00e4hrend einer Massage werden Endorphine freigesetzt, die uns gl\u00fccklich und ruhig machen. Unser K\u00f6rper braucht die Massage, um sich zu erneuern und die Auswirkungen von Stress r\u00fcckg\u00e4ngig zu machen. Sie weckt unsere Muskeln, Organe und Dr\u00fcsen und bringt eine Vielzahl von [&hellip;]","og_url":"https:\/\/www.avistahideawayphuketresort.com\/de\/phuket-spa-wellness\/aqua-spa-in-phuket\/aqua-spa-menu\/body-massage-treatments\/","og_site_name":"Avista Hideaway Phuket Patong","article_modified_time":"2023-07-04T08:00:58+00:00","twitter_card":"summary_large_image","twitter_misc":{"Gesch\u00e4tzte Lesezeit":"1 Minute"},"schema":{"@context":"https:\/\/schema.org","@graph":[{"@type":"WebPage","@id":"https:\/\/www.avistahideawayphuketresort.com\/de\/phuket-spa-wellness\/aqua-spa-in-phuket\/aqua-spa-menu\/body-massage-treatments\/","url":"https:\/\/www.avistahideawayphuketresort.com\/de\/phuket-spa-wellness\/aqua-spa-in-phuket\/aqua-spa-menu\/body-massage-treatments\/","name":"K\u00f6rper-Massage-Behandlungen - Avista Hideaway Phuket Patong","isPartOf":{"@id":"https:\/\/www.avistahideawayphuketresort.com\/#website"},"datePublished":"2023-05-02T06:57:28+00:00","dateModified":"2023-07-04T08:00:58+00:00","breadcrumb":{"@id":"https:\/\/www.avistahideawayphuketresort.com\/de\/phuket-spa-wellness\/aqua-spa-in-phuket\/aqua-spa-menu\/body-massage-treatments\/#breadcrumb"},"inLanguage":"de-DE","potentialAction":[{"@type":"ReadAction","target":["https:\/\/www.avistahideawayphuketresort.com\/de\/phuket-spa-wellness\/aqua-spa-in-phuket\/aqua-spa-menu\/body-massage-treatments\/"]}]},{"@type":"BreadcrumbList","@id":"https:\/\/www.avistahideawayphuketresort.com\/de\/phuket-spa-wellness\/aqua-spa-in-phuket\/aqua-spa-menu\/body-massage-treatments\/#breadcrumb","itemListElement":[{"@type":"ListItem","position":1,"name":"Home","item":"https:\/\/www.avistahideawayphuketresort.com\/de\/"},{"@type":"ListItem","position":2,"name":"Spa &#038; Wellness","item":"https:\/\/www.avistahideawayphuketresort.com\/de\/phuket-spa-wellness\/"},{"@type":"ListItem","position":3,"name":"Aqua Spa","item":"https:\/\/www.avistahideawayphuketresort.com\/de\/phuket-spa-wellness\/aqua-spa-in-phuket\/"},{"@type":"ListItem","position":4,"name":"Aqua Spa Men\u00fc","item":"https:\/\/www.avistahideawayphuketresort.com\/de\/phuket-spa-wellness\/aqua-spa-in-phuket\/aqua-spa-menu\/"},{"@type":"ListItem","position":5,"name":"K\u00f6rper-Massage-Behandlungen"}]},{"@type":"WebSite","@id":"https:\/\/www.avistahideawayphuketresort.com\/#website","url":"https:\/\/www.avistahideawayphuketresort.com\/","name":"Avista Hideaway Phuket Patong","description":"","potentialAction":[{"@type":"SearchAction","target":{"@type":"EntryPoint","urlTemplate":"https:\/\/www.avistahideawayphuketresort.com\/?s={search_term_string}"},"query-input":{"@type":"PropertyValueSpecification","valueRequired":true,"valueName":"search_term_string"}}],"inLanguage":"de-DE"}]}},"_links":{"self":[{"href":"https:\/\/www.avistahideawayphuketresort.com\/de\/wp-json\/wp\/v2\/pages\/1220","targetHints":{"allow":["GET"]}}],"collection":[{"href":"https:\/\/www.avistahideawayphuketresort.com\/de\/wp-json\/wp\/v2\/pages"}],"about":[{"href":"https:\/\/www.avistahideawayphuketresort.com\/de\/wp-json\/wp\/v2\/types\/page"}],"author":[{"embeddable":true,"href":"https:\/\/www.avistahideawayphuketresort.com\/de\/wp-json\/wp\/v2\/users\/55"}],"replies":[{"embeddable":true,"href":"https:\/\/www.avistahideawayphuketresort.com\/de\/wp-json\/wp\/v2\/comments?post=1220"}],"version-history":[{"count":0,"href":"https:\/\/www.avistahideawayphuketresort.com\/de\/wp-json\/wp\/v2\/pages\/1220\/revisions"}],"up":[{"embeddable":true,"href":"https:\/\/www.avistahideawayphuketresort.com\/de\/wp-json\/wp\/v2\/pages\/1069"}],"wp:attachment":[{"href":"https:\/\/www.avistahideawayphuketresort.com\/de\/wp-json\/wp\/v2\/media?parent=1220"}],"wp:term":[{"taxonomy":"category","embeddable":true,"href":"https:\/\/www.avistahideawayphuketresort.com\/de\/wp-json\/wp\/v2\/categories?post=1220"}],"curies":[{"name":"wp","href":"https:\/\/api.w.org\/{rel}","templated":true}]}}