{"id":1244,"date":"2023-05-02T08:21:43","date_gmt":"2023-05-02T08:21:43","guid":{"rendered":"https:\/\/www.avistahideawayphuketresort.com\/phuket-spa-wellness\/aqua-spa-in-phuket\/aqua-spa-menu\/body-massage-treatments\/after-sun-massage\/"},"modified":"2023-07-04T08:10:09","modified_gmt":"2023-07-04T08:10:09","slug":"after-sun-massage","status":"publish","type":"page","link":"https:\/\/www.avistahideawayphuketresort.com\/de\/phuket-spa-wellness\/aqua-spa-in-phuket\/aqua-spa-menu\/body-massage-treatments\/after-sun-massage\/","title":{"rendered":"Massage nach der Sonne &#8211; 2.200 THB"},"content":{"rendered":"<p style=\"text-align: center;\">Diese Heilmassage ist perfekt f\u00fcr sonnenexponierte Menschen, denn sie verwendet eine Mischung aus Aloe Vera und Massage\u00f6len, die reich an Vitaminen und Mineralien sind und die Haut beruhigen und k\u00fchlen.<br \/>\n60 Minuten \/ \u0e3f2,200<br \/>\n90 Minuten &#8211; \u0e3f2,900<\/p>\n","protected":false},"excerpt":{"rendered":"<p>Diese Heilmassage ist perfekt f\u00fcr sonnenexponierte Menschen, denn sie verwendet eine Mischung aus Aloe Vera und Massage\u00f6len, die reich an Vitaminen und Mineralien sind und die Haut beruhigen und k\u00fchlen. 60 Minuten \/ \u0e3f2,200 90 Minuten &#8211; \u0e3f2,900<\/p>\n","protected":false},"author":55,"featured_media":0,"parent":1220,"menu_order":5,"comment_status":"closed","ping_status":"closed","template":"","meta":{"footnotes":""},"categories":[],"class_list":["post-1244","page","type-page","status-publish","hentry"],"acf":[],"yoast_head":"<!-- This site is optimized with the Yoast SEO plugin v26.9 - https:\/\/yoast.com\/product\/yoast-seo-wordpress\/ -->\n<title>Massage nach der Sonne - 2.200 THB - Avista Hideaway Phuket Patong<\/title>\n<meta name=\"robots\" content=\"index, follow, max-snippet:-1, max-image-preview:large, max-video-preview:-1\" \/>\n<link rel=\"canonical\" href=\"https:\/\/www.avistahideawayphuketresort.com\/de\/phuket-spa-wellness\/aqua-spa-in-phuket\/aqua-spa-menu\/body-massage-treatments\/after-sun-massage\/\" \/>\n<meta property=\"og:locale\" content=\"de_DE\" \/>\n<meta property=\"og:type\" content=\"article\" \/>\n<meta property=\"og:title\" content=\"Massage nach der Sonne - 2.200 THB - Avista Hideaway Phuket Patong\" \/>\n<meta property=\"og:description\" content=\"Diese Heilmassage ist perfekt f\u00fcr sonnenexponierte Menschen, denn sie verwendet eine Mischung aus Aloe Vera und Massage\u00f6len, die reich an Vitaminen und Mineralien sind und die Haut beruhigen und k\u00fchlen. 60 Minuten \/ \u0e3f2,200 90 Minuten &#8211; \u0e3f2,900\" \/>\n<meta property=\"og:url\" content=\"https:\/\/www.avistahideawayphuketresort.com\/de\/phuket-spa-wellness\/aqua-spa-in-phuket\/aqua-spa-menu\/body-massage-treatments\/after-sun-massage\/\" \/>\n<meta property=\"og:site_name\" content=\"Avista Hideaway Phuket Patong\" \/>\n<meta property=\"article:modified_time\" content=\"2023-07-04T08:10:09+00:00\" \/>\n<meta name=\"twitter:card\" content=\"summary_large_image\" \/>\n<meta name=\"twitter:label1\" content=\"Gesch\u00e4tzte Lesezeit\" \/>\n\t<meta name=\"twitter:data1\" content=\"1 Minute\" \/>\n<script type=\"application\/ld+json\" class=\"yoast-schema-graph\">{\"@context\":\"https:\/\/schema.org\",\"@graph\":[{\"@type\":\"WebPage\",\"@id\":\"https:\/\/www.avistahideawayphuketresort.com\/de\/phuket-spa-wellness\/aqua-spa-in-phuket\/aqua-spa-menu\/body-massage-treatments\/after-sun-massage\/\",\"url\":\"https:\/\/www.avistahideawayphuketresort.com\/de\/phuket-spa-wellness\/aqua-spa-in-phuket\/aqua-spa-menu\/body-massage-treatments\/after-sun-massage\/\",\"name\":\"Massage nach der Sonne - 2.200 THB - Avista Hideaway Phuket Patong\",\"isPartOf\":{\"@id\":\"https:\/\/www.avistahideawayphuketresort.com\/#website\"},\"datePublished\":\"2023-05-02T08:21:43+00:00\",\"dateModified\":\"2023-07-04T08:10:09+00:00\",\"breadcrumb\":{\"@id\":\"https:\/\/www.avistahideawayphuketresort.com\/de\/phuket-spa-wellness\/aqua-spa-in-phuket\/aqua-spa-menu\/body-massage-treatments\/after-sun-massage\/#breadcrumb\"},\"inLanguage\":\"de-DE\",\"potentialAction\":[{\"@type\":\"ReadAction\",\"target\":[\"https:\/\/www.avistahideawayphuketresort.com\/de\/phuket-spa-wellness\/aqua-spa-in-phuket\/aqua-spa-menu\/body-massage-treatments\/after-sun-massage\/\"]}]},{\"@type\":\"BreadcrumbList\",\"@id\":\"https:\/\/www.avistahideawayphuketresort.com\/de\/phuket-spa-wellness\/aqua-spa-in-phuket\/aqua-spa-menu\/body-massage-treatments\/after-sun-massage\/#breadcrumb\",\"itemListElement\":[{\"@type\":\"ListItem\",\"position\":1,\"name\":\"Home\",\"item\":\"https:\/\/www.avistahideawayphuketresort.com\/de\/\"},{\"@type\":\"ListItem\",\"position\":2,\"name\":\"Spa &#038; Wellness\",\"item\":\"https:\/\/www.avistahideawayphuketresort.com\/de\/phuket-spa-wellness\/\"},{\"@type\":\"ListItem\",\"position\":3,\"name\":\"Aqua Spa\",\"item\":\"https:\/\/www.avistahideawayphuketresort.com\/de\/phuket-spa-wellness\/aqua-spa-in-phuket\/\"},{\"@type\":\"ListItem\",\"position\":4,\"name\":\"Aqua Spa Men\u00fc\",\"item\":\"https:\/\/www.avistahideawayphuketresort.com\/de\/phuket-spa-wellness\/aqua-spa-in-phuket\/aqua-spa-menu\/\"},{\"@type\":\"ListItem\",\"position\":5,\"name\":\"K\u00f6rper-Massage-Behandlungen\",\"item\":\"https:\/\/www.avistahideawayphuketresort.com\/de\/phuket-spa-wellness\/aqua-spa-in-phuket\/aqua-spa-menu\/body-massage-treatments\/\"},{\"@type\":\"ListItem\",\"position\":6,\"name\":\"Massage nach der Sonne &#8211; 2.200 THB\"}]},{\"@type\":\"WebSite\",\"@id\":\"https:\/\/www.avistahideawayphuketresort.com\/#website\",\"url\":\"https:\/\/www.avistahideawayphuketresort.com\/\",\"name\":\"Avista Hideaway Phuket Patong\",\"description\":\"\",\"potentialAction\":[{\"@type\":\"SearchAction\",\"target\":{\"@type\":\"EntryPoint\",\"urlTemplate\":\"https:\/\/www.avistahideawayphuketresort.com\/?s={search_term_string}\"},\"query-input\":{\"@type\":\"PropertyValueSpecification\",\"valueRequired\":true,\"valueName\":\"search_term_string\"}}],\"inLanguage\":\"de-DE\"}]}<\/script>\n<!-- \/ Yoast SEO plugin. -->","yoast_head_json":{"title":"Massage nach der Sonne - 2.200 THB - Avista Hideaway Phuket Patong","robots":{"index":"index","follow":"follow","max-snippet":"max-snippet:-1","max-image-preview":"max-image-preview:large","max-video-preview":"max-video-preview:-1"},"canonical":"https:\/\/www.avistahideawayphuketresort.com\/de\/phuket-spa-wellness\/aqua-spa-in-phuket\/aqua-spa-menu\/body-massage-treatments\/after-sun-massage\/","og_locale":"de_DE","og_type":"article","og_title":"Massage nach der Sonne - 2.200 THB - Avista Hideaway Phuket Patong","og_description":"Diese Heilmassage ist perfekt f\u00fcr sonnenexponierte Menschen, denn sie verwendet eine Mischung aus Aloe Vera und Massage\u00f6len, die reich an Vitaminen und Mineralien sind und die Haut beruhigen und k\u00fchlen. 60 Minuten \/ \u0e3f2,200 90 Minuten &#8211; \u0e3f2,900","og_url":"https:\/\/www.avistahideawayphuketresort.com\/de\/phuket-spa-wellness\/aqua-spa-in-phuket\/aqua-spa-menu\/body-massage-treatments\/after-sun-massage\/","og_site_name":"Avista Hideaway Phuket Patong","article_modified_time":"2023-07-04T08:10:09+00:00","twitter_card":"summary_large_image","twitter_misc":{"Gesch\u00e4tzte Lesezeit":"1 Minute"},"schema":{"@context":"https:\/\/schema.org","@graph":[{"@type":"WebPage","@id":"https:\/\/www.avistahideawayphuketresort.com\/de\/phuket-spa-wellness\/aqua-spa-in-phuket\/aqua-spa-menu\/body-massage-treatments\/after-sun-massage\/","url":"https:\/\/www.avistahideawayphuketresort.com\/de\/phuket-spa-wellness\/aqua-spa-in-phuket\/aqua-spa-menu\/body-massage-treatments\/after-sun-massage\/","name":"Massage nach der Sonne - 2.200 THB - Avista Hideaway Phuket Patong","isPartOf":{"@id":"https:\/\/www.avistahideawayphuketresort.com\/#website"},"datePublished":"2023-05-02T08:21:43+00:00","dateModified":"2023-07-04T08:10:09+00:00","breadcrumb":{"@id":"https:\/\/www.avistahideawayphuketresort.com\/de\/phuket-spa-wellness\/aqua-spa-in-phuket\/aqua-spa-menu\/body-massage-treatments\/after-sun-massage\/#breadcrumb"},"inLanguage":"de-DE","potentialAction":[{"@type":"ReadAction","target":["https:\/\/www.avistahideawayphuketresort.com\/de\/phuket-spa-wellness\/aqua-spa-in-phuket\/aqua-spa-menu\/body-massage-treatments\/after-sun-massage\/"]}]},{"@type":"BreadcrumbList","@id":"https:\/\/www.avistahideawayphuketresort.com\/de\/phuket-spa-wellness\/aqua-spa-in-phuket\/aqua-spa-menu\/body-massage-treatments\/after-sun-massage\/#breadcrumb","itemListElement":[{"@type":"ListItem","position":1,"name":"Home","item":"https:\/\/www.avistahideawayphuketresort.com\/de\/"},{"@type":"ListItem","position":2,"name":"Spa &#038; Wellness","item":"https:\/\/www.avistahideawayphuketresort.com\/de\/phuket-spa-wellness\/"},{"@type":"ListItem","position":3,"name":"Aqua Spa","item":"https:\/\/www.avistahideawayphuketresort.com\/de\/phuket-spa-wellness\/aqua-spa-in-phuket\/"},{"@type":"ListItem","position":4,"name":"Aqua Spa Men\u00fc","item":"https:\/\/www.avistahideawayphuketresort.com\/de\/phuket-spa-wellness\/aqua-spa-in-phuket\/aqua-spa-menu\/"},{"@type":"ListItem","position":5,"name":"K\u00f6rper-Massage-Behandlungen","item":"https:\/\/www.avistahideawayphuketresort.com\/de\/phuket-spa-wellness\/aqua-spa-in-phuket\/aqua-spa-menu\/body-massage-treatments\/"},{"@type":"ListItem","position":6,"name":"Massage nach der Sonne &#8211; 2.200 THB"}]},{"@type":"WebSite","@id":"https:\/\/www.avistahideawayphuketresort.com\/#website","url":"https:\/\/www.avistahideawayphuketresort.com\/","name":"Avista Hideaway Phuket Patong","description":"","potentialAction":[{"@type":"SearchAction","target":{"@type":"EntryPoint","urlTemplate":"https:\/\/www.avistahideawayphuketresort.com\/?s={search_term_string}"},"query-input":{"@type":"PropertyValueSpecification","valueRequired":true,"valueName":"search_term_string"}}],"inLanguage":"de-DE"}]}},"_links":{"self":[{"href":"https:\/\/www.avistahideawayphuketresort.com\/de\/wp-json\/wp\/v2\/pages\/1244","targetHints":{"allow":["GET"]}}],"collection":[{"href":"https:\/\/www.avistahideawayphuketresort.com\/de\/wp-json\/wp\/v2\/pages"}],"about":[{"href":"https:\/\/www.avistahideawayphuketresort.com\/de\/wp-json\/wp\/v2\/types\/page"}],"author":[{"embeddable":true,"href":"https:\/\/www.avistahideawayphuketresort.com\/de\/wp-json\/wp\/v2\/users\/55"}],"replies":[{"embeddable":true,"href":"https:\/\/www.avistahideawayphuketresort.com\/de\/wp-json\/wp\/v2\/comments?post=1244"}],"version-history":[{"count":0,"href":"https:\/\/www.avistahideawayphuketresort.com\/de\/wp-json\/wp\/v2\/pages\/1244\/revisions"}],"up":[{"embeddable":true,"href":"https:\/\/www.avistahideawayphuketresort.com\/de\/wp-json\/wp\/v2\/pages\/1220"}],"wp:attachment":[{"href":"https:\/\/www.avistahideawayphuketresort.com\/de\/wp-json\/wp\/v2\/media?parent=1244"}],"wp:term":[{"taxonomy":"category","embeddable":true,"href":"https:\/\/www.avistahideawayphuketresort.com\/de\/wp-json\/wp\/v2\/categories?post=1244"}],"curies":[{"name":"wp","href":"https:\/\/api.w.org\/{rel}","templated":true}]}}