{"id":1262,"date":"2023-05-02T09:45:49","date_gmt":"2023-05-02T09:45:49","guid":{"rendered":"https:\/\/www.avistahideawayphuketresort.com\/phuket-spa-wellness\/aqua-spa-in-phuket\/aqua-spa-menu\/foot-massage-facial\/"},"modified":"2023-07-04T08:19:57","modified_gmt":"2023-07-04T08:19:57","slug":"foot-massage-facial","status":"publish","type":"page","link":"https:\/\/www.avistahideawayphuketresort.com\/de\/phuket-spa-wellness\/aqua-spa-in-phuket\/aqua-spa-menu\/foot-massage-facial\/","title":{"rendered":"Fu\u00df- und Kopfmassage"},"content":{"rendered":"<p style=\"text-align: center;\">Wer m\u00f6chte nicht in einem Spa verw\u00f6hnt werden, wo die Masseurin Druck auf die spezifischen Reflexpunkte am Fu\u00df aus\u00fcbt! Ob eine Fu\u00dfmassage zu Hause oder eine Behandlung durch einen Experten, eine Fu\u00dfmassage ist sicherlich eine lohnenswerte Massage, die sich positiv auf unseren gesamten K\u00f6rper auswirkt. Die F\u00fc\u00dfe sind oft der am meisten vernachl\u00e4ssigte oder ignorierte Teil des K\u00f6rpers, und eine kurze Fu\u00dfmassage kann uns wirklich helfen, uns zu entspannen, besonders nach einem langen Tag, an dem unsere F\u00fc\u00dfe durch das Gehen oder Stehen anschwellen. Regelm\u00e4\u00dfige Massagen verbessern die Durchblutung, stimulieren die Muskeln, verringern Verspannungen und lindern oft Schmerzen. So wie wir unseren Nacken, R\u00fccken und unsere Schultern mit regelm\u00e4\u00dfigen Massagen verw\u00f6hnen, verdienen auch unsere F\u00fc\u00dfe eine regelm\u00e4\u00dfige Abreibung.<\/p>\n<p>Die indische Kopfmassage h\u00f6rt sich in der Tat g\u00f6ttlich an, und wenn Sie im Avista Hideaway sind, wird der Therapeut Druck auf die Punkte im oberen R\u00fccken, in den Armen und in den Schultern aus\u00fcben, um Muskeln und Knoten zu l\u00f6sen. Das Beste an der Kopfmassage ist, dass sie die Kopfhaut mit N\u00e4hrstoffen und Sauerstoff versorgt, was das Haarwachstum f\u00f6rdert. Kommen Sie in unser Spa und machen Sie Ihren Kopf frei mit dieser Massage, um sich zu entspannen und M\u00fcdigkeit, die durch mentalen Stress verursacht wird, zu beseitigen.<\/p>\n","protected":false},"excerpt":{"rendered":"<p>Wer m\u00f6chte nicht in einem Spa verw\u00f6hnt werden, wo die Masseurin Druck auf die spezifischen Reflexpunkte am Fu\u00df aus\u00fcbt! Ob eine Fu\u00dfmassage zu Hause oder eine Behandlung durch einen Experten, eine Fu\u00dfmassage ist sicherlich eine lohnenswerte Massage, die sich positiv auf unseren gesamten K\u00f6rper auswirkt. Die F\u00fc\u00dfe sind oft der am meisten vernachl\u00e4ssigte oder ignorierte [&hellip;]<\/p>\n","protected":false},"author":55,"featured_media":0,"parent":1069,"menu_order":6,"comment_status":"closed","ping_status":"closed","template":"","meta":{"footnotes":""},"categories":[],"class_list":["post-1262","page","type-page","status-publish","hentry"],"acf":[],"yoast_head":"<!-- This site is optimized with the Yoast SEO plugin v26.9 - https:\/\/yoast.com\/product\/yoast-seo-wordpress\/ -->\n<title>Fu\u00df- und Kopfmassage - Avista Hideaway Phuket Patong<\/title>\n<meta name=\"robots\" content=\"index, follow, max-snippet:-1, max-image-preview:large, max-video-preview:-1\" \/>\n<link rel=\"canonical\" href=\"https:\/\/www.avistahideawayphuketresort.com\/de\/phuket-spa-wellness\/aqua-spa-in-phuket\/aqua-spa-menu\/foot-massage-facial\/\" \/>\n<meta property=\"og:locale\" content=\"de_DE\" \/>\n<meta property=\"og:type\" content=\"article\" \/>\n<meta property=\"og:title\" content=\"Fu\u00df- und Kopfmassage - Avista Hideaway Phuket Patong\" \/>\n<meta property=\"og:description\" content=\"Wer m\u00f6chte nicht in einem Spa verw\u00f6hnt werden, wo die Masseurin Druck auf die spezifischen Reflexpunkte am Fu\u00df aus\u00fcbt! Ob eine Fu\u00dfmassage zu Hause oder eine Behandlung durch einen Experten, eine Fu\u00dfmassage ist sicherlich eine lohnenswerte Massage, die sich positiv auf unseren gesamten K\u00f6rper auswirkt. Die F\u00fc\u00dfe sind oft der am meisten vernachl\u00e4ssigte oder ignorierte [&hellip;]\" \/>\n<meta property=\"og:url\" content=\"https:\/\/www.avistahideawayphuketresort.com\/de\/phuket-spa-wellness\/aqua-spa-in-phuket\/aqua-spa-menu\/foot-massage-facial\/\" \/>\n<meta property=\"og:site_name\" content=\"Avista Hideaway Phuket Patong\" \/>\n<meta property=\"article:modified_time\" content=\"2023-07-04T08:19:57+00:00\" \/>\n<meta name=\"twitter:card\" content=\"summary_large_image\" \/>\n<meta name=\"twitter:label1\" content=\"Gesch\u00e4tzte Lesezeit\" \/>\n\t<meta name=\"twitter:data1\" content=\"1 Minute\" \/>\n<script type=\"application\/ld+json\" class=\"yoast-schema-graph\">{\"@context\":\"https:\/\/schema.org\",\"@graph\":[{\"@type\":\"WebPage\",\"@id\":\"https:\/\/www.avistahideawayphuketresort.com\/de\/phuket-spa-wellness\/aqua-spa-in-phuket\/aqua-spa-menu\/foot-massage-facial\/\",\"url\":\"https:\/\/www.avistahideawayphuketresort.com\/de\/phuket-spa-wellness\/aqua-spa-in-phuket\/aqua-spa-menu\/foot-massage-facial\/\",\"name\":\"Fu\u00df- und Kopfmassage - Avista Hideaway Phuket Patong\",\"isPartOf\":{\"@id\":\"https:\/\/www.avistahideawayphuketresort.com\/#website\"},\"datePublished\":\"2023-05-02T09:45:49+00:00\",\"dateModified\":\"2023-07-04T08:19:57+00:00\",\"breadcrumb\":{\"@id\":\"https:\/\/www.avistahideawayphuketresort.com\/de\/phuket-spa-wellness\/aqua-spa-in-phuket\/aqua-spa-menu\/foot-massage-facial\/#breadcrumb\"},\"inLanguage\":\"de-DE\",\"potentialAction\":[{\"@type\":\"ReadAction\",\"target\":[\"https:\/\/www.avistahideawayphuketresort.com\/de\/phuket-spa-wellness\/aqua-spa-in-phuket\/aqua-spa-menu\/foot-massage-facial\/\"]}]},{\"@type\":\"BreadcrumbList\",\"@id\":\"https:\/\/www.avistahideawayphuketresort.com\/de\/phuket-spa-wellness\/aqua-spa-in-phuket\/aqua-spa-menu\/foot-massage-facial\/#breadcrumb\",\"itemListElement\":[{\"@type\":\"ListItem\",\"position\":1,\"name\":\"Home\",\"item\":\"https:\/\/www.avistahideawayphuketresort.com\/de\/\"},{\"@type\":\"ListItem\",\"position\":2,\"name\":\"Spa &#038; Wellness\",\"item\":\"https:\/\/www.avistahideawayphuketresort.com\/de\/phuket-spa-wellness\/\"},{\"@type\":\"ListItem\",\"position\":3,\"name\":\"Aqua Spa\",\"item\":\"https:\/\/www.avistahideawayphuketresort.com\/de\/phuket-spa-wellness\/aqua-spa-in-phuket\/\"},{\"@type\":\"ListItem\",\"position\":4,\"name\":\"Aqua Spa Men\u00fc\",\"item\":\"https:\/\/www.avistahideawayphuketresort.com\/de\/phuket-spa-wellness\/aqua-spa-in-phuket\/aqua-spa-menu\/\"},{\"@type\":\"ListItem\",\"position\":5,\"name\":\"Fu\u00df- und Kopfmassage\"}]},{\"@type\":\"WebSite\",\"@id\":\"https:\/\/www.avistahideawayphuketresort.com\/#website\",\"url\":\"https:\/\/www.avistahideawayphuketresort.com\/\",\"name\":\"Avista Hideaway Phuket Patong\",\"description\":\"\",\"potentialAction\":[{\"@type\":\"SearchAction\",\"target\":{\"@type\":\"EntryPoint\",\"urlTemplate\":\"https:\/\/www.avistahideawayphuketresort.com\/?s={search_term_string}\"},\"query-input\":{\"@type\":\"PropertyValueSpecification\",\"valueRequired\":true,\"valueName\":\"search_term_string\"}}],\"inLanguage\":\"de-DE\"}]}<\/script>\n<!-- \/ Yoast SEO plugin. -->","yoast_head_json":{"title":"Fu\u00df- und Kopfmassage - Avista Hideaway Phuket Patong","robots":{"index":"index","follow":"follow","max-snippet":"max-snippet:-1","max-image-preview":"max-image-preview:large","max-video-preview":"max-video-preview:-1"},"canonical":"https:\/\/www.avistahideawayphuketresort.com\/de\/phuket-spa-wellness\/aqua-spa-in-phuket\/aqua-spa-menu\/foot-massage-facial\/","og_locale":"de_DE","og_type":"article","og_title":"Fu\u00df- und Kopfmassage - Avista Hideaway Phuket Patong","og_description":"Wer m\u00f6chte nicht in einem Spa verw\u00f6hnt werden, wo die Masseurin Druck auf die spezifischen Reflexpunkte am Fu\u00df aus\u00fcbt! Ob eine Fu\u00dfmassage zu Hause oder eine Behandlung durch einen Experten, eine Fu\u00dfmassage ist sicherlich eine lohnenswerte Massage, die sich positiv auf unseren gesamten K\u00f6rper auswirkt. Die F\u00fc\u00dfe sind oft der am meisten vernachl\u00e4ssigte oder ignorierte [&hellip;]","og_url":"https:\/\/www.avistahideawayphuketresort.com\/de\/phuket-spa-wellness\/aqua-spa-in-phuket\/aqua-spa-menu\/foot-massage-facial\/","og_site_name":"Avista Hideaway Phuket Patong","article_modified_time":"2023-07-04T08:19:57+00:00","twitter_card":"summary_large_image","twitter_misc":{"Gesch\u00e4tzte Lesezeit":"1 Minute"},"schema":{"@context":"https:\/\/schema.org","@graph":[{"@type":"WebPage","@id":"https:\/\/www.avistahideawayphuketresort.com\/de\/phuket-spa-wellness\/aqua-spa-in-phuket\/aqua-spa-menu\/foot-massage-facial\/","url":"https:\/\/www.avistahideawayphuketresort.com\/de\/phuket-spa-wellness\/aqua-spa-in-phuket\/aqua-spa-menu\/foot-massage-facial\/","name":"Fu\u00df- und Kopfmassage - Avista Hideaway Phuket Patong","isPartOf":{"@id":"https:\/\/www.avistahideawayphuketresort.com\/#website"},"datePublished":"2023-05-02T09:45:49+00:00","dateModified":"2023-07-04T08:19:57+00:00","breadcrumb":{"@id":"https:\/\/www.avistahideawayphuketresort.com\/de\/phuket-spa-wellness\/aqua-spa-in-phuket\/aqua-spa-menu\/foot-massage-facial\/#breadcrumb"},"inLanguage":"de-DE","potentialAction":[{"@type":"ReadAction","target":["https:\/\/www.avistahideawayphuketresort.com\/de\/phuket-spa-wellness\/aqua-spa-in-phuket\/aqua-spa-menu\/foot-massage-facial\/"]}]},{"@type":"BreadcrumbList","@id":"https:\/\/www.avistahideawayphuketresort.com\/de\/phuket-spa-wellness\/aqua-spa-in-phuket\/aqua-spa-menu\/foot-massage-facial\/#breadcrumb","itemListElement":[{"@type":"ListItem","position":1,"name":"Home","item":"https:\/\/www.avistahideawayphuketresort.com\/de\/"},{"@type":"ListItem","position":2,"name":"Spa &#038; Wellness","item":"https:\/\/www.avistahideawayphuketresort.com\/de\/phuket-spa-wellness\/"},{"@type":"ListItem","position":3,"name":"Aqua Spa","item":"https:\/\/www.avistahideawayphuketresort.com\/de\/phuket-spa-wellness\/aqua-spa-in-phuket\/"},{"@type":"ListItem","position":4,"name":"Aqua Spa Men\u00fc","item":"https:\/\/www.avistahideawayphuketresort.com\/de\/phuket-spa-wellness\/aqua-spa-in-phuket\/aqua-spa-menu\/"},{"@type":"ListItem","position":5,"name":"Fu\u00df- und Kopfmassage"}]},{"@type":"WebSite","@id":"https:\/\/www.avistahideawayphuketresort.com\/#website","url":"https:\/\/www.avistahideawayphuketresort.com\/","name":"Avista Hideaway Phuket Patong","description":"","potentialAction":[{"@type":"SearchAction","target":{"@type":"EntryPoint","urlTemplate":"https:\/\/www.avistahideawayphuketresort.com\/?s={search_term_string}"},"query-input":{"@type":"PropertyValueSpecification","valueRequired":true,"valueName":"search_term_string"}}],"inLanguage":"de-DE"}]}},"_links":{"self":[{"href":"https:\/\/www.avistahideawayphuketresort.com\/de\/wp-json\/wp\/v2\/pages\/1262","targetHints":{"allow":["GET"]}}],"collection":[{"href":"https:\/\/www.avistahideawayphuketresort.com\/de\/wp-json\/wp\/v2\/pages"}],"about":[{"href":"https:\/\/www.avistahideawayphuketresort.com\/de\/wp-json\/wp\/v2\/types\/page"}],"author":[{"embeddable":true,"href":"https:\/\/www.avistahideawayphuketresort.com\/de\/wp-json\/wp\/v2\/users\/55"}],"replies":[{"embeddable":true,"href":"https:\/\/www.avistahideawayphuketresort.com\/de\/wp-json\/wp\/v2\/comments?post=1262"}],"version-history":[{"count":0,"href":"https:\/\/www.avistahideawayphuketresort.com\/de\/wp-json\/wp\/v2\/pages\/1262\/revisions"}],"up":[{"embeddable":true,"href":"https:\/\/www.avistahideawayphuketresort.com\/de\/wp-json\/wp\/v2\/pages\/1069"}],"wp:attachment":[{"href":"https:\/\/www.avistahideawayphuketresort.com\/de\/wp-json\/wp\/v2\/media?parent=1262"}],"wp:term":[{"taxonomy":"category","embeddable":true,"href":"https:\/\/www.avistahideawayphuketresort.com\/de\/wp-json\/wp\/v2\/categories?post=1262"}],"curies":[{"name":"wp","href":"https:\/\/api.w.org\/{rel}","templated":true}]}}