{"id":1298,"date":"2023-05-02T07:16:47","date_gmt":"2023-05-02T07:16:47","guid":{"rendered":"https:\/\/www.avistahideawayphuketresort.com\/phuket-spa-wellness\/gym-patong-phuket-sculpt-fitness-center\/"},"modified":"2023-07-11T05:04:27","modified_gmt":"2023-07-11T05:04:27","slug":"gym-patong-phuket-sculpt-fitness-center","status":"publish","type":"page","link":"https:\/\/www.avistahideawayphuketresort.com\/de\/phuket-spa-wellness\/gym-patong-phuket-sculpt-fitness-center\/","title":{"rendered":"Sculpt Fitness Center"},"content":{"rendered":"<p><span style=\"font-weight: 400;\">Trainieren Sie in diesem Fitnessstudio in Patong mit Blick auf den Tropical Pool im Vordergrund und den Dschungel von Phuket dahinter. Das Fitnesscenter bietet Ihnen die M\u00f6glichkeit, Ihr Trainingsprogramm auch im Urlaub fortzusetzen, und das in einer anregenden Umgebung. F\u00fcr ein au\u00dfergew\u00f6hnliches Wellness-Erlebnis k\u00f6nnen Sie an Fitnessger\u00e4ten der neuesten Generation Ihre Muskeln und Ihr Herz in Schwung bringen, bevor Sie im <\/span><a href=\"https:\/\/www.avistahideawayphuketresort.com\/phuket-spa-wellness\/aqua-spa-in-phuket\/\"><b>Aqua Spa<\/b><\/a><span style=\"font-weight: 400;\"> entspannen oder sich in einem der drei <\/span><a href=\"https:\/\/www.avistahideawayphuketresort.com\/de\/phuket-spa-wellness\/swimming-pools\/\"><b>Swimmingpools<\/b><\/a><span style=\"font-weight: 400;\"> des Resorts abk\u00fchlen.<\/span><br \/>\n<span style=\"font-weight: 400;\">F\u00fchlen Sie sich abenteuerlustig? Entfesseln Sie sich inmitten der Natur und probieren Sie den <\/span><a href=\"https:\/\/www.avistahideawayphuketresort.com\/wp-content\/uploads\/sites\/89\/2019\/09\/Avista-Hideaway-UnbeatenPath.pdf\"><b><i>Unbeaten Path<\/i><\/b><\/a><br \/>\nSehen Sie sich unsere Zimmer und Suiten an und planen Sie Ihren n\u00e4chsten Urlaub noch heute!<\/p>\n","protected":false},"excerpt":{"rendered":"<p>Trainieren Sie in diesem Fitnessstudio in Patong mit Blick auf den Tropical Pool im Vordergrund und den Dschungel von Phuket dahinter. Das Fitnesscenter bietet Ihnen die M\u00f6glichkeit, Ihr Trainingsprogramm auch im Urlaub fortzusetzen, und das in einer anregenden Umgebung. F\u00fcr ein au\u00dfergew\u00f6hnliches Wellness-Erlebnis k\u00f6nnen Sie an Fitnessger\u00e4ten der neuesten Generation Ihre Muskeln und Ihr Herz [&hellip;]<\/p>\n","protected":false},"author":55,"featured_media":0,"parent":1045,"menu_order":3,"comment_status":"closed","ping_status":"closed","template":"template-spa.php","meta":{"footnotes":""},"categories":[],"class_list":["post-1298","page","type-page","status-publish","hentry"],"acf":[],"yoast_head":"<!-- This site is optimized with the Yoast SEO plugin v26.9 - https:\/\/yoast.com\/product\/yoast-seo-wordpress\/ -->\n<title>Gym In Patong | Sculpt Fitness Center | Avista Hideaway Phuket Patong<\/title>\n<meta name=\"description\" content=\"Work out with views of Phuket&#039;s lush vegetation at Sculpt Fitness Center, equipped with cutting-edge fitness machines, the best gym in Patong.\" \/>\n<meta name=\"robots\" content=\"index, follow, max-snippet:-1, max-image-preview:large, max-video-preview:-1\" \/>\n<link rel=\"canonical\" href=\"https:\/\/www.avistahideawayphuketresort.com\/de\/phuket-spa-wellness\/gym-patong-phuket-sculpt-fitness-center\/\" \/>\n<meta property=\"og:locale\" content=\"de_DE\" \/>\n<meta property=\"og:type\" content=\"article\" \/>\n<meta property=\"og:title\" content=\"Gym In Patong | Sculpt Fitness Center | Avista Hideaway Phuket Patong\" \/>\n<meta property=\"og:description\" content=\"Work out with views of Phuket&#039;s lush vegetation at Sculpt Fitness Center, equipped with cutting-edge fitness machines, the best gym in Patong.\" \/>\n<meta property=\"og:url\" content=\"https:\/\/www.avistahideawayphuketresort.com\/de\/phuket-spa-wellness\/gym-patong-phuket-sculpt-fitness-center\/\" \/>\n<meta property=\"og:site_name\" content=\"Avista Hideaway Phuket Patong\" \/>\n<meta property=\"article:modified_time\" content=\"2023-07-11T05:04:27+00:00\" \/>\n<meta name=\"twitter:card\" content=\"summary_large_image\" \/>\n<meta name=\"twitter:label1\" content=\"Gesch\u00e4tzte Lesezeit\" \/>\n\t<meta name=\"twitter:data1\" content=\"1 Minute\" \/>\n<script type=\"application\/ld+json\" class=\"yoast-schema-graph\">{\"@context\":\"https:\/\/schema.org\",\"@graph\":[{\"@type\":\"WebPage\",\"@id\":\"https:\/\/www.avistahideawayphuketresort.com\/de\/phuket-spa-wellness\/gym-patong-phuket-sculpt-fitness-center\/\",\"url\":\"https:\/\/www.avistahideawayphuketresort.com\/de\/phuket-spa-wellness\/gym-patong-phuket-sculpt-fitness-center\/\",\"name\":\"Gym In Patong | Sculpt Fitness Center | Avista Hideaway Phuket Patong\",\"isPartOf\":{\"@id\":\"https:\/\/www.avistahideawayphuketresort.com\/#website\"},\"datePublished\":\"2023-05-02T07:16:47+00:00\",\"dateModified\":\"2023-07-11T05:04:27+00:00\",\"description\":\"Work out with views of Phuket's lush vegetation at Sculpt Fitness Center, equipped with cutting-edge fitness machines, the best gym in Patong.\",\"breadcrumb\":{\"@id\":\"https:\/\/www.avistahideawayphuketresort.com\/de\/phuket-spa-wellness\/gym-patong-phuket-sculpt-fitness-center\/#breadcrumb\"},\"inLanguage\":\"de-DE\",\"potentialAction\":[{\"@type\":\"ReadAction\",\"target\":[\"https:\/\/www.avistahideawayphuketresort.com\/de\/phuket-spa-wellness\/gym-patong-phuket-sculpt-fitness-center\/\"]}]},{\"@type\":\"BreadcrumbList\",\"@id\":\"https:\/\/www.avistahideawayphuketresort.com\/de\/phuket-spa-wellness\/gym-patong-phuket-sculpt-fitness-center\/#breadcrumb\",\"itemListElement\":[{\"@type\":\"ListItem\",\"position\":1,\"name\":\"Home\",\"item\":\"https:\/\/www.avistahideawayphuketresort.com\/de\/\"},{\"@type\":\"ListItem\",\"position\":2,\"name\":\"Spa &#038; Wellness\",\"item\":\"https:\/\/www.avistahideawayphuketresort.com\/de\/phuket-spa-wellness\/\"},{\"@type\":\"ListItem\",\"position\":3,\"name\":\"Sculpt Fitness Center\"}]},{\"@type\":\"WebSite\",\"@id\":\"https:\/\/www.avistahideawayphuketresort.com\/#website\",\"url\":\"https:\/\/www.avistahideawayphuketresort.com\/\",\"name\":\"Avista Hideaway Phuket Patong\",\"description\":\"\",\"potentialAction\":[{\"@type\":\"SearchAction\",\"target\":{\"@type\":\"EntryPoint\",\"urlTemplate\":\"https:\/\/www.avistahideawayphuketresort.com\/?s={search_term_string}\"},\"query-input\":{\"@type\":\"PropertyValueSpecification\",\"valueRequired\":true,\"valueName\":\"search_term_string\"}}],\"inLanguage\":\"de-DE\"}]}<\/script>\n<!-- \/ Yoast SEO plugin. -->","yoast_head_json":{"title":"Gym In Patong | Sculpt Fitness Center | Avista Hideaway Phuket Patong","description":"Work out with views of Phuket's lush vegetation at Sculpt Fitness Center, equipped with cutting-edge fitness machines, the best gym in Patong.","robots":{"index":"index","follow":"follow","max-snippet":"max-snippet:-1","max-image-preview":"max-image-preview:large","max-video-preview":"max-video-preview:-1"},"canonical":"https:\/\/www.avistahideawayphuketresort.com\/de\/phuket-spa-wellness\/gym-patong-phuket-sculpt-fitness-center\/","og_locale":"de_DE","og_type":"article","og_title":"Gym In Patong | Sculpt Fitness Center | Avista Hideaway Phuket Patong","og_description":"Work out with views of Phuket's lush vegetation at Sculpt Fitness Center, equipped with cutting-edge fitness machines, the best gym in Patong.","og_url":"https:\/\/www.avistahideawayphuketresort.com\/de\/phuket-spa-wellness\/gym-patong-phuket-sculpt-fitness-center\/","og_site_name":"Avista Hideaway Phuket Patong","article_modified_time":"2023-07-11T05:04:27+00:00","twitter_card":"summary_large_image","twitter_misc":{"Gesch\u00e4tzte Lesezeit":"1 Minute"},"schema":{"@context":"https:\/\/schema.org","@graph":[{"@type":"WebPage","@id":"https:\/\/www.avistahideawayphuketresort.com\/de\/phuket-spa-wellness\/gym-patong-phuket-sculpt-fitness-center\/","url":"https:\/\/www.avistahideawayphuketresort.com\/de\/phuket-spa-wellness\/gym-patong-phuket-sculpt-fitness-center\/","name":"Gym In Patong | Sculpt Fitness Center | Avista Hideaway Phuket Patong","isPartOf":{"@id":"https:\/\/www.avistahideawayphuketresort.com\/#website"},"datePublished":"2023-05-02T07:16:47+00:00","dateModified":"2023-07-11T05:04:27+00:00","description":"Work out with views of Phuket's lush vegetation at Sculpt Fitness Center, equipped with cutting-edge fitness machines, the best gym in Patong.","breadcrumb":{"@id":"https:\/\/www.avistahideawayphuketresort.com\/de\/phuket-spa-wellness\/gym-patong-phuket-sculpt-fitness-center\/#breadcrumb"},"inLanguage":"de-DE","potentialAction":[{"@type":"ReadAction","target":["https:\/\/www.avistahideawayphuketresort.com\/de\/phuket-spa-wellness\/gym-patong-phuket-sculpt-fitness-center\/"]}]},{"@type":"BreadcrumbList","@id":"https:\/\/www.avistahideawayphuketresort.com\/de\/phuket-spa-wellness\/gym-patong-phuket-sculpt-fitness-center\/#breadcrumb","itemListElement":[{"@type":"ListItem","position":1,"name":"Home","item":"https:\/\/www.avistahideawayphuketresort.com\/de\/"},{"@type":"ListItem","position":2,"name":"Spa &#038; Wellness","item":"https:\/\/www.avistahideawayphuketresort.com\/de\/phuket-spa-wellness\/"},{"@type":"ListItem","position":3,"name":"Sculpt Fitness Center"}]},{"@type":"WebSite","@id":"https:\/\/www.avistahideawayphuketresort.com\/#website","url":"https:\/\/www.avistahideawayphuketresort.com\/","name":"Avista Hideaway Phuket Patong","description":"","potentialAction":[{"@type":"SearchAction","target":{"@type":"EntryPoint","urlTemplate":"https:\/\/www.avistahideawayphuketresort.com\/?s={search_term_string}"},"query-input":{"@type":"PropertyValueSpecification","valueRequired":true,"valueName":"search_term_string"}}],"inLanguage":"de-DE"}]}},"_links":{"self":[{"href":"https:\/\/www.avistahideawayphuketresort.com\/de\/wp-json\/wp\/v2\/pages\/1298","targetHints":{"allow":["GET"]}}],"collection":[{"href":"https:\/\/www.avistahideawayphuketresort.com\/de\/wp-json\/wp\/v2\/pages"}],"about":[{"href":"https:\/\/www.avistahideawayphuketresort.com\/de\/wp-json\/wp\/v2\/types\/page"}],"author":[{"embeddable":true,"href":"https:\/\/www.avistahideawayphuketresort.com\/de\/wp-json\/wp\/v2\/users\/55"}],"replies":[{"embeddable":true,"href":"https:\/\/www.avistahideawayphuketresort.com\/de\/wp-json\/wp\/v2\/comments?post=1298"}],"version-history":[{"count":0,"href":"https:\/\/www.avistahideawayphuketresort.com\/de\/wp-json\/wp\/v2\/pages\/1298\/revisions"}],"up":[{"embeddable":true,"href":"https:\/\/www.avistahideawayphuketresort.com\/de\/wp-json\/wp\/v2\/pages\/1045"}],"wp:attachment":[{"href":"https:\/\/www.avistahideawayphuketresort.com\/de\/wp-json\/wp\/v2\/media?parent=1298"}],"wp:term":[{"taxonomy":"category","embeddable":true,"href":"https:\/\/www.avistahideawayphuketresort.com\/de\/wp-json\/wp\/v2\/categories?post=1298"}],"curies":[{"name":"wp","href":"https:\/\/api.w.org\/{rel}","templated":true}]}}