{"id":1314,"date":"2023-05-02T07:28:54","date_gmt":"2023-05-02T07:28:54","guid":{"rendered":"https:\/\/www.avistahideawayphuketresort.com\/phuket-spa-wellness\/swimming-pools\/main-pool\/"},"modified":"2023-07-11T05:09:05","modified_gmt":"2023-07-11T05:09:05","slug":"main-pool","status":"publish","type":"page","link":"https:\/\/www.avistahideawayphuketresort.com\/de\/phuket-spa-wellness\/swimming-pools\/main-pool\/","title":{"rendered":"Hauptpool"},"content":{"rendered":"<p style=\"text-align: center;\"><span style=\"font-weight: 400;\">Der Tropical Pool ist ein einzigartiger <\/span><b>Infinity-Pool in Phuket<\/b><span style=\"font-weight: 400;\">, der auf der einen Seite die gr\u00fcnen H\u00fcgel und auf der anderen die Andamanensee \u00fcberblickt. Nur hier l\u00e4dt eine riesige Fl\u00e4che aus Jadeblau zu einem erfrischenden Bad ein.<\/span><br \/>\n<span style=\"font-weight: 400;\">Auf der Terrasse dar\u00fcber befindet sich der <\/span><a href=\"https:\/\/www.avistahideawayphuketresort.com\/de\/phuket-spa-wellness\/swimming-pools\/riverside-pool\/\"><b>Riverside Pool<\/b><\/a><span style=\"font-weight: 400;\"> mit einem unendlichen Rand am tiefen Ende. Auf seiner gl\u00e4sernen Oberfl\u00e4che spiegeln sich tags\u00fcber die Farben des Himmels wider, w\u00e4hrend das Marmor-Interieur nachts in einem faszinierenden magentablauen Farbton erstrahlt. Sie k\u00f6nnen sich mit Poolspielen vergn\u00fcgen, w\u00e4hrend sich die Kinder im angrenzenden Kinderbecken vergn\u00fcgen. Sie k\u00f6nnen auch die Sonne und die Aussicht in den bequemen Liegen genie\u00dfen, w\u00e4hrend Sie ein Buch, einen Drink oder Musik h\u00f6ren.<\/span><br \/>\n<span style=\"font-weight: 400;\">Damit Sie die Sonne Phukets so richtig genie\u00dfen k\u00f6nnen, haben wir eine <\/span><a href=\"https:\/\/www.avistahideawayphuketresort.com\/de\/best-restaurants-in-phuket-patong\/chiva-pool-bar\/\"><b>Poolside Bar<\/b><\/a><span style=\"font-weight: 400;\"> eingerichtet, die f\u00fcr jede Menge Spa\u00df sorgt. Lassen Sie sich von unseren Barkeepern an der <\/span><a href=\"https:\/\/www.avistahideawayphuketresort.com\/de\/best-restaurants-in-phuket-patong\/chiva-pool-bar\/\"><span style=\"font-weight: 400;\">Chiva Pool Bar<\/span><\/a><span style=\"font-weight: 400;\"> das ideale Gebr\u00e4u nach Lust und Laune zubereiten und toben Sie sich aus, wenn Sie m\u00f6chten!<\/span><br \/>\n<span style=\"font-weight: 400;\">Genie\u00dfen Sie den Tag und faulenzen Sie an unserem einzigartigen Infinity-Pool in Phuket oder lassen Sie sich an unserem <\/span><a href=\"https:\/\/www.avistahideawayphuketresort.com\/de\/phuket-spa-wellness\/swimming-pools\/hillside-pool\/\"><b>Hillside-Pool<\/b><\/a><span style=\"font-weight: 400;\"> treiben.<\/span><br \/>\n<span style=\"font-weight: 400;\">Sehen Sie sich unsere <\/span><a href=\"https:\/\/www.avistahideawayphuketresort.com\/de\/accommodations-in-phuket-luxury\/\"><b>Zimmer und Suiten<\/b><\/a><span style=\"font-weight: 400;\"> an und planen Sie Ihren n\u00e4chsten Urlaub noch heute!<\/span><\/p>\n","protected":false},"excerpt":{"rendered":"<p>Der Tropical Pool ist ein einzigartiger Infinity-Pool in Phuket, der auf der einen Seite die gr\u00fcnen H\u00fcgel und auf der anderen die Andamanensee \u00fcberblickt. Nur hier l\u00e4dt eine riesige Fl\u00e4che aus Jadeblau zu einem erfrischenden Bad ein. Auf der Terrasse dar\u00fcber befindet sich der Riverside Pool mit einem unendlichen Rand am tiefen Ende. Auf seiner [&hellip;]<\/p>\n","protected":false},"author":55,"featured_media":0,"parent":1312,"menu_order":1,"comment_status":"closed","ping_status":"closed","template":"","meta":{"footnotes":""},"categories":[],"class_list":["post-1314","page","type-page","status-publish","hentry"],"acf":[],"yoast_head":"<!-- This site is optimized with the Yoast SEO plugin v26.9 - https:\/\/yoast.com\/product\/yoast-seo-wordpress\/ -->\n<title>Infinity Pool In Phuket - The Main Pool at Avista Hideaway Phuket Patong<\/title>\n<meta name=\"description\" content=\"The main pool at Avista Hideaway sits among breathtaking views and is the best infinity pool in Phuket. Enjoy three pools in three different settings.\" \/>\n<meta name=\"robots\" content=\"index, follow, max-snippet:-1, max-image-preview:large, max-video-preview:-1\" \/>\n<link rel=\"canonical\" href=\"https:\/\/www.avistahideawayphuketresort.com\/de\/phuket-spa-wellness\/swimming-pools\/main-pool\/\" \/>\n<meta property=\"og:locale\" content=\"de_DE\" \/>\n<meta property=\"og:type\" content=\"article\" \/>\n<meta property=\"og:title\" content=\"Infinity Pool In Phuket - The Main Pool at Avista Hideaway Phuket Patong\" \/>\n<meta property=\"og:description\" content=\"The main pool at Avista Hideaway sits among breathtaking views and is the best infinity pool in Phuket. Enjoy three pools in three different settings.\" \/>\n<meta property=\"og:url\" content=\"https:\/\/www.avistahideawayphuketresort.com\/de\/phuket-spa-wellness\/swimming-pools\/main-pool\/\" \/>\n<meta property=\"og:site_name\" content=\"Avista Hideaway Phuket Patong\" \/>\n<meta property=\"article:modified_time\" content=\"2023-07-11T05:09:05+00:00\" \/>\n<meta name=\"twitter:card\" content=\"summary_large_image\" \/>\n<meta name=\"twitter:label1\" content=\"Gesch\u00e4tzte Lesezeit\" \/>\n\t<meta name=\"twitter:data1\" content=\"1 Minute\" \/>\n<script type=\"application\/ld+json\" class=\"yoast-schema-graph\">{\"@context\":\"https:\/\/schema.org\",\"@graph\":[{\"@type\":\"WebPage\",\"@id\":\"https:\/\/www.avistahideawayphuketresort.com\/de\/phuket-spa-wellness\/swimming-pools\/main-pool\/\",\"url\":\"https:\/\/www.avistahideawayphuketresort.com\/de\/phuket-spa-wellness\/swimming-pools\/main-pool\/\",\"name\":\"Infinity Pool In Phuket - The Main Pool at Avista Hideaway Phuket Patong\",\"isPartOf\":{\"@id\":\"https:\/\/www.avistahideawayphuketresort.com\/#website\"},\"datePublished\":\"2023-05-02T07:28:54+00:00\",\"dateModified\":\"2023-07-11T05:09:05+00:00\",\"description\":\"The main pool at Avista Hideaway sits among breathtaking views and is the best infinity pool in Phuket. Enjoy three pools in three different settings.\",\"breadcrumb\":{\"@id\":\"https:\/\/www.avistahideawayphuketresort.com\/de\/phuket-spa-wellness\/swimming-pools\/main-pool\/#breadcrumb\"},\"inLanguage\":\"de-DE\",\"potentialAction\":[{\"@type\":\"ReadAction\",\"target\":[\"https:\/\/www.avistahideawayphuketresort.com\/de\/phuket-spa-wellness\/swimming-pools\/main-pool\/\"]}]},{\"@type\":\"BreadcrumbList\",\"@id\":\"https:\/\/www.avistahideawayphuketresort.com\/de\/phuket-spa-wellness\/swimming-pools\/main-pool\/#breadcrumb\",\"itemListElement\":[{\"@type\":\"ListItem\",\"position\":1,\"name\":\"Home\",\"item\":\"https:\/\/www.avistahideawayphuketresort.com\/de\/\"},{\"@type\":\"ListItem\",\"position\":2,\"name\":\"Spa &#038; Wellness\",\"item\":\"https:\/\/www.avistahideawayphuketresort.com\/de\/phuket-spa-wellness\/\"},{\"@type\":\"ListItem\",\"position\":3,\"name\":\"Drei Schwimmb\u00e4der\",\"item\":\"https:\/\/www.avistahideawayphuketresort.com\/de\/phuket-spa-wellness\/swimming-pools\/\"},{\"@type\":\"ListItem\",\"position\":4,\"name\":\"Hauptpool\"}]},{\"@type\":\"WebSite\",\"@id\":\"https:\/\/www.avistahideawayphuketresort.com\/#website\",\"url\":\"https:\/\/www.avistahideawayphuketresort.com\/\",\"name\":\"Avista Hideaway Phuket Patong\",\"description\":\"\",\"potentialAction\":[{\"@type\":\"SearchAction\",\"target\":{\"@type\":\"EntryPoint\",\"urlTemplate\":\"https:\/\/www.avistahideawayphuketresort.com\/?s={search_term_string}\"},\"query-input\":{\"@type\":\"PropertyValueSpecification\",\"valueRequired\":true,\"valueName\":\"search_term_string\"}}],\"inLanguage\":\"de-DE\"}]}<\/script>\n<!-- \/ Yoast SEO plugin. -->","yoast_head_json":{"title":"Infinity Pool In Phuket - The Main Pool at Avista Hideaway Phuket Patong","description":"The main pool at Avista Hideaway sits among breathtaking views and is the best infinity pool in Phuket. Enjoy three pools in three different settings.","robots":{"index":"index","follow":"follow","max-snippet":"max-snippet:-1","max-image-preview":"max-image-preview:large","max-video-preview":"max-video-preview:-1"},"canonical":"https:\/\/www.avistahideawayphuketresort.com\/de\/phuket-spa-wellness\/swimming-pools\/main-pool\/","og_locale":"de_DE","og_type":"article","og_title":"Infinity Pool In Phuket - The Main Pool at Avista Hideaway Phuket Patong","og_description":"The main pool at Avista Hideaway sits among breathtaking views and is the best infinity pool in Phuket. Enjoy three pools in three different settings.","og_url":"https:\/\/www.avistahideawayphuketresort.com\/de\/phuket-spa-wellness\/swimming-pools\/main-pool\/","og_site_name":"Avista Hideaway Phuket Patong","article_modified_time":"2023-07-11T05:09:05+00:00","twitter_card":"summary_large_image","twitter_misc":{"Gesch\u00e4tzte Lesezeit":"1 Minute"},"schema":{"@context":"https:\/\/schema.org","@graph":[{"@type":"WebPage","@id":"https:\/\/www.avistahideawayphuketresort.com\/de\/phuket-spa-wellness\/swimming-pools\/main-pool\/","url":"https:\/\/www.avistahideawayphuketresort.com\/de\/phuket-spa-wellness\/swimming-pools\/main-pool\/","name":"Infinity Pool In Phuket - The Main Pool at Avista Hideaway Phuket Patong","isPartOf":{"@id":"https:\/\/www.avistahideawayphuketresort.com\/#website"},"datePublished":"2023-05-02T07:28:54+00:00","dateModified":"2023-07-11T05:09:05+00:00","description":"The main pool at Avista Hideaway sits among breathtaking views and is the best infinity pool in Phuket. Enjoy three pools in three different settings.","breadcrumb":{"@id":"https:\/\/www.avistahideawayphuketresort.com\/de\/phuket-spa-wellness\/swimming-pools\/main-pool\/#breadcrumb"},"inLanguage":"de-DE","potentialAction":[{"@type":"ReadAction","target":["https:\/\/www.avistahideawayphuketresort.com\/de\/phuket-spa-wellness\/swimming-pools\/main-pool\/"]}]},{"@type":"BreadcrumbList","@id":"https:\/\/www.avistahideawayphuketresort.com\/de\/phuket-spa-wellness\/swimming-pools\/main-pool\/#breadcrumb","itemListElement":[{"@type":"ListItem","position":1,"name":"Home","item":"https:\/\/www.avistahideawayphuketresort.com\/de\/"},{"@type":"ListItem","position":2,"name":"Spa &#038; Wellness","item":"https:\/\/www.avistahideawayphuketresort.com\/de\/phuket-spa-wellness\/"},{"@type":"ListItem","position":3,"name":"Drei Schwimmb\u00e4der","item":"https:\/\/www.avistahideawayphuketresort.com\/de\/phuket-spa-wellness\/swimming-pools\/"},{"@type":"ListItem","position":4,"name":"Hauptpool"}]},{"@type":"WebSite","@id":"https:\/\/www.avistahideawayphuketresort.com\/#website","url":"https:\/\/www.avistahideawayphuketresort.com\/","name":"Avista Hideaway Phuket Patong","description":"","potentialAction":[{"@type":"SearchAction","target":{"@type":"EntryPoint","urlTemplate":"https:\/\/www.avistahideawayphuketresort.com\/?s={search_term_string}"},"query-input":{"@type":"PropertyValueSpecification","valueRequired":true,"valueName":"search_term_string"}}],"inLanguage":"de-DE"}]}},"_links":{"self":[{"href":"https:\/\/www.avistahideawayphuketresort.com\/de\/wp-json\/wp\/v2\/pages\/1314","targetHints":{"allow":["GET"]}}],"collection":[{"href":"https:\/\/www.avistahideawayphuketresort.com\/de\/wp-json\/wp\/v2\/pages"}],"about":[{"href":"https:\/\/www.avistahideawayphuketresort.com\/de\/wp-json\/wp\/v2\/types\/page"}],"author":[{"embeddable":true,"href":"https:\/\/www.avistahideawayphuketresort.com\/de\/wp-json\/wp\/v2\/users\/55"}],"replies":[{"embeddable":true,"href":"https:\/\/www.avistahideawayphuketresort.com\/de\/wp-json\/wp\/v2\/comments?post=1314"}],"version-history":[{"count":0,"href":"https:\/\/www.avistahideawayphuketresort.com\/de\/wp-json\/wp\/v2\/pages\/1314\/revisions"}],"up":[{"embeddable":true,"href":"https:\/\/www.avistahideawayphuketresort.com\/de\/wp-json\/wp\/v2\/pages\/1312"}],"wp:attachment":[{"href":"https:\/\/www.avistahideawayphuketresort.com\/de\/wp-json\/wp\/v2\/media?parent=1314"}],"wp:term":[{"taxonomy":"category","embeddable":true,"href":"https:\/\/www.avistahideawayphuketresort.com\/de\/wp-json\/wp\/v2\/categories?post=1314"}],"curies":[{"name":"wp","href":"https:\/\/api.w.org\/{rel}","templated":true}]}}