{"id":1353,"date":"2023-05-03T06:42:17","date_gmt":"2023-05-03T06:42:17","guid":{"rendered":"https:\/\/www.avistahideawayphuketresort.com\/things-to-do-phuket\/"},"modified":"2023-07-14T00:36:56","modified_gmt":"2023-07-14T00:36:56","slug":"things-to-do-phuket","status":"publish","type":"page","link":"https:\/\/www.avistahideawayphuketresort.com\/de\/things-to-do-phuket\/","title":{"rendered":"Was kann man in Phuket unternehmen?"},"content":{"rendered":"<p style=\"text-align: center;\">Phuket r\u00fchmt sich seiner herrlichen Str\u00e4nde, au\u00dfergew\u00f6hnlichen Inseln und beeindruckenden Berggipfel! Es ist nicht verwunderlich, dass Phuket jedes Jahr Millionen von Urlaubern aus verschiedenen Teilen der Welt anzieht, darunter Familien, Hochzeitsreisende und Aktivurlauber.<br \/>\n<span style=\"font-weight: 400;\">\u00a0Die gr\u00f6\u00dfte Insel Thailands hat mehr als 30 Str\u00e4nde in verschiedenen Gr\u00f6\u00dfen und Formen mit einer wundersch\u00f6nen nat\u00fcrlichen Umgebung. Patong, Kata, Karon, Kamala, Freedom und Laem Singh Beach sind einige der international bekannten wei\u00dfen <\/span><a href=\"https:\/\/www.avistahideawayphuketresort.com\/de\/what-to-do-in-phuket\/phuket-beaches\/\"><span style=\"font-weight: 400;\">Sandstr\u00e4nde in Phuket<\/span><\/a><span style=\"font-weight: 400;\">. Dank der vielen Str\u00e4nde, der unber\u00fchrten Natur, der Landschaften und der exotischen Inseln gibt es f\u00fcr Touristen <\/span><b>in Phuket <\/b><span style=\"font-weight: 400;\">so viele M\u00f6glichkeiten<\/span><b>, ihren <\/b><span style=\"font-weight: 400;\">Urlaub zu verbringen. Die Str\u00e4nde sind ein lebhaftes Zentrum der Entspannung und der Abenteueraktivit\u00e4ten, wie Beachvolleyball, Sonnenliegen, Tauchen und Schnorcheln im t\u00fcrkisfarbenen Wasser. <\/span><br \/>\nLassen Sie sich w\u00e4hrend Ihres Aufenthalts von unserem Concierge-Team f\u00fchren und helfen, all diese Orte zu entdecken und die Reise nach Ihren W\u00fcnschen zu genie\u00dfen. Unser Team kann Ausfl\u00fcge zu einigen der un\u00fcbersehbaren Sehensw\u00fcrdigkeiten in Phuket arrangieren, vom Inselh\u00fcpfen bis zu Sightseeing-Touren.<br \/>\n<span style=\"font-weight: 400;\">Vom Avista Hideaway Phuket Patong, dem <\/span><a href=\"https:\/\/www.avistahideawayphuketresort.com\/de\/\"><span style=\"font-weight: 400;\">besten 5-Sterne-Resort auf Phuket<\/span><\/a><span style=\"font-weight: 400;\">, bringt Sie unser kostenloser Shuttleservice zu den besten Sehensw\u00fcrdigkeiten in Patong, wie der Jungceylon Mall, der Soi Bangla Road und dem Patong Beach selbst. Das Nachtleben in der Soi Bangla Stra\u00dfe ist f\u00fcr Partyliebhaber mit exotischem Bier und Essen im <\/span><a href=\"https:\/\/www.avistahideawayphuketresort.com\/de\/restaurants-bars\/vista\/\"><span style=\"font-weight: 400;\">Restaurant<\/span><\/a><span style=\"font-weight: 400;\"> un\u00fcbersehbar.<\/span><br \/>\n<span style=\"font-weight: 400;\">Entdecken Sie auch die anderen Sehensw\u00fcrdigkeiten von Phuket, wie den ber\u00fchmten Big Buddha, die FantaSea-Show, die Cabaret-Show, den sch\u00f6nsten Sonnenuntergang am <\/span><a href=\"https:\/\/www.avistahideawayphuketresort.com\/de\/what-to-do-in-phuket\/visit-phuket\/promthep-cape\/\"><span style=\"font-weight: 400;\">Promthep Cape<\/span><\/a><span style=\"font-weight: 400;\"> und vieles mehr. Unser Team organisiert auch einen Ausflug zu den <\/span><a href=\"https:\/\/www.avistahideawayphuketresort.com\/de\/what-to-do-in-phuket\/island-hopping-tours\/koh-phi-phi-islands\/\"><span style=\"font-weight: 400;\">Koh Phi Phi Inseln<\/span><\/a><span style=\"font-weight: 400;\">, um die spektakul\u00e4re Natur zu erkunden.<\/span><br \/>\nVergessen Sie nicht, vor Ihrer Abreise in einem der Einkaufszentren und Duty-Free-L\u00e4den Souvenirs zu kaufen.<\/p>\n","protected":false},"excerpt":{"rendered":"<p>Phuket r\u00fchmt sich seiner herrlichen Str\u00e4nde, au\u00dfergew\u00f6hnlichen Inseln und beeindruckenden Berggipfel! Es ist nicht verwunderlich, dass Phuket jedes Jahr Millionen von Urlaubern aus verschiedenen Teilen der Welt anzieht, darunter Familien, Hochzeitsreisende und Aktivurlauber. \u00a0Die gr\u00f6\u00dfte Insel Thailands hat mehr als 30 Str\u00e4nde in verschiedenen Gr\u00f6\u00dfen und Formen mit einer wundersch\u00f6nen nat\u00fcrlichen Umgebung. Patong, Kata, Karon, [&hellip;]<\/p>\n","protected":false},"author":55,"featured_media":0,"parent":0,"menu_order":0,"comment_status":"closed","ping_status":"closed","template":"","meta":{"footnotes":""},"categories":[],"class_list":["post-1353","page","type-page","status-publish","hentry"],"acf":[],"yoast_head":"<!-- This site is optimized with the Yoast SEO plugin v26.9 - https:\/\/yoast.com\/product\/yoast-seo-wordpress\/ -->\n<title>Things To Do In Phuket While Staying At Avista Hideaway Phuket Patong<\/title>\n<meta name=\"description\" content=\"Discover many things to do in Phuket with our guide of activities, beaches &amp; outstanding places to visit during your stay at Avista Hideaway Phuket Patong.\" \/>\n<meta name=\"robots\" content=\"index, follow, max-snippet:-1, max-image-preview:large, max-video-preview:-1\" \/>\n<link rel=\"canonical\" href=\"https:\/\/www.avistahideawayphuketresort.com\/de\/things-to-do-phuket\/\" \/>\n<meta property=\"og:locale\" content=\"de_DE\" \/>\n<meta property=\"og:type\" content=\"article\" \/>\n<meta property=\"og:title\" content=\"Things To Do In Phuket While Staying At Avista Hideaway Phuket Patong\" \/>\n<meta property=\"og:description\" content=\"Discover many things to do in Phuket with our guide of activities, beaches &amp; outstanding places to visit during your stay at Avista Hideaway Phuket Patong.\" \/>\n<meta property=\"og:url\" content=\"https:\/\/www.avistahideawayphuketresort.com\/de\/things-to-do-phuket\/\" \/>\n<meta property=\"og:site_name\" content=\"Avista Hideaway Phuket Patong\" \/>\n<meta property=\"article:modified_time\" content=\"2023-07-14T00:36:56+00:00\" \/>\n<meta name=\"twitter:card\" content=\"summary_large_image\" \/>\n<meta name=\"twitter:label1\" content=\"Gesch\u00e4tzte Lesezeit\" \/>\n\t<meta name=\"twitter:data1\" content=\"2 Minuten\" \/>\n<script type=\"application\/ld+json\" class=\"yoast-schema-graph\">{\"@context\":\"https:\/\/schema.org\",\"@graph\":[{\"@type\":\"WebPage\",\"@id\":\"https:\/\/www.avistahideawayphuketresort.com\/de\/things-to-do-phuket\/\",\"url\":\"https:\/\/www.avistahideawayphuketresort.com\/de\/things-to-do-phuket\/\",\"name\":\"Things To Do In Phuket While Staying At Avista Hideaway Phuket Patong\",\"isPartOf\":{\"@id\":\"https:\/\/www.avistahideawayphuketresort.com\/#website\"},\"datePublished\":\"2023-05-03T06:42:17+00:00\",\"dateModified\":\"2023-07-14T00:36:56+00:00\",\"description\":\"Discover many things to do in Phuket with our guide of activities, beaches & outstanding places to visit during your stay at Avista Hideaway Phuket Patong.\",\"breadcrumb\":{\"@id\":\"https:\/\/www.avistahideawayphuketresort.com\/de\/things-to-do-phuket\/#breadcrumb\"},\"inLanguage\":\"de-DE\",\"potentialAction\":[{\"@type\":\"ReadAction\",\"target\":[\"https:\/\/www.avistahideawayphuketresort.com\/de\/things-to-do-phuket\/\"]}]},{\"@type\":\"BreadcrumbList\",\"@id\":\"https:\/\/www.avistahideawayphuketresort.com\/de\/things-to-do-phuket\/#breadcrumb\",\"itemListElement\":[{\"@type\":\"ListItem\",\"position\":1,\"name\":\"Home\",\"item\":\"https:\/\/www.avistahideawayphuketresort.com\/de\/\"},{\"@type\":\"ListItem\",\"position\":2,\"name\":\"Was kann man in Phuket unternehmen?\"}]},{\"@type\":\"WebSite\",\"@id\":\"https:\/\/www.avistahideawayphuketresort.com\/#website\",\"url\":\"https:\/\/www.avistahideawayphuketresort.com\/\",\"name\":\"Avista Hideaway Phuket Patong\",\"description\":\"\",\"potentialAction\":[{\"@type\":\"SearchAction\",\"target\":{\"@type\":\"EntryPoint\",\"urlTemplate\":\"https:\/\/www.avistahideawayphuketresort.com\/?s={search_term_string}\"},\"query-input\":{\"@type\":\"PropertyValueSpecification\",\"valueRequired\":true,\"valueName\":\"search_term_string\"}}],\"inLanguage\":\"de-DE\"}]}<\/script>\n<!-- \/ Yoast SEO plugin. -->","yoast_head_json":{"title":"Things To Do In Phuket While Staying At Avista Hideaway Phuket Patong","description":"Discover many things to do in Phuket with our guide of activities, beaches & outstanding places to visit during your stay at Avista Hideaway Phuket Patong.","robots":{"index":"index","follow":"follow","max-snippet":"max-snippet:-1","max-image-preview":"max-image-preview:large","max-video-preview":"max-video-preview:-1"},"canonical":"https:\/\/www.avistahideawayphuketresort.com\/de\/things-to-do-phuket\/","og_locale":"de_DE","og_type":"article","og_title":"Things To Do In Phuket While Staying At Avista Hideaway Phuket Patong","og_description":"Discover many things to do in Phuket with our guide of activities, beaches & outstanding places to visit during your stay at Avista Hideaway Phuket Patong.","og_url":"https:\/\/www.avistahideawayphuketresort.com\/de\/things-to-do-phuket\/","og_site_name":"Avista Hideaway Phuket Patong","article_modified_time":"2023-07-14T00:36:56+00:00","twitter_card":"summary_large_image","twitter_misc":{"Gesch\u00e4tzte Lesezeit":"2 Minuten"},"schema":{"@context":"https:\/\/schema.org","@graph":[{"@type":"WebPage","@id":"https:\/\/www.avistahideawayphuketresort.com\/de\/things-to-do-phuket\/","url":"https:\/\/www.avistahideawayphuketresort.com\/de\/things-to-do-phuket\/","name":"Things To Do In Phuket While Staying At Avista Hideaway Phuket Patong","isPartOf":{"@id":"https:\/\/www.avistahideawayphuketresort.com\/#website"},"datePublished":"2023-05-03T06:42:17+00:00","dateModified":"2023-07-14T00:36:56+00:00","description":"Discover many things to do in Phuket with our guide of activities, beaches & outstanding places to visit during your stay at Avista Hideaway Phuket Patong.","breadcrumb":{"@id":"https:\/\/www.avistahideawayphuketresort.com\/de\/things-to-do-phuket\/#breadcrumb"},"inLanguage":"de-DE","potentialAction":[{"@type":"ReadAction","target":["https:\/\/www.avistahideawayphuketresort.com\/de\/things-to-do-phuket\/"]}]},{"@type":"BreadcrumbList","@id":"https:\/\/www.avistahideawayphuketresort.com\/de\/things-to-do-phuket\/#breadcrumb","itemListElement":[{"@type":"ListItem","position":1,"name":"Home","item":"https:\/\/www.avistahideawayphuketresort.com\/de\/"},{"@type":"ListItem","position":2,"name":"Was kann man in Phuket unternehmen?"}]},{"@type":"WebSite","@id":"https:\/\/www.avistahideawayphuketresort.com\/#website","url":"https:\/\/www.avistahideawayphuketresort.com\/","name":"Avista Hideaway Phuket Patong","description":"","potentialAction":[{"@type":"SearchAction","target":{"@type":"EntryPoint","urlTemplate":"https:\/\/www.avistahideawayphuketresort.com\/?s={search_term_string}"},"query-input":{"@type":"PropertyValueSpecification","valueRequired":true,"valueName":"search_term_string"}}],"inLanguage":"de-DE"}]}},"_links":{"self":[{"href":"https:\/\/www.avistahideawayphuketresort.com\/de\/wp-json\/wp\/v2\/pages\/1353","targetHints":{"allow":["GET"]}}],"collection":[{"href":"https:\/\/www.avistahideawayphuketresort.com\/de\/wp-json\/wp\/v2\/pages"}],"about":[{"href":"https:\/\/www.avistahideawayphuketresort.com\/de\/wp-json\/wp\/v2\/types\/page"}],"author":[{"embeddable":true,"href":"https:\/\/www.avistahideawayphuketresort.com\/de\/wp-json\/wp\/v2\/users\/55"}],"replies":[{"embeddable":true,"href":"https:\/\/www.avistahideawayphuketresort.com\/de\/wp-json\/wp\/v2\/comments?post=1353"}],"version-history":[{"count":0,"href":"https:\/\/www.avistahideawayphuketresort.com\/de\/wp-json\/wp\/v2\/pages\/1353\/revisions"}],"wp:attachment":[{"href":"https:\/\/www.avistahideawayphuketresort.com\/de\/wp-json\/wp\/v2\/media?parent=1353"}],"wp:term":[{"taxonomy":"category","embeddable":true,"href":"https:\/\/www.avistahideawayphuketresort.com\/de\/wp-json\/wp\/v2\/categories?post=1353"}],"curies":[{"name":"wp","href":"https:\/\/api.w.org\/{rel}","templated":true}]}}