{"id":1356,"date":"2023-05-04T06:05:47","date_gmt":"2023-05-04T06:05:47","guid":{"rendered":"https:\/\/www.avistahideawayphuketresort.com\/things-to-do-phuket\/activities-in-phuket\/"},"modified":"2023-07-06T02:17:55","modified_gmt":"2023-07-06T02:17:55","slug":"activities-in-phuket","status":"publish","type":"page","link":"https:\/\/www.avistahideawayphuketresort.com\/de\/things-to-do-phuket\/activities-in-phuket\/","title":{"rendered":"AKTIVIT\u00c4TEN in Phuket"},"content":{"rendered":"<p style=\"text-align: center;\">Phuket ist das ganze Jahr \u00fcber ein Reiseziel mit gleichm\u00e4\u00dfigem, tropischem Wetter. Aus diesem Grund gibt es in Phuket keinen Mangel an Aktivit\u00e4ten, aus denen man w\u00e4hlen kann. In Phuket vergeht die Zeit so schnell und es gibt so viel zu tun, dass es schwer f\u00e4llt, die Aktivit\u00e4ten zu planen. Unabh\u00e4ngig von Ihrem Budget, Ihrem Alter oder Ihren Vorlieben finden Sie die eine oder andere Aktivit\u00e4t, die Sie begeistern wird. Phuket bietet nicht nur die \u00fcblichen Aktivit\u00e4ten, die ein Strandurlaubsort bietet, sondern auch eine Vielzahl von Wassersportarten, Schie\u00dfsportarten, Abenteuersportarten und Rennen.<\/p>\n","protected":false},"excerpt":{"rendered":"<p>Phuket ist das ganze Jahr \u00fcber ein Reiseziel mit gleichm\u00e4\u00dfigem, tropischem Wetter. Aus diesem Grund gibt es in Phuket keinen Mangel an Aktivit\u00e4ten, aus denen man w\u00e4hlen kann. In Phuket vergeht die Zeit so schnell und es gibt so viel zu tun, dass es schwer f\u00e4llt, die Aktivit\u00e4ten zu planen. Unabh\u00e4ngig von Ihrem Budget, Ihrem [&hellip;]<\/p>\n","protected":false},"author":55,"featured_media":0,"parent":1353,"menu_order":1,"comment_status":"closed","ping_status":"closed","template":"","meta":{"footnotes":""},"categories":[],"class_list":["post-1356","page","type-page","status-publish","hentry"],"acf":[],"yoast_head":"<!-- This site is optimized with the Yoast SEO plugin v26.9 - https:\/\/yoast.com\/product\/yoast-seo-wordpress\/ -->\n<title>AKTIVIT\u00c4TEN in Phuket - Avista Hideaway Phuket Patong<\/title>\n<meta name=\"robots\" content=\"index, follow, max-snippet:-1, max-image-preview:large, max-video-preview:-1\" \/>\n<link rel=\"canonical\" href=\"https:\/\/www.avistahideawayphuketresort.com\/de\/things-to-do-phuket\/activities-in-phuket\/\" \/>\n<meta property=\"og:locale\" content=\"de_DE\" \/>\n<meta property=\"og:type\" content=\"article\" \/>\n<meta property=\"og:title\" content=\"AKTIVIT\u00c4TEN in Phuket - Avista Hideaway Phuket Patong\" \/>\n<meta property=\"og:description\" content=\"Phuket ist das ganze Jahr \u00fcber ein Reiseziel mit gleichm\u00e4\u00dfigem, tropischem Wetter. Aus diesem Grund gibt es in Phuket keinen Mangel an Aktivit\u00e4ten, aus denen man w\u00e4hlen kann. In Phuket vergeht die Zeit so schnell und es gibt so viel zu tun, dass es schwer f\u00e4llt, die Aktivit\u00e4ten zu planen. Unabh\u00e4ngig von Ihrem Budget, Ihrem [&hellip;]\" \/>\n<meta property=\"og:url\" content=\"https:\/\/www.avistahideawayphuketresort.com\/de\/things-to-do-phuket\/activities-in-phuket\/\" \/>\n<meta property=\"og:site_name\" content=\"Avista Hideaway Phuket Patong\" \/>\n<meta property=\"article:modified_time\" content=\"2023-07-06T02:17:55+00:00\" \/>\n<meta name=\"twitter:card\" content=\"summary_large_image\" \/>\n<meta name=\"twitter:label1\" content=\"Gesch\u00e4tzte Lesezeit\" \/>\n\t<meta name=\"twitter:data1\" content=\"1 Minute\" \/>\n<script type=\"application\/ld+json\" class=\"yoast-schema-graph\">{\"@context\":\"https:\/\/schema.org\",\"@graph\":[{\"@type\":\"WebPage\",\"@id\":\"https:\/\/www.avistahideawayphuketresort.com\/de\/things-to-do-phuket\/activities-in-phuket\/\",\"url\":\"https:\/\/www.avistahideawayphuketresort.com\/de\/things-to-do-phuket\/activities-in-phuket\/\",\"name\":\"AKTIVIT\u00c4TEN in Phuket - Avista Hideaway Phuket Patong\",\"isPartOf\":{\"@id\":\"https:\/\/www.avistahideawayphuketresort.com\/#website\"},\"datePublished\":\"2023-05-04T06:05:47+00:00\",\"dateModified\":\"2023-07-06T02:17:55+00:00\",\"breadcrumb\":{\"@id\":\"https:\/\/www.avistahideawayphuketresort.com\/de\/things-to-do-phuket\/activities-in-phuket\/#breadcrumb\"},\"inLanguage\":\"de-DE\",\"potentialAction\":[{\"@type\":\"ReadAction\",\"target\":[\"https:\/\/www.avistahideawayphuketresort.com\/de\/things-to-do-phuket\/activities-in-phuket\/\"]}]},{\"@type\":\"BreadcrumbList\",\"@id\":\"https:\/\/www.avistahideawayphuketresort.com\/de\/things-to-do-phuket\/activities-in-phuket\/#breadcrumb\",\"itemListElement\":[{\"@type\":\"ListItem\",\"position\":1,\"name\":\"Home\",\"item\":\"https:\/\/www.avistahideawayphuketresort.com\/de\/\"},{\"@type\":\"ListItem\",\"position\":2,\"name\":\"Was kann man in Phuket unternehmen?\",\"item\":\"https:\/\/www.avistahideawayphuketresort.com\/de\/things-to-do-phuket\/\"},{\"@type\":\"ListItem\",\"position\":3,\"name\":\"AKTIVIT\u00c4TEN in Phuket\"}]},{\"@type\":\"WebSite\",\"@id\":\"https:\/\/www.avistahideawayphuketresort.com\/#website\",\"url\":\"https:\/\/www.avistahideawayphuketresort.com\/\",\"name\":\"Avista Hideaway Phuket Patong\",\"description\":\"\",\"potentialAction\":[{\"@type\":\"SearchAction\",\"target\":{\"@type\":\"EntryPoint\",\"urlTemplate\":\"https:\/\/www.avistahideawayphuketresort.com\/?s={search_term_string}\"},\"query-input\":{\"@type\":\"PropertyValueSpecification\",\"valueRequired\":true,\"valueName\":\"search_term_string\"}}],\"inLanguage\":\"de-DE\"}]}<\/script>\n<!-- \/ Yoast SEO plugin. -->","yoast_head_json":{"title":"AKTIVIT\u00c4TEN in Phuket - Avista Hideaway Phuket Patong","robots":{"index":"index","follow":"follow","max-snippet":"max-snippet:-1","max-image-preview":"max-image-preview:large","max-video-preview":"max-video-preview:-1"},"canonical":"https:\/\/www.avistahideawayphuketresort.com\/de\/things-to-do-phuket\/activities-in-phuket\/","og_locale":"de_DE","og_type":"article","og_title":"AKTIVIT\u00c4TEN in Phuket - Avista Hideaway Phuket Patong","og_description":"Phuket ist das ganze Jahr \u00fcber ein Reiseziel mit gleichm\u00e4\u00dfigem, tropischem Wetter. Aus diesem Grund gibt es in Phuket keinen Mangel an Aktivit\u00e4ten, aus denen man w\u00e4hlen kann. In Phuket vergeht die Zeit so schnell und es gibt so viel zu tun, dass es schwer f\u00e4llt, die Aktivit\u00e4ten zu planen. Unabh\u00e4ngig von Ihrem Budget, Ihrem [&hellip;]","og_url":"https:\/\/www.avistahideawayphuketresort.com\/de\/things-to-do-phuket\/activities-in-phuket\/","og_site_name":"Avista Hideaway Phuket Patong","article_modified_time":"2023-07-06T02:17:55+00:00","twitter_card":"summary_large_image","twitter_misc":{"Gesch\u00e4tzte Lesezeit":"1 Minute"},"schema":{"@context":"https:\/\/schema.org","@graph":[{"@type":"WebPage","@id":"https:\/\/www.avistahideawayphuketresort.com\/de\/things-to-do-phuket\/activities-in-phuket\/","url":"https:\/\/www.avistahideawayphuketresort.com\/de\/things-to-do-phuket\/activities-in-phuket\/","name":"AKTIVIT\u00c4TEN in Phuket - Avista Hideaway Phuket Patong","isPartOf":{"@id":"https:\/\/www.avistahideawayphuketresort.com\/#website"},"datePublished":"2023-05-04T06:05:47+00:00","dateModified":"2023-07-06T02:17:55+00:00","breadcrumb":{"@id":"https:\/\/www.avistahideawayphuketresort.com\/de\/things-to-do-phuket\/activities-in-phuket\/#breadcrumb"},"inLanguage":"de-DE","potentialAction":[{"@type":"ReadAction","target":["https:\/\/www.avistahideawayphuketresort.com\/de\/things-to-do-phuket\/activities-in-phuket\/"]}]},{"@type":"BreadcrumbList","@id":"https:\/\/www.avistahideawayphuketresort.com\/de\/things-to-do-phuket\/activities-in-phuket\/#breadcrumb","itemListElement":[{"@type":"ListItem","position":1,"name":"Home","item":"https:\/\/www.avistahideawayphuketresort.com\/de\/"},{"@type":"ListItem","position":2,"name":"Was kann man in Phuket unternehmen?","item":"https:\/\/www.avistahideawayphuketresort.com\/de\/things-to-do-phuket\/"},{"@type":"ListItem","position":3,"name":"AKTIVIT\u00c4TEN in Phuket"}]},{"@type":"WebSite","@id":"https:\/\/www.avistahideawayphuketresort.com\/#website","url":"https:\/\/www.avistahideawayphuketresort.com\/","name":"Avista Hideaway Phuket Patong","description":"","potentialAction":[{"@type":"SearchAction","target":{"@type":"EntryPoint","urlTemplate":"https:\/\/www.avistahideawayphuketresort.com\/?s={search_term_string}"},"query-input":{"@type":"PropertyValueSpecification","valueRequired":true,"valueName":"search_term_string"}}],"inLanguage":"de-DE"}]}},"_links":{"self":[{"href":"https:\/\/www.avistahideawayphuketresort.com\/de\/wp-json\/wp\/v2\/pages\/1356","targetHints":{"allow":["GET"]}}],"collection":[{"href":"https:\/\/www.avistahideawayphuketresort.com\/de\/wp-json\/wp\/v2\/pages"}],"about":[{"href":"https:\/\/www.avistahideawayphuketresort.com\/de\/wp-json\/wp\/v2\/types\/page"}],"author":[{"embeddable":true,"href":"https:\/\/www.avistahideawayphuketresort.com\/de\/wp-json\/wp\/v2\/users\/55"}],"replies":[{"embeddable":true,"href":"https:\/\/www.avistahideawayphuketresort.com\/de\/wp-json\/wp\/v2\/comments?post=1356"}],"version-history":[{"count":0,"href":"https:\/\/www.avistahideawayphuketresort.com\/de\/wp-json\/wp\/v2\/pages\/1356\/revisions"}],"up":[{"embeddable":true,"href":"https:\/\/www.avistahideawayphuketresort.com\/de\/wp-json\/wp\/v2\/pages\/1353"}],"wp:attachment":[{"href":"https:\/\/www.avistahideawayphuketresort.com\/de\/wp-json\/wp\/v2\/media?parent=1356"}],"wp:term":[{"taxonomy":"category","embeddable":true,"href":"https:\/\/www.avistahideawayphuketresort.com\/de\/wp-json\/wp\/v2\/categories?post=1356"}],"curies":[{"name":"wp","href":"https:\/\/api.w.org\/{rel}","templated":true}]}}