{"id":1384,"date":"2023-05-04T06:15:42","date_gmt":"2023-05-04T06:15:42","guid":{"rendered":"https:\/\/www.avistahideawayphuketresort.com\/things-to-do-phuket\/shopping-in-phuket\/"},"modified":"2023-07-06T02:31:46","modified_gmt":"2023-07-06T02:31:46","slug":"shopping-in-phuket","status":"publish","type":"page","link":"https:\/\/www.avistahideawayphuketresort.com\/de\/things-to-do-phuket\/shopping-in-phuket\/","title":{"rendered":"Einkaufen in Phuket"},"content":{"rendered":"<p style=\"text-align: center;\">Phuket bietet eine erstaunliche Vielfalt an Einkaufsm\u00f6glichkeiten, von High-End-Einkaufszentren \u00fcber belebte Gro\u00dfm\u00e4rkte bis hin zu str\u00f6menden Nachtm\u00e4rkten und traditionellen M\u00e4rkten im Dorfstil. Es ist in der Tat ein Paradies f\u00fcr Schn\u00e4ppchenj\u00e4ger. Wenn Sie hochwertige Marken oder deren F\u00e4lschungen, traditionelles Kunsthandwerk, Schmuck, Souvenirs oder einfach alles kaufen m\u00f6chten, was Ihnen gef\u00e4llt, finden Sie hier ein Gesch\u00e4ft, das genau das anbietet, was Sie wollen. Halten Sie auf jeden Fall eine leere Tasche bereit, damit Sie keine exorbitanten \u00dcbergep\u00e4ckgeb\u00fchren zahlen m\u00fcssen, denn Sie werden mit Sicherheit viel schwerer nach Hause gehen, als Sie gekommen sind.<\/p>\n","protected":false},"excerpt":{"rendered":"<p>Phuket bietet eine erstaunliche Vielfalt an Einkaufsm\u00f6glichkeiten, von High-End-Einkaufszentren \u00fcber belebte Gro\u00dfm\u00e4rkte bis hin zu str\u00f6menden Nachtm\u00e4rkten und traditionellen M\u00e4rkten im Dorfstil. Es ist in der Tat ein Paradies f\u00fcr Schn\u00e4ppchenj\u00e4ger. Wenn Sie hochwertige Marken oder deren F\u00e4lschungen, traditionelles Kunsthandwerk, Schmuck, Souvenirs oder einfach alles kaufen m\u00f6chten, was Ihnen gef\u00e4llt, finden Sie hier ein Gesch\u00e4ft, [&hellip;]<\/p>\n","protected":false},"author":55,"featured_media":0,"parent":1353,"menu_order":2,"comment_status":"closed","ping_status":"closed","template":"","meta":{"footnotes":""},"categories":[],"class_list":["post-1384","page","type-page","status-publish","hentry"],"acf":[],"yoast_head":"<!-- This site is optimized with the Yoast SEO plugin v26.9 - https:\/\/yoast.com\/product\/yoast-seo-wordpress\/ -->\n<title>Einkaufen in Phuket - Avista Hideaway Phuket Patong<\/title>\n<meta name=\"robots\" content=\"index, follow, max-snippet:-1, max-image-preview:large, max-video-preview:-1\" \/>\n<link rel=\"canonical\" href=\"https:\/\/www.avistahideawayphuketresort.com\/de\/things-to-do-phuket\/shopping-in-phuket\/\" \/>\n<meta property=\"og:locale\" content=\"de_DE\" \/>\n<meta property=\"og:type\" content=\"article\" \/>\n<meta property=\"og:title\" content=\"Einkaufen in Phuket - Avista Hideaway Phuket Patong\" \/>\n<meta property=\"og:description\" content=\"Phuket bietet eine erstaunliche Vielfalt an Einkaufsm\u00f6glichkeiten, von High-End-Einkaufszentren \u00fcber belebte Gro\u00dfm\u00e4rkte bis hin zu str\u00f6menden Nachtm\u00e4rkten und traditionellen M\u00e4rkten im Dorfstil. Es ist in der Tat ein Paradies f\u00fcr Schn\u00e4ppchenj\u00e4ger. Wenn Sie hochwertige Marken oder deren F\u00e4lschungen, traditionelles Kunsthandwerk, Schmuck, Souvenirs oder einfach alles kaufen m\u00f6chten, was Ihnen gef\u00e4llt, finden Sie hier ein Gesch\u00e4ft, [&hellip;]\" \/>\n<meta property=\"og:url\" content=\"https:\/\/www.avistahideawayphuketresort.com\/de\/things-to-do-phuket\/shopping-in-phuket\/\" \/>\n<meta property=\"og:site_name\" content=\"Avista Hideaway Phuket Patong\" \/>\n<meta property=\"article:modified_time\" content=\"2023-07-06T02:31:46+00:00\" \/>\n<meta name=\"twitter:card\" content=\"summary_large_image\" \/>\n<meta name=\"twitter:label1\" content=\"Gesch\u00e4tzte Lesezeit\" \/>\n\t<meta name=\"twitter:data1\" content=\"1 Minute\" \/>\n<script type=\"application\/ld+json\" class=\"yoast-schema-graph\">{\"@context\":\"https:\/\/schema.org\",\"@graph\":[{\"@type\":\"WebPage\",\"@id\":\"https:\/\/www.avistahideawayphuketresort.com\/de\/things-to-do-phuket\/shopping-in-phuket\/\",\"url\":\"https:\/\/www.avistahideawayphuketresort.com\/de\/things-to-do-phuket\/shopping-in-phuket\/\",\"name\":\"Einkaufen in Phuket - Avista Hideaway Phuket Patong\",\"isPartOf\":{\"@id\":\"https:\/\/www.avistahideawayphuketresort.com\/#website\"},\"datePublished\":\"2023-05-04T06:15:42+00:00\",\"dateModified\":\"2023-07-06T02:31:46+00:00\",\"breadcrumb\":{\"@id\":\"https:\/\/www.avistahideawayphuketresort.com\/de\/things-to-do-phuket\/shopping-in-phuket\/#breadcrumb\"},\"inLanguage\":\"de-DE\",\"potentialAction\":[{\"@type\":\"ReadAction\",\"target\":[\"https:\/\/www.avistahideawayphuketresort.com\/de\/things-to-do-phuket\/shopping-in-phuket\/\"]}]},{\"@type\":\"BreadcrumbList\",\"@id\":\"https:\/\/www.avistahideawayphuketresort.com\/de\/things-to-do-phuket\/shopping-in-phuket\/#breadcrumb\",\"itemListElement\":[{\"@type\":\"ListItem\",\"position\":1,\"name\":\"Home\",\"item\":\"https:\/\/www.avistahideawayphuketresort.com\/de\/\"},{\"@type\":\"ListItem\",\"position\":2,\"name\":\"Was kann man in Phuket unternehmen?\",\"item\":\"https:\/\/www.avistahideawayphuketresort.com\/de\/things-to-do-phuket\/\"},{\"@type\":\"ListItem\",\"position\":3,\"name\":\"Einkaufen in Phuket\"}]},{\"@type\":\"WebSite\",\"@id\":\"https:\/\/www.avistahideawayphuketresort.com\/#website\",\"url\":\"https:\/\/www.avistahideawayphuketresort.com\/\",\"name\":\"Avista Hideaway Phuket Patong\",\"description\":\"\",\"potentialAction\":[{\"@type\":\"SearchAction\",\"target\":{\"@type\":\"EntryPoint\",\"urlTemplate\":\"https:\/\/www.avistahideawayphuketresort.com\/?s={search_term_string}\"},\"query-input\":{\"@type\":\"PropertyValueSpecification\",\"valueRequired\":true,\"valueName\":\"search_term_string\"}}],\"inLanguage\":\"de-DE\"}]}<\/script>\n<!-- \/ Yoast SEO plugin. -->","yoast_head_json":{"title":"Einkaufen in Phuket - Avista Hideaway Phuket Patong","robots":{"index":"index","follow":"follow","max-snippet":"max-snippet:-1","max-image-preview":"max-image-preview:large","max-video-preview":"max-video-preview:-1"},"canonical":"https:\/\/www.avistahideawayphuketresort.com\/de\/things-to-do-phuket\/shopping-in-phuket\/","og_locale":"de_DE","og_type":"article","og_title":"Einkaufen in Phuket - Avista Hideaway Phuket Patong","og_description":"Phuket bietet eine erstaunliche Vielfalt an Einkaufsm\u00f6glichkeiten, von High-End-Einkaufszentren \u00fcber belebte Gro\u00dfm\u00e4rkte bis hin zu str\u00f6menden Nachtm\u00e4rkten und traditionellen M\u00e4rkten im Dorfstil. Es ist in der Tat ein Paradies f\u00fcr Schn\u00e4ppchenj\u00e4ger. Wenn Sie hochwertige Marken oder deren F\u00e4lschungen, traditionelles Kunsthandwerk, Schmuck, Souvenirs oder einfach alles kaufen m\u00f6chten, was Ihnen gef\u00e4llt, finden Sie hier ein Gesch\u00e4ft, [&hellip;]","og_url":"https:\/\/www.avistahideawayphuketresort.com\/de\/things-to-do-phuket\/shopping-in-phuket\/","og_site_name":"Avista Hideaway Phuket Patong","article_modified_time":"2023-07-06T02:31:46+00:00","twitter_card":"summary_large_image","twitter_misc":{"Gesch\u00e4tzte Lesezeit":"1 Minute"},"schema":{"@context":"https:\/\/schema.org","@graph":[{"@type":"WebPage","@id":"https:\/\/www.avistahideawayphuketresort.com\/de\/things-to-do-phuket\/shopping-in-phuket\/","url":"https:\/\/www.avistahideawayphuketresort.com\/de\/things-to-do-phuket\/shopping-in-phuket\/","name":"Einkaufen in Phuket - Avista Hideaway Phuket Patong","isPartOf":{"@id":"https:\/\/www.avistahideawayphuketresort.com\/#website"},"datePublished":"2023-05-04T06:15:42+00:00","dateModified":"2023-07-06T02:31:46+00:00","breadcrumb":{"@id":"https:\/\/www.avistahideawayphuketresort.com\/de\/things-to-do-phuket\/shopping-in-phuket\/#breadcrumb"},"inLanguage":"de-DE","potentialAction":[{"@type":"ReadAction","target":["https:\/\/www.avistahideawayphuketresort.com\/de\/things-to-do-phuket\/shopping-in-phuket\/"]}]},{"@type":"BreadcrumbList","@id":"https:\/\/www.avistahideawayphuketresort.com\/de\/things-to-do-phuket\/shopping-in-phuket\/#breadcrumb","itemListElement":[{"@type":"ListItem","position":1,"name":"Home","item":"https:\/\/www.avistahideawayphuketresort.com\/de\/"},{"@type":"ListItem","position":2,"name":"Was kann man in Phuket unternehmen?","item":"https:\/\/www.avistahideawayphuketresort.com\/de\/things-to-do-phuket\/"},{"@type":"ListItem","position":3,"name":"Einkaufen in Phuket"}]},{"@type":"WebSite","@id":"https:\/\/www.avistahideawayphuketresort.com\/#website","url":"https:\/\/www.avistahideawayphuketresort.com\/","name":"Avista Hideaway Phuket Patong","description":"","potentialAction":[{"@type":"SearchAction","target":{"@type":"EntryPoint","urlTemplate":"https:\/\/www.avistahideawayphuketresort.com\/?s={search_term_string}"},"query-input":{"@type":"PropertyValueSpecification","valueRequired":true,"valueName":"search_term_string"}}],"inLanguage":"de-DE"}]}},"_links":{"self":[{"href":"https:\/\/www.avistahideawayphuketresort.com\/de\/wp-json\/wp\/v2\/pages\/1384","targetHints":{"allow":["GET"]}}],"collection":[{"href":"https:\/\/www.avistahideawayphuketresort.com\/de\/wp-json\/wp\/v2\/pages"}],"about":[{"href":"https:\/\/www.avistahideawayphuketresort.com\/de\/wp-json\/wp\/v2\/types\/page"}],"author":[{"embeddable":true,"href":"https:\/\/www.avistahideawayphuketresort.com\/de\/wp-json\/wp\/v2\/users\/55"}],"replies":[{"embeddable":true,"href":"https:\/\/www.avistahideawayphuketresort.com\/de\/wp-json\/wp\/v2\/comments?post=1384"}],"version-history":[{"count":0,"href":"https:\/\/www.avistahideawayphuketresort.com\/de\/wp-json\/wp\/v2\/pages\/1384\/revisions"}],"up":[{"embeddable":true,"href":"https:\/\/www.avistahideawayphuketresort.com\/de\/wp-json\/wp\/v2\/pages\/1353"}],"wp:attachment":[{"href":"https:\/\/www.avistahideawayphuketresort.com\/de\/wp-json\/wp\/v2\/media?parent=1384"}],"wp:term":[{"taxonomy":"category","embeddable":true,"href":"https:\/\/www.avistahideawayphuketresort.com\/de\/wp-json\/wp\/v2\/categories?post=1384"}],"curies":[{"name":"wp","href":"https:\/\/api.w.org\/{rel}","templated":true}]}}