{"id":1387,"date":"2023-05-04T06:16:37","date_gmt":"2023-05-04T06:16:37","guid":{"rendered":"https:\/\/www.avistahideawayphuketresort.com\/things-to-do-phuket\/shopping-in-phuket\/central-festival-mall\/"},"modified":"2023-07-06T02:32:35","modified_gmt":"2023-07-06T02:32:35","slug":"central-festival-mall","status":"publish","type":"page","link":"https:\/\/www.avistahideawayphuketresort.com\/de\/things-to-do-phuket\/shopping-in-phuket\/central-festival-mall\/","title":{"rendered":"Zentrale Festival Mall"},"content":{"rendered":"<p style=\"text-align: center;\">Central Phuket, das Shoppingzentrum f\u00fcr Luxus und Freizeit, besteht aus zwei modern gestalteten Geb\u00e4uden (Festival und Floresta), die durch Fahrsteige miteinander verbunden sind. Das neue Wahrzeichen von Phuket bietet auf 111 Hektar Land mehr als 400 Gesch\u00e4fte, die eine F\u00fclle von Produkten von Lifestyle bis Luxus anbieten. Der Tribhum-Themenpark, der erste Fantasy-Walkthrough der Welt, und Thailands gr\u00f6\u00dftes Aquarium mit \u00fcber 25.000 Tieren sind nur einige der unvergesslichen Unterhaltungserlebnisse.<\/p>\n","protected":false},"excerpt":{"rendered":"<p>Central Phuket, das Shoppingzentrum f\u00fcr Luxus und Freizeit, besteht aus zwei modern gestalteten Geb\u00e4uden (Festival und Floresta), die durch Fahrsteige miteinander verbunden sind. Das neue Wahrzeichen von Phuket bietet auf 111 Hektar Land mehr als 400 Gesch\u00e4fte, die eine F\u00fclle von Produkten von Lifestyle bis Luxus anbieten. Der Tribhum-Themenpark, der erste Fantasy-Walkthrough der Welt, und [&hellip;]<\/p>\n","protected":false},"author":55,"featured_media":0,"parent":1384,"menu_order":1,"comment_status":"closed","ping_status":"closed","template":"","meta":{"footnotes":""},"categories":[],"class_list":["post-1387","page","type-page","status-publish","hentry"],"acf":[],"yoast_head":"<!-- This site is optimized with the Yoast SEO plugin v26.9 - https:\/\/yoast.com\/product\/yoast-seo-wordpress\/ -->\n<title>Zentrale Festival Mall - Avista Hideaway Phuket Patong<\/title>\n<meta name=\"robots\" content=\"index, follow, max-snippet:-1, max-image-preview:large, max-video-preview:-1\" \/>\n<link rel=\"canonical\" href=\"https:\/\/www.avistahideawayphuketresort.com\/de\/things-to-do-phuket\/shopping-in-phuket\/central-festival-mall\/\" \/>\n<meta property=\"og:locale\" content=\"de_DE\" \/>\n<meta property=\"og:type\" content=\"article\" \/>\n<meta property=\"og:title\" content=\"Zentrale Festival Mall - Avista Hideaway Phuket Patong\" \/>\n<meta property=\"og:description\" content=\"Central Phuket, das Shoppingzentrum f\u00fcr Luxus und Freizeit, besteht aus zwei modern gestalteten Geb\u00e4uden (Festival und Floresta), die durch Fahrsteige miteinander verbunden sind. Das neue Wahrzeichen von Phuket bietet auf 111 Hektar Land mehr als 400 Gesch\u00e4fte, die eine F\u00fclle von Produkten von Lifestyle bis Luxus anbieten. Der Tribhum-Themenpark, der erste Fantasy-Walkthrough der Welt, und [&hellip;]\" \/>\n<meta property=\"og:url\" content=\"https:\/\/www.avistahideawayphuketresort.com\/de\/things-to-do-phuket\/shopping-in-phuket\/central-festival-mall\/\" \/>\n<meta property=\"og:site_name\" content=\"Avista Hideaway Phuket Patong\" \/>\n<meta property=\"article:modified_time\" content=\"2023-07-06T02:32:35+00:00\" \/>\n<meta name=\"twitter:card\" content=\"summary_large_image\" \/>\n<meta name=\"twitter:label1\" content=\"Gesch\u00e4tzte Lesezeit\" \/>\n\t<meta name=\"twitter:data1\" content=\"1 Minute\" \/>\n<script type=\"application\/ld+json\" class=\"yoast-schema-graph\">{\"@context\":\"https:\/\/schema.org\",\"@graph\":[{\"@type\":\"WebPage\",\"@id\":\"https:\/\/www.avistahideawayphuketresort.com\/de\/things-to-do-phuket\/shopping-in-phuket\/central-festival-mall\/\",\"url\":\"https:\/\/www.avistahideawayphuketresort.com\/de\/things-to-do-phuket\/shopping-in-phuket\/central-festival-mall\/\",\"name\":\"Zentrale Festival Mall - Avista Hideaway Phuket Patong\",\"isPartOf\":{\"@id\":\"https:\/\/www.avistahideawayphuketresort.com\/#website\"},\"datePublished\":\"2023-05-04T06:16:37+00:00\",\"dateModified\":\"2023-07-06T02:32:35+00:00\",\"breadcrumb\":{\"@id\":\"https:\/\/www.avistahideawayphuketresort.com\/de\/things-to-do-phuket\/shopping-in-phuket\/central-festival-mall\/#breadcrumb\"},\"inLanguage\":\"de-DE\",\"potentialAction\":[{\"@type\":\"ReadAction\",\"target\":[\"https:\/\/www.avistahideawayphuketresort.com\/de\/things-to-do-phuket\/shopping-in-phuket\/central-festival-mall\/\"]}]},{\"@type\":\"BreadcrumbList\",\"@id\":\"https:\/\/www.avistahideawayphuketresort.com\/de\/things-to-do-phuket\/shopping-in-phuket\/central-festival-mall\/#breadcrumb\",\"itemListElement\":[{\"@type\":\"ListItem\",\"position\":1,\"name\":\"Home\",\"item\":\"https:\/\/www.avistahideawayphuketresort.com\/de\/\"},{\"@type\":\"ListItem\",\"position\":2,\"name\":\"Was kann man in Phuket unternehmen?\",\"item\":\"https:\/\/www.avistahideawayphuketresort.com\/de\/things-to-do-phuket\/\"},{\"@type\":\"ListItem\",\"position\":3,\"name\":\"Einkaufen in Phuket\",\"item\":\"https:\/\/www.avistahideawayphuketresort.com\/de\/things-to-do-phuket\/shopping-in-phuket\/\"},{\"@type\":\"ListItem\",\"position\":4,\"name\":\"Zentrale Festival Mall\"}]},{\"@type\":\"WebSite\",\"@id\":\"https:\/\/www.avistahideawayphuketresort.com\/#website\",\"url\":\"https:\/\/www.avistahideawayphuketresort.com\/\",\"name\":\"Avista Hideaway Phuket Patong\",\"description\":\"\",\"potentialAction\":[{\"@type\":\"SearchAction\",\"target\":{\"@type\":\"EntryPoint\",\"urlTemplate\":\"https:\/\/www.avistahideawayphuketresort.com\/?s={search_term_string}\"},\"query-input\":{\"@type\":\"PropertyValueSpecification\",\"valueRequired\":true,\"valueName\":\"search_term_string\"}}],\"inLanguage\":\"de-DE\"}]}<\/script>\n<!-- \/ Yoast SEO plugin. -->","yoast_head_json":{"title":"Zentrale Festival Mall - Avista Hideaway Phuket Patong","robots":{"index":"index","follow":"follow","max-snippet":"max-snippet:-1","max-image-preview":"max-image-preview:large","max-video-preview":"max-video-preview:-1"},"canonical":"https:\/\/www.avistahideawayphuketresort.com\/de\/things-to-do-phuket\/shopping-in-phuket\/central-festival-mall\/","og_locale":"de_DE","og_type":"article","og_title":"Zentrale Festival Mall - Avista Hideaway Phuket Patong","og_description":"Central Phuket, das Shoppingzentrum f\u00fcr Luxus und Freizeit, besteht aus zwei modern gestalteten Geb\u00e4uden (Festival und Floresta), die durch Fahrsteige miteinander verbunden sind. Das neue Wahrzeichen von Phuket bietet auf 111 Hektar Land mehr als 400 Gesch\u00e4fte, die eine F\u00fclle von Produkten von Lifestyle bis Luxus anbieten. Der Tribhum-Themenpark, der erste Fantasy-Walkthrough der Welt, und [&hellip;]","og_url":"https:\/\/www.avistahideawayphuketresort.com\/de\/things-to-do-phuket\/shopping-in-phuket\/central-festival-mall\/","og_site_name":"Avista Hideaway Phuket Patong","article_modified_time":"2023-07-06T02:32:35+00:00","twitter_card":"summary_large_image","twitter_misc":{"Gesch\u00e4tzte Lesezeit":"1 Minute"},"schema":{"@context":"https:\/\/schema.org","@graph":[{"@type":"WebPage","@id":"https:\/\/www.avistahideawayphuketresort.com\/de\/things-to-do-phuket\/shopping-in-phuket\/central-festival-mall\/","url":"https:\/\/www.avistahideawayphuketresort.com\/de\/things-to-do-phuket\/shopping-in-phuket\/central-festival-mall\/","name":"Zentrale Festival Mall - Avista Hideaway Phuket Patong","isPartOf":{"@id":"https:\/\/www.avistahideawayphuketresort.com\/#website"},"datePublished":"2023-05-04T06:16:37+00:00","dateModified":"2023-07-06T02:32:35+00:00","breadcrumb":{"@id":"https:\/\/www.avistahideawayphuketresort.com\/de\/things-to-do-phuket\/shopping-in-phuket\/central-festival-mall\/#breadcrumb"},"inLanguage":"de-DE","potentialAction":[{"@type":"ReadAction","target":["https:\/\/www.avistahideawayphuketresort.com\/de\/things-to-do-phuket\/shopping-in-phuket\/central-festival-mall\/"]}]},{"@type":"BreadcrumbList","@id":"https:\/\/www.avistahideawayphuketresort.com\/de\/things-to-do-phuket\/shopping-in-phuket\/central-festival-mall\/#breadcrumb","itemListElement":[{"@type":"ListItem","position":1,"name":"Home","item":"https:\/\/www.avistahideawayphuketresort.com\/de\/"},{"@type":"ListItem","position":2,"name":"Was kann man in Phuket unternehmen?","item":"https:\/\/www.avistahideawayphuketresort.com\/de\/things-to-do-phuket\/"},{"@type":"ListItem","position":3,"name":"Einkaufen in Phuket","item":"https:\/\/www.avistahideawayphuketresort.com\/de\/things-to-do-phuket\/shopping-in-phuket\/"},{"@type":"ListItem","position":4,"name":"Zentrale Festival Mall"}]},{"@type":"WebSite","@id":"https:\/\/www.avistahideawayphuketresort.com\/#website","url":"https:\/\/www.avistahideawayphuketresort.com\/","name":"Avista Hideaway Phuket Patong","description":"","potentialAction":[{"@type":"SearchAction","target":{"@type":"EntryPoint","urlTemplate":"https:\/\/www.avistahideawayphuketresort.com\/?s={search_term_string}"},"query-input":{"@type":"PropertyValueSpecification","valueRequired":true,"valueName":"search_term_string"}}],"inLanguage":"de-DE"}]}},"_links":{"self":[{"href":"https:\/\/www.avistahideawayphuketresort.com\/de\/wp-json\/wp\/v2\/pages\/1387","targetHints":{"allow":["GET"]}}],"collection":[{"href":"https:\/\/www.avistahideawayphuketresort.com\/de\/wp-json\/wp\/v2\/pages"}],"about":[{"href":"https:\/\/www.avistahideawayphuketresort.com\/de\/wp-json\/wp\/v2\/types\/page"}],"author":[{"embeddable":true,"href":"https:\/\/www.avistahideawayphuketresort.com\/de\/wp-json\/wp\/v2\/users\/55"}],"replies":[{"embeddable":true,"href":"https:\/\/www.avistahideawayphuketresort.com\/de\/wp-json\/wp\/v2\/comments?post=1387"}],"version-history":[{"count":0,"href":"https:\/\/www.avistahideawayphuketresort.com\/de\/wp-json\/wp\/v2\/pages\/1387\/revisions"}],"up":[{"embeddable":true,"href":"https:\/\/www.avistahideawayphuketresort.com\/de\/wp-json\/wp\/v2\/pages\/1384"}],"wp:attachment":[{"href":"https:\/\/www.avistahideawayphuketresort.com\/de\/wp-json\/wp\/v2\/media?parent=1387"}],"wp:term":[{"taxonomy":"category","embeddable":true,"href":"https:\/\/www.avistahideawayphuketresort.com\/de\/wp-json\/wp\/v2\/categories?post=1387"}],"curies":[{"name":"wp","href":"https:\/\/api.w.org\/{rel}","templated":true}]}}