{"id":1421,"date":"2023-05-04T06:25:55","date_gmt":"2023-05-04T06:25:55","guid":{"rendered":"https:\/\/www.avistahideawayphuketresort.com\/things-to-do-phuket\/animal-kingdom\/snake-show\/"},"modified":"2023-07-06T02:34:46","modified_gmt":"2023-07-06T02:34:46","slug":"snake-show","status":"publish","type":"page","link":"https:\/\/www.avistahideawayphuketresort.com\/de\/things-to-do-phuket\/animal-kingdom\/snake-show\/","title":{"rendered":"Schlangenschau"},"content":{"rendered":"<p style=\"text-align: center;\">Eine bezaubernde Schlangenshow zeigt erstaunliche Stunts und die Kunst des Schlangentrainings. Die gro\u00dfe Sammlung von Giftschlangen macht die Phuket Snake Show zu einer der meistbesuchten Sehensw\u00fcrdigkeiten. Zu sehen sind: K\u00f6nigs- und Siamkobras, Pythons, die Geb\u00e4nderte Krait, die Gloydius halys, die Wei\u00dflippen-Grubenotter und viele andere Arten. Der Eintritt zur Show ist kostenlos, wenn Sie im Shop einige Produkte f\u00fcr 500 THB pro Person kaufen. Wenn Sie nichts gekauft haben, m\u00fcssen Sie 300 THB pro Erwachsenem und 200 THB pro Kind f\u00fcr die Eintrittskarte zur Show bezahlen.<br \/>\nEntfernung vom Hotel: 9 km<br \/>\n<strong>Zeitaufwand f\u00fcr den Besuch:<\/strong> 1-2 Stunden.<br \/>\n<strong>Besuchszeiten:<\/strong> 9-18 Uhr<br \/>\n<strong>Preis:<\/strong> 400 THB pro Erwachsenen und 200 THB pro Kind.<\/p>\n","protected":false},"excerpt":{"rendered":"<p>Eine bezaubernde Schlangenshow zeigt erstaunliche Stunts und die Kunst des Schlangentrainings. Die gro\u00dfe Sammlung von Giftschlangen macht die Phuket Snake Show zu einer der meistbesuchten Sehensw\u00fcrdigkeiten. Zu sehen sind: K\u00f6nigs- und Siamkobras, Pythons, die Geb\u00e4nderte Krait, die Gloydius halys, die Wei\u00dflippen-Grubenotter und viele andere Arten. Der Eintritt zur Show ist kostenlos, wenn Sie im Shop [&hellip;]<\/p>\n","protected":false},"author":55,"featured_media":0,"parent":1418,"menu_order":1,"comment_status":"closed","ping_status":"closed","template":"","meta":{"footnotes":""},"categories":[],"class_list":["post-1421","page","type-page","status-publish","hentry"],"acf":[],"yoast_head":"<!-- This site is optimized with the Yoast SEO plugin v26.9 - https:\/\/yoast.com\/product\/yoast-seo-wordpress\/ -->\n<title>Schlangenschau - Avista Hideaway Phuket Patong<\/title>\n<meta name=\"robots\" content=\"index, follow, max-snippet:-1, max-image-preview:large, max-video-preview:-1\" \/>\n<link rel=\"canonical\" href=\"https:\/\/www.avistahideawayphuketresort.com\/de\/things-to-do-phuket\/animal-kingdom\/snake-show\/\" \/>\n<meta property=\"og:locale\" content=\"de_DE\" \/>\n<meta property=\"og:type\" content=\"article\" \/>\n<meta property=\"og:title\" content=\"Schlangenschau - Avista Hideaway Phuket Patong\" \/>\n<meta property=\"og:description\" content=\"Eine bezaubernde Schlangenshow zeigt erstaunliche Stunts und die Kunst des Schlangentrainings. Die gro\u00dfe Sammlung von Giftschlangen macht die Phuket Snake Show zu einer der meistbesuchten Sehensw\u00fcrdigkeiten. Zu sehen sind: K\u00f6nigs- und Siamkobras, Pythons, die Geb\u00e4nderte Krait, die Gloydius halys, die Wei\u00dflippen-Grubenotter und viele andere Arten. Der Eintritt zur Show ist kostenlos, wenn Sie im Shop [&hellip;]\" \/>\n<meta property=\"og:url\" content=\"https:\/\/www.avistahideawayphuketresort.com\/de\/things-to-do-phuket\/animal-kingdom\/snake-show\/\" \/>\n<meta property=\"og:site_name\" content=\"Avista Hideaway Phuket Patong\" \/>\n<meta property=\"article:modified_time\" content=\"2023-07-06T02:34:46+00:00\" \/>\n<meta name=\"twitter:card\" content=\"summary_large_image\" \/>\n<meta name=\"twitter:label1\" content=\"Gesch\u00e4tzte Lesezeit\" \/>\n\t<meta name=\"twitter:data1\" content=\"1 Minute\" \/>\n<script type=\"application\/ld+json\" class=\"yoast-schema-graph\">{\"@context\":\"https:\/\/schema.org\",\"@graph\":[{\"@type\":\"WebPage\",\"@id\":\"https:\/\/www.avistahideawayphuketresort.com\/de\/things-to-do-phuket\/animal-kingdom\/snake-show\/\",\"url\":\"https:\/\/www.avistahideawayphuketresort.com\/de\/things-to-do-phuket\/animal-kingdom\/snake-show\/\",\"name\":\"Schlangenschau - Avista Hideaway Phuket Patong\",\"isPartOf\":{\"@id\":\"https:\/\/www.avistahideawayphuketresort.com\/#website\"},\"datePublished\":\"2023-05-04T06:25:55+00:00\",\"dateModified\":\"2023-07-06T02:34:46+00:00\",\"breadcrumb\":{\"@id\":\"https:\/\/www.avistahideawayphuketresort.com\/de\/things-to-do-phuket\/animal-kingdom\/snake-show\/#breadcrumb\"},\"inLanguage\":\"de-DE\",\"potentialAction\":[{\"@type\":\"ReadAction\",\"target\":[\"https:\/\/www.avistahideawayphuketresort.com\/de\/things-to-do-phuket\/animal-kingdom\/snake-show\/\"]}]},{\"@type\":\"BreadcrumbList\",\"@id\":\"https:\/\/www.avistahideawayphuketresort.com\/de\/things-to-do-phuket\/animal-kingdom\/snake-show\/#breadcrumb\",\"itemListElement\":[{\"@type\":\"ListItem\",\"position\":1,\"name\":\"Home\",\"item\":\"https:\/\/www.avistahideawayphuketresort.com\/de\/\"},{\"@type\":\"ListItem\",\"position\":2,\"name\":\"Was kann man in Phuket unternehmen?\",\"item\":\"https:\/\/www.avistahideawayphuketresort.com\/de\/things-to-do-phuket\/\"},{\"@type\":\"ListItem\",\"position\":3,\"name\":\"Tierreich\",\"item\":\"https:\/\/www.avistahideawayphuketresort.com\/de\/things-to-do-phuket\/animal-kingdom\/\"},{\"@type\":\"ListItem\",\"position\":4,\"name\":\"Schlangenschau\"}]},{\"@type\":\"WebSite\",\"@id\":\"https:\/\/www.avistahideawayphuketresort.com\/#website\",\"url\":\"https:\/\/www.avistahideawayphuketresort.com\/\",\"name\":\"Avista Hideaway Phuket Patong\",\"description\":\"\",\"potentialAction\":[{\"@type\":\"SearchAction\",\"target\":{\"@type\":\"EntryPoint\",\"urlTemplate\":\"https:\/\/www.avistahideawayphuketresort.com\/?s={search_term_string}\"},\"query-input\":{\"@type\":\"PropertyValueSpecification\",\"valueRequired\":true,\"valueName\":\"search_term_string\"}}],\"inLanguage\":\"de-DE\"}]}<\/script>\n<!-- \/ Yoast SEO plugin. -->","yoast_head_json":{"title":"Schlangenschau - Avista Hideaway Phuket Patong","robots":{"index":"index","follow":"follow","max-snippet":"max-snippet:-1","max-image-preview":"max-image-preview:large","max-video-preview":"max-video-preview:-1"},"canonical":"https:\/\/www.avistahideawayphuketresort.com\/de\/things-to-do-phuket\/animal-kingdom\/snake-show\/","og_locale":"de_DE","og_type":"article","og_title":"Schlangenschau - Avista Hideaway Phuket Patong","og_description":"Eine bezaubernde Schlangenshow zeigt erstaunliche Stunts und die Kunst des Schlangentrainings. Die gro\u00dfe Sammlung von Giftschlangen macht die Phuket Snake Show zu einer der meistbesuchten Sehensw\u00fcrdigkeiten. Zu sehen sind: K\u00f6nigs- und Siamkobras, Pythons, die Geb\u00e4nderte Krait, die Gloydius halys, die Wei\u00dflippen-Grubenotter und viele andere Arten. Der Eintritt zur Show ist kostenlos, wenn Sie im Shop [&hellip;]","og_url":"https:\/\/www.avistahideawayphuketresort.com\/de\/things-to-do-phuket\/animal-kingdom\/snake-show\/","og_site_name":"Avista Hideaway Phuket Patong","article_modified_time":"2023-07-06T02:34:46+00:00","twitter_card":"summary_large_image","twitter_misc":{"Gesch\u00e4tzte Lesezeit":"1 Minute"},"schema":{"@context":"https:\/\/schema.org","@graph":[{"@type":"WebPage","@id":"https:\/\/www.avistahideawayphuketresort.com\/de\/things-to-do-phuket\/animal-kingdom\/snake-show\/","url":"https:\/\/www.avistahideawayphuketresort.com\/de\/things-to-do-phuket\/animal-kingdom\/snake-show\/","name":"Schlangenschau - Avista Hideaway Phuket Patong","isPartOf":{"@id":"https:\/\/www.avistahideawayphuketresort.com\/#website"},"datePublished":"2023-05-04T06:25:55+00:00","dateModified":"2023-07-06T02:34:46+00:00","breadcrumb":{"@id":"https:\/\/www.avistahideawayphuketresort.com\/de\/things-to-do-phuket\/animal-kingdom\/snake-show\/#breadcrumb"},"inLanguage":"de-DE","potentialAction":[{"@type":"ReadAction","target":["https:\/\/www.avistahideawayphuketresort.com\/de\/things-to-do-phuket\/animal-kingdom\/snake-show\/"]}]},{"@type":"BreadcrumbList","@id":"https:\/\/www.avistahideawayphuketresort.com\/de\/things-to-do-phuket\/animal-kingdom\/snake-show\/#breadcrumb","itemListElement":[{"@type":"ListItem","position":1,"name":"Home","item":"https:\/\/www.avistahideawayphuketresort.com\/de\/"},{"@type":"ListItem","position":2,"name":"Was kann man in Phuket unternehmen?","item":"https:\/\/www.avistahideawayphuketresort.com\/de\/things-to-do-phuket\/"},{"@type":"ListItem","position":3,"name":"Tierreich","item":"https:\/\/www.avistahideawayphuketresort.com\/de\/things-to-do-phuket\/animal-kingdom\/"},{"@type":"ListItem","position":4,"name":"Schlangenschau"}]},{"@type":"WebSite","@id":"https:\/\/www.avistahideawayphuketresort.com\/#website","url":"https:\/\/www.avistahideawayphuketresort.com\/","name":"Avista Hideaway Phuket Patong","description":"","potentialAction":[{"@type":"SearchAction","target":{"@type":"EntryPoint","urlTemplate":"https:\/\/www.avistahideawayphuketresort.com\/?s={search_term_string}"},"query-input":{"@type":"PropertyValueSpecification","valueRequired":true,"valueName":"search_term_string"}}],"inLanguage":"de-DE"}]}},"_links":{"self":[{"href":"https:\/\/www.avistahideawayphuketresort.com\/de\/wp-json\/wp\/v2\/pages\/1421","targetHints":{"allow":["GET"]}}],"collection":[{"href":"https:\/\/www.avistahideawayphuketresort.com\/de\/wp-json\/wp\/v2\/pages"}],"about":[{"href":"https:\/\/www.avistahideawayphuketresort.com\/de\/wp-json\/wp\/v2\/types\/page"}],"author":[{"embeddable":true,"href":"https:\/\/www.avistahideawayphuketresort.com\/de\/wp-json\/wp\/v2\/users\/55"}],"replies":[{"embeddable":true,"href":"https:\/\/www.avistahideawayphuketresort.com\/de\/wp-json\/wp\/v2\/comments?post=1421"}],"version-history":[{"count":0,"href":"https:\/\/www.avistahideawayphuketresort.com\/de\/wp-json\/wp\/v2\/pages\/1421\/revisions"}],"up":[{"embeddable":true,"href":"https:\/\/www.avistahideawayphuketresort.com\/de\/wp-json\/wp\/v2\/pages\/1418"}],"wp:attachment":[{"href":"https:\/\/www.avistahideawayphuketresort.com\/de\/wp-json\/wp\/v2\/media?parent=1421"}],"wp:term":[{"taxonomy":"category","embeddable":true,"href":"https:\/\/www.avistahideawayphuketresort.com\/de\/wp-json\/wp\/v2\/categories?post=1421"}],"curies":[{"name":"wp","href":"https:\/\/api.w.org\/{rel}","templated":true}]}}