{"id":1424,"date":"2023-05-04T06:27:46","date_gmt":"2023-05-04T06:27:46","guid":{"rendered":"https:\/\/www.avistahideawayphuketresort.com\/things-to-do-phuket\/animal-kingdom\/phuket-zoo\/"},"modified":"2023-07-12T23:20:22","modified_gmt":"2023-07-12T23:20:22","slug":"phuket-zoo","status":"publish","type":"page","link":"https:\/\/www.avistahideawayphuketresort.com\/de\/things-to-do-phuket\/animal-kingdom\/phuket-zoo\/","title":{"rendered":"Zoo Phuket"},"content":{"rendered":"<p style=\"text-align: center;\">\u00dcppige tropische G\u00e4rten laden zu einem Spaziergang im Schatten riesiger B\u00e4ume ein und f\u00fchren \u00fcber Br\u00fccken zu Inseln, auf denen alle m\u00f6glichen seltsamen Tiere leben.<br \/>\n<strong>Entfernung vom Hotel:<\/strong> 6 km<br \/>\n<strong>Ben\u00f6tigte Zeit f\u00fcr den Besuch:<\/strong> 1-2 Std.<br \/>\n<strong>Besuchszeiten:<\/strong> 8:30 &#8211; 18 Uhr<br \/>\n<strong>Preis :<\/strong> 1500 THB pro Erwachsener &amp; 1200 THB pro Kind<\/p>\n","protected":false},"excerpt":{"rendered":"<p>\u00dcppige tropische G\u00e4rten laden zu einem Spaziergang im Schatten riesiger B\u00e4ume ein und f\u00fchren \u00fcber Br\u00fccken zu Inseln, auf denen alle m\u00f6glichen seltsamen Tiere leben. Entfernung vom Hotel: 6 km Ben\u00f6tigte Zeit f\u00fcr den Besuch: 1-2 Std. Besuchszeiten: 8:30 &#8211; 18 Uhr Preis : 1500 THB pro Erwachsener &amp; 1200 THB pro Kind<\/p>\n","protected":false},"author":55,"featured_media":0,"parent":1418,"menu_order":2,"comment_status":"closed","ping_status":"closed","template":"","meta":{"footnotes":""},"categories":[],"class_list":["post-1424","page","type-page","status-publish","hentry"],"acf":[],"yoast_head":"<!-- This site is optimized with the Yoast SEO plugin v26.9 - https:\/\/yoast.com\/product\/yoast-seo-wordpress\/ -->\n<title>Zoo Phuket - Avista Hideaway Phuket Patong<\/title>\n<meta name=\"robots\" content=\"index, follow, max-snippet:-1, max-image-preview:large, max-video-preview:-1\" \/>\n<link rel=\"canonical\" href=\"https:\/\/www.avistahideawayphuketresort.com\/de\/things-to-do-phuket\/animal-kingdom\/phuket-zoo\/\" \/>\n<meta property=\"og:locale\" content=\"de_DE\" \/>\n<meta property=\"og:type\" content=\"article\" \/>\n<meta property=\"og:title\" content=\"Zoo Phuket - Avista Hideaway Phuket Patong\" \/>\n<meta property=\"og:description\" content=\"\u00dcppige tropische G\u00e4rten laden zu einem Spaziergang im Schatten riesiger B\u00e4ume ein und f\u00fchren \u00fcber Br\u00fccken zu Inseln, auf denen alle m\u00f6glichen seltsamen Tiere leben. Entfernung vom Hotel: 6 km Ben\u00f6tigte Zeit f\u00fcr den Besuch: 1-2 Std. Besuchszeiten: 8:30 &#8211; 18 Uhr Preis : 1500 THB pro Erwachsener &amp; 1200 THB pro Kind\" \/>\n<meta property=\"og:url\" content=\"https:\/\/www.avistahideawayphuketresort.com\/de\/things-to-do-phuket\/animal-kingdom\/phuket-zoo\/\" \/>\n<meta property=\"og:site_name\" content=\"Avista Hideaway Phuket Patong\" \/>\n<meta property=\"article:modified_time\" content=\"2023-07-12T23:20:22+00:00\" \/>\n<meta name=\"twitter:card\" content=\"summary_large_image\" \/>\n<meta name=\"twitter:label1\" content=\"Gesch\u00e4tzte Lesezeit\" \/>\n\t<meta name=\"twitter:data1\" content=\"1 Minute\" \/>\n<script type=\"application\/ld+json\" class=\"yoast-schema-graph\">{\"@context\":\"https:\/\/schema.org\",\"@graph\":[{\"@type\":\"WebPage\",\"@id\":\"https:\/\/www.avistahideawayphuketresort.com\/de\/things-to-do-phuket\/animal-kingdom\/phuket-zoo\/\",\"url\":\"https:\/\/www.avistahideawayphuketresort.com\/de\/things-to-do-phuket\/animal-kingdom\/phuket-zoo\/\",\"name\":\"Zoo Phuket - Avista Hideaway Phuket Patong\",\"isPartOf\":{\"@id\":\"https:\/\/www.avistahideawayphuketresort.com\/#website\"},\"datePublished\":\"2023-05-04T06:27:46+00:00\",\"dateModified\":\"2023-07-12T23:20:22+00:00\",\"breadcrumb\":{\"@id\":\"https:\/\/www.avistahideawayphuketresort.com\/de\/things-to-do-phuket\/animal-kingdom\/phuket-zoo\/#breadcrumb\"},\"inLanguage\":\"de-DE\",\"potentialAction\":[{\"@type\":\"ReadAction\",\"target\":[\"https:\/\/www.avistahideawayphuketresort.com\/de\/things-to-do-phuket\/animal-kingdom\/phuket-zoo\/\"]}]},{\"@type\":\"BreadcrumbList\",\"@id\":\"https:\/\/www.avistahideawayphuketresort.com\/de\/things-to-do-phuket\/animal-kingdom\/phuket-zoo\/#breadcrumb\",\"itemListElement\":[{\"@type\":\"ListItem\",\"position\":1,\"name\":\"Home\",\"item\":\"https:\/\/www.avistahideawayphuketresort.com\/de\/\"},{\"@type\":\"ListItem\",\"position\":2,\"name\":\"Was kann man in Phuket unternehmen?\",\"item\":\"https:\/\/www.avistahideawayphuketresort.com\/de\/things-to-do-phuket\/\"},{\"@type\":\"ListItem\",\"position\":3,\"name\":\"Tierreich\",\"item\":\"https:\/\/www.avistahideawayphuketresort.com\/de\/things-to-do-phuket\/animal-kingdom\/\"},{\"@type\":\"ListItem\",\"position\":4,\"name\":\"Zoo Phuket\"}]},{\"@type\":\"WebSite\",\"@id\":\"https:\/\/www.avistahideawayphuketresort.com\/#website\",\"url\":\"https:\/\/www.avistahideawayphuketresort.com\/\",\"name\":\"Avista Hideaway Phuket Patong\",\"description\":\"\",\"potentialAction\":[{\"@type\":\"SearchAction\",\"target\":{\"@type\":\"EntryPoint\",\"urlTemplate\":\"https:\/\/www.avistahideawayphuketresort.com\/?s={search_term_string}\"},\"query-input\":{\"@type\":\"PropertyValueSpecification\",\"valueRequired\":true,\"valueName\":\"search_term_string\"}}],\"inLanguage\":\"de-DE\"}]}<\/script>\n<!-- \/ Yoast SEO plugin. -->","yoast_head_json":{"title":"Zoo Phuket - Avista Hideaway Phuket Patong","robots":{"index":"index","follow":"follow","max-snippet":"max-snippet:-1","max-image-preview":"max-image-preview:large","max-video-preview":"max-video-preview:-1"},"canonical":"https:\/\/www.avistahideawayphuketresort.com\/de\/things-to-do-phuket\/animal-kingdom\/phuket-zoo\/","og_locale":"de_DE","og_type":"article","og_title":"Zoo Phuket - Avista Hideaway Phuket Patong","og_description":"\u00dcppige tropische G\u00e4rten laden zu einem Spaziergang im Schatten riesiger B\u00e4ume ein und f\u00fchren \u00fcber Br\u00fccken zu Inseln, auf denen alle m\u00f6glichen seltsamen Tiere leben. Entfernung vom Hotel: 6 km Ben\u00f6tigte Zeit f\u00fcr den Besuch: 1-2 Std. Besuchszeiten: 8:30 &#8211; 18 Uhr Preis : 1500 THB pro Erwachsener &amp; 1200 THB pro Kind","og_url":"https:\/\/www.avistahideawayphuketresort.com\/de\/things-to-do-phuket\/animal-kingdom\/phuket-zoo\/","og_site_name":"Avista Hideaway Phuket Patong","article_modified_time":"2023-07-12T23:20:22+00:00","twitter_card":"summary_large_image","twitter_misc":{"Gesch\u00e4tzte Lesezeit":"1 Minute"},"schema":{"@context":"https:\/\/schema.org","@graph":[{"@type":"WebPage","@id":"https:\/\/www.avistahideawayphuketresort.com\/de\/things-to-do-phuket\/animal-kingdom\/phuket-zoo\/","url":"https:\/\/www.avistahideawayphuketresort.com\/de\/things-to-do-phuket\/animal-kingdom\/phuket-zoo\/","name":"Zoo Phuket - Avista Hideaway Phuket Patong","isPartOf":{"@id":"https:\/\/www.avistahideawayphuketresort.com\/#website"},"datePublished":"2023-05-04T06:27:46+00:00","dateModified":"2023-07-12T23:20:22+00:00","breadcrumb":{"@id":"https:\/\/www.avistahideawayphuketresort.com\/de\/things-to-do-phuket\/animal-kingdom\/phuket-zoo\/#breadcrumb"},"inLanguage":"de-DE","potentialAction":[{"@type":"ReadAction","target":["https:\/\/www.avistahideawayphuketresort.com\/de\/things-to-do-phuket\/animal-kingdom\/phuket-zoo\/"]}]},{"@type":"BreadcrumbList","@id":"https:\/\/www.avistahideawayphuketresort.com\/de\/things-to-do-phuket\/animal-kingdom\/phuket-zoo\/#breadcrumb","itemListElement":[{"@type":"ListItem","position":1,"name":"Home","item":"https:\/\/www.avistahideawayphuketresort.com\/de\/"},{"@type":"ListItem","position":2,"name":"Was kann man in Phuket unternehmen?","item":"https:\/\/www.avistahideawayphuketresort.com\/de\/things-to-do-phuket\/"},{"@type":"ListItem","position":3,"name":"Tierreich","item":"https:\/\/www.avistahideawayphuketresort.com\/de\/things-to-do-phuket\/animal-kingdom\/"},{"@type":"ListItem","position":4,"name":"Zoo Phuket"}]},{"@type":"WebSite","@id":"https:\/\/www.avistahideawayphuketresort.com\/#website","url":"https:\/\/www.avistahideawayphuketresort.com\/","name":"Avista Hideaway Phuket Patong","description":"","potentialAction":[{"@type":"SearchAction","target":{"@type":"EntryPoint","urlTemplate":"https:\/\/www.avistahideawayphuketresort.com\/?s={search_term_string}"},"query-input":{"@type":"PropertyValueSpecification","valueRequired":true,"valueName":"search_term_string"}}],"inLanguage":"de-DE"}]}},"_links":{"self":[{"href":"https:\/\/www.avistahideawayphuketresort.com\/de\/wp-json\/wp\/v2\/pages\/1424","targetHints":{"allow":["GET"]}}],"collection":[{"href":"https:\/\/www.avistahideawayphuketresort.com\/de\/wp-json\/wp\/v2\/pages"}],"about":[{"href":"https:\/\/www.avistahideawayphuketresort.com\/de\/wp-json\/wp\/v2\/types\/page"}],"author":[{"embeddable":true,"href":"https:\/\/www.avistahideawayphuketresort.com\/de\/wp-json\/wp\/v2\/users\/55"}],"replies":[{"embeddable":true,"href":"https:\/\/www.avistahideawayphuketresort.com\/de\/wp-json\/wp\/v2\/comments?post=1424"}],"version-history":[{"count":0,"href":"https:\/\/www.avistahideawayphuketresort.com\/de\/wp-json\/wp\/v2\/pages\/1424\/revisions"}],"up":[{"embeddable":true,"href":"https:\/\/www.avistahideawayphuketresort.com\/de\/wp-json\/wp\/v2\/pages\/1418"}],"wp:attachment":[{"href":"https:\/\/www.avistahideawayphuketresort.com\/de\/wp-json\/wp\/v2\/media?parent=1424"}],"wp:term":[{"taxonomy":"category","embeddable":true,"href":"https:\/\/www.avistahideawayphuketresort.com\/de\/wp-json\/wp\/v2\/categories?post=1424"}],"curies":[{"name":"wp","href":"https:\/\/api.w.org\/{rel}","templated":true}]}}