{"id":1430,"date":"2023-05-04T06:30:48","date_gmt":"2023-05-04T06:30:48","guid":{"rendered":"https:\/\/www.avistahideawayphuketresort.com\/things-to-do-phuket\/animal-kingdom\/dolphin-show\/"},"modified":"2023-07-12T23:21:16","modified_gmt":"2023-07-12T23:21:16","slug":"dolphin-show","status":"publish","type":"page","link":"https:\/\/www.avistahideawayphuketresort.com\/de\/things-to-do-phuket\/animal-kingdom\/dolphin-show\/","title":{"rendered":"Delfinshow"},"content":{"rendered":"<p style=\"text-align: center;\">Hier k\u00f6nnen Sie sich wie ein Kind f\u00fchlen und sich von unserem talentierten Delfinteam \u00fcberraschen lassen. 45 Minuten tolle Show mit vielen Tricks und Spielen, die von Delfinen und Robben vorgef\u00fchrt werden.<br \/>\n<strong>Ben\u00f6tigte Zeit f\u00fcr einen Besuch:<\/strong> 10:30 &#8211; 17:45 Uhr<br \/>\n<strong>Besuchszeit:<\/strong> 1 Stunde und 15 Minuten<br \/>\n<strong>Entfernung vom Hotel:<\/strong> 5 km.<br \/>\n<strong>Preis:<\/strong> THB 600 &#8211; 1000 pro Erwachsener und 400 &#8211; 600 THB pro Kind.<br \/>\nSchwimmen mit Delphin THB 5.000 pro Gast.<\/p>\n","protected":false},"excerpt":{"rendered":"<p>Hier k\u00f6nnen Sie sich wie ein Kind f\u00fchlen und sich von unserem talentierten Delfinteam \u00fcberraschen lassen. 45 Minuten tolle Show mit vielen Tricks und Spielen, die von Delfinen und Robben vorgef\u00fchrt werden. Ben\u00f6tigte Zeit f\u00fcr einen Besuch: 10:30 &#8211; 17:45 Uhr Besuchszeit: 1 Stunde und 15 Minuten Entfernung vom Hotel: 5 km. Preis: THB 600 [&hellip;]<\/p>\n","protected":false},"author":55,"featured_media":0,"parent":1418,"menu_order":4,"comment_status":"closed","ping_status":"closed","template":"","meta":{"footnotes":""},"categories":[],"class_list":["post-1430","page","type-page","status-publish","hentry"],"acf":[],"yoast_head":"<!-- This site is optimized with the Yoast SEO plugin v26.9 - https:\/\/yoast.com\/product\/yoast-seo-wordpress\/ -->\n<title>Delfinshow - Avista Hideaway Phuket Patong<\/title>\n<meta name=\"robots\" content=\"index, follow, max-snippet:-1, max-image-preview:large, max-video-preview:-1\" \/>\n<link rel=\"canonical\" href=\"https:\/\/www.avistahideawayphuketresort.com\/de\/things-to-do-phuket\/animal-kingdom\/dolphin-show\/\" \/>\n<meta property=\"og:locale\" content=\"de_DE\" \/>\n<meta property=\"og:type\" content=\"article\" \/>\n<meta property=\"og:title\" content=\"Delfinshow - Avista Hideaway Phuket Patong\" \/>\n<meta property=\"og:description\" content=\"Hier k\u00f6nnen Sie sich wie ein Kind f\u00fchlen und sich von unserem talentierten Delfinteam \u00fcberraschen lassen. 45 Minuten tolle Show mit vielen Tricks und Spielen, die von Delfinen und Robben vorgef\u00fchrt werden. Ben\u00f6tigte Zeit f\u00fcr einen Besuch: 10:30 &#8211; 17:45 Uhr Besuchszeit: 1 Stunde und 15 Minuten Entfernung vom Hotel: 5 km. Preis: THB 600 [&hellip;]\" \/>\n<meta property=\"og:url\" content=\"https:\/\/www.avistahideawayphuketresort.com\/de\/things-to-do-phuket\/animal-kingdom\/dolphin-show\/\" \/>\n<meta property=\"og:site_name\" content=\"Avista Hideaway Phuket Patong\" \/>\n<meta property=\"article:modified_time\" content=\"2023-07-12T23:21:16+00:00\" \/>\n<meta name=\"twitter:card\" content=\"summary_large_image\" \/>\n<meta name=\"twitter:label1\" content=\"Gesch\u00e4tzte Lesezeit\" \/>\n\t<meta name=\"twitter:data1\" content=\"1 Minute\" \/>\n<script type=\"application\/ld+json\" class=\"yoast-schema-graph\">{\"@context\":\"https:\/\/schema.org\",\"@graph\":[{\"@type\":\"WebPage\",\"@id\":\"https:\/\/www.avistahideawayphuketresort.com\/de\/things-to-do-phuket\/animal-kingdom\/dolphin-show\/\",\"url\":\"https:\/\/www.avistahideawayphuketresort.com\/de\/things-to-do-phuket\/animal-kingdom\/dolphin-show\/\",\"name\":\"Delfinshow - Avista Hideaway Phuket Patong\",\"isPartOf\":{\"@id\":\"https:\/\/www.avistahideawayphuketresort.com\/#website\"},\"datePublished\":\"2023-05-04T06:30:48+00:00\",\"dateModified\":\"2023-07-12T23:21:16+00:00\",\"breadcrumb\":{\"@id\":\"https:\/\/www.avistahideawayphuketresort.com\/de\/things-to-do-phuket\/animal-kingdom\/dolphin-show\/#breadcrumb\"},\"inLanguage\":\"de-DE\",\"potentialAction\":[{\"@type\":\"ReadAction\",\"target\":[\"https:\/\/www.avistahideawayphuketresort.com\/de\/things-to-do-phuket\/animal-kingdom\/dolphin-show\/\"]}]},{\"@type\":\"BreadcrumbList\",\"@id\":\"https:\/\/www.avistahideawayphuketresort.com\/de\/things-to-do-phuket\/animal-kingdom\/dolphin-show\/#breadcrumb\",\"itemListElement\":[{\"@type\":\"ListItem\",\"position\":1,\"name\":\"Home\",\"item\":\"https:\/\/www.avistahideawayphuketresort.com\/de\/\"},{\"@type\":\"ListItem\",\"position\":2,\"name\":\"Was kann man in Phuket unternehmen?\",\"item\":\"https:\/\/www.avistahideawayphuketresort.com\/de\/things-to-do-phuket\/\"},{\"@type\":\"ListItem\",\"position\":3,\"name\":\"Tierreich\",\"item\":\"https:\/\/www.avistahideawayphuketresort.com\/de\/things-to-do-phuket\/animal-kingdom\/\"},{\"@type\":\"ListItem\",\"position\":4,\"name\":\"Delfinshow\"}]},{\"@type\":\"WebSite\",\"@id\":\"https:\/\/www.avistahideawayphuketresort.com\/#website\",\"url\":\"https:\/\/www.avistahideawayphuketresort.com\/\",\"name\":\"Avista Hideaway Phuket Patong\",\"description\":\"\",\"potentialAction\":[{\"@type\":\"SearchAction\",\"target\":{\"@type\":\"EntryPoint\",\"urlTemplate\":\"https:\/\/www.avistahideawayphuketresort.com\/?s={search_term_string}\"},\"query-input\":{\"@type\":\"PropertyValueSpecification\",\"valueRequired\":true,\"valueName\":\"search_term_string\"}}],\"inLanguage\":\"de-DE\"}]}<\/script>\n<!-- \/ Yoast SEO plugin. -->","yoast_head_json":{"title":"Delfinshow - Avista Hideaway Phuket Patong","robots":{"index":"index","follow":"follow","max-snippet":"max-snippet:-1","max-image-preview":"max-image-preview:large","max-video-preview":"max-video-preview:-1"},"canonical":"https:\/\/www.avistahideawayphuketresort.com\/de\/things-to-do-phuket\/animal-kingdom\/dolphin-show\/","og_locale":"de_DE","og_type":"article","og_title":"Delfinshow - Avista Hideaway Phuket Patong","og_description":"Hier k\u00f6nnen Sie sich wie ein Kind f\u00fchlen und sich von unserem talentierten Delfinteam \u00fcberraschen lassen. 45 Minuten tolle Show mit vielen Tricks und Spielen, die von Delfinen und Robben vorgef\u00fchrt werden. Ben\u00f6tigte Zeit f\u00fcr einen Besuch: 10:30 &#8211; 17:45 Uhr Besuchszeit: 1 Stunde und 15 Minuten Entfernung vom Hotel: 5 km. Preis: THB 600 [&hellip;]","og_url":"https:\/\/www.avistahideawayphuketresort.com\/de\/things-to-do-phuket\/animal-kingdom\/dolphin-show\/","og_site_name":"Avista Hideaway Phuket Patong","article_modified_time":"2023-07-12T23:21:16+00:00","twitter_card":"summary_large_image","twitter_misc":{"Gesch\u00e4tzte Lesezeit":"1 Minute"},"schema":{"@context":"https:\/\/schema.org","@graph":[{"@type":"WebPage","@id":"https:\/\/www.avistahideawayphuketresort.com\/de\/things-to-do-phuket\/animal-kingdom\/dolphin-show\/","url":"https:\/\/www.avistahideawayphuketresort.com\/de\/things-to-do-phuket\/animal-kingdom\/dolphin-show\/","name":"Delfinshow - Avista Hideaway Phuket Patong","isPartOf":{"@id":"https:\/\/www.avistahideawayphuketresort.com\/#website"},"datePublished":"2023-05-04T06:30:48+00:00","dateModified":"2023-07-12T23:21:16+00:00","breadcrumb":{"@id":"https:\/\/www.avistahideawayphuketresort.com\/de\/things-to-do-phuket\/animal-kingdom\/dolphin-show\/#breadcrumb"},"inLanguage":"de-DE","potentialAction":[{"@type":"ReadAction","target":["https:\/\/www.avistahideawayphuketresort.com\/de\/things-to-do-phuket\/animal-kingdom\/dolphin-show\/"]}]},{"@type":"BreadcrumbList","@id":"https:\/\/www.avistahideawayphuketresort.com\/de\/things-to-do-phuket\/animal-kingdom\/dolphin-show\/#breadcrumb","itemListElement":[{"@type":"ListItem","position":1,"name":"Home","item":"https:\/\/www.avistahideawayphuketresort.com\/de\/"},{"@type":"ListItem","position":2,"name":"Was kann man in Phuket unternehmen?","item":"https:\/\/www.avistahideawayphuketresort.com\/de\/things-to-do-phuket\/"},{"@type":"ListItem","position":3,"name":"Tierreich","item":"https:\/\/www.avistahideawayphuketresort.com\/de\/things-to-do-phuket\/animal-kingdom\/"},{"@type":"ListItem","position":4,"name":"Delfinshow"}]},{"@type":"WebSite","@id":"https:\/\/www.avistahideawayphuketresort.com\/#website","url":"https:\/\/www.avistahideawayphuketresort.com\/","name":"Avista Hideaway Phuket Patong","description":"","potentialAction":[{"@type":"SearchAction","target":{"@type":"EntryPoint","urlTemplate":"https:\/\/www.avistahideawayphuketresort.com\/?s={search_term_string}"},"query-input":{"@type":"PropertyValueSpecification","valueRequired":true,"valueName":"search_term_string"}}],"inLanguage":"de-DE"}]}},"_links":{"self":[{"href":"https:\/\/www.avistahideawayphuketresort.com\/de\/wp-json\/wp\/v2\/pages\/1430","targetHints":{"allow":["GET"]}}],"collection":[{"href":"https:\/\/www.avistahideawayphuketresort.com\/de\/wp-json\/wp\/v2\/pages"}],"about":[{"href":"https:\/\/www.avistahideawayphuketresort.com\/de\/wp-json\/wp\/v2\/types\/page"}],"author":[{"embeddable":true,"href":"https:\/\/www.avistahideawayphuketresort.com\/de\/wp-json\/wp\/v2\/users\/55"}],"replies":[{"embeddable":true,"href":"https:\/\/www.avistahideawayphuketresort.com\/de\/wp-json\/wp\/v2\/comments?post=1430"}],"version-history":[{"count":0,"href":"https:\/\/www.avistahideawayphuketresort.com\/de\/wp-json\/wp\/v2\/pages\/1430\/revisions"}],"up":[{"embeddable":true,"href":"https:\/\/www.avistahideawayphuketresort.com\/de\/wp-json\/wp\/v2\/pages\/1418"}],"wp:attachment":[{"href":"https:\/\/www.avistahideawayphuketresort.com\/de\/wp-json\/wp\/v2\/media?parent=1430"}],"wp:term":[{"taxonomy":"category","embeddable":true,"href":"https:\/\/www.avistahideawayphuketresort.com\/de\/wp-json\/wp\/v2\/categories?post=1430"}],"curies":[{"name":"wp","href":"https:\/\/api.w.org\/{rel}","templated":true}]}}