{"id":1448,"date":"2023-05-04T06:36:58","date_gmt":"2023-05-04T06:36:58","guid":{"rendered":"https:\/\/www.avistahideawayphuketresort.com\/things-to-do-phuket\/island-hopping-tours\/"},"modified":"2023-07-12T23:25:57","modified_gmt":"2023-07-12T23:25:57","slug":"island-hopping-tours","status":"publish","type":"page","link":"https:\/\/www.avistahideawayphuketresort.com\/de\/things-to-do-phuket\/island-hopping-tours\/","title":{"rendered":"Insel-Hopping-Touren"},"content":{"rendered":"<p><span style=\"font-weight: 400;\">Phuket, die gr\u00f6\u00dfte tropische Insel Thailands, ist umgeben vom t\u00fcrkisfarbenen Wasser der Andamanensee und exotischen Inseln, die nur wenige Kilometer entfernt liegen. Das hat Phuket zu einem Ausgangspunkt f\u00fcr viele <\/span><b>Inselhopping-Touren <\/b><span style=\"font-weight: 400;\">und Besuche der exotischen Inseln S\u00fcdostasiens gemacht. <\/span><br \/>\n<span style=\"font-weight: 400;\">Das Inselh\u00fcpfen ist eine einzigartige Aktivit\u00e4t f\u00fcr Touristen, um wundersch\u00f6ne Inseln zu besuchen, die von blauem Wasser und wei\u00dfem Sand umgeben sind. Touristen k\u00f6nnen ein Schnellboot oder ein Longtailboot mieten, um die faszinierende Sch\u00f6nheit der Natur zu erkunden, <\/span><a href=\"https:\/\/www.avistahideawayphuketresort.com\/de\/what-to-do-in-phuket\/visit-phuket\/\"><span style=\"font-weight: 400;\">Sehensw\u00fcrdigkeiten zu besichtigen<\/span><\/a><span style=\"font-weight: 400;\"> und abenteuerlichen Wassersportarten nachzugehen. Die ber\u00fchmten <\/span><b>Phuket-Insel-Hopping-Touren <\/b><span style=\"font-weight: 400;\">beinhalten viele Wassersportaktivit\u00e4ten wie Tauchen und Schnorcheln, um die seltenen Meeresarten und Korallenriffe zu beobachten. Allerdings ben\u00f6tigen Touristen professionelle Hilfe, um unerw\u00fcnschte Zwischenf\u00e4lle beim Tauchen in den seichten Gew\u00e4ssern zu vermeiden. <\/span><br \/>\n<strong>Beliebte Inselhopping-Touren in Phuket <\/strong><br \/>\n<span style=\"font-weight: 400;\">Phuket hat viele Inseln mit exotischer Natur und Landschaften, die man auf einer Tagestour erkunden kann. Die beliebtesten Touren f\u00fcr <\/span><b>Inselhopping in Phuket <\/b><span style=\"font-weight: 400;\">sind unten aufgef\u00fchrt: <\/span><br \/>\n<b>Phi Phi Inseln: <\/b><span style=\"font-weight: 400;\">Erkunden Sie die landschaftliche Sch\u00f6nheit der <\/span><a href=\"https:\/\/www.avistahideawayphuketresort.com\/de\/what-to-do-in-phuket\/island-hopping-tours\/koh-phi-phi-islands\/\"><span style=\"font-weight: 400;\">Phi Phi-Inseln<\/span><\/a><span style=\"font-weight: 400;\"> und genie\u00dfen Sie Sightseeing und Schnorcheln in den blauen Gew\u00e4ssern, die zwischen der Westk\u00fcste von Phuket und der Stra\u00dfe von Malakka vom Festland aus liegen.<\/span><br \/>\n<strong>Highlight:<\/strong> Schnorcheln<br \/>\n<strong>Die ben\u00f6tigte Zeit f\u00fcr den Besuch: <\/strong>Ganzt\u00e4gige Tour<br \/>\n<b>James-Bond-Insel Khao Phing Kan: Die Insel Khao Phing <\/b><span style=\"font-weight: 400;\">Kan, die 1974 nach den Dreharbeiten zum James-Bond-Film <\/span><a href=\"https:\/\/en.wikipedia.org\/wiki\/The_Man_with_the_Golden_Gun_(film)\"><i><span style=\"font-weight: 400;\">Der Mann mit dem goldenen Colt<\/span><\/i><\/a><span style=\"font-weight: 400;\"> ins Rampenlicht r\u00fcckte und schlie\u00dflich den Namen James-Bond-Insel erhielt, beherbergt exotische Natur, H\u00f6hlen und wei\u00dfe <\/span><a href=\"https:\/\/www.avistahideawayphuketresort.com\/de\/what-to-do-in-phuket\/phuket-beaches\/\"><span style=\"font-weight: 400;\">Sandstr\u00e4nde<\/span><\/a><span style=\"font-weight: 400;\">, die man bei einer Bootsfahrt erkunden kann.<\/span><br \/>\n<strong>H\u00f6hepunkt: <\/strong>Kanufahrt und H\u00f6hlenbesuch.<br \/>\n<strong>Die ben\u00f6tigte Zeit f\u00fcr den Besuch: <\/strong>Ganzt\u00e4gige Tour<br \/>\nSimilan-Insel: Die Similan-Insel ist ein Hotspot f\u00fcr Taucher und Schnorchler und bietet einen Lebensraum f\u00fcr exotische Meeresarten und Korallenriffe in kristallklarem Wasser. Sie ist eine der beliebtesten Insel-Hopping-Touren in Phuket f\u00fcr Touristen.<br \/>\nH\u00f6hepunkt: Schnorcheln mit sehr klarem Wasser.<br \/>\n<strong>Die f\u00fcr den Besuch ben\u00f6tigte Zeit: <\/strong>Ganzt\u00e4gige Tour<br \/>\n<span style=\"font-weight: 400;\">Dies sind nur einige der ber\u00fchmten Inselhopping-Touren, die auf Phuket Tour angeboten werden. Sprechen Sie mit dem Team von <\/span><a href=\"https:\/\/www.avistahideawayphuketresort.com\/de\/\"><span style=\"font-weight: 400;\">Avista Hideaway Phuket Patong<\/span><\/a><span style=\"font-weight: 400;\">, dem renommierten Resort in Patong, um einen Tagesausflug zu einer dieser Inseln zu organisieren. <\/span><\/p>\n","protected":false},"excerpt":{"rendered":"<p>Phuket, die gr\u00f6\u00dfte tropische Insel Thailands, ist umgeben vom t\u00fcrkisfarbenen Wasser der Andamanensee und exotischen Inseln, die nur wenige Kilometer entfernt liegen. Das hat Phuket zu einem Ausgangspunkt f\u00fcr viele Inselhopping-Touren und Besuche der exotischen Inseln S\u00fcdostasiens gemacht. Das Inselh\u00fcpfen ist eine einzigartige Aktivit\u00e4t f\u00fcr Touristen, um wundersch\u00f6ne Inseln zu besuchen, die von blauem Wasser [&hellip;]<\/p>\n","protected":false},"author":55,"featured_media":0,"parent":1353,"menu_order":4,"comment_status":"closed","ping_status":"closed","template":"","meta":{"footnotes":""},"categories":[],"class_list":["post-1448","page","type-page","status-publish","hentry"],"acf":[],"yoast_head":"<!-- This site is optimized with the Yoast SEO plugin v26.9 - https:\/\/yoast.com\/product\/yoast-seo-wordpress\/ -->\n<title>Insel-Hopping-Touren - Avista Hideaway Phuket Patong<\/title>\n<meta name=\"robots\" content=\"index, follow, max-snippet:-1, max-image-preview:large, max-video-preview:-1\" \/>\n<link rel=\"canonical\" href=\"https:\/\/www.avistahideawayphuketresort.com\/de\/things-to-do-phuket\/island-hopping-tours\/\" \/>\n<meta property=\"og:locale\" content=\"de_DE\" \/>\n<meta property=\"og:type\" content=\"article\" \/>\n<meta property=\"og:title\" content=\"Insel-Hopping-Touren - Avista Hideaway Phuket Patong\" \/>\n<meta property=\"og:description\" content=\"Phuket, die gr\u00f6\u00dfte tropische Insel Thailands, ist umgeben vom t\u00fcrkisfarbenen Wasser der Andamanensee und exotischen Inseln, die nur wenige Kilometer entfernt liegen. Das hat Phuket zu einem Ausgangspunkt f\u00fcr viele Inselhopping-Touren und Besuche der exotischen Inseln S\u00fcdostasiens gemacht. Das Inselh\u00fcpfen ist eine einzigartige Aktivit\u00e4t f\u00fcr Touristen, um wundersch\u00f6ne Inseln zu besuchen, die von blauem Wasser [&hellip;]\" \/>\n<meta property=\"og:url\" content=\"https:\/\/www.avistahideawayphuketresort.com\/de\/things-to-do-phuket\/island-hopping-tours\/\" \/>\n<meta property=\"og:site_name\" content=\"Avista Hideaway Phuket Patong\" \/>\n<meta property=\"article:modified_time\" content=\"2023-07-12T23:25:57+00:00\" \/>\n<meta name=\"twitter:card\" content=\"summary_large_image\" \/>\n<meta name=\"twitter:label1\" content=\"Gesch\u00e4tzte Lesezeit\" \/>\n\t<meta name=\"twitter:data1\" content=\"2 Minuten\" \/>\n<script type=\"application\/ld+json\" class=\"yoast-schema-graph\">{\"@context\":\"https:\/\/schema.org\",\"@graph\":[{\"@type\":\"WebPage\",\"@id\":\"https:\/\/www.avistahideawayphuketresort.com\/de\/things-to-do-phuket\/island-hopping-tours\/\",\"url\":\"https:\/\/www.avistahideawayphuketresort.com\/de\/things-to-do-phuket\/island-hopping-tours\/\",\"name\":\"Insel-Hopping-Touren - Avista Hideaway Phuket Patong\",\"isPartOf\":{\"@id\":\"https:\/\/www.avistahideawayphuketresort.com\/#website\"},\"datePublished\":\"2023-05-04T06:36:58+00:00\",\"dateModified\":\"2023-07-12T23:25:57+00:00\",\"breadcrumb\":{\"@id\":\"https:\/\/www.avistahideawayphuketresort.com\/de\/things-to-do-phuket\/island-hopping-tours\/#breadcrumb\"},\"inLanguage\":\"de-DE\",\"potentialAction\":[{\"@type\":\"ReadAction\",\"target\":[\"https:\/\/www.avistahideawayphuketresort.com\/de\/things-to-do-phuket\/island-hopping-tours\/\"]}]},{\"@type\":\"BreadcrumbList\",\"@id\":\"https:\/\/www.avistahideawayphuketresort.com\/de\/things-to-do-phuket\/island-hopping-tours\/#breadcrumb\",\"itemListElement\":[{\"@type\":\"ListItem\",\"position\":1,\"name\":\"Home\",\"item\":\"https:\/\/www.avistahideawayphuketresort.com\/de\/\"},{\"@type\":\"ListItem\",\"position\":2,\"name\":\"Was kann man in Phuket unternehmen?\",\"item\":\"https:\/\/www.avistahideawayphuketresort.com\/de\/things-to-do-phuket\/\"},{\"@type\":\"ListItem\",\"position\":3,\"name\":\"Insel-Hopping-Touren\"}]},{\"@type\":\"WebSite\",\"@id\":\"https:\/\/www.avistahideawayphuketresort.com\/#website\",\"url\":\"https:\/\/www.avistahideawayphuketresort.com\/\",\"name\":\"Avista Hideaway Phuket Patong\",\"description\":\"\",\"potentialAction\":[{\"@type\":\"SearchAction\",\"target\":{\"@type\":\"EntryPoint\",\"urlTemplate\":\"https:\/\/www.avistahideawayphuketresort.com\/?s={search_term_string}\"},\"query-input\":{\"@type\":\"PropertyValueSpecification\",\"valueRequired\":true,\"valueName\":\"search_term_string\"}}],\"inLanguage\":\"de-DE\"}]}<\/script>\n<!-- \/ Yoast SEO plugin. -->","yoast_head_json":{"title":"Insel-Hopping-Touren - Avista Hideaway Phuket Patong","robots":{"index":"index","follow":"follow","max-snippet":"max-snippet:-1","max-image-preview":"max-image-preview:large","max-video-preview":"max-video-preview:-1"},"canonical":"https:\/\/www.avistahideawayphuketresort.com\/de\/things-to-do-phuket\/island-hopping-tours\/","og_locale":"de_DE","og_type":"article","og_title":"Insel-Hopping-Touren - Avista Hideaway Phuket Patong","og_description":"Phuket, die gr\u00f6\u00dfte tropische Insel Thailands, ist umgeben vom t\u00fcrkisfarbenen Wasser der Andamanensee und exotischen Inseln, die nur wenige Kilometer entfernt liegen. Das hat Phuket zu einem Ausgangspunkt f\u00fcr viele Inselhopping-Touren und Besuche der exotischen Inseln S\u00fcdostasiens gemacht. Das Inselh\u00fcpfen ist eine einzigartige Aktivit\u00e4t f\u00fcr Touristen, um wundersch\u00f6ne Inseln zu besuchen, die von blauem Wasser [&hellip;]","og_url":"https:\/\/www.avistahideawayphuketresort.com\/de\/things-to-do-phuket\/island-hopping-tours\/","og_site_name":"Avista Hideaway Phuket Patong","article_modified_time":"2023-07-12T23:25:57+00:00","twitter_card":"summary_large_image","twitter_misc":{"Gesch\u00e4tzte Lesezeit":"2 Minuten"},"schema":{"@context":"https:\/\/schema.org","@graph":[{"@type":"WebPage","@id":"https:\/\/www.avistahideawayphuketresort.com\/de\/things-to-do-phuket\/island-hopping-tours\/","url":"https:\/\/www.avistahideawayphuketresort.com\/de\/things-to-do-phuket\/island-hopping-tours\/","name":"Insel-Hopping-Touren - Avista Hideaway Phuket Patong","isPartOf":{"@id":"https:\/\/www.avistahideawayphuketresort.com\/#website"},"datePublished":"2023-05-04T06:36:58+00:00","dateModified":"2023-07-12T23:25:57+00:00","breadcrumb":{"@id":"https:\/\/www.avistahideawayphuketresort.com\/de\/things-to-do-phuket\/island-hopping-tours\/#breadcrumb"},"inLanguage":"de-DE","potentialAction":[{"@type":"ReadAction","target":["https:\/\/www.avistahideawayphuketresort.com\/de\/things-to-do-phuket\/island-hopping-tours\/"]}]},{"@type":"BreadcrumbList","@id":"https:\/\/www.avistahideawayphuketresort.com\/de\/things-to-do-phuket\/island-hopping-tours\/#breadcrumb","itemListElement":[{"@type":"ListItem","position":1,"name":"Home","item":"https:\/\/www.avistahideawayphuketresort.com\/de\/"},{"@type":"ListItem","position":2,"name":"Was kann man in Phuket unternehmen?","item":"https:\/\/www.avistahideawayphuketresort.com\/de\/things-to-do-phuket\/"},{"@type":"ListItem","position":3,"name":"Insel-Hopping-Touren"}]},{"@type":"WebSite","@id":"https:\/\/www.avistahideawayphuketresort.com\/#website","url":"https:\/\/www.avistahideawayphuketresort.com\/","name":"Avista Hideaway Phuket Patong","description":"","potentialAction":[{"@type":"SearchAction","target":{"@type":"EntryPoint","urlTemplate":"https:\/\/www.avistahideawayphuketresort.com\/?s={search_term_string}"},"query-input":{"@type":"PropertyValueSpecification","valueRequired":true,"valueName":"search_term_string"}}],"inLanguage":"de-DE"}]}},"_links":{"self":[{"href":"https:\/\/www.avistahideawayphuketresort.com\/de\/wp-json\/wp\/v2\/pages\/1448","targetHints":{"allow":["GET"]}}],"collection":[{"href":"https:\/\/www.avistahideawayphuketresort.com\/de\/wp-json\/wp\/v2\/pages"}],"about":[{"href":"https:\/\/www.avistahideawayphuketresort.com\/de\/wp-json\/wp\/v2\/types\/page"}],"author":[{"embeddable":true,"href":"https:\/\/www.avistahideawayphuketresort.com\/de\/wp-json\/wp\/v2\/users\/55"}],"replies":[{"embeddable":true,"href":"https:\/\/www.avistahideawayphuketresort.com\/de\/wp-json\/wp\/v2\/comments?post=1448"}],"version-history":[{"count":0,"href":"https:\/\/www.avistahideawayphuketresort.com\/de\/wp-json\/wp\/v2\/pages\/1448\/revisions"}],"up":[{"embeddable":true,"href":"https:\/\/www.avistahideawayphuketresort.com\/de\/wp-json\/wp\/v2\/pages\/1353"}],"wp:attachment":[{"href":"https:\/\/www.avistahideawayphuketresort.com\/de\/wp-json\/wp\/v2\/media?parent=1448"}],"wp:term":[{"taxonomy":"category","embeddable":true,"href":"https:\/\/www.avistahideawayphuketresort.com\/de\/wp-json\/wp\/v2\/categories?post=1448"}],"curies":[{"name":"wp","href":"https:\/\/api.w.org\/{rel}","templated":true}]}}