{"id":1451,"date":"2023-05-04T06:38:12","date_gmt":"2023-05-04T06:38:12","guid":{"rendered":"https:\/\/www.avistahideawayphuketresort.com\/things-to-do-phuket\/island-hopping-tours\/koh-phi-phi-islands\/"},"modified":"2023-07-12T23:28:35","modified_gmt":"2023-07-12T23:28:35","slug":"koh-phi-phi-islands","status":"publish","type":"page","link":"https:\/\/www.avistahideawayphuketresort.com\/de\/things-to-do-phuket\/island-hopping-tours\/koh-phi-phi-islands\/","title":{"rendered":"Ausflug zur Insel Phi Phi"},"content":{"rendered":"<p style=\"text-align: center;\"><b>Phi Phi Island ist <\/b><span style=\"font-weight: 400;\">wohl eine der ber\u00fchmtesten Inseln der Welt und besteht aus 6 Inseln: Phi Phi Don, Phi Phi Leh, Koh Bida Islands, Mosquito Island und Bamboo Island. <\/span><br \/>\n<span style=\"font-weight: 400;\">Wei\u00dfe <\/span><a href=\"https:\/\/www.avistahideawayphuketresort.com\/de\/things-to-do-in-phuket\/island-hopping-tours\/koh-phi-phi-islands\/v\"><span style=\"font-weight: 400;\">Sandstr\u00e4nde<\/span><\/a><span style=\"font-weight: 400;\">, <\/span><span style=\"font-weight: 400;\">atemberaubender Dschungel, azurblaues Meer und Korallenriffe sind ein Paradies f\u00fcr alle, die diese Inseln besuchen. Nehmen Sie eine zweist\u00fcndige F\u00e4hre von Phuket Stadt am Rassada Pier zum Tonsai Pier von Phi Phi Don. Suchen Sie sich bei Ihrer Ankunft einen zuverl\u00e4ssigen Anbieter f\u00fcr Bootsausfl\u00fcge, um von einer Insel zur anderen zu gelangen, und genie\u00dfen Sie die unber\u00fchrte Natur f\u00fcr ein unvergessliches Postkartenmotiv!<\/span><br \/>\n<strong>Phi Phi Don<\/strong><br \/>\n<span style=\"font-weight: 400;\">Phi Phi Don ist die Hauptinsel, auf der sich die Hotels und Bars konzentrieren, um das Nachtleben in den verschiedenen D\u00f6rfern zu genie\u00dfen. W\u00e4hrend des Tages k\u00f6nnen Sie die <\/span><a href=\"https:\/\/www.avistahideawayphuketresort.com\/de\/what-to-do-in-phuket\/visit-phuket\/\"><span style=\"font-weight: 400;\">Phuket Sehensw\u00fcrdigkeiten<\/span><\/a><span style=\"font-weight: 400;\"> mehrere Buchten und Str\u00e4nde wie Monkey Beach und Loh Dalum Bay genie\u00dfen. Dies ist eine der wichtigsten Inseln in der <\/span><b>Phi Phi Insel Tour <\/b><span style=\"font-weight: 400;\">f\u00fcr Touristen.<\/span><br \/>\n<strong>Phi Phi Leh<\/strong><br \/>\n<span style=\"font-weight: 400;\">Im S\u00fcden von Phi Phi Don gelegen, ist dies ein hervorragender Ort f\u00fcr <\/span><a href=\"https:\/\/www.avistahideawayphuketresort.com\/de\/what-to-do-in-phuket\/activities-in-phuket\/\"><span style=\"font-weight: 400;\">Aktivit\u00e4ten in Phuket<\/span><\/a><span style=\"font-weight: 400;\"> wie Tauchen und Schnorcheln. Loh Sama (Sama Bay) ist ein ausgezeichneter Ort, um sch\u00f6ne Korallen und tropische Fische zu entdecken. Auch Maya Bay, die weltber\u00fchmte Bucht, ist der Zugang auf unbestimmte Zeit nicht erlaubt, um das marine \u00d6kosystem zu sch\u00fctzen.<\/span><br \/>\n<strong>Koh Bida Inseln<\/strong><br \/>\nKoh Bida Nok und Koh Bida Nai sind beide wundersch\u00f6n, wo man Schildkr\u00f6ten und Haie sehen kann. Tauchen ist ein Muss, um die Riffe und unglaubliche Arten zu sehen.<br \/>\n<strong>Moskito-Insel<\/strong><br \/>\nDie Insel mit dem wohlklingenden Namen ist bei Sonnenuntergang mit ihrer L\u00e4nge von 1 Kilometer dennoch wundersch\u00f6n. Auch hier ist die Hauptaktivit\u00e4t das Tauchen in den Weichkorallenriffen und das Beobachten von Meereslebewesen und Haien.<br \/>\n<strong>Bambusinsel<\/strong><br \/>\nWenn Sie einen Strand abseits der \u00fcberf\u00fcllten Hauptinseln suchen, bietet Bamboo Island genau das, was Sie erwarten. Allerdings kann es von Dezember bis M\u00e4rz sehr voll sein, aber es lohnt sich, den wundersch\u00f6nen wei\u00dfen Sandstrand und das t\u00fcrkisfarbene Wasser zu genie\u00dfen.<br \/>\n<span style=\"font-weight: 400;\">Auf der Inselgruppe <\/span><b>Phi Phi <\/b><a href=\"https:\/\/www.avistahideawayphuketresort.com\/de\/what-to-do-in-phuket\/island-hopping-tours\/\"><b>in Phuket<\/b><\/a><span style=\"font-weight: 400;\"> gibt es so viel zu sehen und zu erkunden, wenn man eine Hopping-Tour macht. Eine unglaubliche Reise wartet auf Sie in Phuket!<\/span><\/p>\n","protected":false},"excerpt":{"rendered":"<p>Phi Phi Island ist wohl eine der ber\u00fchmtesten Inseln der Welt und besteht aus 6 Inseln: Phi Phi Don, Phi Phi Leh, Koh Bida Islands, Mosquito Island und Bamboo Island. Wei\u00dfe Sandstr\u00e4nde, atemberaubender Dschungel, azurblaues Meer und Korallenriffe sind ein Paradies f\u00fcr alle, die diese Inseln besuchen. Nehmen Sie eine zweist\u00fcndige F\u00e4hre von Phuket Stadt [&hellip;]<\/p>\n","protected":false},"author":55,"featured_media":0,"parent":1448,"menu_order":1,"comment_status":"closed","ping_status":"closed","template":"","meta":{"footnotes":""},"categories":[],"class_list":["post-1451","page","type-page","status-publish","hentry"],"acf":[],"yoast_head":"<!-- This site is optimized with the Yoast SEO plugin v26.9 - https:\/\/yoast.com\/product\/yoast-seo-wordpress\/ -->\n<title>Ausflug zur Insel Phi Phi - Avista Hideaway Phuket Patong<\/title>\n<meta name=\"robots\" content=\"index, follow, max-snippet:-1, max-image-preview:large, max-video-preview:-1\" \/>\n<link rel=\"canonical\" href=\"https:\/\/www.avistahideawayphuketresort.com\/de\/things-to-do-phuket\/island-hopping-tours\/koh-phi-phi-islands\/\" \/>\n<meta property=\"og:locale\" content=\"de_DE\" \/>\n<meta property=\"og:type\" content=\"article\" \/>\n<meta property=\"og:title\" content=\"Ausflug zur Insel Phi Phi - Avista Hideaway Phuket Patong\" \/>\n<meta property=\"og:description\" content=\"Phi Phi Island ist wohl eine der ber\u00fchmtesten Inseln der Welt und besteht aus 6 Inseln: Phi Phi Don, Phi Phi Leh, Koh Bida Islands, Mosquito Island und Bamboo Island. Wei\u00dfe Sandstr\u00e4nde, atemberaubender Dschungel, azurblaues Meer und Korallenriffe sind ein Paradies f\u00fcr alle, die diese Inseln besuchen. Nehmen Sie eine zweist\u00fcndige F\u00e4hre von Phuket Stadt [&hellip;]\" \/>\n<meta property=\"og:url\" content=\"https:\/\/www.avistahideawayphuketresort.com\/de\/things-to-do-phuket\/island-hopping-tours\/koh-phi-phi-islands\/\" \/>\n<meta property=\"og:site_name\" content=\"Avista Hideaway Phuket Patong\" \/>\n<meta property=\"article:modified_time\" content=\"2023-07-12T23:28:35+00:00\" \/>\n<meta name=\"twitter:card\" content=\"summary_large_image\" \/>\n<meta name=\"twitter:label1\" content=\"Gesch\u00e4tzte Lesezeit\" \/>\n\t<meta name=\"twitter:data1\" content=\"2 Minuten\" \/>\n<script type=\"application\/ld+json\" class=\"yoast-schema-graph\">{\"@context\":\"https:\/\/schema.org\",\"@graph\":[{\"@type\":\"WebPage\",\"@id\":\"https:\/\/www.avistahideawayphuketresort.com\/de\/things-to-do-phuket\/island-hopping-tours\/koh-phi-phi-islands\/\",\"url\":\"https:\/\/www.avistahideawayphuketresort.com\/de\/things-to-do-phuket\/island-hopping-tours\/koh-phi-phi-islands\/\",\"name\":\"Ausflug zur Insel Phi Phi - Avista Hideaway Phuket Patong\",\"isPartOf\":{\"@id\":\"https:\/\/www.avistahideawayphuketresort.com\/#website\"},\"datePublished\":\"2023-05-04T06:38:12+00:00\",\"dateModified\":\"2023-07-12T23:28:35+00:00\",\"breadcrumb\":{\"@id\":\"https:\/\/www.avistahideawayphuketresort.com\/de\/things-to-do-phuket\/island-hopping-tours\/koh-phi-phi-islands\/#breadcrumb\"},\"inLanguage\":\"de-DE\",\"potentialAction\":[{\"@type\":\"ReadAction\",\"target\":[\"https:\/\/www.avistahideawayphuketresort.com\/de\/things-to-do-phuket\/island-hopping-tours\/koh-phi-phi-islands\/\"]}]},{\"@type\":\"BreadcrumbList\",\"@id\":\"https:\/\/www.avistahideawayphuketresort.com\/de\/things-to-do-phuket\/island-hopping-tours\/koh-phi-phi-islands\/#breadcrumb\",\"itemListElement\":[{\"@type\":\"ListItem\",\"position\":1,\"name\":\"Home\",\"item\":\"https:\/\/www.avistahideawayphuketresort.com\/de\/\"},{\"@type\":\"ListItem\",\"position\":2,\"name\":\"Was kann man in Phuket unternehmen?\",\"item\":\"https:\/\/www.avistahideawayphuketresort.com\/de\/things-to-do-phuket\/\"},{\"@type\":\"ListItem\",\"position\":3,\"name\":\"Insel-Hopping-Touren\",\"item\":\"https:\/\/www.avistahideawayphuketresort.com\/de\/things-to-do-phuket\/island-hopping-tours\/\"},{\"@type\":\"ListItem\",\"position\":4,\"name\":\"Ausflug zur Insel Phi Phi\"}]},{\"@type\":\"WebSite\",\"@id\":\"https:\/\/www.avistahideawayphuketresort.com\/#website\",\"url\":\"https:\/\/www.avistahideawayphuketresort.com\/\",\"name\":\"Avista Hideaway Phuket Patong\",\"description\":\"\",\"potentialAction\":[{\"@type\":\"SearchAction\",\"target\":{\"@type\":\"EntryPoint\",\"urlTemplate\":\"https:\/\/www.avistahideawayphuketresort.com\/?s={search_term_string}\"},\"query-input\":{\"@type\":\"PropertyValueSpecification\",\"valueRequired\":true,\"valueName\":\"search_term_string\"}}],\"inLanguage\":\"de-DE\"}]}<\/script>\n<!-- \/ Yoast SEO plugin. -->","yoast_head_json":{"title":"Ausflug zur Insel Phi Phi - Avista Hideaway Phuket Patong","robots":{"index":"index","follow":"follow","max-snippet":"max-snippet:-1","max-image-preview":"max-image-preview:large","max-video-preview":"max-video-preview:-1"},"canonical":"https:\/\/www.avistahideawayphuketresort.com\/de\/things-to-do-phuket\/island-hopping-tours\/koh-phi-phi-islands\/","og_locale":"de_DE","og_type":"article","og_title":"Ausflug zur Insel Phi Phi - Avista Hideaway Phuket Patong","og_description":"Phi Phi Island ist wohl eine der ber\u00fchmtesten Inseln der Welt und besteht aus 6 Inseln: Phi Phi Don, Phi Phi Leh, Koh Bida Islands, Mosquito Island und Bamboo Island. Wei\u00dfe Sandstr\u00e4nde, atemberaubender Dschungel, azurblaues Meer und Korallenriffe sind ein Paradies f\u00fcr alle, die diese Inseln besuchen. Nehmen Sie eine zweist\u00fcndige F\u00e4hre von Phuket Stadt [&hellip;]","og_url":"https:\/\/www.avistahideawayphuketresort.com\/de\/things-to-do-phuket\/island-hopping-tours\/koh-phi-phi-islands\/","og_site_name":"Avista Hideaway Phuket Patong","article_modified_time":"2023-07-12T23:28:35+00:00","twitter_card":"summary_large_image","twitter_misc":{"Gesch\u00e4tzte Lesezeit":"2 Minuten"},"schema":{"@context":"https:\/\/schema.org","@graph":[{"@type":"WebPage","@id":"https:\/\/www.avistahideawayphuketresort.com\/de\/things-to-do-phuket\/island-hopping-tours\/koh-phi-phi-islands\/","url":"https:\/\/www.avistahideawayphuketresort.com\/de\/things-to-do-phuket\/island-hopping-tours\/koh-phi-phi-islands\/","name":"Ausflug zur Insel Phi Phi - Avista Hideaway Phuket Patong","isPartOf":{"@id":"https:\/\/www.avistahideawayphuketresort.com\/#website"},"datePublished":"2023-05-04T06:38:12+00:00","dateModified":"2023-07-12T23:28:35+00:00","breadcrumb":{"@id":"https:\/\/www.avistahideawayphuketresort.com\/de\/things-to-do-phuket\/island-hopping-tours\/koh-phi-phi-islands\/#breadcrumb"},"inLanguage":"de-DE","potentialAction":[{"@type":"ReadAction","target":["https:\/\/www.avistahideawayphuketresort.com\/de\/things-to-do-phuket\/island-hopping-tours\/koh-phi-phi-islands\/"]}]},{"@type":"BreadcrumbList","@id":"https:\/\/www.avistahideawayphuketresort.com\/de\/things-to-do-phuket\/island-hopping-tours\/koh-phi-phi-islands\/#breadcrumb","itemListElement":[{"@type":"ListItem","position":1,"name":"Home","item":"https:\/\/www.avistahideawayphuketresort.com\/de\/"},{"@type":"ListItem","position":2,"name":"Was kann man in Phuket unternehmen?","item":"https:\/\/www.avistahideawayphuketresort.com\/de\/things-to-do-phuket\/"},{"@type":"ListItem","position":3,"name":"Insel-Hopping-Touren","item":"https:\/\/www.avistahideawayphuketresort.com\/de\/things-to-do-phuket\/island-hopping-tours\/"},{"@type":"ListItem","position":4,"name":"Ausflug zur Insel Phi Phi"}]},{"@type":"WebSite","@id":"https:\/\/www.avistahideawayphuketresort.com\/#website","url":"https:\/\/www.avistahideawayphuketresort.com\/","name":"Avista Hideaway Phuket Patong","description":"","potentialAction":[{"@type":"SearchAction","target":{"@type":"EntryPoint","urlTemplate":"https:\/\/www.avistahideawayphuketresort.com\/?s={search_term_string}"},"query-input":{"@type":"PropertyValueSpecification","valueRequired":true,"valueName":"search_term_string"}}],"inLanguage":"de-DE"}]}},"_links":{"self":[{"href":"https:\/\/www.avistahideawayphuketresort.com\/de\/wp-json\/wp\/v2\/pages\/1451","targetHints":{"allow":["GET"]}}],"collection":[{"href":"https:\/\/www.avistahideawayphuketresort.com\/de\/wp-json\/wp\/v2\/pages"}],"about":[{"href":"https:\/\/www.avistahideawayphuketresort.com\/de\/wp-json\/wp\/v2\/types\/page"}],"author":[{"embeddable":true,"href":"https:\/\/www.avistahideawayphuketresort.com\/de\/wp-json\/wp\/v2\/users\/55"}],"replies":[{"embeddable":true,"href":"https:\/\/www.avistahideawayphuketresort.com\/de\/wp-json\/wp\/v2\/comments?post=1451"}],"version-history":[{"count":0,"href":"https:\/\/www.avistahideawayphuketresort.com\/de\/wp-json\/wp\/v2\/pages\/1451\/revisions"}],"up":[{"embeddable":true,"href":"https:\/\/www.avistahideawayphuketresort.com\/de\/wp-json\/wp\/v2\/pages\/1448"}],"wp:attachment":[{"href":"https:\/\/www.avistahideawayphuketresort.com\/de\/wp-json\/wp\/v2\/media?parent=1451"}],"wp:term":[{"taxonomy":"category","embeddable":true,"href":"https:\/\/www.avistahideawayphuketresort.com\/de\/wp-json\/wp\/v2\/categories?post=1451"}],"curies":[{"name":"wp","href":"https:\/\/api.w.org\/{rel}","templated":true}]}}