{"id":1475,"date":"2023-05-04T06:40:17","date_gmt":"2023-05-04T06:40:17","guid":{"rendered":"https:\/\/www.avistahideawayphuketresort.com\/things-to-do-phuket\/nightlife-in-patong\/thai-kickboxing\/"},"modified":"2023-07-12T23:29:30","modified_gmt":"2023-07-12T23:29:30","slug":"thai-kickboxing","status":"publish","type":"page","link":"https:\/\/www.avistahideawayphuketresort.com\/de\/things-to-do-phuket\/nightlife-in-patong\/thai-kickboxing\/","title":{"rendered":"Thai-Kickboxen"},"content":{"rendered":"<p style=\"text-align: center;\">Muay Thai ist eine der beliebtesten Zuschauersportarten in Thailand. Auch wenn es im Fernsehen schon aufregend genug ist, sind die unerbittlichen Schl\u00e4ge, die vernichtenden Ellbogenschl\u00e4ge, die kraftvollen Tritte und die raffinierten Finten noch fesselnder, wenn man sie live erlebt. Phuket-Reisende k\u00f6nnen Thai-Boxk\u00e4mpfe in speziell errichteten Stadien in der Soi Sai Namyen in Patong erleben.<br \/>\n<strong>Bangla Boxing Stadium:<\/strong><br \/>\nJeden Mittwoch, Freitag und Sonntag ge\u00f6ffnet.<br \/>\nVIP-Sitzplatz &#8211; THB 2.500<br \/>\nRingseite &#8211; THB 2.000<br \/>\nStadion &#8211; THB 1.700<br \/>\nUhrzeit: 21.00 &#8211; 23.00 Uhr.<br \/>\n<strong>Patong Boxing Stadium:<\/strong><br \/>\nJeden Montag, Donnerstag und Samstag ge\u00f6ffnet.<br \/>\nVIP-Sitzplatz &#8211; THB 1.800<br \/>\nRingseite &#8211; THB 1.500<br \/>\nStadion &#8211; THB 1.300<br \/>\nUhrzeit: 21.00 &#8211; 23.00 Uhr.<\/p>\n","protected":false},"excerpt":{"rendered":"<p>Muay Thai ist eine der beliebtesten Zuschauersportarten in Thailand. Auch wenn es im Fernsehen schon aufregend genug ist, sind die unerbittlichen Schl\u00e4ge, die vernichtenden Ellbogenschl\u00e4ge, die kraftvollen Tritte und die raffinierten Finten noch fesselnder, wenn man sie live erlebt. Phuket-Reisende k\u00f6nnen Thai-Boxk\u00e4mpfe in speziell errichteten Stadien in der Soi Sai Namyen in Patong erleben. Bangla [&hellip;]<\/p>\n","protected":false},"author":55,"featured_media":0,"parent":1472,"menu_order":1,"comment_status":"closed","ping_status":"closed","template":"","meta":{"footnotes":""},"categories":[],"class_list":["post-1475","page","type-page","status-publish","hentry"],"acf":[],"yoast_head":"<!-- This site is optimized with the Yoast SEO plugin v26.9 - https:\/\/yoast.com\/product\/yoast-seo-wordpress\/ -->\n<title>Thai-Kickboxen - Avista Hideaway Phuket Patong<\/title>\n<meta name=\"robots\" content=\"index, follow, max-snippet:-1, max-image-preview:large, max-video-preview:-1\" \/>\n<link rel=\"canonical\" href=\"https:\/\/www.avistahideawayphuketresort.com\/de\/things-to-do-phuket\/nightlife-in-patong\/thai-kickboxing\/\" \/>\n<meta property=\"og:locale\" content=\"de_DE\" \/>\n<meta property=\"og:type\" content=\"article\" \/>\n<meta property=\"og:title\" content=\"Thai-Kickboxen - Avista Hideaway Phuket Patong\" \/>\n<meta property=\"og:description\" content=\"Muay Thai ist eine der beliebtesten Zuschauersportarten in Thailand. Auch wenn es im Fernsehen schon aufregend genug ist, sind die unerbittlichen Schl\u00e4ge, die vernichtenden Ellbogenschl\u00e4ge, die kraftvollen Tritte und die raffinierten Finten noch fesselnder, wenn man sie live erlebt. Phuket-Reisende k\u00f6nnen Thai-Boxk\u00e4mpfe in speziell errichteten Stadien in der Soi Sai Namyen in Patong erleben. Bangla [&hellip;]\" \/>\n<meta property=\"og:url\" content=\"https:\/\/www.avistahideawayphuketresort.com\/de\/things-to-do-phuket\/nightlife-in-patong\/thai-kickboxing\/\" \/>\n<meta property=\"og:site_name\" content=\"Avista Hideaway Phuket Patong\" \/>\n<meta property=\"article:modified_time\" content=\"2023-07-12T23:29:30+00:00\" \/>\n<meta name=\"twitter:card\" content=\"summary_large_image\" \/>\n<meta name=\"twitter:label1\" content=\"Gesch\u00e4tzte Lesezeit\" \/>\n\t<meta name=\"twitter:data1\" content=\"1 Minute\" \/>\n<script type=\"application\/ld+json\" class=\"yoast-schema-graph\">{\"@context\":\"https:\/\/schema.org\",\"@graph\":[{\"@type\":\"WebPage\",\"@id\":\"https:\/\/www.avistahideawayphuketresort.com\/de\/things-to-do-phuket\/nightlife-in-patong\/thai-kickboxing\/\",\"url\":\"https:\/\/www.avistahideawayphuketresort.com\/de\/things-to-do-phuket\/nightlife-in-patong\/thai-kickboxing\/\",\"name\":\"Thai-Kickboxen - Avista Hideaway Phuket Patong\",\"isPartOf\":{\"@id\":\"https:\/\/www.avistahideawayphuketresort.com\/#website\"},\"datePublished\":\"2023-05-04T06:40:17+00:00\",\"dateModified\":\"2023-07-12T23:29:30+00:00\",\"breadcrumb\":{\"@id\":\"https:\/\/www.avistahideawayphuketresort.com\/de\/things-to-do-phuket\/nightlife-in-patong\/thai-kickboxing\/#breadcrumb\"},\"inLanguage\":\"de-DE\",\"potentialAction\":[{\"@type\":\"ReadAction\",\"target\":[\"https:\/\/www.avistahideawayphuketresort.com\/de\/things-to-do-phuket\/nightlife-in-patong\/thai-kickboxing\/\"]}]},{\"@type\":\"BreadcrumbList\",\"@id\":\"https:\/\/www.avistahideawayphuketresort.com\/de\/things-to-do-phuket\/nightlife-in-patong\/thai-kickboxing\/#breadcrumb\",\"itemListElement\":[{\"@type\":\"ListItem\",\"position\":1,\"name\":\"Home\",\"item\":\"https:\/\/www.avistahideawayphuketresort.com\/de\/\"},{\"@type\":\"ListItem\",\"position\":2,\"name\":\"Was kann man in Phuket unternehmen?\",\"item\":\"https:\/\/www.avistahideawayphuketresort.com\/de\/things-to-do-phuket\/\"},{\"@type\":\"ListItem\",\"position\":3,\"name\":\"Nachtleben in Patong\",\"item\":\"https:\/\/www.avistahideawayphuketresort.com\/de\/things-to-do-phuket\/nightlife-in-patong\/\"},{\"@type\":\"ListItem\",\"position\":4,\"name\":\"Thai-Kickboxen\"}]},{\"@type\":\"WebSite\",\"@id\":\"https:\/\/www.avistahideawayphuketresort.com\/#website\",\"url\":\"https:\/\/www.avistahideawayphuketresort.com\/\",\"name\":\"Avista Hideaway Phuket Patong\",\"description\":\"\",\"potentialAction\":[{\"@type\":\"SearchAction\",\"target\":{\"@type\":\"EntryPoint\",\"urlTemplate\":\"https:\/\/www.avistahideawayphuketresort.com\/?s={search_term_string}\"},\"query-input\":{\"@type\":\"PropertyValueSpecification\",\"valueRequired\":true,\"valueName\":\"search_term_string\"}}],\"inLanguage\":\"de-DE\"}]}<\/script>\n<!-- \/ Yoast SEO plugin. -->","yoast_head_json":{"title":"Thai-Kickboxen - Avista Hideaway Phuket Patong","robots":{"index":"index","follow":"follow","max-snippet":"max-snippet:-1","max-image-preview":"max-image-preview:large","max-video-preview":"max-video-preview:-1"},"canonical":"https:\/\/www.avistahideawayphuketresort.com\/de\/things-to-do-phuket\/nightlife-in-patong\/thai-kickboxing\/","og_locale":"de_DE","og_type":"article","og_title":"Thai-Kickboxen - Avista Hideaway Phuket Patong","og_description":"Muay Thai ist eine der beliebtesten Zuschauersportarten in Thailand. Auch wenn es im Fernsehen schon aufregend genug ist, sind die unerbittlichen Schl\u00e4ge, die vernichtenden Ellbogenschl\u00e4ge, die kraftvollen Tritte und die raffinierten Finten noch fesselnder, wenn man sie live erlebt. Phuket-Reisende k\u00f6nnen Thai-Boxk\u00e4mpfe in speziell errichteten Stadien in der Soi Sai Namyen in Patong erleben. Bangla [&hellip;]","og_url":"https:\/\/www.avistahideawayphuketresort.com\/de\/things-to-do-phuket\/nightlife-in-patong\/thai-kickboxing\/","og_site_name":"Avista Hideaway Phuket Patong","article_modified_time":"2023-07-12T23:29:30+00:00","twitter_card":"summary_large_image","twitter_misc":{"Gesch\u00e4tzte Lesezeit":"1 Minute"},"schema":{"@context":"https:\/\/schema.org","@graph":[{"@type":"WebPage","@id":"https:\/\/www.avistahideawayphuketresort.com\/de\/things-to-do-phuket\/nightlife-in-patong\/thai-kickboxing\/","url":"https:\/\/www.avistahideawayphuketresort.com\/de\/things-to-do-phuket\/nightlife-in-patong\/thai-kickboxing\/","name":"Thai-Kickboxen - Avista Hideaway Phuket Patong","isPartOf":{"@id":"https:\/\/www.avistahideawayphuketresort.com\/#website"},"datePublished":"2023-05-04T06:40:17+00:00","dateModified":"2023-07-12T23:29:30+00:00","breadcrumb":{"@id":"https:\/\/www.avistahideawayphuketresort.com\/de\/things-to-do-phuket\/nightlife-in-patong\/thai-kickboxing\/#breadcrumb"},"inLanguage":"de-DE","potentialAction":[{"@type":"ReadAction","target":["https:\/\/www.avistahideawayphuketresort.com\/de\/things-to-do-phuket\/nightlife-in-patong\/thai-kickboxing\/"]}]},{"@type":"BreadcrumbList","@id":"https:\/\/www.avistahideawayphuketresort.com\/de\/things-to-do-phuket\/nightlife-in-patong\/thai-kickboxing\/#breadcrumb","itemListElement":[{"@type":"ListItem","position":1,"name":"Home","item":"https:\/\/www.avistahideawayphuketresort.com\/de\/"},{"@type":"ListItem","position":2,"name":"Was kann man in Phuket unternehmen?","item":"https:\/\/www.avistahideawayphuketresort.com\/de\/things-to-do-phuket\/"},{"@type":"ListItem","position":3,"name":"Nachtleben in Patong","item":"https:\/\/www.avistahideawayphuketresort.com\/de\/things-to-do-phuket\/nightlife-in-patong\/"},{"@type":"ListItem","position":4,"name":"Thai-Kickboxen"}]},{"@type":"WebSite","@id":"https:\/\/www.avistahideawayphuketresort.com\/#website","url":"https:\/\/www.avistahideawayphuketresort.com\/","name":"Avista Hideaway Phuket Patong","description":"","potentialAction":[{"@type":"SearchAction","target":{"@type":"EntryPoint","urlTemplate":"https:\/\/www.avistahideawayphuketresort.com\/?s={search_term_string}"},"query-input":{"@type":"PropertyValueSpecification","valueRequired":true,"valueName":"search_term_string"}}],"inLanguage":"de-DE"}]}},"_links":{"self":[{"href":"https:\/\/www.avistahideawayphuketresort.com\/de\/wp-json\/wp\/v2\/pages\/1475","targetHints":{"allow":["GET"]}}],"collection":[{"href":"https:\/\/www.avistahideawayphuketresort.com\/de\/wp-json\/wp\/v2\/pages"}],"about":[{"href":"https:\/\/www.avistahideawayphuketresort.com\/de\/wp-json\/wp\/v2\/types\/page"}],"author":[{"embeddable":true,"href":"https:\/\/www.avistahideawayphuketresort.com\/de\/wp-json\/wp\/v2\/users\/55"}],"replies":[{"embeddable":true,"href":"https:\/\/www.avistahideawayphuketresort.com\/de\/wp-json\/wp\/v2\/comments?post=1475"}],"version-history":[{"count":0,"href":"https:\/\/www.avistahideawayphuketresort.com\/de\/wp-json\/wp\/v2\/pages\/1475\/revisions"}],"up":[{"embeddable":true,"href":"https:\/\/www.avistahideawayphuketresort.com\/de\/wp-json\/wp\/v2\/pages\/1472"}],"wp:attachment":[{"href":"https:\/\/www.avistahideawayphuketresort.com\/de\/wp-json\/wp\/v2\/media?parent=1475"}],"wp:term":[{"taxonomy":"category","embeddable":true,"href":"https:\/\/www.avistahideawayphuketresort.com\/de\/wp-json\/wp\/v2\/categories?post=1475"}],"curies":[{"name":"wp","href":"https:\/\/api.w.org\/{rel}","templated":true}]}}