{"id":1478,"date":"2023-05-04T06:41:09","date_gmt":"2023-05-04T06:41:09","guid":{"rendered":"https:\/\/www.avistahideawayphuketresort.com\/things-to-do-phuket\/nightlife-in-patong\/phuket-fantasea\/"},"modified":"2023-07-06T03:09:49","modified_gmt":"2023-07-06T03:09:49","slug":"phuket-fantasea","status":"publish","type":"page","link":"https:\/\/www.avistahideawayphuketresort.com\/de\/things-to-do-phuket\/nightlife-in-patong\/phuket-fantasea\/","title":{"rendered":"Phuket Fantasea"},"content":{"rendered":"<p style=\"text-align: center;\">Phuket Fantasea ist die gr\u00f6\u00dfte Show der Insel. Mit Trapezk\u00fcnstlern, Hunderten von Darstellern, Elefanten und anderen Tieren und einer exotischen Geschichte, die Tradition und Fantasie miteinander verbindet, werden Sie hier einen wunderbaren Abend verbringen. Doch damit nicht genug der Extravaganz: Das FantaSea beherbergt auch eines der gr\u00f6\u00dften Buffets Asiens und ist in einen Themenpark eingebettet, der karnevals\u00e4hnliche Spiele, zahlreiche Einkaufsm\u00f6glichkeiten, einen Palast der Elefanten, ein Similan Adventure Centre und mehrere andere gastronomische Einrichtungen bietet. Es ist spektakul\u00e4r, extravagant, beeindruckend und ein gro\u00dfer Unterhaltungswert f\u00fcr alle.<br \/>\n<strong>Entfernung vom Hotel:<\/strong> 12 km<br \/>\n<strong>Zeitaufwand f\u00fcr den Besuch:<\/strong> 3 Stunden<br \/>\nShow Zeit: 9pm<br \/>\n<strong>Preis :<\/strong> Von 2150 &#8211; 2900 THB pro Person.<\/p>\n","protected":false},"excerpt":{"rendered":"<p>Phuket Fantasea ist die gr\u00f6\u00dfte Show der Insel. Mit Trapezk\u00fcnstlern, Hunderten von Darstellern, Elefanten und anderen Tieren und einer exotischen Geschichte, die Tradition und Fantasie miteinander verbindet, werden Sie hier einen wunderbaren Abend verbringen. Doch damit nicht genug der Extravaganz: Das FantaSea beherbergt auch eines der gr\u00f6\u00dften Buffets Asiens und ist in einen Themenpark eingebettet, [&hellip;]<\/p>\n","protected":false},"author":55,"featured_media":0,"parent":1472,"menu_order":2,"comment_status":"closed","ping_status":"closed","template":"","meta":{"footnotes":""},"categories":[],"class_list":["post-1478","page","type-page","status-publish","hentry"],"acf":[],"yoast_head":"<!-- This site is optimized with the Yoast SEO plugin v26.9 - https:\/\/yoast.com\/product\/yoast-seo-wordpress\/ -->\n<title>Phuket Fantasea - Avista Hideaway Phuket Patong<\/title>\n<meta name=\"robots\" content=\"index, follow, max-snippet:-1, max-image-preview:large, max-video-preview:-1\" \/>\n<link rel=\"canonical\" href=\"https:\/\/www.avistahideawayphuketresort.com\/de\/things-to-do-phuket\/nightlife-in-patong\/phuket-fantasea\/\" \/>\n<meta property=\"og:locale\" content=\"de_DE\" \/>\n<meta property=\"og:type\" content=\"article\" \/>\n<meta property=\"og:title\" content=\"Phuket Fantasea - Avista Hideaway Phuket Patong\" \/>\n<meta property=\"og:description\" content=\"Phuket Fantasea ist die gr\u00f6\u00dfte Show der Insel. Mit Trapezk\u00fcnstlern, Hunderten von Darstellern, Elefanten und anderen Tieren und einer exotischen Geschichte, die Tradition und Fantasie miteinander verbindet, werden Sie hier einen wunderbaren Abend verbringen. Doch damit nicht genug der Extravaganz: Das FantaSea beherbergt auch eines der gr\u00f6\u00dften Buffets Asiens und ist in einen Themenpark eingebettet, [&hellip;]\" \/>\n<meta property=\"og:url\" content=\"https:\/\/www.avistahideawayphuketresort.com\/de\/things-to-do-phuket\/nightlife-in-patong\/phuket-fantasea\/\" \/>\n<meta property=\"og:site_name\" content=\"Avista Hideaway Phuket Patong\" \/>\n<meta property=\"article:modified_time\" content=\"2023-07-06T03:09:49+00:00\" \/>\n<meta name=\"twitter:card\" content=\"summary_large_image\" \/>\n<meta name=\"twitter:label1\" content=\"Gesch\u00e4tzte Lesezeit\" \/>\n\t<meta name=\"twitter:data1\" content=\"1 Minute\" \/>\n<script type=\"application\/ld+json\" class=\"yoast-schema-graph\">{\"@context\":\"https:\/\/schema.org\",\"@graph\":[{\"@type\":\"WebPage\",\"@id\":\"https:\/\/www.avistahideawayphuketresort.com\/de\/things-to-do-phuket\/nightlife-in-patong\/phuket-fantasea\/\",\"url\":\"https:\/\/www.avistahideawayphuketresort.com\/de\/things-to-do-phuket\/nightlife-in-patong\/phuket-fantasea\/\",\"name\":\"Phuket Fantasea - Avista Hideaway Phuket Patong\",\"isPartOf\":{\"@id\":\"https:\/\/www.avistahideawayphuketresort.com\/#website\"},\"datePublished\":\"2023-05-04T06:41:09+00:00\",\"dateModified\":\"2023-07-06T03:09:49+00:00\",\"breadcrumb\":{\"@id\":\"https:\/\/www.avistahideawayphuketresort.com\/de\/things-to-do-phuket\/nightlife-in-patong\/phuket-fantasea\/#breadcrumb\"},\"inLanguage\":\"de-DE\",\"potentialAction\":[{\"@type\":\"ReadAction\",\"target\":[\"https:\/\/www.avistahideawayphuketresort.com\/de\/things-to-do-phuket\/nightlife-in-patong\/phuket-fantasea\/\"]}]},{\"@type\":\"BreadcrumbList\",\"@id\":\"https:\/\/www.avistahideawayphuketresort.com\/de\/things-to-do-phuket\/nightlife-in-patong\/phuket-fantasea\/#breadcrumb\",\"itemListElement\":[{\"@type\":\"ListItem\",\"position\":1,\"name\":\"Home\",\"item\":\"https:\/\/www.avistahideawayphuketresort.com\/de\/\"},{\"@type\":\"ListItem\",\"position\":2,\"name\":\"Was kann man in Phuket unternehmen?\",\"item\":\"https:\/\/www.avistahideawayphuketresort.com\/de\/things-to-do-phuket\/\"},{\"@type\":\"ListItem\",\"position\":3,\"name\":\"Nachtleben in Patong\",\"item\":\"https:\/\/www.avistahideawayphuketresort.com\/de\/things-to-do-phuket\/nightlife-in-patong\/\"},{\"@type\":\"ListItem\",\"position\":4,\"name\":\"Phuket Fantasea\"}]},{\"@type\":\"WebSite\",\"@id\":\"https:\/\/www.avistahideawayphuketresort.com\/#website\",\"url\":\"https:\/\/www.avistahideawayphuketresort.com\/\",\"name\":\"Avista Hideaway Phuket Patong\",\"description\":\"\",\"potentialAction\":[{\"@type\":\"SearchAction\",\"target\":{\"@type\":\"EntryPoint\",\"urlTemplate\":\"https:\/\/www.avistahideawayphuketresort.com\/?s={search_term_string}\"},\"query-input\":{\"@type\":\"PropertyValueSpecification\",\"valueRequired\":true,\"valueName\":\"search_term_string\"}}],\"inLanguage\":\"de-DE\"}]}<\/script>\n<!-- \/ Yoast SEO plugin. -->","yoast_head_json":{"title":"Phuket Fantasea - Avista Hideaway Phuket Patong","robots":{"index":"index","follow":"follow","max-snippet":"max-snippet:-1","max-image-preview":"max-image-preview:large","max-video-preview":"max-video-preview:-1"},"canonical":"https:\/\/www.avistahideawayphuketresort.com\/de\/things-to-do-phuket\/nightlife-in-patong\/phuket-fantasea\/","og_locale":"de_DE","og_type":"article","og_title":"Phuket Fantasea - Avista Hideaway Phuket Patong","og_description":"Phuket Fantasea ist die gr\u00f6\u00dfte Show der Insel. Mit Trapezk\u00fcnstlern, Hunderten von Darstellern, Elefanten und anderen Tieren und einer exotischen Geschichte, die Tradition und Fantasie miteinander verbindet, werden Sie hier einen wunderbaren Abend verbringen. Doch damit nicht genug der Extravaganz: Das FantaSea beherbergt auch eines der gr\u00f6\u00dften Buffets Asiens und ist in einen Themenpark eingebettet, [&hellip;]","og_url":"https:\/\/www.avistahideawayphuketresort.com\/de\/things-to-do-phuket\/nightlife-in-patong\/phuket-fantasea\/","og_site_name":"Avista Hideaway Phuket Patong","article_modified_time":"2023-07-06T03:09:49+00:00","twitter_card":"summary_large_image","twitter_misc":{"Gesch\u00e4tzte Lesezeit":"1 Minute"},"schema":{"@context":"https:\/\/schema.org","@graph":[{"@type":"WebPage","@id":"https:\/\/www.avistahideawayphuketresort.com\/de\/things-to-do-phuket\/nightlife-in-patong\/phuket-fantasea\/","url":"https:\/\/www.avistahideawayphuketresort.com\/de\/things-to-do-phuket\/nightlife-in-patong\/phuket-fantasea\/","name":"Phuket Fantasea - Avista Hideaway Phuket Patong","isPartOf":{"@id":"https:\/\/www.avistahideawayphuketresort.com\/#website"},"datePublished":"2023-05-04T06:41:09+00:00","dateModified":"2023-07-06T03:09:49+00:00","breadcrumb":{"@id":"https:\/\/www.avistahideawayphuketresort.com\/de\/things-to-do-phuket\/nightlife-in-patong\/phuket-fantasea\/#breadcrumb"},"inLanguage":"de-DE","potentialAction":[{"@type":"ReadAction","target":["https:\/\/www.avistahideawayphuketresort.com\/de\/things-to-do-phuket\/nightlife-in-patong\/phuket-fantasea\/"]}]},{"@type":"BreadcrumbList","@id":"https:\/\/www.avistahideawayphuketresort.com\/de\/things-to-do-phuket\/nightlife-in-patong\/phuket-fantasea\/#breadcrumb","itemListElement":[{"@type":"ListItem","position":1,"name":"Home","item":"https:\/\/www.avistahideawayphuketresort.com\/de\/"},{"@type":"ListItem","position":2,"name":"Was kann man in Phuket unternehmen?","item":"https:\/\/www.avistahideawayphuketresort.com\/de\/things-to-do-phuket\/"},{"@type":"ListItem","position":3,"name":"Nachtleben in Patong","item":"https:\/\/www.avistahideawayphuketresort.com\/de\/things-to-do-phuket\/nightlife-in-patong\/"},{"@type":"ListItem","position":4,"name":"Phuket Fantasea"}]},{"@type":"WebSite","@id":"https:\/\/www.avistahideawayphuketresort.com\/#website","url":"https:\/\/www.avistahideawayphuketresort.com\/","name":"Avista Hideaway Phuket Patong","description":"","potentialAction":[{"@type":"SearchAction","target":{"@type":"EntryPoint","urlTemplate":"https:\/\/www.avistahideawayphuketresort.com\/?s={search_term_string}"},"query-input":{"@type":"PropertyValueSpecification","valueRequired":true,"valueName":"search_term_string"}}],"inLanguage":"de-DE"}]}},"_links":{"self":[{"href":"https:\/\/www.avistahideawayphuketresort.com\/de\/wp-json\/wp\/v2\/pages\/1478","targetHints":{"allow":["GET"]}}],"collection":[{"href":"https:\/\/www.avistahideawayphuketresort.com\/de\/wp-json\/wp\/v2\/pages"}],"about":[{"href":"https:\/\/www.avistahideawayphuketresort.com\/de\/wp-json\/wp\/v2\/types\/page"}],"author":[{"embeddable":true,"href":"https:\/\/www.avistahideawayphuketresort.com\/de\/wp-json\/wp\/v2\/users\/55"}],"replies":[{"embeddable":true,"href":"https:\/\/www.avistahideawayphuketresort.com\/de\/wp-json\/wp\/v2\/comments?post=1478"}],"version-history":[{"count":0,"href":"https:\/\/www.avistahideawayphuketresort.com\/de\/wp-json\/wp\/v2\/pages\/1478\/revisions"}],"up":[{"embeddable":true,"href":"https:\/\/www.avistahideawayphuketresort.com\/de\/wp-json\/wp\/v2\/pages\/1472"}],"wp:attachment":[{"href":"https:\/\/www.avistahideawayphuketresort.com\/de\/wp-json\/wp\/v2\/media?parent=1478"}],"wp:term":[{"taxonomy":"category","embeddable":true,"href":"https:\/\/www.avistahideawayphuketresort.com\/de\/wp-json\/wp\/v2\/categories?post=1478"}],"curies":[{"name":"wp","href":"https:\/\/api.w.org\/{rel}","templated":true}]}}