{"id":1484,"date":"2023-05-04T06:42:49","date_gmt":"2023-05-04T06:42:49","guid":{"rendered":"https:\/\/www.avistahideawayphuketresort.com\/things-to-do-phuket\/nightlife-in-patong\/simon-cabaret\/"},"modified":"2023-07-06T03:16:16","modified_gmt":"2023-07-06T03:16:16","slug":"simon-cabaret","status":"publish","type":"page","link":"https:\/\/www.avistahideawayphuketresort.com\/de\/things-to-do-phuket\/nightlife-in-patong\/simon-cabaret\/","title":{"rendered":"Kabarett Simon"},"content":{"rendered":"<p style=\"text-align: center;\">Der Abend mit glamour\u00f6ser Unterhaltung geh\u00f6rt zweifellos zu den beliebtesten Show-Events in Phuket. Von dem Moment an, in dem Sie den stilvollen und luxuri\u00f6sen Veranstaltungsort betreten, wird Ihnen klar, dass dies ein ganz anderer und besonderer Abend sein wird. Kommen Sie und genie\u00dfen Sie diese einzigartige Show, staunen Sie \u00fcber die professionelle Herangehensweise an jedes musikalische Thema, lachen Sie \u00fcber die Komik und den Spa\u00df, es ist ein visuelles Spektakel, bei dem Sie sich w\u00fcnschen werden, dass es noch mehr zu sehen gibt.<br \/>\n<strong>Entfernung vom Hotel:<\/strong>8 km<br \/>\n<strong>Besuchszeit:<\/strong>2 Stunden<br \/>\n<strong>Showtime:<\/strong> 18 Uhr, 19.30 Uhr, 21 Uhr<br \/>\n<strong>Preis:<\/strong> Von 960 &#8211; 1160 THB pro Erwachsenen und 760 &#8211; 960 THB pro Kind.<\/p>\n","protected":false},"excerpt":{"rendered":"<p>Der Abend mit glamour\u00f6ser Unterhaltung geh\u00f6rt zweifellos zu den beliebtesten Show-Events in Phuket. Von dem Moment an, in dem Sie den stilvollen und luxuri\u00f6sen Veranstaltungsort betreten, wird Ihnen klar, dass dies ein ganz anderer und besonderer Abend sein wird. Kommen Sie und genie\u00dfen Sie diese einzigartige Show, staunen Sie \u00fcber die professionelle Herangehensweise an jedes [&hellip;]<\/p>\n","protected":false},"author":55,"featured_media":0,"parent":1472,"menu_order":4,"comment_status":"closed","ping_status":"closed","template":"","meta":{"footnotes":""},"categories":[],"class_list":["post-1484","page","type-page","status-publish","hentry"],"acf":[],"yoast_head":"<!-- This site is optimized with the Yoast SEO plugin v26.9 - https:\/\/yoast.com\/product\/yoast-seo-wordpress\/ -->\n<title>Kabarett Simon - Avista Hideaway Phuket Patong<\/title>\n<meta name=\"robots\" content=\"index, follow, max-snippet:-1, max-image-preview:large, max-video-preview:-1\" \/>\n<link rel=\"canonical\" href=\"https:\/\/www.avistahideawayphuketresort.com\/de\/things-to-do-phuket\/nightlife-in-patong\/simon-cabaret\/\" \/>\n<meta property=\"og:locale\" content=\"de_DE\" \/>\n<meta property=\"og:type\" content=\"article\" \/>\n<meta property=\"og:title\" content=\"Kabarett Simon - Avista Hideaway Phuket Patong\" \/>\n<meta property=\"og:description\" content=\"Der Abend mit glamour\u00f6ser Unterhaltung geh\u00f6rt zweifellos zu den beliebtesten Show-Events in Phuket. Von dem Moment an, in dem Sie den stilvollen und luxuri\u00f6sen Veranstaltungsort betreten, wird Ihnen klar, dass dies ein ganz anderer und besonderer Abend sein wird. Kommen Sie und genie\u00dfen Sie diese einzigartige Show, staunen Sie \u00fcber die professionelle Herangehensweise an jedes [&hellip;]\" \/>\n<meta property=\"og:url\" content=\"https:\/\/www.avistahideawayphuketresort.com\/de\/things-to-do-phuket\/nightlife-in-patong\/simon-cabaret\/\" \/>\n<meta property=\"og:site_name\" content=\"Avista Hideaway Phuket Patong\" \/>\n<meta property=\"article:modified_time\" content=\"2023-07-06T03:16:16+00:00\" \/>\n<meta name=\"twitter:card\" content=\"summary_large_image\" \/>\n<meta name=\"twitter:label1\" content=\"Gesch\u00e4tzte Lesezeit\" \/>\n\t<meta name=\"twitter:data1\" content=\"1 Minute\" \/>\n<script type=\"application\/ld+json\" class=\"yoast-schema-graph\">{\"@context\":\"https:\/\/schema.org\",\"@graph\":[{\"@type\":\"WebPage\",\"@id\":\"https:\/\/www.avistahideawayphuketresort.com\/de\/things-to-do-phuket\/nightlife-in-patong\/simon-cabaret\/\",\"url\":\"https:\/\/www.avistahideawayphuketresort.com\/de\/things-to-do-phuket\/nightlife-in-patong\/simon-cabaret\/\",\"name\":\"Kabarett Simon - Avista Hideaway Phuket Patong\",\"isPartOf\":{\"@id\":\"https:\/\/www.avistahideawayphuketresort.com\/#website\"},\"datePublished\":\"2023-05-04T06:42:49+00:00\",\"dateModified\":\"2023-07-06T03:16:16+00:00\",\"breadcrumb\":{\"@id\":\"https:\/\/www.avistahideawayphuketresort.com\/de\/things-to-do-phuket\/nightlife-in-patong\/simon-cabaret\/#breadcrumb\"},\"inLanguage\":\"de-DE\",\"potentialAction\":[{\"@type\":\"ReadAction\",\"target\":[\"https:\/\/www.avistahideawayphuketresort.com\/de\/things-to-do-phuket\/nightlife-in-patong\/simon-cabaret\/\"]}]},{\"@type\":\"BreadcrumbList\",\"@id\":\"https:\/\/www.avistahideawayphuketresort.com\/de\/things-to-do-phuket\/nightlife-in-patong\/simon-cabaret\/#breadcrumb\",\"itemListElement\":[{\"@type\":\"ListItem\",\"position\":1,\"name\":\"Home\",\"item\":\"https:\/\/www.avistahideawayphuketresort.com\/de\/\"},{\"@type\":\"ListItem\",\"position\":2,\"name\":\"Was kann man in Phuket unternehmen?\",\"item\":\"https:\/\/www.avistahideawayphuketresort.com\/de\/things-to-do-phuket\/\"},{\"@type\":\"ListItem\",\"position\":3,\"name\":\"Nachtleben in Patong\",\"item\":\"https:\/\/www.avistahideawayphuketresort.com\/de\/things-to-do-phuket\/nightlife-in-patong\/\"},{\"@type\":\"ListItem\",\"position\":4,\"name\":\"Kabarett Simon\"}]},{\"@type\":\"WebSite\",\"@id\":\"https:\/\/www.avistahideawayphuketresort.com\/#website\",\"url\":\"https:\/\/www.avistahideawayphuketresort.com\/\",\"name\":\"Avista Hideaway Phuket Patong\",\"description\":\"\",\"potentialAction\":[{\"@type\":\"SearchAction\",\"target\":{\"@type\":\"EntryPoint\",\"urlTemplate\":\"https:\/\/www.avistahideawayphuketresort.com\/?s={search_term_string}\"},\"query-input\":{\"@type\":\"PropertyValueSpecification\",\"valueRequired\":true,\"valueName\":\"search_term_string\"}}],\"inLanguage\":\"de-DE\"}]}<\/script>\n<!-- \/ Yoast SEO plugin. -->","yoast_head_json":{"title":"Kabarett Simon - Avista Hideaway Phuket Patong","robots":{"index":"index","follow":"follow","max-snippet":"max-snippet:-1","max-image-preview":"max-image-preview:large","max-video-preview":"max-video-preview:-1"},"canonical":"https:\/\/www.avistahideawayphuketresort.com\/de\/things-to-do-phuket\/nightlife-in-patong\/simon-cabaret\/","og_locale":"de_DE","og_type":"article","og_title":"Kabarett Simon - Avista Hideaway Phuket Patong","og_description":"Der Abend mit glamour\u00f6ser Unterhaltung geh\u00f6rt zweifellos zu den beliebtesten Show-Events in Phuket. Von dem Moment an, in dem Sie den stilvollen und luxuri\u00f6sen Veranstaltungsort betreten, wird Ihnen klar, dass dies ein ganz anderer und besonderer Abend sein wird. Kommen Sie und genie\u00dfen Sie diese einzigartige Show, staunen Sie \u00fcber die professionelle Herangehensweise an jedes [&hellip;]","og_url":"https:\/\/www.avistahideawayphuketresort.com\/de\/things-to-do-phuket\/nightlife-in-patong\/simon-cabaret\/","og_site_name":"Avista Hideaway Phuket Patong","article_modified_time":"2023-07-06T03:16:16+00:00","twitter_card":"summary_large_image","twitter_misc":{"Gesch\u00e4tzte Lesezeit":"1 Minute"},"schema":{"@context":"https:\/\/schema.org","@graph":[{"@type":"WebPage","@id":"https:\/\/www.avistahideawayphuketresort.com\/de\/things-to-do-phuket\/nightlife-in-patong\/simon-cabaret\/","url":"https:\/\/www.avistahideawayphuketresort.com\/de\/things-to-do-phuket\/nightlife-in-patong\/simon-cabaret\/","name":"Kabarett Simon - Avista Hideaway Phuket Patong","isPartOf":{"@id":"https:\/\/www.avistahideawayphuketresort.com\/#website"},"datePublished":"2023-05-04T06:42:49+00:00","dateModified":"2023-07-06T03:16:16+00:00","breadcrumb":{"@id":"https:\/\/www.avistahideawayphuketresort.com\/de\/things-to-do-phuket\/nightlife-in-patong\/simon-cabaret\/#breadcrumb"},"inLanguage":"de-DE","potentialAction":[{"@type":"ReadAction","target":["https:\/\/www.avistahideawayphuketresort.com\/de\/things-to-do-phuket\/nightlife-in-patong\/simon-cabaret\/"]}]},{"@type":"BreadcrumbList","@id":"https:\/\/www.avistahideawayphuketresort.com\/de\/things-to-do-phuket\/nightlife-in-patong\/simon-cabaret\/#breadcrumb","itemListElement":[{"@type":"ListItem","position":1,"name":"Home","item":"https:\/\/www.avistahideawayphuketresort.com\/de\/"},{"@type":"ListItem","position":2,"name":"Was kann man in Phuket unternehmen?","item":"https:\/\/www.avistahideawayphuketresort.com\/de\/things-to-do-phuket\/"},{"@type":"ListItem","position":3,"name":"Nachtleben in Patong","item":"https:\/\/www.avistahideawayphuketresort.com\/de\/things-to-do-phuket\/nightlife-in-patong\/"},{"@type":"ListItem","position":4,"name":"Kabarett Simon"}]},{"@type":"WebSite","@id":"https:\/\/www.avistahideawayphuketresort.com\/#website","url":"https:\/\/www.avistahideawayphuketresort.com\/","name":"Avista Hideaway Phuket Patong","description":"","potentialAction":[{"@type":"SearchAction","target":{"@type":"EntryPoint","urlTemplate":"https:\/\/www.avistahideawayphuketresort.com\/?s={search_term_string}"},"query-input":{"@type":"PropertyValueSpecification","valueRequired":true,"valueName":"search_term_string"}}],"inLanguage":"de-DE"}]}},"_links":{"self":[{"href":"https:\/\/www.avistahideawayphuketresort.com\/de\/wp-json\/wp\/v2\/pages\/1484","targetHints":{"allow":["GET"]}}],"collection":[{"href":"https:\/\/www.avistahideawayphuketresort.com\/de\/wp-json\/wp\/v2\/pages"}],"about":[{"href":"https:\/\/www.avistahideawayphuketresort.com\/de\/wp-json\/wp\/v2\/types\/page"}],"author":[{"embeddable":true,"href":"https:\/\/www.avistahideawayphuketresort.com\/de\/wp-json\/wp\/v2\/users\/55"}],"replies":[{"embeddable":true,"href":"https:\/\/www.avistahideawayphuketresort.com\/de\/wp-json\/wp\/v2\/comments?post=1484"}],"version-history":[{"count":0,"href":"https:\/\/www.avistahideawayphuketresort.com\/de\/wp-json\/wp\/v2\/pages\/1484\/revisions"}],"up":[{"embeddable":true,"href":"https:\/\/www.avistahideawayphuketresort.com\/de\/wp-json\/wp\/v2\/pages\/1472"}],"wp:attachment":[{"href":"https:\/\/www.avistahideawayphuketresort.com\/de\/wp-json\/wp\/v2\/media?parent=1484"}],"wp:term":[{"taxonomy":"category","embeddable":true,"href":"https:\/\/www.avistahideawayphuketresort.com\/de\/wp-json\/wp\/v2\/categories?post=1484"}],"curies":[{"name":"wp","href":"https:\/\/api.w.org\/{rel}","templated":true}]}}