{"id":1514,"date":"2023-05-04T06:52:27","date_gmt":"2023-05-04T06:52:27","guid":{"rendered":"https:\/\/www.avistahideawayphuketresort.com\/things-to-do-phuket\/visit-phuket\/"},"modified":"2023-07-12T23:33:49","modified_gmt":"2023-07-12T23:33:49","slug":"visit-phuket","status":"publish","type":"page","link":"https:\/\/www.avistahideawayphuketresort.com\/de\/things-to-do-phuket\/visit-phuket\/","title":{"rendered":"Phuket-Besichtigungen"},"content":{"rendered":"<p style=\"text-align: center;\">Phuket, wohl eine der sch\u00f6nsten Inseln der Welt, ist ein beliebtes Urlaubsziel in Thailand f\u00fcr Familien, Hochzeitsreisende und Wassersportler gleicherma\u00dfen. Die Insel hat sich aus vielen guten Gr\u00fcnden zu einem beliebten Reiseziel in S\u00fcdasien entwickelt und wird jedes Jahr von Millionen von Touristen aus verschiedenen L\u00e4ndern besucht.<br \/>\n<span style=\"font-weight: 400;\">Abgesehen von der entspannten Umgebung und dem Nachtleben hat Phuket so viel zu bieten, was Touristen im Urlaub erkunden und erleben k\u00f6nnen. Die wundersch\u00f6nen Landschaften, die landschaftliche Sch\u00f6nheit, die Kulturstadt, die buddhistischen Tempel und die wei\u00dfen <\/span><a href=\"https:\/\/www.avistahideawayphuketresort.com\/de\/what-to-do-in-phuket\/phuket-beaches\/\"><span style=\"font-weight: 400;\">Str\u00e4nde sind<\/span><\/a><span style=\"font-weight: 400;\"> die <\/span><b>Top-Sehensw\u00fcrdigkeiten auf Phuket<\/b><span style=\"font-weight: 400;\">. Touristen k\u00f6nnen je nach pers\u00f6nlicher Vorliebe entscheiden, was sie im Urlaub erkunden und erleben m\u00f6chten.<\/span><\/p>\n<p style=\"text-align: center;\">Unbedingt sehenswerte Touristenattraktionen in Phuket<br \/>\n<span style=\"font-weight: 400;\">\u00a0Angesichts der vielen einzigartigen Sehensw\u00fcrdigkeiten und Aktivit\u00e4ten, die man hier genie\u00dfen kann, ist es nicht verwunderlich, dass die Touristenstr\u00f6me auf Phuket t\u00e4glich zunehmen. Touristen <\/span><b>k\u00f6nnen in Phuket <\/b><span style=\"font-weight: 400;\">viele <\/span><b>Orte besuchen, die aus <\/b><span style=\"font-weight: 400;\">Naturwundern und von Menschenhand geschaffenen Strukturen bestehen.<\/span><br \/>\n<span style=\"font-weight: 400;\">Bei der Auswahl der nat\u00fcrlichen Sehensw\u00fcrdigkeiten sind der Karon-Aussichtspunkt, das <\/span><a href=\"https:\/\/www.avistahideawayphuketresort.com\/de\/what-to-do-in-phuket\/visit-phuket\/promthep-cape\/\"><span style=\"font-weight: 400;\">Promthep-Kap<\/span><\/a><span style=\"font-weight: 400;\">, die Phuket Orchideenfarm, der Phuket Schmetterlingsgarten und die Insektenwelt die erste Wahl f\u00fcr Touristen. Bei der Besichtigung architektonischer Bauwerke d\u00fcrfen der Wat Chalong-Tempel, Phuket-Stadt, der Gro\u00dfe Buddha und das auf dem Kopf stehende Haus Baan Teelanka nicht fehlen.<\/span><br \/>\n<span style=\"font-weight: 400;\">Die wei\u00dfen Sandstr\u00e4nde mit ihrer exotischen Umgebung sind die bemerkenswertesten Sehensw\u00fcrdigkeiten, die ein Tourist auf der Insel zu sehen bekommt. Patong Beach, <\/span><a href=\"https:\/\/www.avistahideawayphuketresort.com\/de\/what-to-do-in-phuket\/phuket-beaches\/karon-beach\/\"><span style=\"font-weight: 400;\">Karon<\/span><\/a><span style=\"font-weight: 400;\">, Kamala und <\/span><a href=\"https:\/\/www.avistahideawayphuketresort.com\/de\/what-to-do-in-phuket\/phuket-beaches\/freedom-beach\/\"><span style=\"font-weight: 400;\">Freedom Beach<\/span><\/a><span style=\"font-weight: 400;\"> sind einige der Top-Seiten, die man bei einem Beach-Hopping-Trip erkunden kann. Au\u00dferdem sind die Str\u00e4nde familienfreundlich und sicher, mit kristallklarem Wasser und vielen Ganz gleich, welchen Ort Sie besuchen, die Sch\u00f6nheit dieser Insel versetzt jeden in Ehrfurcht, der eine Tagestour unternimmt. <a href=\"https:\/\/www.avistahideawayphuketresort.com\/de\/\">Avista Hideaway Phuket Patong<\/a> verf\u00fcgt \u00fcber ein Team von Tour-Experten, die Ihnen helfen, eine aufregende Tagestour in Phuket zu organisieren.<\/span><\/p>\n","protected":false},"excerpt":{"rendered":"<p>Phuket, wohl eine der sch\u00f6nsten Inseln der Welt, ist ein beliebtes Urlaubsziel in Thailand f\u00fcr Familien, Hochzeitsreisende und Wassersportler gleicherma\u00dfen. Die Insel hat sich aus vielen guten Gr\u00fcnden zu einem beliebten Reiseziel in S\u00fcdasien entwickelt und wird jedes Jahr von Millionen von Touristen aus verschiedenen L\u00e4ndern besucht. Abgesehen von der entspannten Umgebung und dem Nachtleben [&hellip;]<\/p>\n","protected":false},"author":55,"featured_media":0,"parent":1353,"menu_order":6,"comment_status":"closed","ping_status":"closed","template":"","meta":{"footnotes":""},"categories":[],"class_list":["post-1514","page","type-page","status-publish","hentry"],"acf":[],"yoast_head":"<!-- This site is optimized with the Yoast SEO plugin v26.9 - https:\/\/yoast.com\/product\/yoast-seo-wordpress\/ -->\n<title>Phuket-Besichtigungen - Avista Hideaway Phuket Patong<\/title>\n<meta name=\"robots\" content=\"index, follow, max-snippet:-1, max-image-preview:large, max-video-preview:-1\" \/>\n<link rel=\"canonical\" href=\"https:\/\/www.avistahideawayphuketresort.com\/de\/things-to-do-phuket\/visit-phuket\/\" \/>\n<meta property=\"og:locale\" content=\"de_DE\" \/>\n<meta property=\"og:type\" content=\"article\" \/>\n<meta property=\"og:title\" content=\"Phuket-Besichtigungen - Avista Hideaway Phuket Patong\" \/>\n<meta property=\"og:description\" content=\"Phuket, wohl eine der sch\u00f6nsten Inseln der Welt, ist ein beliebtes Urlaubsziel in Thailand f\u00fcr Familien, Hochzeitsreisende und Wassersportler gleicherma\u00dfen. Die Insel hat sich aus vielen guten Gr\u00fcnden zu einem beliebten Reiseziel in S\u00fcdasien entwickelt und wird jedes Jahr von Millionen von Touristen aus verschiedenen L\u00e4ndern besucht. Abgesehen von der entspannten Umgebung und dem Nachtleben [&hellip;]\" \/>\n<meta property=\"og:url\" content=\"https:\/\/www.avistahideawayphuketresort.com\/de\/things-to-do-phuket\/visit-phuket\/\" \/>\n<meta property=\"og:site_name\" content=\"Avista Hideaway Phuket Patong\" \/>\n<meta property=\"article:modified_time\" content=\"2023-07-12T23:33:49+00:00\" \/>\n<meta name=\"twitter:card\" content=\"summary_large_image\" \/>\n<meta name=\"twitter:label1\" content=\"Gesch\u00e4tzte Lesezeit\" \/>\n\t<meta name=\"twitter:data1\" content=\"2 Minuten\" \/>\n<script type=\"application\/ld+json\" class=\"yoast-schema-graph\">{\"@context\":\"https:\/\/schema.org\",\"@graph\":[{\"@type\":\"WebPage\",\"@id\":\"https:\/\/www.avistahideawayphuketresort.com\/de\/things-to-do-phuket\/visit-phuket\/\",\"url\":\"https:\/\/www.avistahideawayphuketresort.com\/de\/things-to-do-phuket\/visit-phuket\/\",\"name\":\"Phuket-Besichtigungen - Avista Hideaway Phuket Patong\",\"isPartOf\":{\"@id\":\"https:\/\/www.avistahideawayphuketresort.com\/#website\"},\"datePublished\":\"2023-05-04T06:52:27+00:00\",\"dateModified\":\"2023-07-12T23:33:49+00:00\",\"breadcrumb\":{\"@id\":\"https:\/\/www.avistahideawayphuketresort.com\/de\/things-to-do-phuket\/visit-phuket\/#breadcrumb\"},\"inLanguage\":\"de-DE\",\"potentialAction\":[{\"@type\":\"ReadAction\",\"target\":[\"https:\/\/www.avistahideawayphuketresort.com\/de\/things-to-do-phuket\/visit-phuket\/\"]}]},{\"@type\":\"BreadcrumbList\",\"@id\":\"https:\/\/www.avistahideawayphuketresort.com\/de\/things-to-do-phuket\/visit-phuket\/#breadcrumb\",\"itemListElement\":[{\"@type\":\"ListItem\",\"position\":1,\"name\":\"Home\",\"item\":\"https:\/\/www.avistahideawayphuketresort.com\/de\/\"},{\"@type\":\"ListItem\",\"position\":2,\"name\":\"Was kann man in Phuket unternehmen?\",\"item\":\"https:\/\/www.avistahideawayphuketresort.com\/de\/things-to-do-phuket\/\"},{\"@type\":\"ListItem\",\"position\":3,\"name\":\"Phuket-Besichtigungen\"}]},{\"@type\":\"WebSite\",\"@id\":\"https:\/\/www.avistahideawayphuketresort.com\/#website\",\"url\":\"https:\/\/www.avistahideawayphuketresort.com\/\",\"name\":\"Avista Hideaway Phuket Patong\",\"description\":\"\",\"potentialAction\":[{\"@type\":\"SearchAction\",\"target\":{\"@type\":\"EntryPoint\",\"urlTemplate\":\"https:\/\/www.avistahideawayphuketresort.com\/?s={search_term_string}\"},\"query-input\":{\"@type\":\"PropertyValueSpecification\",\"valueRequired\":true,\"valueName\":\"search_term_string\"}}],\"inLanguage\":\"de-DE\"}]}<\/script>\n<!-- \/ Yoast SEO plugin. -->","yoast_head_json":{"title":"Phuket-Besichtigungen - Avista Hideaway Phuket Patong","robots":{"index":"index","follow":"follow","max-snippet":"max-snippet:-1","max-image-preview":"max-image-preview:large","max-video-preview":"max-video-preview:-1"},"canonical":"https:\/\/www.avistahideawayphuketresort.com\/de\/things-to-do-phuket\/visit-phuket\/","og_locale":"de_DE","og_type":"article","og_title":"Phuket-Besichtigungen - Avista Hideaway Phuket Patong","og_description":"Phuket, wohl eine der sch\u00f6nsten Inseln der Welt, ist ein beliebtes Urlaubsziel in Thailand f\u00fcr Familien, Hochzeitsreisende und Wassersportler gleicherma\u00dfen. Die Insel hat sich aus vielen guten Gr\u00fcnden zu einem beliebten Reiseziel in S\u00fcdasien entwickelt und wird jedes Jahr von Millionen von Touristen aus verschiedenen L\u00e4ndern besucht. Abgesehen von der entspannten Umgebung und dem Nachtleben [&hellip;]","og_url":"https:\/\/www.avistahideawayphuketresort.com\/de\/things-to-do-phuket\/visit-phuket\/","og_site_name":"Avista Hideaway Phuket Patong","article_modified_time":"2023-07-12T23:33:49+00:00","twitter_card":"summary_large_image","twitter_misc":{"Gesch\u00e4tzte Lesezeit":"2 Minuten"},"schema":{"@context":"https:\/\/schema.org","@graph":[{"@type":"WebPage","@id":"https:\/\/www.avistahideawayphuketresort.com\/de\/things-to-do-phuket\/visit-phuket\/","url":"https:\/\/www.avistahideawayphuketresort.com\/de\/things-to-do-phuket\/visit-phuket\/","name":"Phuket-Besichtigungen - Avista Hideaway Phuket Patong","isPartOf":{"@id":"https:\/\/www.avistahideawayphuketresort.com\/#website"},"datePublished":"2023-05-04T06:52:27+00:00","dateModified":"2023-07-12T23:33:49+00:00","breadcrumb":{"@id":"https:\/\/www.avistahideawayphuketresort.com\/de\/things-to-do-phuket\/visit-phuket\/#breadcrumb"},"inLanguage":"de-DE","potentialAction":[{"@type":"ReadAction","target":["https:\/\/www.avistahideawayphuketresort.com\/de\/things-to-do-phuket\/visit-phuket\/"]}]},{"@type":"BreadcrumbList","@id":"https:\/\/www.avistahideawayphuketresort.com\/de\/things-to-do-phuket\/visit-phuket\/#breadcrumb","itemListElement":[{"@type":"ListItem","position":1,"name":"Home","item":"https:\/\/www.avistahideawayphuketresort.com\/de\/"},{"@type":"ListItem","position":2,"name":"Was kann man in Phuket unternehmen?","item":"https:\/\/www.avistahideawayphuketresort.com\/de\/things-to-do-phuket\/"},{"@type":"ListItem","position":3,"name":"Phuket-Besichtigungen"}]},{"@type":"WebSite","@id":"https:\/\/www.avistahideawayphuketresort.com\/#website","url":"https:\/\/www.avistahideawayphuketresort.com\/","name":"Avista Hideaway Phuket Patong","description":"","potentialAction":[{"@type":"SearchAction","target":{"@type":"EntryPoint","urlTemplate":"https:\/\/www.avistahideawayphuketresort.com\/?s={search_term_string}"},"query-input":{"@type":"PropertyValueSpecification","valueRequired":true,"valueName":"search_term_string"}}],"inLanguage":"de-DE"}]}},"_links":{"self":[{"href":"https:\/\/www.avistahideawayphuketresort.com\/de\/wp-json\/wp\/v2\/pages\/1514","targetHints":{"allow":["GET"]}}],"collection":[{"href":"https:\/\/www.avistahideawayphuketresort.com\/de\/wp-json\/wp\/v2\/pages"}],"about":[{"href":"https:\/\/www.avistahideawayphuketresort.com\/de\/wp-json\/wp\/v2\/types\/page"}],"author":[{"embeddable":true,"href":"https:\/\/www.avistahideawayphuketresort.com\/de\/wp-json\/wp\/v2\/users\/55"}],"replies":[{"embeddable":true,"href":"https:\/\/www.avistahideawayphuketresort.com\/de\/wp-json\/wp\/v2\/comments?post=1514"}],"version-history":[{"count":0,"href":"https:\/\/www.avistahideawayphuketresort.com\/de\/wp-json\/wp\/v2\/pages\/1514\/revisions"}],"up":[{"embeddable":true,"href":"https:\/\/www.avistahideawayphuketresort.com\/de\/wp-json\/wp\/v2\/pages\/1353"}],"wp:attachment":[{"href":"https:\/\/www.avistahideawayphuketresort.com\/de\/wp-json\/wp\/v2\/media?parent=1514"}],"wp:term":[{"taxonomy":"category","embeddable":true,"href":"https:\/\/www.avistahideawayphuketresort.com\/de\/wp-json\/wp\/v2\/categories?post=1514"}],"curies":[{"name":"wp","href":"https:\/\/api.w.org\/{rel}","templated":true}]}}