{"id":1517,"date":"2023-05-04T06:53:16","date_gmt":"2023-05-04T06:53:16","guid":{"rendered":"https:\/\/www.avistahideawayphuketresort.com\/things-to-do-phuket\/visit-phuket\/cashew-nut-factory\/"},"modified":"2023-07-12T23:34:10","modified_gmt":"2023-07-12T23:34:10","slug":"cashew-nut-factory","status":"publish","type":"page","link":"https:\/\/www.avistahideawayphuketresort.com\/de\/things-to-do-phuket\/visit-phuket\/cashew-nut-factory\/","title":{"rendered":"Cashewnuss-Fabrik"},"content":{"rendered":"<p style=\"text-align: center;\">Die Cashewnuss ist ein einheimisches Produkt, das in Phuket und anderen Provinzen S\u00fcdthailands angebaut wird und im Vergleich zu den Preisen in westlichen L\u00e4ndern relativ g\u00fcnstig ist.<br \/>\nEntfernung vom Hotel: 9 km<br \/>\n<strong>Besuchszeit:<\/strong> 1 Stunde<br \/>\n<strong>Besuchszeiten:<\/strong> 8-7 Uhr<br \/>\n<strong>Preis:<\/strong> Freier Eintritt.<\/p>\n","protected":false},"excerpt":{"rendered":"<p>Die Cashewnuss ist ein einheimisches Produkt, das in Phuket und anderen Provinzen S\u00fcdthailands angebaut wird und im Vergleich zu den Preisen in westlichen L\u00e4ndern relativ g\u00fcnstig ist. Entfernung vom Hotel: 9 km Besuchszeit: 1 Stunde Besuchszeiten: 8-7 Uhr Preis: Freier Eintritt.<\/p>\n","protected":false},"author":55,"featured_media":0,"parent":1514,"menu_order":1,"comment_status":"closed","ping_status":"closed","template":"","meta":{"footnotes":""},"categories":[],"class_list":["post-1517","page","type-page","status-publish","hentry"],"acf":[],"yoast_head":"<!-- This site is optimized with the Yoast SEO plugin v26.9 - https:\/\/yoast.com\/product\/yoast-seo-wordpress\/ -->\n<title>Cashewnuss-Fabrik - Avista Hideaway Phuket Patong<\/title>\n<meta name=\"robots\" content=\"index, follow, max-snippet:-1, max-image-preview:large, max-video-preview:-1\" \/>\n<link rel=\"canonical\" href=\"https:\/\/www.avistahideawayphuketresort.com\/de\/things-to-do-phuket\/visit-phuket\/cashew-nut-factory\/\" \/>\n<meta property=\"og:locale\" content=\"de_DE\" \/>\n<meta property=\"og:type\" content=\"article\" \/>\n<meta property=\"og:title\" content=\"Cashewnuss-Fabrik - Avista Hideaway Phuket Patong\" \/>\n<meta property=\"og:description\" content=\"Die Cashewnuss ist ein einheimisches Produkt, das in Phuket und anderen Provinzen S\u00fcdthailands angebaut wird und im Vergleich zu den Preisen in westlichen L\u00e4ndern relativ g\u00fcnstig ist. Entfernung vom Hotel: 9 km Besuchszeit: 1 Stunde Besuchszeiten: 8-7 Uhr Preis: Freier Eintritt.\" \/>\n<meta property=\"og:url\" content=\"https:\/\/www.avistahideawayphuketresort.com\/de\/things-to-do-phuket\/visit-phuket\/cashew-nut-factory\/\" \/>\n<meta property=\"og:site_name\" content=\"Avista Hideaway Phuket Patong\" \/>\n<meta property=\"article:modified_time\" content=\"2023-07-12T23:34:10+00:00\" \/>\n<meta name=\"twitter:card\" content=\"summary_large_image\" \/>\n<meta name=\"twitter:label1\" content=\"Gesch\u00e4tzte Lesezeit\" \/>\n\t<meta name=\"twitter:data1\" content=\"1 Minute\" \/>\n<script type=\"application\/ld+json\" class=\"yoast-schema-graph\">{\"@context\":\"https:\/\/schema.org\",\"@graph\":[{\"@type\":\"WebPage\",\"@id\":\"https:\/\/www.avistahideawayphuketresort.com\/de\/things-to-do-phuket\/visit-phuket\/cashew-nut-factory\/\",\"url\":\"https:\/\/www.avistahideawayphuketresort.com\/de\/things-to-do-phuket\/visit-phuket\/cashew-nut-factory\/\",\"name\":\"Cashewnuss-Fabrik - Avista Hideaway Phuket Patong\",\"isPartOf\":{\"@id\":\"https:\/\/www.avistahideawayphuketresort.com\/#website\"},\"datePublished\":\"2023-05-04T06:53:16+00:00\",\"dateModified\":\"2023-07-12T23:34:10+00:00\",\"breadcrumb\":{\"@id\":\"https:\/\/www.avistahideawayphuketresort.com\/de\/things-to-do-phuket\/visit-phuket\/cashew-nut-factory\/#breadcrumb\"},\"inLanguage\":\"de-DE\",\"potentialAction\":[{\"@type\":\"ReadAction\",\"target\":[\"https:\/\/www.avistahideawayphuketresort.com\/de\/things-to-do-phuket\/visit-phuket\/cashew-nut-factory\/\"]}]},{\"@type\":\"BreadcrumbList\",\"@id\":\"https:\/\/www.avistahideawayphuketresort.com\/de\/things-to-do-phuket\/visit-phuket\/cashew-nut-factory\/#breadcrumb\",\"itemListElement\":[{\"@type\":\"ListItem\",\"position\":1,\"name\":\"Home\",\"item\":\"https:\/\/www.avistahideawayphuketresort.com\/de\/\"},{\"@type\":\"ListItem\",\"position\":2,\"name\":\"Was kann man in Phuket unternehmen?\",\"item\":\"https:\/\/www.avistahideawayphuketresort.com\/de\/things-to-do-phuket\/\"},{\"@type\":\"ListItem\",\"position\":3,\"name\":\"Phuket-Besichtigungen\",\"item\":\"https:\/\/www.avistahideawayphuketresort.com\/de\/things-to-do-phuket\/visit-phuket\/\"},{\"@type\":\"ListItem\",\"position\":4,\"name\":\"Cashewnuss-Fabrik\"}]},{\"@type\":\"WebSite\",\"@id\":\"https:\/\/www.avistahideawayphuketresort.com\/#website\",\"url\":\"https:\/\/www.avistahideawayphuketresort.com\/\",\"name\":\"Avista Hideaway Phuket Patong\",\"description\":\"\",\"potentialAction\":[{\"@type\":\"SearchAction\",\"target\":{\"@type\":\"EntryPoint\",\"urlTemplate\":\"https:\/\/www.avistahideawayphuketresort.com\/?s={search_term_string}\"},\"query-input\":{\"@type\":\"PropertyValueSpecification\",\"valueRequired\":true,\"valueName\":\"search_term_string\"}}],\"inLanguage\":\"de-DE\"}]}<\/script>\n<!-- \/ Yoast SEO plugin. -->","yoast_head_json":{"title":"Cashewnuss-Fabrik - Avista Hideaway Phuket Patong","robots":{"index":"index","follow":"follow","max-snippet":"max-snippet:-1","max-image-preview":"max-image-preview:large","max-video-preview":"max-video-preview:-1"},"canonical":"https:\/\/www.avistahideawayphuketresort.com\/de\/things-to-do-phuket\/visit-phuket\/cashew-nut-factory\/","og_locale":"de_DE","og_type":"article","og_title":"Cashewnuss-Fabrik - Avista Hideaway Phuket Patong","og_description":"Die Cashewnuss ist ein einheimisches Produkt, das in Phuket und anderen Provinzen S\u00fcdthailands angebaut wird und im Vergleich zu den Preisen in westlichen L\u00e4ndern relativ g\u00fcnstig ist. Entfernung vom Hotel: 9 km Besuchszeit: 1 Stunde Besuchszeiten: 8-7 Uhr Preis: Freier Eintritt.","og_url":"https:\/\/www.avistahideawayphuketresort.com\/de\/things-to-do-phuket\/visit-phuket\/cashew-nut-factory\/","og_site_name":"Avista Hideaway Phuket Patong","article_modified_time":"2023-07-12T23:34:10+00:00","twitter_card":"summary_large_image","twitter_misc":{"Gesch\u00e4tzte Lesezeit":"1 Minute"},"schema":{"@context":"https:\/\/schema.org","@graph":[{"@type":"WebPage","@id":"https:\/\/www.avistahideawayphuketresort.com\/de\/things-to-do-phuket\/visit-phuket\/cashew-nut-factory\/","url":"https:\/\/www.avistahideawayphuketresort.com\/de\/things-to-do-phuket\/visit-phuket\/cashew-nut-factory\/","name":"Cashewnuss-Fabrik - Avista Hideaway Phuket Patong","isPartOf":{"@id":"https:\/\/www.avistahideawayphuketresort.com\/#website"},"datePublished":"2023-05-04T06:53:16+00:00","dateModified":"2023-07-12T23:34:10+00:00","breadcrumb":{"@id":"https:\/\/www.avistahideawayphuketresort.com\/de\/things-to-do-phuket\/visit-phuket\/cashew-nut-factory\/#breadcrumb"},"inLanguage":"de-DE","potentialAction":[{"@type":"ReadAction","target":["https:\/\/www.avistahideawayphuketresort.com\/de\/things-to-do-phuket\/visit-phuket\/cashew-nut-factory\/"]}]},{"@type":"BreadcrumbList","@id":"https:\/\/www.avistahideawayphuketresort.com\/de\/things-to-do-phuket\/visit-phuket\/cashew-nut-factory\/#breadcrumb","itemListElement":[{"@type":"ListItem","position":1,"name":"Home","item":"https:\/\/www.avistahideawayphuketresort.com\/de\/"},{"@type":"ListItem","position":2,"name":"Was kann man in Phuket unternehmen?","item":"https:\/\/www.avistahideawayphuketresort.com\/de\/things-to-do-phuket\/"},{"@type":"ListItem","position":3,"name":"Phuket-Besichtigungen","item":"https:\/\/www.avistahideawayphuketresort.com\/de\/things-to-do-phuket\/visit-phuket\/"},{"@type":"ListItem","position":4,"name":"Cashewnuss-Fabrik"}]},{"@type":"WebSite","@id":"https:\/\/www.avistahideawayphuketresort.com\/#website","url":"https:\/\/www.avistahideawayphuketresort.com\/","name":"Avista Hideaway Phuket Patong","description":"","potentialAction":[{"@type":"SearchAction","target":{"@type":"EntryPoint","urlTemplate":"https:\/\/www.avistahideawayphuketresort.com\/?s={search_term_string}"},"query-input":{"@type":"PropertyValueSpecification","valueRequired":true,"valueName":"search_term_string"}}],"inLanguage":"de-DE"}]}},"_links":{"self":[{"href":"https:\/\/www.avistahideawayphuketresort.com\/de\/wp-json\/wp\/v2\/pages\/1517","targetHints":{"allow":["GET"]}}],"collection":[{"href":"https:\/\/www.avistahideawayphuketresort.com\/de\/wp-json\/wp\/v2\/pages"}],"about":[{"href":"https:\/\/www.avistahideawayphuketresort.com\/de\/wp-json\/wp\/v2\/types\/page"}],"author":[{"embeddable":true,"href":"https:\/\/www.avistahideawayphuketresort.com\/de\/wp-json\/wp\/v2\/users\/55"}],"replies":[{"embeddable":true,"href":"https:\/\/www.avistahideawayphuketresort.com\/de\/wp-json\/wp\/v2\/comments?post=1517"}],"version-history":[{"count":0,"href":"https:\/\/www.avistahideawayphuketresort.com\/de\/wp-json\/wp\/v2\/pages\/1517\/revisions"}],"up":[{"embeddable":true,"href":"https:\/\/www.avistahideawayphuketresort.com\/de\/wp-json\/wp\/v2\/pages\/1514"}],"wp:attachment":[{"href":"https:\/\/www.avistahideawayphuketresort.com\/de\/wp-json\/wp\/v2\/media?parent=1517"}],"wp:term":[{"taxonomy":"category","embeddable":true,"href":"https:\/\/www.avistahideawayphuketresort.com\/de\/wp-json\/wp\/v2\/categories?post=1517"}],"curies":[{"name":"wp","href":"https:\/\/api.w.org\/{rel}","templated":true}]}}