{"id":1520,"date":"2023-05-04T06:54:26","date_gmt":"2023-05-04T06:54:26","guid":{"rendered":"https:\/\/www.avistahideawayphuketresort.com\/things-to-do-phuket\/visit-phuket\/promthep-cape\/"},"modified":"2023-07-12T23:37:07","modified_gmt":"2023-07-12T23:37:07","slug":"promthep-cape","status":"publish","type":"page","link":"https:\/\/www.avistahideawayphuketresort.com\/de\/things-to-do-phuket\/visit-phuket\/promthep-cape\/","title":{"rendered":"Promthep-Umhang"},"content":{"rendered":"<p style=\"text-align: center;\">Aussichtspunkt f\u00fcr den sch\u00f6nsten Sonnenuntergang in Phuket<\/p>\n<p style=\"text-align: center;\">\n<strong>Promthep Cape<\/strong> ist der s\u00fcdlichste Punkt von Phuket, von dem aus man einen malerischen Blick auf die Andamanensee und die Natur hat. Das Ende ist zu einem beliebten Ort f\u00fcr Touristen geworden, um den Sonnenuntergang in Phuket zu beobachten, und hat Kultstatus erlangt. Aufgrund der exotischen Sch\u00f6nheit der s\u00fcdlichen Aussicht auf Phuket ist der Ort auch als Laem Promthep und God&#8217;s Cape bekannt.<br \/>\n<span style=\"font-weight: 400;\">Laem Promthep ist ein felsiges St\u00fcck Land, das aus der Andamanensee herausragt und von einer Klippe umgeben ist. Jeden Abend str\u00f6men Touristen zu diesem Ort, um den spektakul\u00e4ren Blick auf den <\/span><span style=\"font-weight: 400;\">Sonnenuntergang am Promthep Cape zu genie\u00dfen<\/span><span style=\"font-weight: 400;\">. Es ist auch eine der wichtigsten <\/span><a href=\"https:\/\/www.avistahideawayphuketresort.com\/de\/what-to-do-in-phuket\/visit-phuket\/\"><span style=\"font-weight: 400;\">Phuket-Sehensw\u00fcrdigkeiten<\/span><\/a><span style=\"font-weight: 400;\"> f\u00fcr Naturliebhaber und K\u00fcnstler, die die Sch\u00f6nheit der schillernden Sonnenunterg\u00e4nge zu sch\u00e4tzen wissen.<\/span><br \/>\n<span style=\"font-weight: 400;\">An klaren Tagen kann man vom Promthep Cape aus die weit entfernten Inseln Koh Racha Yai, Noi Islands und <\/span><a href=\"https:\/\/www.avistahideawayphuketresort.com\/de\/what-to-do-in-phuket\/island-hopping-tours\/koh-phi-phi-islands\/\"><span style=\"font-weight: 400;\">Phi Phi Islands<\/span><\/a><span style=\"font-weight: 400;\"> sehen. Touristen k\u00f6nnen den Leuchtturm besteigen, um einen Blick auf die fernen Inseln zu erhaschen und die faszinierenden Sonnenunterg\u00e4nge zu genie\u00dfen.<\/span><br \/>\nNeben dem Aussichtspunkt k\u00f6nnen Sie auch den Elefantenschrein besuchen, der ein Symbol f\u00fcr Reichtum und Wohlstand ist, und um Segen bitten. Im Leuchtturm befindet sich ein Museum mit der Statue von Prinz JumBorn, dem Sohn von K\u00f6nig Rama V., von dem man sch\u00f6ne Fotos machen kann. Au\u00dferdem gibt es gegen\u00fcber dem Parkplatz einen kleinen Markt und Gesch\u00e4fte f\u00fcr Touristen, in denen man Markenh\u00fcte, T-Shirts, Geldb\u00f6rsen, lokale Souvenirs, Tassen und Strandzubeh\u00f6r kaufen kann.<br \/>\n<span style=\"font-weight: 400;\">Touristen k\u00f6nnen ihren Hunger mit exotischen Meeresfr\u00fcchten im <\/span><a href=\"https:\/\/www.avistahideawayphuketresort.com\/de\/restaurants-bars\/vista\/\"><span style=\"font-weight: 400;\">Promthep-Restaurant<\/span><\/a><span style=\"font-weight: 400;\"> stillen. Weitere Spezialit\u00e4ten, die hier angeboten werden, sind Fruchtshakes, Kokosnusswasser und Eiscreme, die man w\u00e4hrend der Reise genie\u00dfen kann. Besuchen Sie das <\/span><b>Promthep Cape in Thailand, <\/b><span style=\"font-weight: 400;\">eines der meistfotografierten Orte auf Phuket, um den sch\u00f6nsten Sonnenuntergang der Natur zu erleben.<\/span><br \/>\n<strong>Entfernung vom Hotel:<\/strong> 22km<br \/>\nBen\u00f6tigte Zeit f\u00fcr den Besuch: 1 Stunde<br \/>\n<strong>Besuchszeit:<\/strong> 17:00 &#8211; 18:30 Uhr<br \/>\n<strong>Teilnahmegeb\u00fchr:<\/strong> Null<\/p>\n","protected":false},"excerpt":{"rendered":"<p>Aussichtspunkt f\u00fcr den sch\u00f6nsten Sonnenuntergang in Phuket Promthep Cape ist der s\u00fcdlichste Punkt von Phuket, von dem aus man einen malerischen Blick auf die Andamanensee und die Natur hat. Das Ende ist zu einem beliebten Ort f\u00fcr Touristen geworden, um den Sonnenuntergang in Phuket zu beobachten, und hat Kultstatus erlangt. Aufgrund der exotischen Sch\u00f6nheit der [&hellip;]<\/p>\n","protected":false},"author":55,"featured_media":0,"parent":1514,"menu_order":2,"comment_status":"closed","ping_status":"closed","template":"","meta":{"footnotes":""},"categories":[],"class_list":["post-1520","page","type-page","status-publish","hentry"],"acf":[],"yoast_head":"<!-- This site is optimized with the Yoast SEO plugin v26.9 - https:\/\/yoast.com\/product\/yoast-seo-wordpress\/ -->\n<title>Promthep-Umhang - Avista Hideaway Phuket Patong<\/title>\n<meta name=\"robots\" content=\"index, follow, max-snippet:-1, max-image-preview:large, max-video-preview:-1\" \/>\n<link rel=\"canonical\" href=\"https:\/\/www.avistahideawayphuketresort.com\/de\/things-to-do-phuket\/visit-phuket\/promthep-cape\/\" \/>\n<meta property=\"og:locale\" content=\"de_DE\" \/>\n<meta property=\"og:type\" content=\"article\" \/>\n<meta property=\"og:title\" content=\"Promthep-Umhang - Avista Hideaway Phuket Patong\" \/>\n<meta property=\"og:description\" content=\"Aussichtspunkt f\u00fcr den sch\u00f6nsten Sonnenuntergang in Phuket Promthep Cape ist der s\u00fcdlichste Punkt von Phuket, von dem aus man einen malerischen Blick auf die Andamanensee und die Natur hat. Das Ende ist zu einem beliebten Ort f\u00fcr Touristen geworden, um den Sonnenuntergang in Phuket zu beobachten, und hat Kultstatus erlangt. Aufgrund der exotischen Sch\u00f6nheit der [&hellip;]\" \/>\n<meta property=\"og:url\" content=\"https:\/\/www.avistahideawayphuketresort.com\/de\/things-to-do-phuket\/visit-phuket\/promthep-cape\/\" \/>\n<meta property=\"og:site_name\" content=\"Avista Hideaway Phuket Patong\" \/>\n<meta property=\"article:modified_time\" content=\"2023-07-12T23:37:07+00:00\" \/>\n<meta name=\"twitter:card\" content=\"summary_large_image\" \/>\n<meta name=\"twitter:label1\" content=\"Gesch\u00e4tzte Lesezeit\" \/>\n\t<meta name=\"twitter:data1\" content=\"2 Minuten\" \/>\n<script type=\"application\/ld+json\" class=\"yoast-schema-graph\">{\"@context\":\"https:\/\/schema.org\",\"@graph\":[{\"@type\":\"WebPage\",\"@id\":\"https:\/\/www.avistahideawayphuketresort.com\/de\/things-to-do-phuket\/visit-phuket\/promthep-cape\/\",\"url\":\"https:\/\/www.avistahideawayphuketresort.com\/de\/things-to-do-phuket\/visit-phuket\/promthep-cape\/\",\"name\":\"Promthep-Umhang - Avista Hideaway Phuket Patong\",\"isPartOf\":{\"@id\":\"https:\/\/www.avistahideawayphuketresort.com\/#website\"},\"datePublished\":\"2023-05-04T06:54:26+00:00\",\"dateModified\":\"2023-07-12T23:37:07+00:00\",\"breadcrumb\":{\"@id\":\"https:\/\/www.avistahideawayphuketresort.com\/de\/things-to-do-phuket\/visit-phuket\/promthep-cape\/#breadcrumb\"},\"inLanguage\":\"de-DE\",\"potentialAction\":[{\"@type\":\"ReadAction\",\"target\":[\"https:\/\/www.avistahideawayphuketresort.com\/de\/things-to-do-phuket\/visit-phuket\/promthep-cape\/\"]}]},{\"@type\":\"BreadcrumbList\",\"@id\":\"https:\/\/www.avistahideawayphuketresort.com\/de\/things-to-do-phuket\/visit-phuket\/promthep-cape\/#breadcrumb\",\"itemListElement\":[{\"@type\":\"ListItem\",\"position\":1,\"name\":\"Home\",\"item\":\"https:\/\/www.avistahideawayphuketresort.com\/de\/\"},{\"@type\":\"ListItem\",\"position\":2,\"name\":\"Was kann man in Phuket unternehmen?\",\"item\":\"https:\/\/www.avistahideawayphuketresort.com\/de\/things-to-do-phuket\/\"},{\"@type\":\"ListItem\",\"position\":3,\"name\":\"Phuket-Besichtigungen\",\"item\":\"https:\/\/www.avistahideawayphuketresort.com\/de\/things-to-do-phuket\/visit-phuket\/\"},{\"@type\":\"ListItem\",\"position\":4,\"name\":\"Promthep-Umhang\"}]},{\"@type\":\"WebSite\",\"@id\":\"https:\/\/www.avistahideawayphuketresort.com\/#website\",\"url\":\"https:\/\/www.avistahideawayphuketresort.com\/\",\"name\":\"Avista Hideaway Phuket Patong\",\"description\":\"\",\"potentialAction\":[{\"@type\":\"SearchAction\",\"target\":{\"@type\":\"EntryPoint\",\"urlTemplate\":\"https:\/\/www.avistahideawayphuketresort.com\/?s={search_term_string}\"},\"query-input\":{\"@type\":\"PropertyValueSpecification\",\"valueRequired\":true,\"valueName\":\"search_term_string\"}}],\"inLanguage\":\"de-DE\"}]}<\/script>\n<!-- \/ Yoast SEO plugin. -->","yoast_head_json":{"title":"Promthep-Umhang - Avista Hideaway Phuket Patong","robots":{"index":"index","follow":"follow","max-snippet":"max-snippet:-1","max-image-preview":"max-image-preview:large","max-video-preview":"max-video-preview:-1"},"canonical":"https:\/\/www.avistahideawayphuketresort.com\/de\/things-to-do-phuket\/visit-phuket\/promthep-cape\/","og_locale":"de_DE","og_type":"article","og_title":"Promthep-Umhang - Avista Hideaway Phuket Patong","og_description":"Aussichtspunkt f\u00fcr den sch\u00f6nsten Sonnenuntergang in Phuket Promthep Cape ist der s\u00fcdlichste Punkt von Phuket, von dem aus man einen malerischen Blick auf die Andamanensee und die Natur hat. Das Ende ist zu einem beliebten Ort f\u00fcr Touristen geworden, um den Sonnenuntergang in Phuket zu beobachten, und hat Kultstatus erlangt. Aufgrund der exotischen Sch\u00f6nheit der [&hellip;]","og_url":"https:\/\/www.avistahideawayphuketresort.com\/de\/things-to-do-phuket\/visit-phuket\/promthep-cape\/","og_site_name":"Avista Hideaway Phuket Patong","article_modified_time":"2023-07-12T23:37:07+00:00","twitter_card":"summary_large_image","twitter_misc":{"Gesch\u00e4tzte Lesezeit":"2 Minuten"},"schema":{"@context":"https:\/\/schema.org","@graph":[{"@type":"WebPage","@id":"https:\/\/www.avistahideawayphuketresort.com\/de\/things-to-do-phuket\/visit-phuket\/promthep-cape\/","url":"https:\/\/www.avistahideawayphuketresort.com\/de\/things-to-do-phuket\/visit-phuket\/promthep-cape\/","name":"Promthep-Umhang - Avista Hideaway Phuket Patong","isPartOf":{"@id":"https:\/\/www.avistahideawayphuketresort.com\/#website"},"datePublished":"2023-05-04T06:54:26+00:00","dateModified":"2023-07-12T23:37:07+00:00","breadcrumb":{"@id":"https:\/\/www.avistahideawayphuketresort.com\/de\/things-to-do-phuket\/visit-phuket\/promthep-cape\/#breadcrumb"},"inLanguage":"de-DE","potentialAction":[{"@type":"ReadAction","target":["https:\/\/www.avistahideawayphuketresort.com\/de\/things-to-do-phuket\/visit-phuket\/promthep-cape\/"]}]},{"@type":"BreadcrumbList","@id":"https:\/\/www.avistahideawayphuketresort.com\/de\/things-to-do-phuket\/visit-phuket\/promthep-cape\/#breadcrumb","itemListElement":[{"@type":"ListItem","position":1,"name":"Home","item":"https:\/\/www.avistahideawayphuketresort.com\/de\/"},{"@type":"ListItem","position":2,"name":"Was kann man in Phuket unternehmen?","item":"https:\/\/www.avistahideawayphuketresort.com\/de\/things-to-do-phuket\/"},{"@type":"ListItem","position":3,"name":"Phuket-Besichtigungen","item":"https:\/\/www.avistahideawayphuketresort.com\/de\/things-to-do-phuket\/visit-phuket\/"},{"@type":"ListItem","position":4,"name":"Promthep-Umhang"}]},{"@type":"WebSite","@id":"https:\/\/www.avistahideawayphuketresort.com\/#website","url":"https:\/\/www.avistahideawayphuketresort.com\/","name":"Avista Hideaway Phuket Patong","description":"","potentialAction":[{"@type":"SearchAction","target":{"@type":"EntryPoint","urlTemplate":"https:\/\/www.avistahideawayphuketresort.com\/?s={search_term_string}"},"query-input":{"@type":"PropertyValueSpecification","valueRequired":true,"valueName":"search_term_string"}}],"inLanguage":"de-DE"}]}},"_links":{"self":[{"href":"https:\/\/www.avistahideawayphuketresort.com\/de\/wp-json\/wp\/v2\/pages\/1520","targetHints":{"allow":["GET"]}}],"collection":[{"href":"https:\/\/www.avistahideawayphuketresort.com\/de\/wp-json\/wp\/v2\/pages"}],"about":[{"href":"https:\/\/www.avistahideawayphuketresort.com\/de\/wp-json\/wp\/v2\/types\/page"}],"author":[{"embeddable":true,"href":"https:\/\/www.avistahideawayphuketresort.com\/de\/wp-json\/wp\/v2\/users\/55"}],"replies":[{"embeddable":true,"href":"https:\/\/www.avistahideawayphuketresort.com\/de\/wp-json\/wp\/v2\/comments?post=1520"}],"version-history":[{"count":0,"href":"https:\/\/www.avistahideawayphuketresort.com\/de\/wp-json\/wp\/v2\/pages\/1520\/revisions"}],"up":[{"embeddable":true,"href":"https:\/\/www.avistahideawayphuketresort.com\/de\/wp-json\/wp\/v2\/pages\/1514"}],"wp:attachment":[{"href":"https:\/\/www.avistahideawayphuketresort.com\/de\/wp-json\/wp\/v2\/media?parent=1520"}],"wp:term":[{"taxonomy":"category","embeddable":true,"href":"https:\/\/www.avistahideawayphuketresort.com\/de\/wp-json\/wp\/v2\/categories?post=1520"}],"curies":[{"name":"wp","href":"https:\/\/api.w.org\/{rel}","templated":true}]}}