{"id":1523,"date":"2023-05-04T06:55:19","date_gmt":"2023-05-04T06:55:19","guid":{"rendered":"https:\/\/www.avistahideawayphuketresort.com\/things-to-do-phuket\/visit-phuket\/phuket-orchid-farm\/"},"modified":"2023-07-06T03:36:52","modified_gmt":"2023-07-06T03:36:52","slug":"phuket-orchid-farm","status":"publish","type":"page","link":"https:\/\/www.avistahideawayphuketresort.com\/de\/things-to-do-phuket\/visit-phuket\/phuket-orchid-farm\/","title":{"rendered":"Orchideenfarm Phuket"},"content":{"rendered":"<p style=\"text-align: center;\">Die Orchideenfarm ist Phukets gr\u00f6\u00dfte Orchideenausstellung mit mehr als 1.500 verschiedenen Hybriden und Arten. Seit 1975 bietet die Phuket Orchid Farm ein unvergessliches Urlaubserlebnis und ist sicherlich eine der gr\u00f6\u00dften Attraktionen auf dieser sch\u00f6nen Insel.<br \/>\nH\u00f6hepunkt: Erstaunliches Thailand &#8211; verschiedene Arten von Blumen<br \/>\n<strong>Entfernung vom Hotel:<\/strong> 18km<br \/>\n<strong>Ben\u00f6tigte Zeit f\u00fcr den Besuch:<\/strong> 9 Uhr &#8211; 17:15 Uhr<\/p>\n<p>&nbsp;<\/p>\n<p style=\"text-align: center;\"><b>Teilnahmegeb\u00fchr: <\/b><span style=\"font-weight: 400;\">500 THB pro Person.<\/span><\/p>\n","protected":false},"excerpt":{"rendered":"<p>Die Orchideenfarm ist Phukets gr\u00f6\u00dfte Orchideenausstellung mit mehr als 1.500 verschiedenen Hybriden und Arten. Seit 1975 bietet die Phuket Orchid Farm ein unvergessliches Urlaubserlebnis und ist sicherlich eine der gr\u00f6\u00dften Attraktionen auf dieser sch\u00f6nen Insel. H\u00f6hepunkt: Erstaunliches Thailand &#8211; verschiedene Arten von Blumen Entfernung vom Hotel: 18km Ben\u00f6tigte Zeit f\u00fcr den Besuch: 9 Uhr &#8211; [&hellip;]<\/p>\n","protected":false},"author":55,"featured_media":0,"parent":1514,"menu_order":3,"comment_status":"closed","ping_status":"closed","template":"","meta":{"footnotes":""},"categories":[],"class_list":["post-1523","page","type-page","status-publish","hentry"],"acf":[],"yoast_head":"<!-- This site is optimized with the Yoast SEO plugin v26.9 - https:\/\/yoast.com\/product\/yoast-seo-wordpress\/ -->\n<title>Orchideenfarm Phuket - Avista Hideaway Phuket Patong<\/title>\n<meta name=\"robots\" content=\"index, follow, max-snippet:-1, max-image-preview:large, max-video-preview:-1\" \/>\n<link rel=\"canonical\" href=\"https:\/\/www.avistahideawayphuketresort.com\/de\/things-to-do-phuket\/visit-phuket\/phuket-orchid-farm\/\" \/>\n<meta property=\"og:locale\" content=\"de_DE\" \/>\n<meta property=\"og:type\" content=\"article\" \/>\n<meta property=\"og:title\" content=\"Orchideenfarm Phuket - Avista Hideaway Phuket Patong\" \/>\n<meta property=\"og:description\" content=\"Die Orchideenfarm ist Phukets gr\u00f6\u00dfte Orchideenausstellung mit mehr als 1.500 verschiedenen Hybriden und Arten. Seit 1975 bietet die Phuket Orchid Farm ein unvergessliches Urlaubserlebnis und ist sicherlich eine der gr\u00f6\u00dften Attraktionen auf dieser sch\u00f6nen Insel. H\u00f6hepunkt: Erstaunliches Thailand &#8211; verschiedene Arten von Blumen Entfernung vom Hotel: 18km Ben\u00f6tigte Zeit f\u00fcr den Besuch: 9 Uhr &#8211; [&hellip;]\" \/>\n<meta property=\"og:url\" content=\"https:\/\/www.avistahideawayphuketresort.com\/de\/things-to-do-phuket\/visit-phuket\/phuket-orchid-farm\/\" \/>\n<meta property=\"og:site_name\" content=\"Avista Hideaway Phuket Patong\" \/>\n<meta property=\"article:modified_time\" content=\"2023-07-06T03:36:52+00:00\" \/>\n<meta name=\"twitter:card\" content=\"summary_large_image\" \/>\n<meta name=\"twitter:label1\" content=\"Gesch\u00e4tzte Lesezeit\" \/>\n\t<meta name=\"twitter:data1\" content=\"1 Minute\" \/>\n<script type=\"application\/ld+json\" class=\"yoast-schema-graph\">{\"@context\":\"https:\/\/schema.org\",\"@graph\":[{\"@type\":\"WebPage\",\"@id\":\"https:\/\/www.avistahideawayphuketresort.com\/de\/things-to-do-phuket\/visit-phuket\/phuket-orchid-farm\/\",\"url\":\"https:\/\/www.avistahideawayphuketresort.com\/de\/things-to-do-phuket\/visit-phuket\/phuket-orchid-farm\/\",\"name\":\"Orchideenfarm Phuket - Avista Hideaway Phuket Patong\",\"isPartOf\":{\"@id\":\"https:\/\/www.avistahideawayphuketresort.com\/#website\"},\"datePublished\":\"2023-05-04T06:55:19+00:00\",\"dateModified\":\"2023-07-06T03:36:52+00:00\",\"breadcrumb\":{\"@id\":\"https:\/\/www.avistahideawayphuketresort.com\/de\/things-to-do-phuket\/visit-phuket\/phuket-orchid-farm\/#breadcrumb\"},\"inLanguage\":\"de-DE\",\"potentialAction\":[{\"@type\":\"ReadAction\",\"target\":[\"https:\/\/www.avistahideawayphuketresort.com\/de\/things-to-do-phuket\/visit-phuket\/phuket-orchid-farm\/\"]}]},{\"@type\":\"BreadcrumbList\",\"@id\":\"https:\/\/www.avistahideawayphuketresort.com\/de\/things-to-do-phuket\/visit-phuket\/phuket-orchid-farm\/#breadcrumb\",\"itemListElement\":[{\"@type\":\"ListItem\",\"position\":1,\"name\":\"Home\",\"item\":\"https:\/\/www.avistahideawayphuketresort.com\/de\/\"},{\"@type\":\"ListItem\",\"position\":2,\"name\":\"Was kann man in Phuket unternehmen?\",\"item\":\"https:\/\/www.avistahideawayphuketresort.com\/de\/things-to-do-phuket\/\"},{\"@type\":\"ListItem\",\"position\":3,\"name\":\"Phuket-Besichtigungen\",\"item\":\"https:\/\/www.avistahideawayphuketresort.com\/de\/things-to-do-phuket\/visit-phuket\/\"},{\"@type\":\"ListItem\",\"position\":4,\"name\":\"Orchideenfarm Phuket\"}]},{\"@type\":\"WebSite\",\"@id\":\"https:\/\/www.avistahideawayphuketresort.com\/#website\",\"url\":\"https:\/\/www.avistahideawayphuketresort.com\/\",\"name\":\"Avista Hideaway Phuket Patong\",\"description\":\"\",\"potentialAction\":[{\"@type\":\"SearchAction\",\"target\":{\"@type\":\"EntryPoint\",\"urlTemplate\":\"https:\/\/www.avistahideawayphuketresort.com\/?s={search_term_string}\"},\"query-input\":{\"@type\":\"PropertyValueSpecification\",\"valueRequired\":true,\"valueName\":\"search_term_string\"}}],\"inLanguage\":\"de-DE\"}]}<\/script>\n<!-- \/ Yoast SEO plugin. -->","yoast_head_json":{"title":"Orchideenfarm Phuket - Avista Hideaway Phuket Patong","robots":{"index":"index","follow":"follow","max-snippet":"max-snippet:-1","max-image-preview":"max-image-preview:large","max-video-preview":"max-video-preview:-1"},"canonical":"https:\/\/www.avistahideawayphuketresort.com\/de\/things-to-do-phuket\/visit-phuket\/phuket-orchid-farm\/","og_locale":"de_DE","og_type":"article","og_title":"Orchideenfarm Phuket - Avista Hideaway Phuket Patong","og_description":"Die Orchideenfarm ist Phukets gr\u00f6\u00dfte Orchideenausstellung mit mehr als 1.500 verschiedenen Hybriden und Arten. Seit 1975 bietet die Phuket Orchid Farm ein unvergessliches Urlaubserlebnis und ist sicherlich eine der gr\u00f6\u00dften Attraktionen auf dieser sch\u00f6nen Insel. H\u00f6hepunkt: Erstaunliches Thailand &#8211; verschiedene Arten von Blumen Entfernung vom Hotel: 18km Ben\u00f6tigte Zeit f\u00fcr den Besuch: 9 Uhr &#8211; [&hellip;]","og_url":"https:\/\/www.avistahideawayphuketresort.com\/de\/things-to-do-phuket\/visit-phuket\/phuket-orchid-farm\/","og_site_name":"Avista Hideaway Phuket Patong","article_modified_time":"2023-07-06T03:36:52+00:00","twitter_card":"summary_large_image","twitter_misc":{"Gesch\u00e4tzte Lesezeit":"1 Minute"},"schema":{"@context":"https:\/\/schema.org","@graph":[{"@type":"WebPage","@id":"https:\/\/www.avistahideawayphuketresort.com\/de\/things-to-do-phuket\/visit-phuket\/phuket-orchid-farm\/","url":"https:\/\/www.avistahideawayphuketresort.com\/de\/things-to-do-phuket\/visit-phuket\/phuket-orchid-farm\/","name":"Orchideenfarm Phuket - Avista Hideaway Phuket Patong","isPartOf":{"@id":"https:\/\/www.avistahideawayphuketresort.com\/#website"},"datePublished":"2023-05-04T06:55:19+00:00","dateModified":"2023-07-06T03:36:52+00:00","breadcrumb":{"@id":"https:\/\/www.avistahideawayphuketresort.com\/de\/things-to-do-phuket\/visit-phuket\/phuket-orchid-farm\/#breadcrumb"},"inLanguage":"de-DE","potentialAction":[{"@type":"ReadAction","target":["https:\/\/www.avistahideawayphuketresort.com\/de\/things-to-do-phuket\/visit-phuket\/phuket-orchid-farm\/"]}]},{"@type":"BreadcrumbList","@id":"https:\/\/www.avistahideawayphuketresort.com\/de\/things-to-do-phuket\/visit-phuket\/phuket-orchid-farm\/#breadcrumb","itemListElement":[{"@type":"ListItem","position":1,"name":"Home","item":"https:\/\/www.avistahideawayphuketresort.com\/de\/"},{"@type":"ListItem","position":2,"name":"Was kann man in Phuket unternehmen?","item":"https:\/\/www.avistahideawayphuketresort.com\/de\/things-to-do-phuket\/"},{"@type":"ListItem","position":3,"name":"Phuket-Besichtigungen","item":"https:\/\/www.avistahideawayphuketresort.com\/de\/things-to-do-phuket\/visit-phuket\/"},{"@type":"ListItem","position":4,"name":"Orchideenfarm Phuket"}]},{"@type":"WebSite","@id":"https:\/\/www.avistahideawayphuketresort.com\/#website","url":"https:\/\/www.avistahideawayphuketresort.com\/","name":"Avista Hideaway Phuket Patong","description":"","potentialAction":[{"@type":"SearchAction","target":{"@type":"EntryPoint","urlTemplate":"https:\/\/www.avistahideawayphuketresort.com\/?s={search_term_string}"},"query-input":{"@type":"PropertyValueSpecification","valueRequired":true,"valueName":"search_term_string"}}],"inLanguage":"de-DE"}]}},"_links":{"self":[{"href":"https:\/\/www.avistahideawayphuketresort.com\/de\/wp-json\/wp\/v2\/pages\/1523","targetHints":{"allow":["GET"]}}],"collection":[{"href":"https:\/\/www.avistahideawayphuketresort.com\/de\/wp-json\/wp\/v2\/pages"}],"about":[{"href":"https:\/\/www.avistahideawayphuketresort.com\/de\/wp-json\/wp\/v2\/types\/page"}],"author":[{"embeddable":true,"href":"https:\/\/www.avistahideawayphuketresort.com\/de\/wp-json\/wp\/v2\/users\/55"}],"replies":[{"embeddable":true,"href":"https:\/\/www.avistahideawayphuketresort.com\/de\/wp-json\/wp\/v2\/comments?post=1523"}],"version-history":[{"count":0,"href":"https:\/\/www.avistahideawayphuketresort.com\/de\/wp-json\/wp\/v2\/pages\/1523\/revisions"}],"up":[{"embeddable":true,"href":"https:\/\/www.avistahideawayphuketresort.com\/de\/wp-json\/wp\/v2\/pages\/1514"}],"wp:attachment":[{"href":"https:\/\/www.avistahideawayphuketresort.com\/de\/wp-json\/wp\/v2\/media?parent=1523"}],"wp:term":[{"taxonomy":"category","embeddable":true,"href":"https:\/\/www.avistahideawayphuketresort.com\/de\/wp-json\/wp\/v2\/categories?post=1523"}],"curies":[{"name":"wp","href":"https:\/\/api.w.org\/{rel}","templated":true}]}}