{"id":1529,"date":"2023-05-04T07:08:18","date_gmt":"2023-05-04T07:08:18","guid":{"rendered":"https:\/\/www.avistahideawayphuketresort.com\/things-to-do-phuket\/visit-phuket\/big-buddha-of-phuket\/"},"modified":"2023-07-12T23:40:07","modified_gmt":"2023-07-12T23:40:07","slug":"big-buddha-of-phuket","status":"publish","type":"page","link":"https:\/\/www.avistahideawayphuketresort.com\/de\/things-to-do-phuket\/visit-phuket\/big-buddha-of-phuket\/","title":{"rendered":"Gro\u00dfer Buddha von Phuket"},"content":{"rendered":"<p style=\"text-align: center;\"><span style=\"font-weight: 400;\">Der <\/span><b>Gro\u00dfe Buddha in Phuket <\/b><span style=\"font-weight: 400;\">ist eine ikonische Statue und eine der wichtigsten Touristenattraktionen. Die 45 Meter hohe Ikone thront auf den Nakkerd Hills zwischen <\/span><a href=\"https:\/\/www.avistahideawayphuketresort.com\/de\/what-to-do-in-phuket\/visit-phuket\/wat-chalong\/\"><span style=\"font-weight: 400;\">Chalong Bay<\/span><\/a><span style=\"font-weight: 400;\"> und Kata. Aufgrund ihrer H\u00f6he ist die Statue von Phut Town und <\/span><a href=\"https:\/\/www.avistahideawayphuketresort.com\/de\/what-to-do-in-phuket\/phuket-beaches\/karon-beach\/\"><span style=\"font-weight: 400;\">Karon Beach<\/span><\/a><span style=\"font-weight: 400;\"> aus zu sehen.<\/span><br \/>\nVon der Spitze dieses Punktes aus k\u00f6nnen Touristen einen 360-Grad-Blick auf Phuket Town, Kata, Karon und viele andere Orte der Insel genie\u00dfen. Touristen k\u00f6nnen eine friedliche Atmosph\u00e4re erleben, in der neben der sanften Dharma-Musik nur das Flattern der buddhistischen Fahnen und Glocken zu h\u00f6ren ist.<br \/>\nDie gro\u00dfe Buddha-Statue<br \/>\nDer Phra Puttamingmongkol Akenakkiri Buddha ist ein etwa 25 Meter breiter Sockel aus Stahlbeton und wundersch\u00f6nem wei\u00dfem burmesischem Jade-Marmor. Das wei\u00dfe Idol leuchtet in der Sonne und bietet den Betrachtern einen spektakul\u00e4ren Anblick.<br \/>\n<span style=\"font-weight: 400;\">Neben dem <\/span><b>Gro\u00dfen Buddha in Phuket <\/b><span style=\"font-weight: 400;\">steht eine kleinere, goldfarbene Statue, die allerdings aus Tonnen von Messing besteht, zusammen mit kleineren Buddha-Statuen und verehrten M\u00f6nchen.<\/span><br \/>\nTausende von Touristen besuchen die St\u00e4tte jeden Monat und hinterlassen r\u00fchrende Botschaften f\u00fcr ihre verstorbenen Angeh\u00f6rigen auf den Ziegeln und wei\u00dfen Marmorplatten. Die Menschen spenden Geld f\u00fcr die Instandhaltung dieses Bauwerks und schreiben liebevolle Notizen f\u00fcr ihre Lieben.<br \/>\n<span style=\"font-weight: 400;\">Am Sockel des <\/span><b>Buddha in Phuket befinden sich <\/b><span style=\"font-weight: 400;\">Schriften \u00fcber die Geschichte des Projekts und die buddhistische Lehre. Als gro\u00dfe Touristenattraktion ist der Ort \u00fcber viele Stra\u00dfen erreichbar. Mit 1000 Menschen besuchen t\u00e4glich auf eine gute, erwarten, um gute Menschenmengen um Sonnenuntergang zu bekommen.<\/span><br \/>\nHinweis: Da es sich um eine religi\u00f6se St\u00e4tte handelt, sollten sich Touristen, insbesondere Frauen, angemessen kleiden, bevor sie den Ort betreten. Frauen, die gewagte Kleidung tragen, m\u00fcssen sich mit einem Sarong bedecken, bevor sie die St\u00e4tte betreten, um religi\u00f6se Gef\u00fchle nicht zu verletzen.<br \/>\nH\u00f6hepunkt: Erstaunlicher Buddha mit erstaunlicher Aussicht<br \/>\n<strong>Entfernung vom Hotel:<\/strong> 23 km<br \/>\n<strong>Die f\u00fcr den Besuch ben\u00f6tigte Zeit:<\/strong> 1 Stunde<br \/>\n<strong>Besuchszeiten:<\/strong> 6:00 &#8211; 17:00 Uhr<br \/>\n<strong>Teilnahmegeb\u00fchr:<\/strong> Null<\/p>\n","protected":false},"excerpt":{"rendered":"<p>Der Gro\u00dfe Buddha in Phuket ist eine ikonische Statue und eine der wichtigsten Touristenattraktionen. Die 45 Meter hohe Ikone thront auf den Nakkerd Hills zwischen Chalong Bay und Kata. Aufgrund ihrer H\u00f6he ist die Statue von Phut Town und Karon Beach aus zu sehen. Von der Spitze dieses Punktes aus k\u00f6nnen Touristen einen 360-Grad-Blick auf [&hellip;]<\/p>\n","protected":false},"author":55,"featured_media":0,"parent":1514,"menu_order":5,"comment_status":"closed","ping_status":"closed","template":"","meta":{"footnotes":""},"categories":[],"class_list":["post-1529","page","type-page","status-publish","hentry"],"acf":[],"yoast_head":"<!-- This site is optimized with the Yoast SEO plugin v26.9 - https:\/\/yoast.com\/product\/yoast-seo-wordpress\/ -->\n<title>Gro\u00dfer Buddha von Phuket - Avista Hideaway Phuket Patong<\/title>\n<meta name=\"robots\" content=\"index, follow, max-snippet:-1, max-image-preview:large, max-video-preview:-1\" \/>\n<link rel=\"canonical\" href=\"https:\/\/www.avistahideawayphuketresort.com\/de\/things-to-do-phuket\/visit-phuket\/big-buddha-of-phuket\/\" \/>\n<meta property=\"og:locale\" content=\"de_DE\" \/>\n<meta property=\"og:type\" content=\"article\" \/>\n<meta property=\"og:title\" content=\"Gro\u00dfer Buddha von Phuket - Avista Hideaway Phuket Patong\" \/>\n<meta property=\"og:description\" content=\"Der Gro\u00dfe Buddha in Phuket ist eine ikonische Statue und eine der wichtigsten Touristenattraktionen. Die 45 Meter hohe Ikone thront auf den Nakkerd Hills zwischen Chalong Bay und Kata. Aufgrund ihrer H\u00f6he ist die Statue von Phut Town und Karon Beach aus zu sehen. Von der Spitze dieses Punktes aus k\u00f6nnen Touristen einen 360-Grad-Blick auf [&hellip;]\" \/>\n<meta property=\"og:url\" content=\"https:\/\/www.avistahideawayphuketresort.com\/de\/things-to-do-phuket\/visit-phuket\/big-buddha-of-phuket\/\" \/>\n<meta property=\"og:site_name\" content=\"Avista Hideaway Phuket Patong\" \/>\n<meta property=\"article:modified_time\" content=\"2023-07-12T23:40:07+00:00\" \/>\n<meta name=\"twitter:card\" content=\"summary_large_image\" \/>\n<meta name=\"twitter:label1\" content=\"Gesch\u00e4tzte Lesezeit\" \/>\n\t<meta name=\"twitter:data1\" content=\"2 Minuten\" \/>\n<script type=\"application\/ld+json\" class=\"yoast-schema-graph\">{\"@context\":\"https:\/\/schema.org\",\"@graph\":[{\"@type\":\"WebPage\",\"@id\":\"https:\/\/www.avistahideawayphuketresort.com\/de\/things-to-do-phuket\/visit-phuket\/big-buddha-of-phuket\/\",\"url\":\"https:\/\/www.avistahideawayphuketresort.com\/de\/things-to-do-phuket\/visit-phuket\/big-buddha-of-phuket\/\",\"name\":\"Gro\u00dfer Buddha von Phuket - Avista Hideaway Phuket Patong\",\"isPartOf\":{\"@id\":\"https:\/\/www.avistahideawayphuketresort.com\/#website\"},\"datePublished\":\"2023-05-04T07:08:18+00:00\",\"dateModified\":\"2023-07-12T23:40:07+00:00\",\"breadcrumb\":{\"@id\":\"https:\/\/www.avistahideawayphuketresort.com\/de\/things-to-do-phuket\/visit-phuket\/big-buddha-of-phuket\/#breadcrumb\"},\"inLanguage\":\"de-DE\",\"potentialAction\":[{\"@type\":\"ReadAction\",\"target\":[\"https:\/\/www.avistahideawayphuketresort.com\/de\/things-to-do-phuket\/visit-phuket\/big-buddha-of-phuket\/\"]}]},{\"@type\":\"BreadcrumbList\",\"@id\":\"https:\/\/www.avistahideawayphuketresort.com\/de\/things-to-do-phuket\/visit-phuket\/big-buddha-of-phuket\/#breadcrumb\",\"itemListElement\":[{\"@type\":\"ListItem\",\"position\":1,\"name\":\"Home\",\"item\":\"https:\/\/www.avistahideawayphuketresort.com\/de\/\"},{\"@type\":\"ListItem\",\"position\":2,\"name\":\"Was kann man in Phuket unternehmen?\",\"item\":\"https:\/\/www.avistahideawayphuketresort.com\/de\/things-to-do-phuket\/\"},{\"@type\":\"ListItem\",\"position\":3,\"name\":\"Phuket-Besichtigungen\",\"item\":\"https:\/\/www.avistahideawayphuketresort.com\/de\/things-to-do-phuket\/visit-phuket\/\"},{\"@type\":\"ListItem\",\"position\":4,\"name\":\"Gro\u00dfer Buddha von Phuket\"}]},{\"@type\":\"WebSite\",\"@id\":\"https:\/\/www.avistahideawayphuketresort.com\/#website\",\"url\":\"https:\/\/www.avistahideawayphuketresort.com\/\",\"name\":\"Avista Hideaway Phuket Patong\",\"description\":\"\",\"potentialAction\":[{\"@type\":\"SearchAction\",\"target\":{\"@type\":\"EntryPoint\",\"urlTemplate\":\"https:\/\/www.avistahideawayphuketresort.com\/?s={search_term_string}\"},\"query-input\":{\"@type\":\"PropertyValueSpecification\",\"valueRequired\":true,\"valueName\":\"search_term_string\"}}],\"inLanguage\":\"de-DE\"}]}<\/script>\n<!-- \/ Yoast SEO plugin. -->","yoast_head_json":{"title":"Gro\u00dfer Buddha von Phuket - Avista Hideaway Phuket Patong","robots":{"index":"index","follow":"follow","max-snippet":"max-snippet:-1","max-image-preview":"max-image-preview:large","max-video-preview":"max-video-preview:-1"},"canonical":"https:\/\/www.avistahideawayphuketresort.com\/de\/things-to-do-phuket\/visit-phuket\/big-buddha-of-phuket\/","og_locale":"de_DE","og_type":"article","og_title":"Gro\u00dfer Buddha von Phuket - Avista Hideaway Phuket Patong","og_description":"Der Gro\u00dfe Buddha in Phuket ist eine ikonische Statue und eine der wichtigsten Touristenattraktionen. Die 45 Meter hohe Ikone thront auf den Nakkerd Hills zwischen Chalong Bay und Kata. Aufgrund ihrer H\u00f6he ist die Statue von Phut Town und Karon Beach aus zu sehen. Von der Spitze dieses Punktes aus k\u00f6nnen Touristen einen 360-Grad-Blick auf [&hellip;]","og_url":"https:\/\/www.avistahideawayphuketresort.com\/de\/things-to-do-phuket\/visit-phuket\/big-buddha-of-phuket\/","og_site_name":"Avista Hideaway Phuket Patong","article_modified_time":"2023-07-12T23:40:07+00:00","twitter_card":"summary_large_image","twitter_misc":{"Gesch\u00e4tzte Lesezeit":"2 Minuten"},"schema":{"@context":"https:\/\/schema.org","@graph":[{"@type":"WebPage","@id":"https:\/\/www.avistahideawayphuketresort.com\/de\/things-to-do-phuket\/visit-phuket\/big-buddha-of-phuket\/","url":"https:\/\/www.avistahideawayphuketresort.com\/de\/things-to-do-phuket\/visit-phuket\/big-buddha-of-phuket\/","name":"Gro\u00dfer Buddha von Phuket - Avista Hideaway Phuket Patong","isPartOf":{"@id":"https:\/\/www.avistahideawayphuketresort.com\/#website"},"datePublished":"2023-05-04T07:08:18+00:00","dateModified":"2023-07-12T23:40:07+00:00","breadcrumb":{"@id":"https:\/\/www.avistahideawayphuketresort.com\/de\/things-to-do-phuket\/visit-phuket\/big-buddha-of-phuket\/#breadcrumb"},"inLanguage":"de-DE","potentialAction":[{"@type":"ReadAction","target":["https:\/\/www.avistahideawayphuketresort.com\/de\/things-to-do-phuket\/visit-phuket\/big-buddha-of-phuket\/"]}]},{"@type":"BreadcrumbList","@id":"https:\/\/www.avistahideawayphuketresort.com\/de\/things-to-do-phuket\/visit-phuket\/big-buddha-of-phuket\/#breadcrumb","itemListElement":[{"@type":"ListItem","position":1,"name":"Home","item":"https:\/\/www.avistahideawayphuketresort.com\/de\/"},{"@type":"ListItem","position":2,"name":"Was kann man in Phuket unternehmen?","item":"https:\/\/www.avistahideawayphuketresort.com\/de\/things-to-do-phuket\/"},{"@type":"ListItem","position":3,"name":"Phuket-Besichtigungen","item":"https:\/\/www.avistahideawayphuketresort.com\/de\/things-to-do-phuket\/visit-phuket\/"},{"@type":"ListItem","position":4,"name":"Gro\u00dfer Buddha von Phuket"}]},{"@type":"WebSite","@id":"https:\/\/www.avistahideawayphuketresort.com\/#website","url":"https:\/\/www.avistahideawayphuketresort.com\/","name":"Avista Hideaway Phuket Patong","description":"","potentialAction":[{"@type":"SearchAction","target":{"@type":"EntryPoint","urlTemplate":"https:\/\/www.avistahideawayphuketresort.com\/?s={search_term_string}"},"query-input":{"@type":"PropertyValueSpecification","valueRequired":true,"valueName":"search_term_string"}}],"inLanguage":"de-DE"}]}},"_links":{"self":[{"href":"https:\/\/www.avistahideawayphuketresort.com\/de\/wp-json\/wp\/v2\/pages\/1529","targetHints":{"allow":["GET"]}}],"collection":[{"href":"https:\/\/www.avistahideawayphuketresort.com\/de\/wp-json\/wp\/v2\/pages"}],"about":[{"href":"https:\/\/www.avistahideawayphuketresort.com\/de\/wp-json\/wp\/v2\/types\/page"}],"author":[{"embeddable":true,"href":"https:\/\/www.avistahideawayphuketresort.com\/de\/wp-json\/wp\/v2\/users\/55"}],"replies":[{"embeddable":true,"href":"https:\/\/www.avistahideawayphuketresort.com\/de\/wp-json\/wp\/v2\/comments?post=1529"}],"version-history":[{"count":0,"href":"https:\/\/www.avistahideawayphuketresort.com\/de\/wp-json\/wp\/v2\/pages\/1529\/revisions"}],"up":[{"embeddable":true,"href":"https:\/\/www.avistahideawayphuketresort.com\/de\/wp-json\/wp\/v2\/pages\/1514"}],"wp:attachment":[{"href":"https:\/\/www.avistahideawayphuketresort.com\/de\/wp-json\/wp\/v2\/media?parent=1529"}],"wp:term":[{"taxonomy":"category","embeddable":true,"href":"https:\/\/www.avistahideawayphuketresort.com\/de\/wp-json\/wp\/v2\/categories?post=1529"}],"curies":[{"name":"wp","href":"https:\/\/api.w.org\/{rel}","templated":true}]}}