{"id":1532,"date":"2023-05-04T07:09:13","date_gmt":"2023-05-04T07:09:13","guid":{"rendered":"https:\/\/www.avistahideawayphuketresort.com\/things-to-do-phuket\/visit-phuket\/karon-view-point\/"},"modified":"2023-07-12T23:45:45","modified_gmt":"2023-07-12T23:45:45","slug":"karon-view-point","status":"publish","type":"page","link":"https:\/\/www.avistahideawayphuketresort.com\/de\/things-to-do-phuket\/visit-phuket\/karon-view-point\/","title":{"rendered":"Karon Aussichtspunkt"},"content":{"rendered":"<p style=\"text-align: center;\"><span style=\"font-weight: 400;\">Phuket beherbergt viele spektakul\u00e4re Natursehensw\u00fcrdigkeiten, die Touristen im Urlaub bewundern k\u00f6nnen. Eine Sightseeing-Tour auf Phuket ist nicht vollst\u00e4ndig, wenn man den <\/span><b>Aussichtspunkt Karon nicht <\/b><span style=\"font-weight: 400;\">in den Reiseplan aufgenommen hat. Er ist einer der wenigen Punkte auf Phuket, die das ganze Jahr \u00fcber von Touristen besucht werden.<\/span><br \/>\nDer im Bezirk Mueang Phuket gelegene Aussichtspunkt Karon ist aus vielen guten Gr\u00fcnden einer der meistbesuchten Orte der Insel. Der Punkt wird von den Einheimischen Khao Sam Haad genannt, was so viel wie &#8222;H\u00fcgel der drei Str\u00e4nde&#8220; bedeutet. Das liegt daran, dass man von der Spitze dieses H\u00fcgels einen beeindruckenden Blick auf die Str\u00e4nde Kata Noi, Kata Yai und Karon hat.<br \/>\n<span style=\"font-weight: 400;\">Der beeindruckende Anblick zieht Naturliebhaber auf einer Tour immer wieder in seinen Bann. Die Menschen bewundern das Wunder der Natur und den <\/span><b>Sonnenuntergang am Aussichtspunkt Karon <\/b><span style=\"font-weight: 400;\">von der Spitze des H\u00fcgels aus. Es ist ein Ort f\u00fcr Fotografen, an dem man die atemberaubendste Aussicht auf die drei <\/span><span style=\"font-weight: 400;\">Str\u00e4nde der <\/span><span style=\"font-weight: 400;\">Westk\u00fcste mit den dunkelgr\u00fcnen H\u00fcgeln einfangen kann. Daher ist dieser Punkt eines der meistfotografierten Bilder in Phuket.<\/span><br \/>\nDie wichtigsten Highlights des Aussichtspunkts Karon<br \/>\n<span style=\"font-weight: 400;\">Der Aussichtspunkt Karon ist eines der meistfotografierten Bilder von Phuket. Das ikonische Bild zeigt die t\u00fcrkisblaue Andamanensee, wei\u00dfe Sandstr\u00e4nde, dunkelgr\u00fcne B\u00fcsche am Hang und die exotische <\/span><a href=\"https:\/\/www.avistahideawayphuketresort.com\/de\/what-to-do-in-phuket\/island-hopping-tours\/\"><span style=\"font-weight: 400;\">Insel<\/span><\/a><span style=\"font-weight: 400;\"> Koh Pu. Kein Punkt kann so viele Dinge in einem einzigen Bild hervorheben, was es zu einem beeindruckenden und seltenen Anblick f\u00fcr jeden macht.<\/span><br \/>\n<span style=\"font-weight: 400;\">Dieser Punkt ist f\u00fcr Touristen leicht zu erreichen, da er nur 10 Minuten von Kata Beach und Nai Harn Beach entfernt liegt. Am <\/span><b>Aussichtspunkt Phuket Karon gibt <\/b><span style=\"font-weight: 400;\">es einen gro\u00dfen Parkplatz f\u00fcr die ankommenden Fahrzeuge der Touristen. Getr\u00e4nke und Snacks sind in den nahe gelegenen St\u00e4nden im Schatten der B\u00e4ume erh\u00e4ltlich.<\/span><br \/>\n<span style=\"font-weight: 400;\">Avista Hideaway Phuket Patong, ein <\/span><a href=\"https:\/\/www.avistahideawayphuketresort.com\/de\/\"><span style=\"font-weight: 400;\">Top-Resort in Phuket<\/span><\/a><span style=\"font-weight: 400;\">, kann diese Reise f\u00fcr Touristen organisieren. Es liegt 15 km entfernt und ist in etwa einer Stunde zu erreichen.<\/span><br \/>\n<strong>Highlight:<\/strong> Lassen Sie sich von den drei Inseln und dem Karon View Point verzaubern<br \/>\n<strong>Entfernung vom Hotel:<\/strong> 15km<br \/>\n<strong>Ben\u00f6tigte Zeit f\u00fcr den Besuch:<\/strong> 30 Minuten &#8211; 1 Stunde<br \/>\n<strong>Besuchszeiten:<\/strong> 6 Uhr morgens &#8211; 19 Uhr abends<br \/>\n<strong>Teilnahmegeb\u00fchr:<\/strong> Null<\/p>\n","protected":false},"excerpt":{"rendered":"<p>Phuket beherbergt viele spektakul\u00e4re Natursehensw\u00fcrdigkeiten, die Touristen im Urlaub bewundern k\u00f6nnen. Eine Sightseeing-Tour auf Phuket ist nicht vollst\u00e4ndig, wenn man den Aussichtspunkt Karon nicht in den Reiseplan aufgenommen hat. Er ist einer der wenigen Punkte auf Phuket, die das ganze Jahr \u00fcber von Touristen besucht werden. Der im Bezirk Mueang Phuket gelegene Aussichtspunkt Karon ist [&hellip;]<\/p>\n","protected":false},"author":55,"featured_media":0,"parent":1514,"menu_order":6,"comment_status":"closed","ping_status":"closed","template":"","meta":{"footnotes":""},"categories":[],"class_list":["post-1532","page","type-page","status-publish","hentry"],"acf":[],"yoast_head":"<!-- This site is optimized with the Yoast SEO plugin v26.9 - https:\/\/yoast.com\/product\/yoast-seo-wordpress\/ -->\n<title>Karon Aussichtspunkt - Avista Hideaway Phuket Patong<\/title>\n<meta name=\"robots\" content=\"index, follow, max-snippet:-1, max-image-preview:large, max-video-preview:-1\" \/>\n<link rel=\"canonical\" href=\"https:\/\/www.avistahideawayphuketresort.com\/de\/things-to-do-phuket\/visit-phuket\/karon-view-point\/\" \/>\n<meta property=\"og:locale\" content=\"de_DE\" \/>\n<meta property=\"og:type\" content=\"article\" \/>\n<meta property=\"og:title\" content=\"Karon Aussichtspunkt - Avista Hideaway Phuket Patong\" \/>\n<meta property=\"og:description\" content=\"Phuket beherbergt viele spektakul\u00e4re Natursehensw\u00fcrdigkeiten, die Touristen im Urlaub bewundern k\u00f6nnen. Eine Sightseeing-Tour auf Phuket ist nicht vollst\u00e4ndig, wenn man den Aussichtspunkt Karon nicht in den Reiseplan aufgenommen hat. Er ist einer der wenigen Punkte auf Phuket, die das ganze Jahr \u00fcber von Touristen besucht werden. Der im Bezirk Mueang Phuket gelegene Aussichtspunkt Karon ist [&hellip;]\" \/>\n<meta property=\"og:url\" content=\"https:\/\/www.avistahideawayphuketresort.com\/de\/things-to-do-phuket\/visit-phuket\/karon-view-point\/\" \/>\n<meta property=\"og:site_name\" content=\"Avista Hideaway Phuket Patong\" \/>\n<meta property=\"article:modified_time\" content=\"2023-07-12T23:45:45+00:00\" \/>\n<meta name=\"twitter:card\" content=\"summary_large_image\" \/>\n<meta name=\"twitter:label1\" content=\"Gesch\u00e4tzte Lesezeit\" \/>\n\t<meta name=\"twitter:data1\" content=\"2 Minuten\" \/>\n<script type=\"application\/ld+json\" class=\"yoast-schema-graph\">{\"@context\":\"https:\/\/schema.org\",\"@graph\":[{\"@type\":\"WebPage\",\"@id\":\"https:\/\/www.avistahideawayphuketresort.com\/de\/things-to-do-phuket\/visit-phuket\/karon-view-point\/\",\"url\":\"https:\/\/www.avistahideawayphuketresort.com\/de\/things-to-do-phuket\/visit-phuket\/karon-view-point\/\",\"name\":\"Karon Aussichtspunkt - Avista Hideaway Phuket Patong\",\"isPartOf\":{\"@id\":\"https:\/\/www.avistahideawayphuketresort.com\/#website\"},\"datePublished\":\"2023-05-04T07:09:13+00:00\",\"dateModified\":\"2023-07-12T23:45:45+00:00\",\"breadcrumb\":{\"@id\":\"https:\/\/www.avistahideawayphuketresort.com\/de\/things-to-do-phuket\/visit-phuket\/karon-view-point\/#breadcrumb\"},\"inLanguage\":\"de-DE\",\"potentialAction\":[{\"@type\":\"ReadAction\",\"target\":[\"https:\/\/www.avistahideawayphuketresort.com\/de\/things-to-do-phuket\/visit-phuket\/karon-view-point\/\"]}]},{\"@type\":\"BreadcrumbList\",\"@id\":\"https:\/\/www.avistahideawayphuketresort.com\/de\/things-to-do-phuket\/visit-phuket\/karon-view-point\/#breadcrumb\",\"itemListElement\":[{\"@type\":\"ListItem\",\"position\":1,\"name\":\"Home\",\"item\":\"https:\/\/www.avistahideawayphuketresort.com\/de\/\"},{\"@type\":\"ListItem\",\"position\":2,\"name\":\"Was kann man in Phuket unternehmen?\",\"item\":\"https:\/\/www.avistahideawayphuketresort.com\/de\/things-to-do-phuket\/\"},{\"@type\":\"ListItem\",\"position\":3,\"name\":\"Phuket-Besichtigungen\",\"item\":\"https:\/\/www.avistahideawayphuketresort.com\/de\/things-to-do-phuket\/visit-phuket\/\"},{\"@type\":\"ListItem\",\"position\":4,\"name\":\"Karon Aussichtspunkt\"}]},{\"@type\":\"WebSite\",\"@id\":\"https:\/\/www.avistahideawayphuketresort.com\/#website\",\"url\":\"https:\/\/www.avistahideawayphuketresort.com\/\",\"name\":\"Avista Hideaway Phuket Patong\",\"description\":\"\",\"potentialAction\":[{\"@type\":\"SearchAction\",\"target\":{\"@type\":\"EntryPoint\",\"urlTemplate\":\"https:\/\/www.avistahideawayphuketresort.com\/?s={search_term_string}\"},\"query-input\":{\"@type\":\"PropertyValueSpecification\",\"valueRequired\":true,\"valueName\":\"search_term_string\"}}],\"inLanguage\":\"de-DE\"}]}<\/script>\n<!-- \/ Yoast SEO plugin. -->","yoast_head_json":{"title":"Karon Aussichtspunkt - Avista Hideaway Phuket Patong","robots":{"index":"index","follow":"follow","max-snippet":"max-snippet:-1","max-image-preview":"max-image-preview:large","max-video-preview":"max-video-preview:-1"},"canonical":"https:\/\/www.avistahideawayphuketresort.com\/de\/things-to-do-phuket\/visit-phuket\/karon-view-point\/","og_locale":"de_DE","og_type":"article","og_title":"Karon Aussichtspunkt - Avista Hideaway Phuket Patong","og_description":"Phuket beherbergt viele spektakul\u00e4re Natursehensw\u00fcrdigkeiten, die Touristen im Urlaub bewundern k\u00f6nnen. Eine Sightseeing-Tour auf Phuket ist nicht vollst\u00e4ndig, wenn man den Aussichtspunkt Karon nicht in den Reiseplan aufgenommen hat. Er ist einer der wenigen Punkte auf Phuket, die das ganze Jahr \u00fcber von Touristen besucht werden. Der im Bezirk Mueang Phuket gelegene Aussichtspunkt Karon ist [&hellip;]","og_url":"https:\/\/www.avistahideawayphuketresort.com\/de\/things-to-do-phuket\/visit-phuket\/karon-view-point\/","og_site_name":"Avista Hideaway Phuket Patong","article_modified_time":"2023-07-12T23:45:45+00:00","twitter_card":"summary_large_image","twitter_misc":{"Gesch\u00e4tzte Lesezeit":"2 Minuten"},"schema":{"@context":"https:\/\/schema.org","@graph":[{"@type":"WebPage","@id":"https:\/\/www.avistahideawayphuketresort.com\/de\/things-to-do-phuket\/visit-phuket\/karon-view-point\/","url":"https:\/\/www.avistahideawayphuketresort.com\/de\/things-to-do-phuket\/visit-phuket\/karon-view-point\/","name":"Karon Aussichtspunkt - Avista Hideaway Phuket Patong","isPartOf":{"@id":"https:\/\/www.avistahideawayphuketresort.com\/#website"},"datePublished":"2023-05-04T07:09:13+00:00","dateModified":"2023-07-12T23:45:45+00:00","breadcrumb":{"@id":"https:\/\/www.avistahideawayphuketresort.com\/de\/things-to-do-phuket\/visit-phuket\/karon-view-point\/#breadcrumb"},"inLanguage":"de-DE","potentialAction":[{"@type":"ReadAction","target":["https:\/\/www.avistahideawayphuketresort.com\/de\/things-to-do-phuket\/visit-phuket\/karon-view-point\/"]}]},{"@type":"BreadcrumbList","@id":"https:\/\/www.avistahideawayphuketresort.com\/de\/things-to-do-phuket\/visit-phuket\/karon-view-point\/#breadcrumb","itemListElement":[{"@type":"ListItem","position":1,"name":"Home","item":"https:\/\/www.avistahideawayphuketresort.com\/de\/"},{"@type":"ListItem","position":2,"name":"Was kann man in Phuket unternehmen?","item":"https:\/\/www.avistahideawayphuketresort.com\/de\/things-to-do-phuket\/"},{"@type":"ListItem","position":3,"name":"Phuket-Besichtigungen","item":"https:\/\/www.avistahideawayphuketresort.com\/de\/things-to-do-phuket\/visit-phuket\/"},{"@type":"ListItem","position":4,"name":"Karon Aussichtspunkt"}]},{"@type":"WebSite","@id":"https:\/\/www.avistahideawayphuketresort.com\/#website","url":"https:\/\/www.avistahideawayphuketresort.com\/","name":"Avista Hideaway Phuket Patong","description":"","potentialAction":[{"@type":"SearchAction","target":{"@type":"EntryPoint","urlTemplate":"https:\/\/www.avistahideawayphuketresort.com\/?s={search_term_string}"},"query-input":{"@type":"PropertyValueSpecification","valueRequired":true,"valueName":"search_term_string"}}],"inLanguage":"de-DE"}]}},"_links":{"self":[{"href":"https:\/\/www.avistahideawayphuketresort.com\/de\/wp-json\/wp\/v2\/pages\/1532","targetHints":{"allow":["GET"]}}],"collection":[{"href":"https:\/\/www.avistahideawayphuketresort.com\/de\/wp-json\/wp\/v2\/pages"}],"about":[{"href":"https:\/\/www.avistahideawayphuketresort.com\/de\/wp-json\/wp\/v2\/types\/page"}],"author":[{"embeddable":true,"href":"https:\/\/www.avistahideawayphuketresort.com\/de\/wp-json\/wp\/v2\/users\/55"}],"replies":[{"embeddable":true,"href":"https:\/\/www.avistahideawayphuketresort.com\/de\/wp-json\/wp\/v2\/comments?post=1532"}],"version-history":[{"count":0,"href":"https:\/\/www.avistahideawayphuketresort.com\/de\/wp-json\/wp\/v2\/pages\/1532\/revisions"}],"up":[{"embeddable":true,"href":"https:\/\/www.avistahideawayphuketresort.com\/de\/wp-json\/wp\/v2\/pages\/1514"}],"wp:attachment":[{"href":"https:\/\/www.avistahideawayphuketresort.com\/de\/wp-json\/wp\/v2\/media?parent=1532"}],"wp:term":[{"taxonomy":"category","embeddable":true,"href":"https:\/\/www.avistahideawayphuketresort.com\/de\/wp-json\/wp\/v2\/categories?post=1532"}],"curies":[{"name":"wp","href":"https:\/\/api.w.org\/{rel}","templated":true}]}}