{"id":1538,"date":"2023-05-04T07:11:21","date_gmt":"2023-05-04T07:11:21","guid":{"rendered":"https:\/\/www.avistahideawayphuketresort.com\/things-to-do-phuket\/visit-phuket\/phuket-old-town\/"},"modified":"2023-07-12T23:47:11","modified_gmt":"2023-07-12T23:47:11","slug":"phuket-old-town","status":"publish","type":"page","link":"https:\/\/www.avistahideawayphuketresort.com\/de\/things-to-do-phuket\/visit-phuket\/phuket-old-town\/","title":{"rendered":"Altstadt von Phuket"},"content":{"rendered":"<p style=\"text-align: center;\">Die Altstadt von Phuket, die 2004 offiziell zu Phuket City erhoben wurde, ist ein historisches Zentrum in Phuket, das w\u00e4hrend des Booms des Zinnbergbaus am Ende des 19. Obwohl Phuket-Stadt klein ist, beherbergt sie viele pr\u00e4chtige Villen im sino-kolonialen Architekturstil, Gesch\u00e4ftsh\u00e4user mit Arkaden an den Stra\u00dfenseiten, chinesische Schreine und buddhistische Tempel. So ist die Altstadt von Phuket zu einem der beliebtesten Reiseziele geworden, vor allem f\u00fcr diejenigen, die die architektonischen Strukturen und die Kreativit\u00e4t der Thail\u00e4nder bewundern m\u00f6chten.<br \/>\n<span style=\"font-weight: 400;\">Die Stadt Phuket hat sich mit der Er\u00f6ffnung vieler beliebter <\/span><a href=\"https:\/\/www.avistahideawayphuketresort.com\/de\/restaurants-bars\/vista\/\"><span style=\"font-weight: 400;\">Restaurants<\/span><\/a><span style=\"font-weight: 400;\">, Caf\u00e9s, Boutiquen, <\/span><a href=\"https:\/\/www.avistahideawayphuketresort.com\/de\/restaurants-bars\/vida-terrace-bar\/\"><span style=\"font-weight: 400;\">Bars<\/span><\/a><span style=\"font-weight: 400;\"> und anderer Einrichtungen zu einem kommerziellen Zentrum entwickelt. Der Ort erh\u00e4lt eine interessante Atmosph\u00e4re mit Pl\u00e4tzen zum Verweilen und Chillen nach Sonnenuntergang. Touristen lieben es, in der Region und auf dem <\/span><b>Nachtmarkt von Old Phuket Town <\/b><span style=\"font-weight: 400;\">mit seinen Gesch\u00e4ften auf beiden Seiten des Boulevards zu flanieren. Die Phuket Walking Street ist eine beliebte Veranstaltung, die jeden Sonntag auf der Thalang Road stattfindet und Tausende von Besuchern anlockt.<\/span><br \/>\nUnbedingt sehenswerte Touristenattraktionen in Phuket-Stadt<br \/>\nIm Gegensatz zu vielen thail\u00e4ndischen Provinzhauptst\u00e4dten hat Phuket Town seine eigene Pers\u00f6nlichkeit und ist bekannt f\u00fcr die historisch reiche Architektur von Schreinen, Tempeln mit Verzierungen, malerischen Caf\u00e9s, kleinen Druckereien und Museen. Obwohl es sich um alte Geb\u00e4ude handelt, verbl\u00fcffen die Strukturen durch ihren einzigartigen Stil, ihre Verzierungen und ihr Design aus der Vergangenheit.<br \/>\nBer\u00fchmte Orte in Phuket Stadt zu besuchen<br \/>\nPhuket-Stadt hat viele Orte zu bieten, die es wert sind, bei einer Tages- oder Abendtour nach Sonnenuntergang erkundet zu werden. Eines der bemerkenswertesten Gesch\u00e4fte in dieser Stadt ist der Amulettmarkt, wo man exotische Amulette und Buddha-Statuen kaufen kann. Aber auch die grandiose sino-portugiesische Architektur und die Walking Street in der Thalang Road und andere Boulevards sollten Sie sich nicht entgehen lassen. Weitere beliebte Ausflugsziele sind das Phuket Trickeye Museum, das Siam Niramit Phuket, das Thai Hua Museum, der Jui Tui Chinese Temple, der Bang Neow Shrine und der Khao Rang Viewpoint in dieser Stadt.<br \/>\nNeben der Erkundung alter Stra\u00dfen und Geb\u00e4ude sollten Sie nicht vergessen, Ihre Geschmacksnerven mit den k\u00f6stlichen Speisen der Region zu verw\u00f6hnen.<br \/>\n<strong>Highlight:<\/strong>Geb\u00e4ude im portugiesischen Stil<br \/>\n<strong>Entfernung vom Hotel:<\/strong>19km<br \/>\n<strong>Zeitaufwand f\u00fcr den Besuch:<\/strong>1 Stunde<br \/>\n<strong>Besuchszeiten:<\/strong>8.00 &#8211; 17.00 Uhr<br \/>\n<strong>Preis:<\/strong> Null<\/p>\n","protected":false},"excerpt":{"rendered":"<p>Die Altstadt von Phuket, die 2004 offiziell zu Phuket City erhoben wurde, ist ein historisches Zentrum in Phuket, das w\u00e4hrend des Booms des Zinnbergbaus am Ende des 19. Obwohl Phuket-Stadt klein ist, beherbergt sie viele pr\u00e4chtige Villen im sino-kolonialen Architekturstil, Gesch\u00e4ftsh\u00e4user mit Arkaden an den Stra\u00dfenseiten, chinesische Schreine und buddhistische Tempel. So ist die Altstadt [&hellip;]<\/p>\n","protected":false},"author":55,"featured_media":0,"parent":1514,"menu_order":8,"comment_status":"closed","ping_status":"closed","template":"","meta":{"footnotes":""},"categories":[],"class_list":["post-1538","page","type-page","status-publish","hentry"],"acf":[],"yoast_head":"<!-- This site is optimized with the Yoast SEO plugin v26.9 - https:\/\/yoast.com\/product\/yoast-seo-wordpress\/ -->\n<title>Altstadt von Phuket - Avista Hideaway Phuket Patong<\/title>\n<meta name=\"robots\" content=\"index, follow, max-snippet:-1, max-image-preview:large, max-video-preview:-1\" \/>\n<link rel=\"canonical\" href=\"https:\/\/www.avistahideawayphuketresort.com\/de\/things-to-do-phuket\/visit-phuket\/phuket-old-town\/\" \/>\n<meta property=\"og:locale\" content=\"de_DE\" \/>\n<meta property=\"og:type\" content=\"article\" \/>\n<meta property=\"og:title\" content=\"Altstadt von Phuket - Avista Hideaway Phuket Patong\" \/>\n<meta property=\"og:description\" content=\"Die Altstadt von Phuket, die 2004 offiziell zu Phuket City erhoben wurde, ist ein historisches Zentrum in Phuket, das w\u00e4hrend des Booms des Zinnbergbaus am Ende des 19. Obwohl Phuket-Stadt klein ist, beherbergt sie viele pr\u00e4chtige Villen im sino-kolonialen Architekturstil, Gesch\u00e4ftsh\u00e4user mit Arkaden an den Stra\u00dfenseiten, chinesische Schreine und buddhistische Tempel. So ist die Altstadt [&hellip;]\" \/>\n<meta property=\"og:url\" content=\"https:\/\/www.avistahideawayphuketresort.com\/de\/things-to-do-phuket\/visit-phuket\/phuket-old-town\/\" \/>\n<meta property=\"og:site_name\" content=\"Avista Hideaway Phuket Patong\" \/>\n<meta property=\"article:modified_time\" content=\"2023-07-12T23:47:11+00:00\" \/>\n<meta name=\"twitter:card\" content=\"summary_large_image\" \/>\n<meta name=\"twitter:label1\" content=\"Gesch\u00e4tzte Lesezeit\" \/>\n\t<meta name=\"twitter:data1\" content=\"2 Minuten\" \/>\n<script type=\"application\/ld+json\" class=\"yoast-schema-graph\">{\"@context\":\"https:\/\/schema.org\",\"@graph\":[{\"@type\":\"WebPage\",\"@id\":\"https:\/\/www.avistahideawayphuketresort.com\/de\/things-to-do-phuket\/visit-phuket\/phuket-old-town\/\",\"url\":\"https:\/\/www.avistahideawayphuketresort.com\/de\/things-to-do-phuket\/visit-phuket\/phuket-old-town\/\",\"name\":\"Altstadt von Phuket - Avista Hideaway Phuket Patong\",\"isPartOf\":{\"@id\":\"https:\/\/www.avistahideawayphuketresort.com\/#website\"},\"datePublished\":\"2023-05-04T07:11:21+00:00\",\"dateModified\":\"2023-07-12T23:47:11+00:00\",\"breadcrumb\":{\"@id\":\"https:\/\/www.avistahideawayphuketresort.com\/de\/things-to-do-phuket\/visit-phuket\/phuket-old-town\/#breadcrumb\"},\"inLanguage\":\"de-DE\",\"potentialAction\":[{\"@type\":\"ReadAction\",\"target\":[\"https:\/\/www.avistahideawayphuketresort.com\/de\/things-to-do-phuket\/visit-phuket\/phuket-old-town\/\"]}]},{\"@type\":\"BreadcrumbList\",\"@id\":\"https:\/\/www.avistahideawayphuketresort.com\/de\/things-to-do-phuket\/visit-phuket\/phuket-old-town\/#breadcrumb\",\"itemListElement\":[{\"@type\":\"ListItem\",\"position\":1,\"name\":\"Home\",\"item\":\"https:\/\/www.avistahideawayphuketresort.com\/de\/\"},{\"@type\":\"ListItem\",\"position\":2,\"name\":\"Was kann man in Phuket unternehmen?\",\"item\":\"https:\/\/www.avistahideawayphuketresort.com\/de\/things-to-do-phuket\/\"},{\"@type\":\"ListItem\",\"position\":3,\"name\":\"Phuket-Besichtigungen\",\"item\":\"https:\/\/www.avistahideawayphuketresort.com\/de\/things-to-do-phuket\/visit-phuket\/\"},{\"@type\":\"ListItem\",\"position\":4,\"name\":\"Altstadt von Phuket\"}]},{\"@type\":\"WebSite\",\"@id\":\"https:\/\/www.avistahideawayphuketresort.com\/#website\",\"url\":\"https:\/\/www.avistahideawayphuketresort.com\/\",\"name\":\"Avista Hideaway Phuket Patong\",\"description\":\"\",\"potentialAction\":[{\"@type\":\"SearchAction\",\"target\":{\"@type\":\"EntryPoint\",\"urlTemplate\":\"https:\/\/www.avistahideawayphuketresort.com\/?s={search_term_string}\"},\"query-input\":{\"@type\":\"PropertyValueSpecification\",\"valueRequired\":true,\"valueName\":\"search_term_string\"}}],\"inLanguage\":\"de-DE\"}]}<\/script>\n<!-- \/ Yoast SEO plugin. -->","yoast_head_json":{"title":"Altstadt von Phuket - Avista Hideaway Phuket Patong","robots":{"index":"index","follow":"follow","max-snippet":"max-snippet:-1","max-image-preview":"max-image-preview:large","max-video-preview":"max-video-preview:-1"},"canonical":"https:\/\/www.avistahideawayphuketresort.com\/de\/things-to-do-phuket\/visit-phuket\/phuket-old-town\/","og_locale":"de_DE","og_type":"article","og_title":"Altstadt von Phuket - Avista Hideaway Phuket Patong","og_description":"Die Altstadt von Phuket, die 2004 offiziell zu Phuket City erhoben wurde, ist ein historisches Zentrum in Phuket, das w\u00e4hrend des Booms des Zinnbergbaus am Ende des 19. Obwohl Phuket-Stadt klein ist, beherbergt sie viele pr\u00e4chtige Villen im sino-kolonialen Architekturstil, Gesch\u00e4ftsh\u00e4user mit Arkaden an den Stra\u00dfenseiten, chinesische Schreine und buddhistische Tempel. So ist die Altstadt [&hellip;]","og_url":"https:\/\/www.avistahideawayphuketresort.com\/de\/things-to-do-phuket\/visit-phuket\/phuket-old-town\/","og_site_name":"Avista Hideaway Phuket Patong","article_modified_time":"2023-07-12T23:47:11+00:00","twitter_card":"summary_large_image","twitter_misc":{"Gesch\u00e4tzte Lesezeit":"2 Minuten"},"schema":{"@context":"https:\/\/schema.org","@graph":[{"@type":"WebPage","@id":"https:\/\/www.avistahideawayphuketresort.com\/de\/things-to-do-phuket\/visit-phuket\/phuket-old-town\/","url":"https:\/\/www.avistahideawayphuketresort.com\/de\/things-to-do-phuket\/visit-phuket\/phuket-old-town\/","name":"Altstadt von Phuket - Avista Hideaway Phuket Patong","isPartOf":{"@id":"https:\/\/www.avistahideawayphuketresort.com\/#website"},"datePublished":"2023-05-04T07:11:21+00:00","dateModified":"2023-07-12T23:47:11+00:00","breadcrumb":{"@id":"https:\/\/www.avistahideawayphuketresort.com\/de\/things-to-do-phuket\/visit-phuket\/phuket-old-town\/#breadcrumb"},"inLanguage":"de-DE","potentialAction":[{"@type":"ReadAction","target":["https:\/\/www.avistahideawayphuketresort.com\/de\/things-to-do-phuket\/visit-phuket\/phuket-old-town\/"]}]},{"@type":"BreadcrumbList","@id":"https:\/\/www.avistahideawayphuketresort.com\/de\/things-to-do-phuket\/visit-phuket\/phuket-old-town\/#breadcrumb","itemListElement":[{"@type":"ListItem","position":1,"name":"Home","item":"https:\/\/www.avistahideawayphuketresort.com\/de\/"},{"@type":"ListItem","position":2,"name":"Was kann man in Phuket unternehmen?","item":"https:\/\/www.avistahideawayphuketresort.com\/de\/things-to-do-phuket\/"},{"@type":"ListItem","position":3,"name":"Phuket-Besichtigungen","item":"https:\/\/www.avistahideawayphuketresort.com\/de\/things-to-do-phuket\/visit-phuket\/"},{"@type":"ListItem","position":4,"name":"Altstadt von Phuket"}]},{"@type":"WebSite","@id":"https:\/\/www.avistahideawayphuketresort.com\/#website","url":"https:\/\/www.avistahideawayphuketresort.com\/","name":"Avista Hideaway Phuket Patong","description":"","potentialAction":[{"@type":"SearchAction","target":{"@type":"EntryPoint","urlTemplate":"https:\/\/www.avistahideawayphuketresort.com\/?s={search_term_string}"},"query-input":{"@type":"PropertyValueSpecification","valueRequired":true,"valueName":"search_term_string"}}],"inLanguage":"de-DE"}]}},"_links":{"self":[{"href":"https:\/\/www.avistahideawayphuketresort.com\/de\/wp-json\/wp\/v2\/pages\/1538","targetHints":{"allow":["GET"]}}],"collection":[{"href":"https:\/\/www.avistahideawayphuketresort.com\/de\/wp-json\/wp\/v2\/pages"}],"about":[{"href":"https:\/\/www.avistahideawayphuketresort.com\/de\/wp-json\/wp\/v2\/types\/page"}],"author":[{"embeddable":true,"href":"https:\/\/www.avistahideawayphuketresort.com\/de\/wp-json\/wp\/v2\/users\/55"}],"replies":[{"embeddable":true,"href":"https:\/\/www.avistahideawayphuketresort.com\/de\/wp-json\/wp\/v2\/comments?post=1538"}],"version-history":[{"count":0,"href":"https:\/\/www.avistahideawayphuketresort.com\/de\/wp-json\/wp\/v2\/pages\/1538\/revisions"}],"up":[{"embeddable":true,"href":"https:\/\/www.avistahideawayphuketresort.com\/de\/wp-json\/wp\/v2\/pages\/1514"}],"wp:attachment":[{"href":"https:\/\/www.avistahideawayphuketresort.com\/de\/wp-json\/wp\/v2\/media?parent=1538"}],"wp:term":[{"taxonomy":"category","embeddable":true,"href":"https:\/\/www.avistahideawayphuketresort.com\/de\/wp-json\/wp\/v2\/categories?post=1538"}],"curies":[{"name":"wp","href":"https:\/\/api.w.org\/{rel}","templated":true}]}}