{"id":1559,"date":"2023-05-04T07:12:46","date_gmt":"2023-05-04T07:12:46","guid":{"rendered":"https:\/\/www.avistahideawayphuketresort.com\/things-to-do-phuket\/phuket-beaches\/"},"modified":"2023-07-06T03:51:02","modified_gmt":"2023-07-06T03:51:02","slug":"phuket-beaches","status":"publish","type":"page","link":"https:\/\/www.avistahideawayphuketresort.com\/de\/things-to-do-phuket\/phuket-beaches\/","title":{"rendered":"Die besten Str\u00e4nde in Phuket"},"content":{"rendered":"<p style=\"text-align: center;\">Das Avista Hideaway Phuket Patong &#8211; MGallery ist ein 5-Sterne-Boutique-Hotel in Patong, in unmittelbarer N\u00e4he zu den Sehensw\u00fcrdigkeiten, Ger\u00e4uschen und w\u00fcrzigen Aromen von Patong, Phukets ber\u00fchmtem Badeort. Nehmen Sie unsere t\u00e4glichen Shuttle-Busse und fahren Sie 10 Minuten, um tags\u00fcber durch die bunten Gesch\u00e4fte zu st\u00f6bern und nachts die aufregende Clubszene zu erleben.<\/p>\n","protected":false},"excerpt":{"rendered":"<p>Das Avista Hideaway Phuket Patong &#8211; MGallery ist ein 5-Sterne-Boutique-Hotel in Patong, in unmittelbarer N\u00e4he zu den Sehensw\u00fcrdigkeiten, Ger\u00e4uschen und w\u00fcrzigen Aromen von Patong, Phukets ber\u00fchmtem Badeort. Nehmen Sie unsere t\u00e4glichen Shuttle-Busse und fahren Sie 10 Minuten, um tags\u00fcber durch die bunten Gesch\u00e4fte zu st\u00f6bern und nachts die aufregende Clubszene zu erleben.<\/p>\n","protected":false},"author":55,"featured_media":0,"parent":1353,"menu_order":7,"comment_status":"closed","ping_status":"closed","template":"","meta":{"footnotes":""},"categories":[],"class_list":["post-1559","page","type-page","status-publish","hentry"],"acf":[],"yoast_head":"<!-- This site is optimized with the Yoast SEO plugin v26.9 - https:\/\/yoast.com\/product\/yoast-seo-wordpress\/ -->\n<title>Die besten Str\u00e4nde in Phuket - Avista Hideaway Phuket Patong<\/title>\n<meta name=\"robots\" content=\"index, follow, max-snippet:-1, max-image-preview:large, max-video-preview:-1\" \/>\n<link rel=\"canonical\" href=\"https:\/\/www.avistahideawayphuketresort.com\/de\/things-to-do-phuket\/phuket-beaches\/\" \/>\n<meta property=\"og:locale\" content=\"de_DE\" \/>\n<meta property=\"og:type\" content=\"article\" \/>\n<meta property=\"og:title\" content=\"Die besten Str\u00e4nde in Phuket - Avista Hideaway Phuket Patong\" \/>\n<meta property=\"og:description\" content=\"Das Avista Hideaway Phuket Patong &#8211; MGallery ist ein 5-Sterne-Boutique-Hotel in Patong, in unmittelbarer N\u00e4he zu den Sehensw\u00fcrdigkeiten, Ger\u00e4uschen und w\u00fcrzigen Aromen von Patong, Phukets ber\u00fchmtem Badeort. Nehmen Sie unsere t\u00e4glichen Shuttle-Busse und fahren Sie 10 Minuten, um tags\u00fcber durch die bunten Gesch\u00e4fte zu st\u00f6bern und nachts die aufregende Clubszene zu erleben.\" \/>\n<meta property=\"og:url\" content=\"https:\/\/www.avistahideawayphuketresort.com\/de\/things-to-do-phuket\/phuket-beaches\/\" \/>\n<meta property=\"og:site_name\" content=\"Avista Hideaway Phuket Patong\" \/>\n<meta property=\"article:modified_time\" content=\"2023-07-06T03:51:02+00:00\" \/>\n<meta name=\"twitter:card\" content=\"summary_large_image\" \/>\n<meta name=\"twitter:label1\" content=\"Gesch\u00e4tzte Lesezeit\" \/>\n\t<meta name=\"twitter:data1\" content=\"1 Minute\" \/>\n<script type=\"application\/ld+json\" class=\"yoast-schema-graph\">{\"@context\":\"https:\/\/schema.org\",\"@graph\":[{\"@type\":\"WebPage\",\"@id\":\"https:\/\/www.avistahideawayphuketresort.com\/de\/things-to-do-phuket\/phuket-beaches\/\",\"url\":\"https:\/\/www.avistahideawayphuketresort.com\/de\/things-to-do-phuket\/phuket-beaches\/\",\"name\":\"Die besten Str\u00e4nde in Phuket - Avista Hideaway Phuket Patong\",\"isPartOf\":{\"@id\":\"https:\/\/www.avistahideawayphuketresort.com\/#website\"},\"datePublished\":\"2023-05-04T07:12:46+00:00\",\"dateModified\":\"2023-07-06T03:51:02+00:00\",\"breadcrumb\":{\"@id\":\"https:\/\/www.avistahideawayphuketresort.com\/de\/things-to-do-phuket\/phuket-beaches\/#breadcrumb\"},\"inLanguage\":\"de-DE\",\"potentialAction\":[{\"@type\":\"ReadAction\",\"target\":[\"https:\/\/www.avistahideawayphuketresort.com\/de\/things-to-do-phuket\/phuket-beaches\/\"]}]},{\"@type\":\"BreadcrumbList\",\"@id\":\"https:\/\/www.avistahideawayphuketresort.com\/de\/things-to-do-phuket\/phuket-beaches\/#breadcrumb\",\"itemListElement\":[{\"@type\":\"ListItem\",\"position\":1,\"name\":\"Home\",\"item\":\"https:\/\/www.avistahideawayphuketresort.com\/de\/\"},{\"@type\":\"ListItem\",\"position\":2,\"name\":\"Was kann man in Phuket unternehmen?\",\"item\":\"https:\/\/www.avistahideawayphuketresort.com\/de\/things-to-do-phuket\/\"},{\"@type\":\"ListItem\",\"position\":3,\"name\":\"Die besten Str\u00e4nde in Phuket\"}]},{\"@type\":\"WebSite\",\"@id\":\"https:\/\/www.avistahideawayphuketresort.com\/#website\",\"url\":\"https:\/\/www.avistahideawayphuketresort.com\/\",\"name\":\"Avista Hideaway Phuket Patong\",\"description\":\"\",\"potentialAction\":[{\"@type\":\"SearchAction\",\"target\":{\"@type\":\"EntryPoint\",\"urlTemplate\":\"https:\/\/www.avistahideawayphuketresort.com\/?s={search_term_string}\"},\"query-input\":{\"@type\":\"PropertyValueSpecification\",\"valueRequired\":true,\"valueName\":\"search_term_string\"}}],\"inLanguage\":\"de-DE\"}]}<\/script>\n<!-- \/ Yoast SEO plugin. -->","yoast_head_json":{"title":"Die besten Str\u00e4nde in Phuket - Avista Hideaway Phuket Patong","robots":{"index":"index","follow":"follow","max-snippet":"max-snippet:-1","max-image-preview":"max-image-preview:large","max-video-preview":"max-video-preview:-1"},"canonical":"https:\/\/www.avistahideawayphuketresort.com\/de\/things-to-do-phuket\/phuket-beaches\/","og_locale":"de_DE","og_type":"article","og_title":"Die besten Str\u00e4nde in Phuket - Avista Hideaway Phuket Patong","og_description":"Das Avista Hideaway Phuket Patong &#8211; MGallery ist ein 5-Sterne-Boutique-Hotel in Patong, in unmittelbarer N\u00e4he zu den Sehensw\u00fcrdigkeiten, Ger\u00e4uschen und w\u00fcrzigen Aromen von Patong, Phukets ber\u00fchmtem Badeort. Nehmen Sie unsere t\u00e4glichen Shuttle-Busse und fahren Sie 10 Minuten, um tags\u00fcber durch die bunten Gesch\u00e4fte zu st\u00f6bern und nachts die aufregende Clubszene zu erleben.","og_url":"https:\/\/www.avistahideawayphuketresort.com\/de\/things-to-do-phuket\/phuket-beaches\/","og_site_name":"Avista Hideaway Phuket Patong","article_modified_time":"2023-07-06T03:51:02+00:00","twitter_card":"summary_large_image","twitter_misc":{"Gesch\u00e4tzte Lesezeit":"1 Minute"},"schema":{"@context":"https:\/\/schema.org","@graph":[{"@type":"WebPage","@id":"https:\/\/www.avistahideawayphuketresort.com\/de\/things-to-do-phuket\/phuket-beaches\/","url":"https:\/\/www.avistahideawayphuketresort.com\/de\/things-to-do-phuket\/phuket-beaches\/","name":"Die besten Str\u00e4nde in Phuket - Avista Hideaway Phuket Patong","isPartOf":{"@id":"https:\/\/www.avistahideawayphuketresort.com\/#website"},"datePublished":"2023-05-04T07:12:46+00:00","dateModified":"2023-07-06T03:51:02+00:00","breadcrumb":{"@id":"https:\/\/www.avistahideawayphuketresort.com\/de\/things-to-do-phuket\/phuket-beaches\/#breadcrumb"},"inLanguage":"de-DE","potentialAction":[{"@type":"ReadAction","target":["https:\/\/www.avistahideawayphuketresort.com\/de\/things-to-do-phuket\/phuket-beaches\/"]}]},{"@type":"BreadcrumbList","@id":"https:\/\/www.avistahideawayphuketresort.com\/de\/things-to-do-phuket\/phuket-beaches\/#breadcrumb","itemListElement":[{"@type":"ListItem","position":1,"name":"Home","item":"https:\/\/www.avistahideawayphuketresort.com\/de\/"},{"@type":"ListItem","position":2,"name":"Was kann man in Phuket unternehmen?","item":"https:\/\/www.avistahideawayphuketresort.com\/de\/things-to-do-phuket\/"},{"@type":"ListItem","position":3,"name":"Die besten Str\u00e4nde in Phuket"}]},{"@type":"WebSite","@id":"https:\/\/www.avistahideawayphuketresort.com\/#website","url":"https:\/\/www.avistahideawayphuketresort.com\/","name":"Avista Hideaway Phuket Patong","description":"","potentialAction":[{"@type":"SearchAction","target":{"@type":"EntryPoint","urlTemplate":"https:\/\/www.avistahideawayphuketresort.com\/?s={search_term_string}"},"query-input":{"@type":"PropertyValueSpecification","valueRequired":true,"valueName":"search_term_string"}}],"inLanguage":"de-DE"}]}},"_links":{"self":[{"href":"https:\/\/www.avistahideawayphuketresort.com\/de\/wp-json\/wp\/v2\/pages\/1559","targetHints":{"allow":["GET"]}}],"collection":[{"href":"https:\/\/www.avistahideawayphuketresort.com\/de\/wp-json\/wp\/v2\/pages"}],"about":[{"href":"https:\/\/www.avistahideawayphuketresort.com\/de\/wp-json\/wp\/v2\/types\/page"}],"author":[{"embeddable":true,"href":"https:\/\/www.avistahideawayphuketresort.com\/de\/wp-json\/wp\/v2\/users\/55"}],"replies":[{"embeddable":true,"href":"https:\/\/www.avistahideawayphuketresort.com\/de\/wp-json\/wp\/v2\/comments?post=1559"}],"version-history":[{"count":0,"href":"https:\/\/www.avistahideawayphuketresort.com\/de\/wp-json\/wp\/v2\/pages\/1559\/revisions"}],"up":[{"embeddable":true,"href":"https:\/\/www.avistahideawayphuketresort.com\/de\/wp-json\/wp\/v2\/pages\/1353"}],"wp:attachment":[{"href":"https:\/\/www.avistahideawayphuketresort.com\/de\/wp-json\/wp\/v2\/media?parent=1559"}],"wp:term":[{"taxonomy":"category","embeddable":true,"href":"https:\/\/www.avistahideawayphuketresort.com\/de\/wp-json\/wp\/v2\/categories?post=1559"}],"curies":[{"name":"wp","href":"https:\/\/api.w.org\/{rel}","templated":true}]}}