{"id":1562,"date":"2023-05-04T07:13:40","date_gmt":"2023-05-04T07:13:40","guid":{"rendered":"https:\/\/www.avistahideawayphuketresort.com\/things-to-do-phuket\/phuket-beaches\/kamala-beach\/"},"modified":"2023-07-12T23:48:46","modified_gmt":"2023-07-12T23:48:46","slug":"kamala-beach","status":"publish","type":"page","link":"https:\/\/www.avistahideawayphuketresort.com\/de\/things-to-do-phuket\/phuket-beaches\/kamala-beach\/","title":{"rendered":"Kamala Strand"},"content":{"rendered":"<p style=\"text-align: center;\"><b>Kamala Beach <\/b><span style=\"font-weight: 400;\">ist ein breiter Strand, der sich \u00fcber 10 Meilen erstreckt und n\u00f6rdlich von <\/span><a href=\"https:\/\/www.avistahideawayphuketresort.com\/de\/what-to-do-in-phuket\/phuket-beaches\/patong-beach\/\"><span style=\"font-weight: 400;\">Patong Beach<\/span><\/a><span style=\"font-weight: 400;\"> liegt. Der wei\u00dfe Sandstrand ist ruhiger als der laute und glitzernde Patong-Strand. Dennoch ist der unbebaute Strand aufgrund seiner entspannten Umgebung ein perfekter Ort f\u00fcr Touristen, die im Urlaub Entspannung und Einsamkeit suchen. <\/span><br \/>\n<span style=\"font-weight: 400;\">Der Strand von Kamala, der als einer der sch\u00f6nsten <\/span><a href=\"https:\/\/www.avistahideawayphuketresort.com\/de\/what-to-do-in-phuket\/phuket-beaches\"><span style=\"font-weight: 400;\">Str\u00e4nde<\/span><\/a><span style=\"font-weight: 400;\"> der tropischen Insel gilt, ist eine geschlossene Bucht und ein Fischerdorf mit W\u00e4ldern in der Umgebung. Er ist ein beliebter Ort f\u00fcr Wassersportarten wie Surfen, Schnorcheln und Tauchen, um exotische Korallenriffe im t\u00fcrkisfarbenen Wasser zu erkunden. Der <\/span><b>Kamala-Strand in Phuket, <\/b><span style=\"font-weight: 400;\">einst ein Fischerdorf, wird in der Hochsaison durch touristische Aktivit\u00e4ten belebt. Aber in der Nebensaison schl\u00e4ft er. <\/span><br \/>\nRund um die Bucht von Kamala gibt es eine hervorragende Infrastruktur, die es den Touristen erm\u00f6glicht, einen l\u00e4ngeren Aufenthalt ohne Probleme zu genie\u00dfen. Es gibt gute Hotels, Villen und Mietwohnungen rund um das Dorf. Touristen finden hier Unterk\u00fcnfte mit modernen Einrichtungen und einem tollen Blick auf die Bucht, um ihren Urlaub zu verbringen.<br \/>\n<span style=\"font-weight: 400;\">Der <\/span><b>Strand von Kamala in Thailand <\/b><span style=\"font-weight: 400;\">ist lang und eignet sich f\u00fcr Familien, Paare und aktive Abenteuerlustige. Die entspannte Atmosph\u00e4re erm\u00f6glicht es jedem, sich in der Sonne zu erholen oder wertvolle Zeit mit der Familie oder Freunden zu verbringen. Gleichzeitig k\u00f6nnen Liebhaber des Nachtlebens unterhaltsame Shows besuchen und in erstklassigen Restaurants und Caf\u00e9s, in denen exotische Cocktails und Speisen serviert werden, Drinks genie\u00dfen, ohne sich zu verausgaben. Was das Einkaufen betrifft, so ist die Auswahl an Produkten begrenzt, aber Sie k\u00f6nnen auf dem \u00f6rtlichen Markt einheimische Produkte zu g\u00fcnstigen Preisen kaufen.<\/span><br \/>\nFantSea, der kulturelle Themenpark, ist die ber\u00fchmteste Touristenattraktion in der N\u00e4he des Kamala Beach. Die n\u00e4chtlichen Darbietungen mit Elefanten, Trapezk\u00fcnstlern und anderen Tieren haben eine aufregende Geschichte, die jedes Publikum in ihren Bann zieht. Weitere beliebte Attraktionen in dieser Stadt sind der Freitagsmarkt von Kamala, das Wat Baan Kamala und der Strand Laem Singh.<br \/>\n<strong>Teilnahmegeb\u00fchr:<\/strong> Null<br \/>\n<strong>Entfernung vom Hotel:<\/strong>12,5 km<\/p>\n","protected":false},"excerpt":{"rendered":"<p>Kamala Beach ist ein breiter Strand, der sich \u00fcber 10 Meilen erstreckt und n\u00f6rdlich von Patong Beach liegt. Der wei\u00dfe Sandstrand ist ruhiger als der laute und glitzernde Patong-Strand. Dennoch ist der unbebaute Strand aufgrund seiner entspannten Umgebung ein perfekter Ort f\u00fcr Touristen, die im Urlaub Entspannung und Einsamkeit suchen. Der Strand von Kamala, der [&hellip;]<\/p>\n","protected":false},"author":55,"featured_media":0,"parent":1559,"menu_order":1,"comment_status":"closed","ping_status":"closed","template":"","meta":{"footnotes":""},"categories":[],"class_list":["post-1562","page","type-page","status-publish","hentry"],"acf":[],"yoast_head":"<!-- This site is optimized with the Yoast SEO plugin v26.9 - https:\/\/yoast.com\/product\/yoast-seo-wordpress\/ -->\n<title>Kamala Strand - Avista Hideaway Phuket Patong<\/title>\n<meta name=\"robots\" content=\"index, follow, max-snippet:-1, max-image-preview:large, max-video-preview:-1\" \/>\n<link rel=\"canonical\" href=\"https:\/\/www.avistahideawayphuketresort.com\/de\/things-to-do-phuket\/phuket-beaches\/kamala-beach\/\" \/>\n<meta property=\"og:locale\" content=\"de_DE\" \/>\n<meta property=\"og:type\" content=\"article\" \/>\n<meta property=\"og:title\" content=\"Kamala Strand - Avista Hideaway Phuket Patong\" \/>\n<meta property=\"og:description\" content=\"Kamala Beach ist ein breiter Strand, der sich \u00fcber 10 Meilen erstreckt und n\u00f6rdlich von Patong Beach liegt. Der wei\u00dfe Sandstrand ist ruhiger als der laute und glitzernde Patong-Strand. Dennoch ist der unbebaute Strand aufgrund seiner entspannten Umgebung ein perfekter Ort f\u00fcr Touristen, die im Urlaub Entspannung und Einsamkeit suchen. Der Strand von Kamala, der [&hellip;]\" \/>\n<meta property=\"og:url\" content=\"https:\/\/www.avistahideawayphuketresort.com\/de\/things-to-do-phuket\/phuket-beaches\/kamala-beach\/\" \/>\n<meta property=\"og:site_name\" content=\"Avista Hideaway Phuket Patong\" \/>\n<meta property=\"article:modified_time\" content=\"2023-07-12T23:48:46+00:00\" \/>\n<meta name=\"twitter:card\" content=\"summary_large_image\" \/>\n<meta name=\"twitter:label1\" content=\"Gesch\u00e4tzte Lesezeit\" \/>\n\t<meta name=\"twitter:data1\" content=\"2 Minuten\" \/>\n<script type=\"application\/ld+json\" class=\"yoast-schema-graph\">{\"@context\":\"https:\/\/schema.org\",\"@graph\":[{\"@type\":\"WebPage\",\"@id\":\"https:\/\/www.avistahideawayphuketresort.com\/de\/things-to-do-phuket\/phuket-beaches\/kamala-beach\/\",\"url\":\"https:\/\/www.avistahideawayphuketresort.com\/de\/things-to-do-phuket\/phuket-beaches\/kamala-beach\/\",\"name\":\"Kamala Strand - Avista Hideaway Phuket Patong\",\"isPartOf\":{\"@id\":\"https:\/\/www.avistahideawayphuketresort.com\/#website\"},\"datePublished\":\"2023-05-04T07:13:40+00:00\",\"dateModified\":\"2023-07-12T23:48:46+00:00\",\"breadcrumb\":{\"@id\":\"https:\/\/www.avistahideawayphuketresort.com\/de\/things-to-do-phuket\/phuket-beaches\/kamala-beach\/#breadcrumb\"},\"inLanguage\":\"de-DE\",\"potentialAction\":[{\"@type\":\"ReadAction\",\"target\":[\"https:\/\/www.avistahideawayphuketresort.com\/de\/things-to-do-phuket\/phuket-beaches\/kamala-beach\/\"]}]},{\"@type\":\"BreadcrumbList\",\"@id\":\"https:\/\/www.avistahideawayphuketresort.com\/de\/things-to-do-phuket\/phuket-beaches\/kamala-beach\/#breadcrumb\",\"itemListElement\":[{\"@type\":\"ListItem\",\"position\":1,\"name\":\"Home\",\"item\":\"https:\/\/www.avistahideawayphuketresort.com\/de\/\"},{\"@type\":\"ListItem\",\"position\":2,\"name\":\"Was kann man in Phuket unternehmen?\",\"item\":\"https:\/\/www.avistahideawayphuketresort.com\/de\/things-to-do-phuket\/\"},{\"@type\":\"ListItem\",\"position\":3,\"name\":\"Die besten Str\u00e4nde in Phuket\",\"item\":\"https:\/\/www.avistahideawayphuketresort.com\/de\/things-to-do-phuket\/phuket-beaches\/\"},{\"@type\":\"ListItem\",\"position\":4,\"name\":\"Kamala Strand\"}]},{\"@type\":\"WebSite\",\"@id\":\"https:\/\/www.avistahideawayphuketresort.com\/#website\",\"url\":\"https:\/\/www.avistahideawayphuketresort.com\/\",\"name\":\"Avista Hideaway Phuket Patong\",\"description\":\"\",\"potentialAction\":[{\"@type\":\"SearchAction\",\"target\":{\"@type\":\"EntryPoint\",\"urlTemplate\":\"https:\/\/www.avistahideawayphuketresort.com\/?s={search_term_string}\"},\"query-input\":{\"@type\":\"PropertyValueSpecification\",\"valueRequired\":true,\"valueName\":\"search_term_string\"}}],\"inLanguage\":\"de-DE\"}]}<\/script>\n<!-- \/ Yoast SEO plugin. -->","yoast_head_json":{"title":"Kamala Strand - Avista Hideaway Phuket Patong","robots":{"index":"index","follow":"follow","max-snippet":"max-snippet:-1","max-image-preview":"max-image-preview:large","max-video-preview":"max-video-preview:-1"},"canonical":"https:\/\/www.avistahideawayphuketresort.com\/de\/things-to-do-phuket\/phuket-beaches\/kamala-beach\/","og_locale":"de_DE","og_type":"article","og_title":"Kamala Strand - Avista Hideaway Phuket Patong","og_description":"Kamala Beach ist ein breiter Strand, der sich \u00fcber 10 Meilen erstreckt und n\u00f6rdlich von Patong Beach liegt. Der wei\u00dfe Sandstrand ist ruhiger als der laute und glitzernde Patong-Strand. Dennoch ist der unbebaute Strand aufgrund seiner entspannten Umgebung ein perfekter Ort f\u00fcr Touristen, die im Urlaub Entspannung und Einsamkeit suchen. Der Strand von Kamala, der [&hellip;]","og_url":"https:\/\/www.avistahideawayphuketresort.com\/de\/things-to-do-phuket\/phuket-beaches\/kamala-beach\/","og_site_name":"Avista Hideaway Phuket Patong","article_modified_time":"2023-07-12T23:48:46+00:00","twitter_card":"summary_large_image","twitter_misc":{"Gesch\u00e4tzte Lesezeit":"2 Minuten"},"schema":{"@context":"https:\/\/schema.org","@graph":[{"@type":"WebPage","@id":"https:\/\/www.avistahideawayphuketresort.com\/de\/things-to-do-phuket\/phuket-beaches\/kamala-beach\/","url":"https:\/\/www.avistahideawayphuketresort.com\/de\/things-to-do-phuket\/phuket-beaches\/kamala-beach\/","name":"Kamala Strand - Avista Hideaway Phuket Patong","isPartOf":{"@id":"https:\/\/www.avistahideawayphuketresort.com\/#website"},"datePublished":"2023-05-04T07:13:40+00:00","dateModified":"2023-07-12T23:48:46+00:00","breadcrumb":{"@id":"https:\/\/www.avistahideawayphuketresort.com\/de\/things-to-do-phuket\/phuket-beaches\/kamala-beach\/#breadcrumb"},"inLanguage":"de-DE","potentialAction":[{"@type":"ReadAction","target":["https:\/\/www.avistahideawayphuketresort.com\/de\/things-to-do-phuket\/phuket-beaches\/kamala-beach\/"]}]},{"@type":"BreadcrumbList","@id":"https:\/\/www.avistahideawayphuketresort.com\/de\/things-to-do-phuket\/phuket-beaches\/kamala-beach\/#breadcrumb","itemListElement":[{"@type":"ListItem","position":1,"name":"Home","item":"https:\/\/www.avistahideawayphuketresort.com\/de\/"},{"@type":"ListItem","position":2,"name":"Was kann man in Phuket unternehmen?","item":"https:\/\/www.avistahideawayphuketresort.com\/de\/things-to-do-phuket\/"},{"@type":"ListItem","position":3,"name":"Die besten Str\u00e4nde in Phuket","item":"https:\/\/www.avistahideawayphuketresort.com\/de\/things-to-do-phuket\/phuket-beaches\/"},{"@type":"ListItem","position":4,"name":"Kamala Strand"}]},{"@type":"WebSite","@id":"https:\/\/www.avistahideawayphuketresort.com\/#website","url":"https:\/\/www.avistahideawayphuketresort.com\/","name":"Avista Hideaway Phuket Patong","description":"","potentialAction":[{"@type":"SearchAction","target":{"@type":"EntryPoint","urlTemplate":"https:\/\/www.avistahideawayphuketresort.com\/?s={search_term_string}"},"query-input":{"@type":"PropertyValueSpecification","valueRequired":true,"valueName":"search_term_string"}}],"inLanguage":"de-DE"}]}},"_links":{"self":[{"href":"https:\/\/www.avistahideawayphuketresort.com\/de\/wp-json\/wp\/v2\/pages\/1562","targetHints":{"allow":["GET"]}}],"collection":[{"href":"https:\/\/www.avistahideawayphuketresort.com\/de\/wp-json\/wp\/v2\/pages"}],"about":[{"href":"https:\/\/www.avistahideawayphuketresort.com\/de\/wp-json\/wp\/v2\/types\/page"}],"author":[{"embeddable":true,"href":"https:\/\/www.avistahideawayphuketresort.com\/de\/wp-json\/wp\/v2\/users\/55"}],"replies":[{"embeddable":true,"href":"https:\/\/www.avistahideawayphuketresort.com\/de\/wp-json\/wp\/v2\/comments?post=1562"}],"version-history":[{"count":0,"href":"https:\/\/www.avistahideawayphuketresort.com\/de\/wp-json\/wp\/v2\/pages\/1562\/revisions"}],"up":[{"embeddable":true,"href":"https:\/\/www.avistahideawayphuketresort.com\/de\/wp-json\/wp\/v2\/pages\/1559"}],"wp:attachment":[{"href":"https:\/\/www.avistahideawayphuketresort.com\/de\/wp-json\/wp\/v2\/media?parent=1562"}],"wp:term":[{"taxonomy":"category","embeddable":true,"href":"https:\/\/www.avistahideawayphuketresort.com\/de\/wp-json\/wp\/v2\/categories?post=1562"}],"curies":[{"name":"wp","href":"https:\/\/api.w.org\/{rel}","templated":true}]}}