{"id":1568,"date":"2023-05-04T07:15:10","date_gmt":"2023-05-04T07:15:10","guid":{"rendered":"https:\/\/www.avistahideawayphuketresort.com\/things-to-do-phuket\/phuket-beaches\/paradise-beach\/"},"modified":"2023-07-12T23:52:51","modified_gmt":"2023-07-12T23:52:51","slug":"paradise-beach","status":"publish","type":"page","link":"https:\/\/www.avistahideawayphuketresort.com\/de\/things-to-do-phuket\/phuket-beaches\/paradise-beach\/","title":{"rendered":"Paradiesischer Strand"},"content":{"rendered":"<p style=\"text-align: center;\"><span style=\"font-weight: 400;\">Vom s\u00fcdlichen Ende von <\/span><a href=\"https:\/\/www.avistahideawayphuketresort.com\/de\/what-to-do-in-phuket\/phuket-beaches\/patong-beach\/\"><span style=\"font-weight: 400;\">Patong Beach<\/span><\/a><span style=\"font-weight: 400;\"> aus f\u00fchrt eine steile, kurvenreiche Stra\u00dfe immer weiter hinauf, bis sie sich in Richtung dieser bezaubernden Bucht zum <\/span><b>Paradise Beach in Phuket <\/b><span style=\"font-weight: 400;\">hinunterzieht. Sie k\u00f6nnen auch ein Langboot mieten und \u00fcber die K\u00fcste anreisen, um eine weniger schwindelerregende Reise zu unternehmen. Wie auch immer Sie dorthin gelangen, der Paradise Beach wird seinem vielsagenden Namen mehr als gerecht. Der Zugang ist geb\u00fchrenfrei, und das Korallenriff vor der K\u00fcste verhindert, dass Jetskis die himmlische Ruhe st\u00f6ren.<\/span><br \/>\n<span style=\"font-weight: 400;\">In dieser kleinen, gesch\u00fctzten Bucht gibt es gleich zwei sch\u00f6ne <\/span><a href=\"https:\/\/www.avistahideawayphuketresort.com\/de\/what-to-do-in-phuket\/phuket-beaches\/\"><span style=\"font-weight: 400;\">Str\u00e4nde<\/span><\/a><span style=\"font-weight: 400;\">. Der Hauptstrand ist kaum 150 Meter lang und bietet einen herrlichen Blick auf die Bucht von Patong. Folgen Sie dem Weg, der \u00fcber eine kleine Landzunge f\u00fchrt, um zu einem zweiten, noch intimeren Streifen mit samtigem Sand zu gelangen. Entspannen Sie sich im gro\u00dfz\u00fcgigen Schatten der Palmen oder gehen Sie zum Schnorcheln um die felsigen Kaps, die die Str\u00e4nde umschlie\u00dfen und sch\u00fctzen.<\/span><br \/>\n<span style=\"font-weight: 400;\">Das Korallenriff ist ein wahres Paradies f\u00fcr Taucher, die hier schnorcheln und tauchen k\u00f6nnen, um verschiedene Wassertiere und Korallenriffe zu beobachten. Geben Sie Ihrem Besuch etwas Adrenalin und probieren Sie Bodyboarding aus, oder machen Sie eine entspannende Kajaktour um die Landzungen, um einen neuen Blick auf die wundersch\u00f6ne Umgebung zu werfen. Am <\/span><b>Paradise Beach gibt <\/b><span style=\"font-weight: 400;\">es keine Verk\u00e4ufer, die ihre Waren anpreisen. Auf dem weichen Sandstrand k\u00f6nnen Sie an einem Seil, das an einem h\u00e4ngenden Ast befestigt ist, schwingen und ins t\u00fcrkisfarbene Wasser springen oder Beachvolleyball spielen.<\/span><br \/>\n<span style=\"font-weight: 400;\">F\u00fcr die Liebhaber von Strandpartys ist das Vollmondfestival am Paradise Beach ein Muss. In der Vollmondnacht verwandelt sich der <\/span><b>Paradise Beach in Thailand in eine <\/b><span style=\"font-weight: 400;\">Partyzone mit DJs, Essen und Getr\u00e4nken, die die ganze Nacht durchtanzen.<\/span><br \/>\n<span style=\"font-weight: 400;\">In einem der <\/span><a href=\"https:\/\/www.avistahideawayphuketresort.com\/restaurants-bars\/vista\/\"><span style=\"font-weight: 400;\">Restaurants<\/span><\/a><span style=\"font-weight: 400;\">, die den Strand s\u00e4umen, k\u00f6nnen Sie sich nach thail\u00e4ndischer Art erfrischen und Ihren Hunger mit internationalen Gerichten stillen.<\/span><br \/>\n<strong>Eintrittspreis: 100 Baht pro Person.<\/strong><br \/>\n<strong>Entfernung vom Hotel: 3,2 km<\/strong><\/p>\n","protected":false},"excerpt":{"rendered":"<p>Vom s\u00fcdlichen Ende von Patong Beach aus f\u00fchrt eine steile, kurvenreiche Stra\u00dfe immer weiter hinauf, bis sie sich in Richtung dieser bezaubernden Bucht zum Paradise Beach in Phuket hinunterzieht. Sie k\u00f6nnen auch ein Langboot mieten und \u00fcber die K\u00fcste anreisen, um eine weniger schwindelerregende Reise zu unternehmen. Wie auch immer Sie dorthin gelangen, der Paradise [&hellip;]<\/p>\n","protected":false},"author":55,"featured_media":0,"parent":1559,"menu_order":3,"comment_status":"closed","ping_status":"closed","template":"","meta":{"footnotes":""},"categories":[],"class_list":["post-1568","page","type-page","status-publish","hentry"],"acf":[],"yoast_head":"<!-- This site is optimized with the Yoast SEO plugin v26.9 - https:\/\/yoast.com\/product\/yoast-seo-wordpress\/ -->\n<title>Paradiesischer Strand - Avista Hideaway Phuket Patong<\/title>\n<meta name=\"robots\" content=\"index, follow, max-snippet:-1, max-image-preview:large, max-video-preview:-1\" \/>\n<link rel=\"canonical\" href=\"https:\/\/www.avistahideawayphuketresort.com\/de\/things-to-do-phuket\/phuket-beaches\/paradise-beach\/\" \/>\n<meta property=\"og:locale\" content=\"de_DE\" \/>\n<meta property=\"og:type\" content=\"article\" \/>\n<meta property=\"og:title\" content=\"Paradiesischer Strand - Avista Hideaway Phuket Patong\" \/>\n<meta property=\"og:description\" content=\"Vom s\u00fcdlichen Ende von Patong Beach aus f\u00fchrt eine steile, kurvenreiche Stra\u00dfe immer weiter hinauf, bis sie sich in Richtung dieser bezaubernden Bucht zum Paradise Beach in Phuket hinunterzieht. Sie k\u00f6nnen auch ein Langboot mieten und \u00fcber die K\u00fcste anreisen, um eine weniger schwindelerregende Reise zu unternehmen. Wie auch immer Sie dorthin gelangen, der Paradise [&hellip;]\" \/>\n<meta property=\"og:url\" content=\"https:\/\/www.avistahideawayphuketresort.com\/de\/things-to-do-phuket\/phuket-beaches\/paradise-beach\/\" \/>\n<meta property=\"og:site_name\" content=\"Avista Hideaway Phuket Patong\" \/>\n<meta property=\"article:modified_time\" content=\"2023-07-12T23:52:51+00:00\" \/>\n<meta name=\"twitter:card\" content=\"summary_large_image\" \/>\n<meta name=\"twitter:label1\" content=\"Gesch\u00e4tzte Lesezeit\" \/>\n\t<meta name=\"twitter:data1\" content=\"2 Minuten\" \/>\n<script type=\"application\/ld+json\" class=\"yoast-schema-graph\">{\"@context\":\"https:\/\/schema.org\",\"@graph\":[{\"@type\":\"WebPage\",\"@id\":\"https:\/\/www.avistahideawayphuketresort.com\/de\/things-to-do-phuket\/phuket-beaches\/paradise-beach\/\",\"url\":\"https:\/\/www.avistahideawayphuketresort.com\/de\/things-to-do-phuket\/phuket-beaches\/paradise-beach\/\",\"name\":\"Paradiesischer Strand - Avista Hideaway Phuket Patong\",\"isPartOf\":{\"@id\":\"https:\/\/www.avistahideawayphuketresort.com\/#website\"},\"datePublished\":\"2023-05-04T07:15:10+00:00\",\"dateModified\":\"2023-07-12T23:52:51+00:00\",\"breadcrumb\":{\"@id\":\"https:\/\/www.avistahideawayphuketresort.com\/de\/things-to-do-phuket\/phuket-beaches\/paradise-beach\/#breadcrumb\"},\"inLanguage\":\"de-DE\",\"potentialAction\":[{\"@type\":\"ReadAction\",\"target\":[\"https:\/\/www.avistahideawayphuketresort.com\/de\/things-to-do-phuket\/phuket-beaches\/paradise-beach\/\"]}]},{\"@type\":\"BreadcrumbList\",\"@id\":\"https:\/\/www.avistahideawayphuketresort.com\/de\/things-to-do-phuket\/phuket-beaches\/paradise-beach\/#breadcrumb\",\"itemListElement\":[{\"@type\":\"ListItem\",\"position\":1,\"name\":\"Home\",\"item\":\"https:\/\/www.avistahideawayphuketresort.com\/de\/\"},{\"@type\":\"ListItem\",\"position\":2,\"name\":\"Was kann man in Phuket unternehmen?\",\"item\":\"https:\/\/www.avistahideawayphuketresort.com\/de\/things-to-do-phuket\/\"},{\"@type\":\"ListItem\",\"position\":3,\"name\":\"Die besten Str\u00e4nde in Phuket\",\"item\":\"https:\/\/www.avistahideawayphuketresort.com\/de\/things-to-do-phuket\/phuket-beaches\/\"},{\"@type\":\"ListItem\",\"position\":4,\"name\":\"Paradiesischer Strand\"}]},{\"@type\":\"WebSite\",\"@id\":\"https:\/\/www.avistahideawayphuketresort.com\/#website\",\"url\":\"https:\/\/www.avistahideawayphuketresort.com\/\",\"name\":\"Avista Hideaway Phuket Patong\",\"description\":\"\",\"potentialAction\":[{\"@type\":\"SearchAction\",\"target\":{\"@type\":\"EntryPoint\",\"urlTemplate\":\"https:\/\/www.avistahideawayphuketresort.com\/?s={search_term_string}\"},\"query-input\":{\"@type\":\"PropertyValueSpecification\",\"valueRequired\":true,\"valueName\":\"search_term_string\"}}],\"inLanguage\":\"de-DE\"}]}<\/script>\n<!-- \/ Yoast SEO plugin. -->","yoast_head_json":{"title":"Paradiesischer Strand - Avista Hideaway Phuket Patong","robots":{"index":"index","follow":"follow","max-snippet":"max-snippet:-1","max-image-preview":"max-image-preview:large","max-video-preview":"max-video-preview:-1"},"canonical":"https:\/\/www.avistahideawayphuketresort.com\/de\/things-to-do-phuket\/phuket-beaches\/paradise-beach\/","og_locale":"de_DE","og_type":"article","og_title":"Paradiesischer Strand - Avista Hideaway Phuket Patong","og_description":"Vom s\u00fcdlichen Ende von Patong Beach aus f\u00fchrt eine steile, kurvenreiche Stra\u00dfe immer weiter hinauf, bis sie sich in Richtung dieser bezaubernden Bucht zum Paradise Beach in Phuket hinunterzieht. Sie k\u00f6nnen auch ein Langboot mieten und \u00fcber die K\u00fcste anreisen, um eine weniger schwindelerregende Reise zu unternehmen. Wie auch immer Sie dorthin gelangen, der Paradise [&hellip;]","og_url":"https:\/\/www.avistahideawayphuketresort.com\/de\/things-to-do-phuket\/phuket-beaches\/paradise-beach\/","og_site_name":"Avista Hideaway Phuket Patong","article_modified_time":"2023-07-12T23:52:51+00:00","twitter_card":"summary_large_image","twitter_misc":{"Gesch\u00e4tzte Lesezeit":"2 Minuten"},"schema":{"@context":"https:\/\/schema.org","@graph":[{"@type":"WebPage","@id":"https:\/\/www.avistahideawayphuketresort.com\/de\/things-to-do-phuket\/phuket-beaches\/paradise-beach\/","url":"https:\/\/www.avistahideawayphuketresort.com\/de\/things-to-do-phuket\/phuket-beaches\/paradise-beach\/","name":"Paradiesischer Strand - Avista Hideaway Phuket Patong","isPartOf":{"@id":"https:\/\/www.avistahideawayphuketresort.com\/#website"},"datePublished":"2023-05-04T07:15:10+00:00","dateModified":"2023-07-12T23:52:51+00:00","breadcrumb":{"@id":"https:\/\/www.avistahideawayphuketresort.com\/de\/things-to-do-phuket\/phuket-beaches\/paradise-beach\/#breadcrumb"},"inLanguage":"de-DE","potentialAction":[{"@type":"ReadAction","target":["https:\/\/www.avistahideawayphuketresort.com\/de\/things-to-do-phuket\/phuket-beaches\/paradise-beach\/"]}]},{"@type":"BreadcrumbList","@id":"https:\/\/www.avistahideawayphuketresort.com\/de\/things-to-do-phuket\/phuket-beaches\/paradise-beach\/#breadcrumb","itemListElement":[{"@type":"ListItem","position":1,"name":"Home","item":"https:\/\/www.avistahideawayphuketresort.com\/de\/"},{"@type":"ListItem","position":2,"name":"Was kann man in Phuket unternehmen?","item":"https:\/\/www.avistahideawayphuketresort.com\/de\/things-to-do-phuket\/"},{"@type":"ListItem","position":3,"name":"Die besten Str\u00e4nde in Phuket","item":"https:\/\/www.avistahideawayphuketresort.com\/de\/things-to-do-phuket\/phuket-beaches\/"},{"@type":"ListItem","position":4,"name":"Paradiesischer Strand"}]},{"@type":"WebSite","@id":"https:\/\/www.avistahideawayphuketresort.com\/#website","url":"https:\/\/www.avistahideawayphuketresort.com\/","name":"Avista Hideaway Phuket Patong","description":"","potentialAction":[{"@type":"SearchAction","target":{"@type":"EntryPoint","urlTemplate":"https:\/\/www.avistahideawayphuketresort.com\/?s={search_term_string}"},"query-input":{"@type":"PropertyValueSpecification","valueRequired":true,"valueName":"search_term_string"}}],"inLanguage":"de-DE"}]}},"_links":{"self":[{"href":"https:\/\/www.avistahideawayphuketresort.com\/de\/wp-json\/wp\/v2\/pages\/1568","targetHints":{"allow":["GET"]}}],"collection":[{"href":"https:\/\/www.avistahideawayphuketresort.com\/de\/wp-json\/wp\/v2\/pages"}],"about":[{"href":"https:\/\/www.avistahideawayphuketresort.com\/de\/wp-json\/wp\/v2\/types\/page"}],"author":[{"embeddable":true,"href":"https:\/\/www.avistahideawayphuketresort.com\/de\/wp-json\/wp\/v2\/users\/55"}],"replies":[{"embeddable":true,"href":"https:\/\/www.avistahideawayphuketresort.com\/de\/wp-json\/wp\/v2\/comments?post=1568"}],"version-history":[{"count":0,"href":"https:\/\/www.avistahideawayphuketresort.com\/de\/wp-json\/wp\/v2\/pages\/1568\/revisions"}],"up":[{"embeddable":true,"href":"https:\/\/www.avistahideawayphuketresort.com\/de\/wp-json\/wp\/v2\/pages\/1559"}],"wp:attachment":[{"href":"https:\/\/www.avistahideawayphuketresort.com\/de\/wp-json\/wp\/v2\/media?parent=1568"}],"wp:term":[{"taxonomy":"category","embeddable":true,"href":"https:\/\/www.avistahideawayphuketresort.com\/de\/wp-json\/wp\/v2\/categories?post=1568"}],"curies":[{"name":"wp","href":"https:\/\/api.w.org\/{rel}","templated":true}]}}