{"id":1571,"date":"2023-05-04T07:15:49","date_gmt":"2023-05-04T07:15:49","guid":{"rendered":"https:\/\/www.avistahideawayphuketresort.com\/things-to-do-phuket\/phuket-beaches\/patong-beach\/"},"modified":"2023-07-12T23:55:05","modified_gmt":"2023-07-12T23:55:05","slug":"patong-beach","status":"publish","type":"page","link":"https:\/\/www.avistahideawayphuketresort.com\/de\/things-to-do-phuket\/phuket-beaches\/patong-beach\/","title":{"rendered":"Patong Strand"},"content":{"rendered":"<p style=\"text-align: center;\"><span style=\"font-weight: 400;\">Zwischen einer sandigen Bucht und einem malerischen Fischerdorf pulsiert ein 3 km langer goldener Sandstrand im Takt von Millionen von Besuchern jedes Jahr. Dies ist der lebhafteste <\/span><b>Patong-Strand auf Phuket<\/b><span style=\"font-weight: 400;\">, ein Hort der Aktivit\u00e4t, der alle m\u00f6glichen Aktivit\u00e4ten und Attraktionen bietet. Das t\u00fcrkisfarbene Wasser l\u00e4dt zum Schwimmen und zu abenteuerlichen Wassersportarten ein. Sie k\u00f6nnen sich im Jetskifahren oder Parasailing versuchen oder an einem Tauch- oder Bootsausflug teilnehmen, um die glitzernde K\u00fcste aus einem anderen Blickwinkel zu entdecken.<\/span><br \/>\n<span style=\"font-weight: 400;\">Entspannen Sie sich im gro\u00dfz\u00fcgigen Schatten der Kokospalmen, die den Strand von der Stra\u00dfe trennen. Nur wenige Meter vom Strand entfernt finden Sie Kioske, Restaurants und <\/span><a href=\"https:\/\/www.avistahideawayphuketresort.com\/de\/\"><b>Hotels am Strand von Patong<\/b><\/a><span style=\"font-weight: 400;\">, in denen Sie Ihren Urlaub verbringen k\u00f6nnen. Genie\u00dfen Sie eine Mahlzeit in einem der <\/span><a href=\"https:\/\/www.avistahideawayphuketresort.com\/de\/restaurants-bars\/vista\/\"><span style=\"font-weight: 400;\">Strandrestaurants<\/span><\/a><span style=\"font-weight: 400;\"> oder holen Sie sich einen Happen an einem der Snack- und Getr\u00e4nkest\u00e4nde. Im nahe gelegenen Spa k\u00f6nnen Sie sich sogar eine entspannende Massage g\u00f6nnen, ohne Ihr Strandtuch verlassen zu m\u00fcssen. Die <\/span><a href=\"https:\/\/www.avistahideawayphuketresort.com\/de\/spa-fitness\/aqua-spa\/\"><span style=\"font-weight: 400;\">Spa-Behandlung<\/span><\/a><span style=\"font-weight: 400;\"> ist weltber\u00fchmt f\u00fcr ihre wohltuende Wirkung auf K\u00f6rper, Geist und Seele.<\/span><br \/>\nBesuchen Sie Phuket-Stadt<br \/>\n<span style=\"font-weight: 400;\">Phuket Town liegt nur 15 km vom <\/span><b>Strand von Patong entfernt<\/b><span style=\"font-weight: 400;\">. In der Stadt gibt es zahlreiche Hotels, Restaurants, Caf\u00e9s, Nachtclubs und andere Touristenattraktionen. Die Tagesaktivit\u00e4ten konzentrieren sich meist auf den Strand, wo man Wassersport treiben, Inselh\u00fcpfen oder in der Sonne baden kann. Kalim, das n\u00f6rdliche Ende der Bucht von Patong, ist ein geeigneter Ort, um die letzten Strahlen der funkelnden Sonne am Horizont einzufangen.<\/span><br \/>\nMit Einbruch der Dunkelheit beginnt in Phuket-Stadt das glitzernde Nachtleben rund um die Soi Bangla. Es ist ein Epizentrum des pulsierenden Nachtlebens, wo die Caf\u00e9s, Bars und Nachtclubs Partys von der D\u00e4mmerung bis zum n\u00e4chsten Morgen organisieren.<br \/>\nShopaholics k\u00f6nnen im Jungceylon, dem Einkaufskomplex, die neuesten Modetrends und authentische thail\u00e4ndische Souvenirs kaufen. Im Bangla-Stadion k\u00f6nnen Sie auch einen Muay-Thai-Kampf beobachten, der allerdings nichts f\u00fcr schwache Nerven ist.<br \/>\n<strong>Anmeldegeb\u00fchr: <\/strong>NIL<br \/>\n<strong>Entfernung vom Hotel: <\/strong>4,6 km<\/p>\n","protected":false},"excerpt":{"rendered":"<p>Zwischen einer sandigen Bucht und einem malerischen Fischerdorf pulsiert ein 3 km langer goldener Sandstrand im Takt von Millionen von Besuchern jedes Jahr. Dies ist der lebhafteste Patong-Strand auf Phuket, ein Hort der Aktivit\u00e4t, der alle m\u00f6glichen Aktivit\u00e4ten und Attraktionen bietet. Das t\u00fcrkisfarbene Wasser l\u00e4dt zum Schwimmen und zu abenteuerlichen Wassersportarten ein. Sie k\u00f6nnen sich [&hellip;]<\/p>\n","protected":false},"author":55,"featured_media":0,"parent":1559,"menu_order":4,"comment_status":"closed","ping_status":"closed","template":"","meta":{"footnotes":""},"categories":[],"class_list":["post-1571","page","type-page","status-publish","hentry"],"acf":[],"yoast_head":"<!-- This site is optimized with the Yoast SEO plugin v26.9 - https:\/\/yoast.com\/product\/yoast-seo-wordpress\/ -->\n<title>Patong Strand - Avista Hideaway Phuket Patong<\/title>\n<meta name=\"robots\" content=\"index, follow, max-snippet:-1, max-image-preview:large, max-video-preview:-1\" \/>\n<link rel=\"canonical\" href=\"https:\/\/www.avistahideawayphuketresort.com\/de\/things-to-do-phuket\/phuket-beaches\/patong-beach\/\" \/>\n<meta property=\"og:locale\" content=\"de_DE\" \/>\n<meta property=\"og:type\" content=\"article\" \/>\n<meta property=\"og:title\" content=\"Patong Strand - Avista Hideaway Phuket Patong\" \/>\n<meta property=\"og:description\" content=\"Zwischen einer sandigen Bucht und einem malerischen Fischerdorf pulsiert ein 3 km langer goldener Sandstrand im Takt von Millionen von Besuchern jedes Jahr. Dies ist der lebhafteste Patong-Strand auf Phuket, ein Hort der Aktivit\u00e4t, der alle m\u00f6glichen Aktivit\u00e4ten und Attraktionen bietet. Das t\u00fcrkisfarbene Wasser l\u00e4dt zum Schwimmen und zu abenteuerlichen Wassersportarten ein. Sie k\u00f6nnen sich [&hellip;]\" \/>\n<meta property=\"og:url\" content=\"https:\/\/www.avistahideawayphuketresort.com\/de\/things-to-do-phuket\/phuket-beaches\/patong-beach\/\" \/>\n<meta property=\"og:site_name\" content=\"Avista Hideaway Phuket Patong\" \/>\n<meta property=\"article:modified_time\" content=\"2023-07-12T23:55:05+00:00\" \/>\n<meta name=\"twitter:card\" content=\"summary_large_image\" \/>\n<meta name=\"twitter:label1\" content=\"Gesch\u00e4tzte Lesezeit\" \/>\n\t<meta name=\"twitter:data1\" content=\"2 Minuten\" \/>\n<script type=\"application\/ld+json\" class=\"yoast-schema-graph\">{\"@context\":\"https:\/\/schema.org\",\"@graph\":[{\"@type\":\"WebPage\",\"@id\":\"https:\/\/www.avistahideawayphuketresort.com\/de\/things-to-do-phuket\/phuket-beaches\/patong-beach\/\",\"url\":\"https:\/\/www.avistahideawayphuketresort.com\/de\/things-to-do-phuket\/phuket-beaches\/patong-beach\/\",\"name\":\"Patong Strand - Avista Hideaway Phuket Patong\",\"isPartOf\":{\"@id\":\"https:\/\/www.avistahideawayphuketresort.com\/#website\"},\"datePublished\":\"2023-05-04T07:15:49+00:00\",\"dateModified\":\"2023-07-12T23:55:05+00:00\",\"breadcrumb\":{\"@id\":\"https:\/\/www.avistahideawayphuketresort.com\/de\/things-to-do-phuket\/phuket-beaches\/patong-beach\/#breadcrumb\"},\"inLanguage\":\"de-DE\",\"potentialAction\":[{\"@type\":\"ReadAction\",\"target\":[\"https:\/\/www.avistahideawayphuketresort.com\/de\/things-to-do-phuket\/phuket-beaches\/patong-beach\/\"]}]},{\"@type\":\"BreadcrumbList\",\"@id\":\"https:\/\/www.avistahideawayphuketresort.com\/de\/things-to-do-phuket\/phuket-beaches\/patong-beach\/#breadcrumb\",\"itemListElement\":[{\"@type\":\"ListItem\",\"position\":1,\"name\":\"Home\",\"item\":\"https:\/\/www.avistahideawayphuketresort.com\/de\/\"},{\"@type\":\"ListItem\",\"position\":2,\"name\":\"Was kann man in Phuket unternehmen?\",\"item\":\"https:\/\/www.avistahideawayphuketresort.com\/de\/things-to-do-phuket\/\"},{\"@type\":\"ListItem\",\"position\":3,\"name\":\"Die besten Str\u00e4nde in Phuket\",\"item\":\"https:\/\/www.avistahideawayphuketresort.com\/de\/things-to-do-phuket\/phuket-beaches\/\"},{\"@type\":\"ListItem\",\"position\":4,\"name\":\"Patong Strand\"}]},{\"@type\":\"WebSite\",\"@id\":\"https:\/\/www.avistahideawayphuketresort.com\/#website\",\"url\":\"https:\/\/www.avistahideawayphuketresort.com\/\",\"name\":\"Avista Hideaway Phuket Patong\",\"description\":\"\",\"potentialAction\":[{\"@type\":\"SearchAction\",\"target\":{\"@type\":\"EntryPoint\",\"urlTemplate\":\"https:\/\/www.avistahideawayphuketresort.com\/?s={search_term_string}\"},\"query-input\":{\"@type\":\"PropertyValueSpecification\",\"valueRequired\":true,\"valueName\":\"search_term_string\"}}],\"inLanguage\":\"de-DE\"}]}<\/script>\n<!-- \/ Yoast SEO plugin. -->","yoast_head_json":{"title":"Patong Strand - Avista Hideaway Phuket Patong","robots":{"index":"index","follow":"follow","max-snippet":"max-snippet:-1","max-image-preview":"max-image-preview:large","max-video-preview":"max-video-preview:-1"},"canonical":"https:\/\/www.avistahideawayphuketresort.com\/de\/things-to-do-phuket\/phuket-beaches\/patong-beach\/","og_locale":"de_DE","og_type":"article","og_title":"Patong Strand - Avista Hideaway Phuket Patong","og_description":"Zwischen einer sandigen Bucht und einem malerischen Fischerdorf pulsiert ein 3 km langer goldener Sandstrand im Takt von Millionen von Besuchern jedes Jahr. Dies ist der lebhafteste Patong-Strand auf Phuket, ein Hort der Aktivit\u00e4t, der alle m\u00f6glichen Aktivit\u00e4ten und Attraktionen bietet. Das t\u00fcrkisfarbene Wasser l\u00e4dt zum Schwimmen und zu abenteuerlichen Wassersportarten ein. Sie k\u00f6nnen sich [&hellip;]","og_url":"https:\/\/www.avistahideawayphuketresort.com\/de\/things-to-do-phuket\/phuket-beaches\/patong-beach\/","og_site_name":"Avista Hideaway Phuket Patong","article_modified_time":"2023-07-12T23:55:05+00:00","twitter_card":"summary_large_image","twitter_misc":{"Gesch\u00e4tzte Lesezeit":"2 Minuten"},"schema":{"@context":"https:\/\/schema.org","@graph":[{"@type":"WebPage","@id":"https:\/\/www.avistahideawayphuketresort.com\/de\/things-to-do-phuket\/phuket-beaches\/patong-beach\/","url":"https:\/\/www.avistahideawayphuketresort.com\/de\/things-to-do-phuket\/phuket-beaches\/patong-beach\/","name":"Patong Strand - Avista Hideaway Phuket Patong","isPartOf":{"@id":"https:\/\/www.avistahideawayphuketresort.com\/#website"},"datePublished":"2023-05-04T07:15:49+00:00","dateModified":"2023-07-12T23:55:05+00:00","breadcrumb":{"@id":"https:\/\/www.avistahideawayphuketresort.com\/de\/things-to-do-phuket\/phuket-beaches\/patong-beach\/#breadcrumb"},"inLanguage":"de-DE","potentialAction":[{"@type":"ReadAction","target":["https:\/\/www.avistahideawayphuketresort.com\/de\/things-to-do-phuket\/phuket-beaches\/patong-beach\/"]}]},{"@type":"BreadcrumbList","@id":"https:\/\/www.avistahideawayphuketresort.com\/de\/things-to-do-phuket\/phuket-beaches\/patong-beach\/#breadcrumb","itemListElement":[{"@type":"ListItem","position":1,"name":"Home","item":"https:\/\/www.avistahideawayphuketresort.com\/de\/"},{"@type":"ListItem","position":2,"name":"Was kann man in Phuket unternehmen?","item":"https:\/\/www.avistahideawayphuketresort.com\/de\/things-to-do-phuket\/"},{"@type":"ListItem","position":3,"name":"Die besten Str\u00e4nde in Phuket","item":"https:\/\/www.avistahideawayphuketresort.com\/de\/things-to-do-phuket\/phuket-beaches\/"},{"@type":"ListItem","position":4,"name":"Patong Strand"}]},{"@type":"WebSite","@id":"https:\/\/www.avistahideawayphuketresort.com\/#website","url":"https:\/\/www.avistahideawayphuketresort.com\/","name":"Avista Hideaway Phuket Patong","description":"","potentialAction":[{"@type":"SearchAction","target":{"@type":"EntryPoint","urlTemplate":"https:\/\/www.avistahideawayphuketresort.com\/?s={search_term_string}"},"query-input":{"@type":"PropertyValueSpecification","valueRequired":true,"valueName":"search_term_string"}}],"inLanguage":"de-DE"}]}},"_links":{"self":[{"href":"https:\/\/www.avistahideawayphuketresort.com\/de\/wp-json\/wp\/v2\/pages\/1571","targetHints":{"allow":["GET"]}}],"collection":[{"href":"https:\/\/www.avistahideawayphuketresort.com\/de\/wp-json\/wp\/v2\/pages"}],"about":[{"href":"https:\/\/www.avistahideawayphuketresort.com\/de\/wp-json\/wp\/v2\/types\/page"}],"author":[{"embeddable":true,"href":"https:\/\/www.avistahideawayphuketresort.com\/de\/wp-json\/wp\/v2\/users\/55"}],"replies":[{"embeddable":true,"href":"https:\/\/www.avistahideawayphuketresort.com\/de\/wp-json\/wp\/v2\/comments?post=1571"}],"version-history":[{"count":0,"href":"https:\/\/www.avistahideawayphuketresort.com\/de\/wp-json\/wp\/v2\/pages\/1571\/revisions"}],"up":[{"embeddable":true,"href":"https:\/\/www.avistahideawayphuketresort.com\/de\/wp-json\/wp\/v2\/pages\/1559"}],"wp:attachment":[{"href":"https:\/\/www.avistahideawayphuketresort.com\/de\/wp-json\/wp\/v2\/media?parent=1571"}],"wp:term":[{"taxonomy":"category","embeddable":true,"href":"https:\/\/www.avistahideawayphuketresort.com\/de\/wp-json\/wp\/v2\/categories?post=1571"}],"curies":[{"name":"wp","href":"https:\/\/api.w.org\/{rel}","templated":true}]}}