{"id":1574,"date":"2023-05-04T07:16:37","date_gmt":"2023-05-04T07:16:37","guid":{"rendered":"https:\/\/www.avistahideawayphuketresort.com\/things-to-do-phuket\/phuket-beaches\/freedom-beach\/"},"modified":"2023-07-12T23:56:40","modified_gmt":"2023-07-12T23:56:40","slug":"freedom-beach","status":"publish","type":"page","link":"https:\/\/www.avistahideawayphuketresort.com\/de\/things-to-do-phuket\/phuket-beaches\/freedom-beach\/","title":{"rendered":"Freiheit Strand"},"content":{"rendered":"<p style=\"text-align: center;\"><b>Freedom Beach in Phuket <\/b><span style=\"font-weight: 400;\">ist ein 300 Meter langer Streifen mit unglaublich weichem wei\u00dfen Sand und t\u00fcrkisblauem Wasser. Freedom, einer der sch\u00f6nsten <\/span><a href=\"https:\/\/www.avistahideawayphuketresort.com\/de\/what-to-do-in-phuket\/phuket-beaches\/\"><span style=\"font-weight: 400;\">Str\u00e4nde auf Phuket<\/span><\/a><span style=\"font-weight: 400;\">, ist von Granitfelsen und H\u00fcgeln mit \u00fcppiger gr\u00fcner Vegetation umgeben. <\/span><br \/>\n<span style=\"font-weight: 400;\">Obwohl er einer der belebtesten Str\u00e4nde in Phuket ist, ist er ruhig und friedlich und eignet sich perfekt zum Sonnenbaden auf einem Strandtuch. Neben dem Sonnenbaden kann man an diesem weichen Strand auch Strandfu\u00dfball und Volleyball spielen. Der <\/span><b>Freedom Beach in Thailand <\/b><span style=\"font-weight: 400;\">hat seichtes Wasser, in dem viele bunte Fischarten und andere Tiere leben. Es lohnt sich zu schnorcheln, um exotische Riffe und Arten zwischen den Riffen zu beobachten.<\/span><br \/>\n<span style=\"font-weight: 400;\">Wenn Sie morgens kommen m\u00f6chten, ist der Strand am k\u00fchlsten, im leichten Schatten der B\u00e4ume. In der N\u00e4he gibt es <\/span><a href=\"https:\/\/www.avistahideawayphuketresort.com\/de\/restaurants-bars\/\"><span style=\"font-weight: 400;\">Restaurants und Bars<\/span><\/a><span style=\"font-weight: 400;\">, in denen Sie sich erfrischen k\u00f6nnen, wenn Sie eine Weile bleiben m\u00f6chten. Das <\/span><a href=\"https:\/\/www.avistahideawayphuketresort.com\/de\/\"><span style=\"font-weight: 400;\">Avista Hideaway Phuket Patong<\/span><\/a><span style=\"font-weight: 400;\"> ist nur 700 Meter vom Strandparkplatz entfernt.<\/span><br \/>\n<strong>So erreichen Sie Freedom Beach, Phuket<\/strong><br \/>\n<span style=\"font-weight: 400;\">Der Zugang ist nicht ganz einfach, aber die M\u00fche lohnt sich! Kristallklares Wasser und unber\u00fchrter wei\u00dfer Sand sind das, was Sie vorfinden, wenn Sie den H\u00fcgel hinabsteigen. Aber Vorsicht, auf dem R\u00fcckweg werden Sie sicherlich ersch\u00f6pft sein. Sie k\u00f6nnen den <\/span><a href=\"https:\/\/www.avistahideawayphuketresort.com\/de\/what-to-do-in-phuket\/phuket-beaches\/patong-beach\/\"><span style=\"font-weight: 400;\">Strand von Patong<\/span><\/a><span style=\"font-weight: 400;\"> auch mit dem Long Tail Boat erreichen, was sehr zu empfehlen ist, wenn Sie nicht fit genug sind.<\/span><br \/>\n<strong>Wie viel kostet es, nach Freedom Beach zu fahren?<\/strong><br \/>\nBei einem Spaziergang betr\u00e4gt der Preis THB 200 pro Person. Dieser Preis gilt f\u00fcr die \u00dcberquerung von Privatland von der Hauptstra\u00dfe zum Strand. Um Ihr Motorrad zu parken, gibt es eine zus\u00e4tzliche Kosten von THB 100. Mit dem Boot von Patong Beach aus kostet es ab THB 1.000, aber dieser Preis kann je nach Anzahl der Personen und Saison variieren. Die beste Zeit f\u00fcr einen Besuch am Freedom Beach ist von Dezember bis Juni.<\/p>\n","protected":false},"excerpt":{"rendered":"<p>Freedom Beach in Phuket ist ein 300 Meter langer Streifen mit unglaublich weichem wei\u00dfen Sand und t\u00fcrkisblauem Wasser. Freedom, einer der sch\u00f6nsten Str\u00e4nde auf Phuket, ist von Granitfelsen und H\u00fcgeln mit \u00fcppiger gr\u00fcner Vegetation umgeben. Obwohl er einer der belebtesten Str\u00e4nde in Phuket ist, ist er ruhig und friedlich und eignet sich perfekt zum Sonnenbaden [&hellip;]<\/p>\n","protected":false},"author":55,"featured_media":0,"parent":1559,"menu_order":5,"comment_status":"closed","ping_status":"closed","template":"","meta":{"footnotes":""},"categories":[],"class_list":["post-1574","page","type-page","status-publish","hentry"],"acf":[],"yoast_head":"<!-- This site is optimized with the Yoast SEO plugin v26.9 - https:\/\/yoast.com\/product\/yoast-seo-wordpress\/ -->\n<title>Freiheit Strand - Avista Hideaway Phuket Patong<\/title>\n<meta name=\"robots\" content=\"index, follow, max-snippet:-1, max-image-preview:large, max-video-preview:-1\" \/>\n<link rel=\"canonical\" href=\"https:\/\/www.avistahideawayphuketresort.com\/de\/things-to-do-phuket\/phuket-beaches\/freedom-beach\/\" \/>\n<meta property=\"og:locale\" content=\"de_DE\" \/>\n<meta property=\"og:type\" content=\"article\" \/>\n<meta property=\"og:title\" content=\"Freiheit Strand - Avista Hideaway Phuket Patong\" \/>\n<meta property=\"og:description\" content=\"Freedom Beach in Phuket ist ein 300 Meter langer Streifen mit unglaublich weichem wei\u00dfen Sand und t\u00fcrkisblauem Wasser. Freedom, einer der sch\u00f6nsten Str\u00e4nde auf Phuket, ist von Granitfelsen und H\u00fcgeln mit \u00fcppiger gr\u00fcner Vegetation umgeben. Obwohl er einer der belebtesten Str\u00e4nde in Phuket ist, ist er ruhig und friedlich und eignet sich perfekt zum Sonnenbaden [&hellip;]\" \/>\n<meta property=\"og:url\" content=\"https:\/\/www.avistahideawayphuketresort.com\/de\/things-to-do-phuket\/phuket-beaches\/freedom-beach\/\" \/>\n<meta property=\"og:site_name\" content=\"Avista Hideaway Phuket Patong\" \/>\n<meta property=\"article:modified_time\" content=\"2023-07-12T23:56:40+00:00\" \/>\n<meta name=\"twitter:card\" content=\"summary_large_image\" \/>\n<meta name=\"twitter:label1\" content=\"Gesch\u00e4tzte Lesezeit\" \/>\n\t<meta name=\"twitter:data1\" content=\"2 Minuten\" \/>\n<script type=\"application\/ld+json\" class=\"yoast-schema-graph\">{\"@context\":\"https:\/\/schema.org\",\"@graph\":[{\"@type\":\"WebPage\",\"@id\":\"https:\/\/www.avistahideawayphuketresort.com\/de\/things-to-do-phuket\/phuket-beaches\/freedom-beach\/\",\"url\":\"https:\/\/www.avistahideawayphuketresort.com\/de\/things-to-do-phuket\/phuket-beaches\/freedom-beach\/\",\"name\":\"Freiheit Strand - Avista Hideaway Phuket Patong\",\"isPartOf\":{\"@id\":\"https:\/\/www.avistahideawayphuketresort.com\/#website\"},\"datePublished\":\"2023-05-04T07:16:37+00:00\",\"dateModified\":\"2023-07-12T23:56:40+00:00\",\"breadcrumb\":{\"@id\":\"https:\/\/www.avistahideawayphuketresort.com\/de\/things-to-do-phuket\/phuket-beaches\/freedom-beach\/#breadcrumb\"},\"inLanguage\":\"de-DE\",\"potentialAction\":[{\"@type\":\"ReadAction\",\"target\":[\"https:\/\/www.avistahideawayphuketresort.com\/de\/things-to-do-phuket\/phuket-beaches\/freedom-beach\/\"]}]},{\"@type\":\"BreadcrumbList\",\"@id\":\"https:\/\/www.avistahideawayphuketresort.com\/de\/things-to-do-phuket\/phuket-beaches\/freedom-beach\/#breadcrumb\",\"itemListElement\":[{\"@type\":\"ListItem\",\"position\":1,\"name\":\"Home\",\"item\":\"https:\/\/www.avistahideawayphuketresort.com\/de\/\"},{\"@type\":\"ListItem\",\"position\":2,\"name\":\"Was kann man in Phuket unternehmen?\",\"item\":\"https:\/\/www.avistahideawayphuketresort.com\/de\/things-to-do-phuket\/\"},{\"@type\":\"ListItem\",\"position\":3,\"name\":\"Die besten Str\u00e4nde in Phuket\",\"item\":\"https:\/\/www.avistahideawayphuketresort.com\/de\/things-to-do-phuket\/phuket-beaches\/\"},{\"@type\":\"ListItem\",\"position\":4,\"name\":\"Freiheit Strand\"}]},{\"@type\":\"WebSite\",\"@id\":\"https:\/\/www.avistahideawayphuketresort.com\/#website\",\"url\":\"https:\/\/www.avistahideawayphuketresort.com\/\",\"name\":\"Avista Hideaway Phuket Patong\",\"description\":\"\",\"potentialAction\":[{\"@type\":\"SearchAction\",\"target\":{\"@type\":\"EntryPoint\",\"urlTemplate\":\"https:\/\/www.avistahideawayphuketresort.com\/?s={search_term_string}\"},\"query-input\":{\"@type\":\"PropertyValueSpecification\",\"valueRequired\":true,\"valueName\":\"search_term_string\"}}],\"inLanguage\":\"de-DE\"}]}<\/script>\n<!-- \/ Yoast SEO plugin. -->","yoast_head_json":{"title":"Freiheit Strand - Avista Hideaway Phuket Patong","robots":{"index":"index","follow":"follow","max-snippet":"max-snippet:-1","max-image-preview":"max-image-preview:large","max-video-preview":"max-video-preview:-1"},"canonical":"https:\/\/www.avistahideawayphuketresort.com\/de\/things-to-do-phuket\/phuket-beaches\/freedom-beach\/","og_locale":"de_DE","og_type":"article","og_title":"Freiheit Strand - Avista Hideaway Phuket Patong","og_description":"Freedom Beach in Phuket ist ein 300 Meter langer Streifen mit unglaublich weichem wei\u00dfen Sand und t\u00fcrkisblauem Wasser. Freedom, einer der sch\u00f6nsten Str\u00e4nde auf Phuket, ist von Granitfelsen und H\u00fcgeln mit \u00fcppiger gr\u00fcner Vegetation umgeben. Obwohl er einer der belebtesten Str\u00e4nde in Phuket ist, ist er ruhig und friedlich und eignet sich perfekt zum Sonnenbaden [&hellip;]","og_url":"https:\/\/www.avistahideawayphuketresort.com\/de\/things-to-do-phuket\/phuket-beaches\/freedom-beach\/","og_site_name":"Avista Hideaway Phuket Patong","article_modified_time":"2023-07-12T23:56:40+00:00","twitter_card":"summary_large_image","twitter_misc":{"Gesch\u00e4tzte Lesezeit":"2 Minuten"},"schema":{"@context":"https:\/\/schema.org","@graph":[{"@type":"WebPage","@id":"https:\/\/www.avistahideawayphuketresort.com\/de\/things-to-do-phuket\/phuket-beaches\/freedom-beach\/","url":"https:\/\/www.avistahideawayphuketresort.com\/de\/things-to-do-phuket\/phuket-beaches\/freedom-beach\/","name":"Freiheit Strand - Avista Hideaway Phuket Patong","isPartOf":{"@id":"https:\/\/www.avistahideawayphuketresort.com\/#website"},"datePublished":"2023-05-04T07:16:37+00:00","dateModified":"2023-07-12T23:56:40+00:00","breadcrumb":{"@id":"https:\/\/www.avistahideawayphuketresort.com\/de\/things-to-do-phuket\/phuket-beaches\/freedom-beach\/#breadcrumb"},"inLanguage":"de-DE","potentialAction":[{"@type":"ReadAction","target":["https:\/\/www.avistahideawayphuketresort.com\/de\/things-to-do-phuket\/phuket-beaches\/freedom-beach\/"]}]},{"@type":"BreadcrumbList","@id":"https:\/\/www.avistahideawayphuketresort.com\/de\/things-to-do-phuket\/phuket-beaches\/freedom-beach\/#breadcrumb","itemListElement":[{"@type":"ListItem","position":1,"name":"Home","item":"https:\/\/www.avistahideawayphuketresort.com\/de\/"},{"@type":"ListItem","position":2,"name":"Was kann man in Phuket unternehmen?","item":"https:\/\/www.avistahideawayphuketresort.com\/de\/things-to-do-phuket\/"},{"@type":"ListItem","position":3,"name":"Die besten Str\u00e4nde in Phuket","item":"https:\/\/www.avistahideawayphuketresort.com\/de\/things-to-do-phuket\/phuket-beaches\/"},{"@type":"ListItem","position":4,"name":"Freiheit Strand"}]},{"@type":"WebSite","@id":"https:\/\/www.avistahideawayphuketresort.com\/#website","url":"https:\/\/www.avistahideawayphuketresort.com\/","name":"Avista Hideaway Phuket Patong","description":"","potentialAction":[{"@type":"SearchAction","target":{"@type":"EntryPoint","urlTemplate":"https:\/\/www.avistahideawayphuketresort.com\/?s={search_term_string}"},"query-input":{"@type":"PropertyValueSpecification","valueRequired":true,"valueName":"search_term_string"}}],"inLanguage":"de-DE"}]}},"_links":{"self":[{"href":"https:\/\/www.avistahideawayphuketresort.com\/de\/wp-json\/wp\/v2\/pages\/1574","targetHints":{"allow":["GET"]}}],"collection":[{"href":"https:\/\/www.avistahideawayphuketresort.com\/de\/wp-json\/wp\/v2\/pages"}],"about":[{"href":"https:\/\/www.avistahideawayphuketresort.com\/de\/wp-json\/wp\/v2\/types\/page"}],"author":[{"embeddable":true,"href":"https:\/\/www.avistahideawayphuketresort.com\/de\/wp-json\/wp\/v2\/users\/55"}],"replies":[{"embeddable":true,"href":"https:\/\/www.avistahideawayphuketresort.com\/de\/wp-json\/wp\/v2\/comments?post=1574"}],"version-history":[{"count":0,"href":"https:\/\/www.avistahideawayphuketresort.com\/de\/wp-json\/wp\/v2\/pages\/1574\/revisions"}],"up":[{"embeddable":true,"href":"https:\/\/www.avistahideawayphuketresort.com\/de\/wp-json\/wp\/v2\/pages\/1559"}],"wp:attachment":[{"href":"https:\/\/www.avistahideawayphuketresort.com\/de\/wp-json\/wp\/v2\/media?parent=1574"}],"wp:term":[{"taxonomy":"category","embeddable":true,"href":"https:\/\/www.avistahideawayphuketresort.com\/de\/wp-json\/wp\/v2\/categories?post=1574"}],"curies":[{"name":"wp","href":"https:\/\/api.w.org\/{rel}","templated":true}]}}