{"id":565,"date":"2023-04-20T03:42:40","date_gmt":"2023-04-20T03:42:40","guid":{"rendered":"https:\/\/www.avistahideawayphuketresort.com\/?page_id=565"},"modified":"2023-08-01T08:03:47","modified_gmt":"2023-08-01T08:03:47","slug":"home","status":"publish","type":"page","link":"https:\/\/www.avistahideawayphuketresort.com\/de\/","title":{"rendered":"Startseite"},"content":{"rendered":"<p style=\"text-align: center;\"><em>&#8222;<span style=\"font-weight: 400;\">Mit Blick auf die Bergw\u00e4lder und die Andamanensee bietet dieses Luxus-Resort in Phuket, das in den H\u00fcgeln um Patong Beach liegt, ein Refugium der Ruhe. 150 thail\u00e4ndisch inspirierte <\/span><a href=\"https:\/\/www.avistahideawayphuketresort.com\/de\/accommodations-in-phuket-luxury\/\"><span style=\"font-weight: 400;\">Zimmer und Suiten<\/span><\/a><span style=\"font-weight: 400;\"> erstrecken sich \u00fcber \u00fcppig angelegte G\u00e4rten in einem der besten Hotels in Phuket mit <\/span><a href=\"https:\/\/www.avistahideawayphuketresort.com\/phuket-spa-wellness\/swimming-pools\/\"><span style=\"font-weight: 400;\">drei Pools<\/span><\/a><span style=\"font-weight: 400;\">, jeder mit einer <\/span><a href=\"https:\/\/www.avistahideawayphuketresort.com\/de\/best-restaurants-in-phuket-patong\/chiva-pool-bar-phuket\/\"><span style=\"font-weight: 400;\">Swim-up-Bar<\/span><\/a><span style=\"font-weight: 400;\">. Zu den Verj\u00fcngungsangeboten geh\u00f6ren <\/span><a href=\"https:\/\/www.avistahideawayphuketresort.com\/de\/phuket-spa-wellness\/aqua-spa-in-phuket\/\"><span style=\"font-weight: 400;\">ein Spa mit Outdoor-Cabanas<\/span><\/a><span style=\"font-weight: 400;\">, <\/span><a href=\"https:\/\/www.avistahideawayphuketresort.com\/phuket-spa-wellness\/your-wellness-your-way\/\"><span style=\"font-weight: 400;\">kostenlose Wellness-Aktivit\u00e4ten<\/span><\/a><span style=\"font-weight: 400;\"> und ein <\/span><a href=\"https:\/\/www.avistahideawayphuketresort.com\/phuket-spa-wellness\/gym-patong-phuket-sculpt-fitness-center\/\"><span style=\"font-weight: 400;\">24-Stunden-Fitnesscenter<\/span><\/a><span style=\"font-weight: 400;\">. Genie\u00dfen Sie die kulinarische Kultur Thailands mit einer Vielzahl von Speisem\u00f6glichkeiten, darunter eine exquisite Dachterrasse mit <\/span><a href=\"https:\/\/www.avistahideawayphuketresort.com\/de\/best-restaurants-in-phuket-patong\/\"><span style=\"font-weight: 400;\">zwei Restaurants und einer Bar<\/span><\/a><span style=\"font-weight: 400;\">, die einen atemberaubenden Blick auf den Sonnenuntergang bietet. Erkunden Sie den unber\u00fchrten Freedom Beach, <\/span><a href=\"https:\/\/www.avistahideawayphuketresort.com\/de\/avista-news\/freedom-beach-ranked-among-worlds-best-beaches-2023\/\"><span style=\"font-weight: 400;\">einen der weltbesten Str\u00e4nde<\/span><\/a><span style=\"font-weight: 400;\">, der nur eine 700 m lange Dschungelwanderung entfernt ist, oder das ber\u00fchmte Nachtleben und die Unterhaltungsm\u00f6glichkeiten am <\/span><a href=\"https:\/\/www.avistahideawayphuketresort.com\/de\/avista-news\/patong-beach-phuket-nightlife\/\"><span style=\"font-weight: 400;\">Patong Beach<\/span><\/a><span style=\"font-weight: 400;\">, der nur f\u00fcnf Autominuten entfernt ist und zu dem ein <\/span><a href=\"https:\/\/www.avistahideawayphuketresort.com\/experiences\/patong-beach-hotels\/\"><span style=\"font-weight: 400;\">kostenloser Shuttle-Bus<\/span><\/a><span style=\"font-weight: 400;\"> verkehrt.<\/span>&#8222;<\/em><\/p>\n<p style=\"text-align: center;\"><strong>MANISH PRATAP<\/strong><br \/>\nGESCH\u00c4FTSF\u00dcHRERIN<\/p>\n","protected":false},"excerpt":{"rendered":"<p>&#8222;Mit Blick auf die Bergw\u00e4lder und die Andamanensee bietet dieses Luxus-Resort in Phuket, das in den H\u00fcgeln um Patong Beach liegt, ein Refugium der Ruhe. 150 thail\u00e4ndisch inspirierte Zimmer und Suiten erstrecken sich \u00fcber \u00fcppig angelegte G\u00e4rten in einem der besten Hotels in Phuket mit drei Pools, jeder mit einer Swim-up-Bar. Zu den Verj\u00fcngungsangeboten geh\u00f6ren [&hellip;]<\/p>\n","protected":false},"author":55,"featured_media":0,"parent":0,"menu_order":0,"comment_status":"closed","ping_status":"closed","template":"","meta":{"footnotes":""},"categories":[],"class_list":["post-565","page","type-page","status-publish","hentry"],"acf":[],"yoast_head":"<!-- This site is optimized with the Yoast SEO plugin v26.9 - https:\/\/yoast.com\/product\/yoast-seo-wordpress\/ -->\n<title>Startseite - Avista Hideaway Phuket Patong<\/title>\n<meta name=\"robots\" content=\"index, follow, max-snippet:-1, max-image-preview:large, max-video-preview:-1\" \/>\n<link rel=\"canonical\" href=\"https:\/\/www.avistahideawayphuketresort.com\/de\/\" \/>\n<meta property=\"og:locale\" content=\"de_DE\" \/>\n<meta property=\"og:type\" content=\"article\" \/>\n<meta property=\"og:title\" content=\"Startseite - Avista Hideaway Phuket Patong\" \/>\n<meta property=\"og:description\" content=\"&#8222;Mit Blick auf die Bergw\u00e4lder und die Andamanensee bietet dieses Luxus-Resort in Phuket, das in den H\u00fcgeln um Patong Beach liegt, ein Refugium der Ruhe. 150 thail\u00e4ndisch inspirierte Zimmer und Suiten erstrecken sich \u00fcber \u00fcppig angelegte G\u00e4rten in einem der besten Hotels in Phuket mit drei Pools, jeder mit einer Swim-up-Bar. Zu den Verj\u00fcngungsangeboten geh\u00f6ren [&hellip;]\" \/>\n<meta property=\"og:url\" content=\"https:\/\/www.avistahideawayphuketresort.com\/de\/\" \/>\n<meta property=\"og:site_name\" content=\"Avista Hideaway Phuket Patong\" \/>\n<meta property=\"article:modified_time\" content=\"2023-08-01T08:03:47+00:00\" \/>\n<meta name=\"twitter:card\" content=\"summary_large_image\" \/>\n<meta name=\"twitter:label1\" content=\"Gesch\u00e4tzte Lesezeit\" \/>\n\t<meta name=\"twitter:data1\" content=\"1 Minute\" \/>\n<script type=\"application\/ld+json\" class=\"yoast-schema-graph\">{\"@context\":\"https:\/\/schema.org\",\"@graph\":[{\"@type\":\"WebPage\",\"@id\":\"https:\/\/www.avistahideawayphuketresort.com\/de\/\",\"url\":\"https:\/\/www.avistahideawayphuketresort.com\/de\/\",\"name\":\"Startseite - Avista Hideaway Phuket Patong\",\"isPartOf\":{\"@id\":\"https:\/\/www.avistahideawayphuketresort.com\/#website\"},\"datePublished\":\"2023-04-20T03:42:40+00:00\",\"dateModified\":\"2023-08-01T08:03:47+00:00\",\"breadcrumb\":{\"@id\":\"https:\/\/www.avistahideawayphuketresort.com\/de\/#breadcrumb\"},\"inLanguage\":\"de-DE\",\"potentialAction\":[{\"@type\":\"ReadAction\",\"target\":[\"https:\/\/www.avistahideawayphuketresort.com\/de\/\"]}]},{\"@type\":\"BreadcrumbList\",\"@id\":\"https:\/\/www.avistahideawayphuketresort.com\/de\/#breadcrumb\",\"itemListElement\":[{\"@type\":\"ListItem\",\"position\":1,\"name\":\"Home\",\"item\":\"https:\/\/www.avistahideawayphuketresort.com\/de\/\"},{\"@type\":\"ListItem\",\"position\":2,\"name\":\"Startseite\"}]},{\"@type\":\"WebSite\",\"@id\":\"https:\/\/www.avistahideawayphuketresort.com\/#website\",\"url\":\"https:\/\/www.avistahideawayphuketresort.com\/\",\"name\":\"Avista Hideaway Phuket Patong\",\"description\":\"\",\"potentialAction\":[{\"@type\":\"SearchAction\",\"target\":{\"@type\":\"EntryPoint\",\"urlTemplate\":\"https:\/\/www.avistahideawayphuketresort.com\/?s={search_term_string}\"},\"query-input\":{\"@type\":\"PropertyValueSpecification\",\"valueRequired\":true,\"valueName\":\"search_term_string\"}}],\"inLanguage\":\"de-DE\"}]}<\/script>\n<!-- \/ Yoast SEO plugin. -->","yoast_head_json":{"title":"Startseite - Avista Hideaway Phuket Patong","robots":{"index":"index","follow":"follow","max-snippet":"max-snippet:-1","max-image-preview":"max-image-preview:large","max-video-preview":"max-video-preview:-1"},"canonical":"https:\/\/www.avistahideawayphuketresort.com\/de\/","og_locale":"de_DE","og_type":"article","og_title":"Startseite - Avista Hideaway Phuket Patong","og_description":"&#8222;Mit Blick auf die Bergw\u00e4lder und die Andamanensee bietet dieses Luxus-Resort in Phuket, das in den H\u00fcgeln um Patong Beach liegt, ein Refugium der Ruhe. 150 thail\u00e4ndisch inspirierte Zimmer und Suiten erstrecken sich \u00fcber \u00fcppig angelegte G\u00e4rten in einem der besten Hotels in Phuket mit drei Pools, jeder mit einer Swim-up-Bar. Zu den Verj\u00fcngungsangeboten geh\u00f6ren [&hellip;]","og_url":"https:\/\/www.avistahideawayphuketresort.com\/de\/","og_site_name":"Avista Hideaway Phuket Patong","article_modified_time":"2023-08-01T08:03:47+00:00","twitter_card":"summary_large_image","twitter_misc":{"Gesch\u00e4tzte Lesezeit":"1 Minute"},"schema":{"@context":"https:\/\/schema.org","@graph":[{"@type":"WebPage","@id":"https:\/\/www.avistahideawayphuketresort.com\/de\/","url":"https:\/\/www.avistahideawayphuketresort.com\/de\/","name":"Startseite - Avista Hideaway Phuket Patong","isPartOf":{"@id":"https:\/\/www.avistahideawayphuketresort.com\/#website"},"datePublished":"2023-04-20T03:42:40+00:00","dateModified":"2023-08-01T08:03:47+00:00","breadcrumb":{"@id":"https:\/\/www.avistahideawayphuketresort.com\/de\/#breadcrumb"},"inLanguage":"de-DE","potentialAction":[{"@type":"ReadAction","target":["https:\/\/www.avistahideawayphuketresort.com\/de\/"]}]},{"@type":"BreadcrumbList","@id":"https:\/\/www.avistahideawayphuketresort.com\/de\/#breadcrumb","itemListElement":[{"@type":"ListItem","position":1,"name":"Home","item":"https:\/\/www.avistahideawayphuketresort.com\/de\/"},{"@type":"ListItem","position":2,"name":"Startseite"}]},{"@type":"WebSite","@id":"https:\/\/www.avistahideawayphuketresort.com\/#website","url":"https:\/\/www.avistahideawayphuketresort.com\/","name":"Avista Hideaway Phuket Patong","description":"","potentialAction":[{"@type":"SearchAction","target":{"@type":"EntryPoint","urlTemplate":"https:\/\/www.avistahideawayphuketresort.com\/?s={search_term_string}"},"query-input":{"@type":"PropertyValueSpecification","valueRequired":true,"valueName":"search_term_string"}}],"inLanguage":"de-DE"}]}},"_links":{"self":[{"href":"https:\/\/www.avistahideawayphuketresort.com\/de\/wp-json\/wp\/v2\/pages\/565","targetHints":{"allow":["GET"]}}],"collection":[{"href":"https:\/\/www.avistahideawayphuketresort.com\/de\/wp-json\/wp\/v2\/pages"}],"about":[{"href":"https:\/\/www.avistahideawayphuketresort.com\/de\/wp-json\/wp\/v2\/types\/page"}],"author":[{"embeddable":true,"href":"https:\/\/www.avistahideawayphuketresort.com\/de\/wp-json\/wp\/v2\/users\/55"}],"replies":[{"embeddable":true,"href":"https:\/\/www.avistahideawayphuketresort.com\/de\/wp-json\/wp\/v2\/comments?post=565"}],"version-history":[{"count":0,"href":"https:\/\/www.avistahideawayphuketresort.com\/de\/wp-json\/wp\/v2\/pages\/565\/revisions"}],"wp:attachment":[{"href":"https:\/\/www.avistahideawayphuketresort.com\/de\/wp-json\/wp\/v2\/media?parent=565"}],"wp:term":[{"taxonomy":"category","embeddable":true,"href":"https:\/\/www.avistahideawayphuketresort.com\/de\/wp-json\/wp\/v2\/categories?post=565"}],"curies":[{"name":"wp","href":"https:\/\/api.w.org\/{rel}","templated":true}]}}