{"id":875,"date":"2023-04-20T04:04:40","date_gmt":"2023-04-20T04:04:40","guid":{"rendered":"https:\/\/www.avistahideawayphuketresort.com\/weddings-meetings-in-phuket\/"},"modified":"2023-07-11T05:12:41","modified_gmt":"2023-07-11T05:12:41","slug":"weddings-meetings-in-phuket","status":"publish","type":"page","link":"https:\/\/www.avistahideawayphuketresort.com\/de\/weddings-meetings-in-phuket\/","title":{"rendered":"Tagungen &#038; HOCHZEITEN"},"content":{"rendered":"<p style=\"text-align: center;\"><a href=\"https:\/\/www.avistahideawayphuketresort.com\/de\/\"><b>Das Avista Hideaway Patong<\/b><\/a><b>, Phuket, ist ein <\/b><span style=\"font-weight: 400;\">Boutique-Hotel, das in der lebhaftesten und bekanntesten Strandgegend der Insel liegt und aufmerksamen, pers\u00f6nlichen Service in einer luxuri\u00f6sen Umgebung bietet. Mit speziell f\u00fcr thail\u00e4ndische Hochzeiten auf Phuket konzipierten R\u00e4umlichkeiten, Privatsph\u00e4re und Entspannung wird unser Expertenteam f\u00fcr besondere Anl\u00e4sse jede Veranstaltung zu einem unvergesslichen Erlebnis machen, egal ob es sich um eine formelle <\/span><a href=\"https:\/\/www.avistahideawayphuketresort.com\/de\/weddings\/meetings-banquets\/\"><b>Firmenveranstaltung<\/b><\/a><span style=\"font-weight: 400;\"> oder eine pers\u00f6nliche <\/span><b>Hochzeit handelt<\/b><\/p>\n","protected":false},"excerpt":{"rendered":"<p>Das Avista Hideaway Patong, Phuket, ist ein Boutique-Hotel, das in der lebhaftesten und bekanntesten Strandgegend der Insel liegt und aufmerksamen, pers\u00f6nlichen Service in einer luxuri\u00f6sen Umgebung bietet. Mit speziell f\u00fcr thail\u00e4ndische Hochzeiten auf Phuket konzipierten R\u00e4umlichkeiten, Privatsph\u00e4re und Entspannung wird unser Expertenteam f\u00fcr besondere Anl\u00e4sse jede Veranstaltung zu einem unvergesslichen Erlebnis machen, egal ob es [&hellip;]<\/p>\n","protected":false},"author":55,"featured_media":0,"parent":0,"menu_order":100,"comment_status":"closed","ping_status":"closed","template":"","meta":{"footnotes":""},"categories":[],"class_list":["post-875","page","type-page","status-publish","hentry"],"acf":[],"yoast_head":"<!-- This site is optimized with the Yoast SEO plugin v26.9 - https:\/\/yoast.com\/product\/yoast-seo-wordpress\/ -->\n<title>Tagungen &amp; HOCHZEITEN - Avista Hideaway Phuket Patong<\/title>\n<meta name=\"robots\" content=\"index, follow, max-snippet:-1, max-image-preview:large, max-video-preview:-1\" \/>\n<link rel=\"canonical\" href=\"https:\/\/www.avistahideawayphuketresort.com\/de\/weddings-meetings-in-phuket\/\" \/>\n<meta property=\"og:locale\" content=\"de_DE\" \/>\n<meta property=\"og:type\" content=\"article\" \/>\n<meta property=\"og:title\" content=\"Tagungen &amp; HOCHZEITEN - Avista Hideaway Phuket Patong\" \/>\n<meta property=\"og:description\" content=\"Das Avista Hideaway Patong, Phuket, ist ein Boutique-Hotel, das in der lebhaftesten und bekanntesten Strandgegend der Insel liegt und aufmerksamen, pers\u00f6nlichen Service in einer luxuri\u00f6sen Umgebung bietet. Mit speziell f\u00fcr thail\u00e4ndische Hochzeiten auf Phuket konzipierten R\u00e4umlichkeiten, Privatsph\u00e4re und Entspannung wird unser Expertenteam f\u00fcr besondere Anl\u00e4sse jede Veranstaltung zu einem unvergesslichen Erlebnis machen, egal ob es [&hellip;]\" \/>\n<meta property=\"og:url\" content=\"https:\/\/www.avistahideawayphuketresort.com\/de\/weddings-meetings-in-phuket\/\" \/>\n<meta property=\"og:site_name\" content=\"Avista Hideaway Phuket Patong\" \/>\n<meta property=\"article:modified_time\" content=\"2023-07-11T05:12:41+00:00\" \/>\n<meta name=\"twitter:card\" content=\"summary_large_image\" \/>\n<meta name=\"twitter:label1\" content=\"Gesch\u00e4tzte Lesezeit\" \/>\n\t<meta name=\"twitter:data1\" content=\"1 Minute\" \/>\n<script type=\"application\/ld+json\" class=\"yoast-schema-graph\">{\"@context\":\"https:\/\/schema.org\",\"@graph\":[{\"@type\":\"WebPage\",\"@id\":\"https:\/\/www.avistahideawayphuketresort.com\/de\/weddings-meetings-in-phuket\/\",\"url\":\"https:\/\/www.avistahideawayphuketresort.com\/de\/weddings-meetings-in-phuket\/\",\"name\":\"Tagungen & HOCHZEITEN - Avista Hideaway Phuket Patong\",\"isPartOf\":{\"@id\":\"https:\/\/www.avistahideawayphuketresort.com\/#website\"},\"datePublished\":\"2023-04-20T04:04:40+00:00\",\"dateModified\":\"2023-07-11T05:12:41+00:00\",\"breadcrumb\":{\"@id\":\"https:\/\/www.avistahideawayphuketresort.com\/de\/weddings-meetings-in-phuket\/#breadcrumb\"},\"inLanguage\":\"de-DE\",\"potentialAction\":[{\"@type\":\"ReadAction\",\"target\":[\"https:\/\/www.avistahideawayphuketresort.com\/de\/weddings-meetings-in-phuket\/\"]}]},{\"@type\":\"BreadcrumbList\",\"@id\":\"https:\/\/www.avistahideawayphuketresort.com\/de\/weddings-meetings-in-phuket\/#breadcrumb\",\"itemListElement\":[{\"@type\":\"ListItem\",\"position\":1,\"name\":\"Home\",\"item\":\"https:\/\/www.avistahideawayphuketresort.com\/de\/\"},{\"@type\":\"ListItem\",\"position\":2,\"name\":\"Tagungen &#038; HOCHZEITEN\"}]},{\"@type\":\"WebSite\",\"@id\":\"https:\/\/www.avistahideawayphuketresort.com\/#website\",\"url\":\"https:\/\/www.avistahideawayphuketresort.com\/\",\"name\":\"Avista Hideaway Phuket Patong\",\"description\":\"\",\"potentialAction\":[{\"@type\":\"SearchAction\",\"target\":{\"@type\":\"EntryPoint\",\"urlTemplate\":\"https:\/\/www.avistahideawayphuketresort.com\/?s={search_term_string}\"},\"query-input\":{\"@type\":\"PropertyValueSpecification\",\"valueRequired\":true,\"valueName\":\"search_term_string\"}}],\"inLanguage\":\"de-DE\"}]}<\/script>\n<!-- \/ Yoast SEO plugin. -->","yoast_head_json":{"title":"Tagungen & HOCHZEITEN - Avista Hideaway Phuket Patong","robots":{"index":"index","follow":"follow","max-snippet":"max-snippet:-1","max-image-preview":"max-image-preview:large","max-video-preview":"max-video-preview:-1"},"canonical":"https:\/\/www.avistahideawayphuketresort.com\/de\/weddings-meetings-in-phuket\/","og_locale":"de_DE","og_type":"article","og_title":"Tagungen & HOCHZEITEN - Avista Hideaway Phuket Patong","og_description":"Das Avista Hideaway Patong, Phuket, ist ein Boutique-Hotel, das in der lebhaftesten und bekanntesten Strandgegend der Insel liegt und aufmerksamen, pers\u00f6nlichen Service in einer luxuri\u00f6sen Umgebung bietet. Mit speziell f\u00fcr thail\u00e4ndische Hochzeiten auf Phuket konzipierten R\u00e4umlichkeiten, Privatsph\u00e4re und Entspannung wird unser Expertenteam f\u00fcr besondere Anl\u00e4sse jede Veranstaltung zu einem unvergesslichen Erlebnis machen, egal ob es [&hellip;]","og_url":"https:\/\/www.avistahideawayphuketresort.com\/de\/weddings-meetings-in-phuket\/","og_site_name":"Avista Hideaway Phuket Patong","article_modified_time":"2023-07-11T05:12:41+00:00","twitter_card":"summary_large_image","twitter_misc":{"Gesch\u00e4tzte Lesezeit":"1 Minute"},"schema":{"@context":"https:\/\/schema.org","@graph":[{"@type":"WebPage","@id":"https:\/\/www.avistahideawayphuketresort.com\/de\/weddings-meetings-in-phuket\/","url":"https:\/\/www.avistahideawayphuketresort.com\/de\/weddings-meetings-in-phuket\/","name":"Tagungen & HOCHZEITEN - Avista Hideaway Phuket Patong","isPartOf":{"@id":"https:\/\/www.avistahideawayphuketresort.com\/#website"},"datePublished":"2023-04-20T04:04:40+00:00","dateModified":"2023-07-11T05:12:41+00:00","breadcrumb":{"@id":"https:\/\/www.avistahideawayphuketresort.com\/de\/weddings-meetings-in-phuket\/#breadcrumb"},"inLanguage":"de-DE","potentialAction":[{"@type":"ReadAction","target":["https:\/\/www.avistahideawayphuketresort.com\/de\/weddings-meetings-in-phuket\/"]}]},{"@type":"BreadcrumbList","@id":"https:\/\/www.avistahideawayphuketresort.com\/de\/weddings-meetings-in-phuket\/#breadcrumb","itemListElement":[{"@type":"ListItem","position":1,"name":"Home","item":"https:\/\/www.avistahideawayphuketresort.com\/de\/"},{"@type":"ListItem","position":2,"name":"Tagungen &#038; HOCHZEITEN"}]},{"@type":"WebSite","@id":"https:\/\/www.avistahideawayphuketresort.com\/#website","url":"https:\/\/www.avistahideawayphuketresort.com\/","name":"Avista Hideaway Phuket Patong","description":"","potentialAction":[{"@type":"SearchAction","target":{"@type":"EntryPoint","urlTemplate":"https:\/\/www.avistahideawayphuketresort.com\/?s={search_term_string}"},"query-input":{"@type":"PropertyValueSpecification","valueRequired":true,"valueName":"search_term_string"}}],"inLanguage":"de-DE"}]}},"_links":{"self":[{"href":"https:\/\/www.avistahideawayphuketresort.com\/de\/wp-json\/wp\/v2\/pages\/875","targetHints":{"allow":["GET"]}}],"collection":[{"href":"https:\/\/www.avistahideawayphuketresort.com\/de\/wp-json\/wp\/v2\/pages"}],"about":[{"href":"https:\/\/www.avistahideawayphuketresort.com\/de\/wp-json\/wp\/v2\/types\/page"}],"author":[{"embeddable":true,"href":"https:\/\/www.avistahideawayphuketresort.com\/de\/wp-json\/wp\/v2\/users\/55"}],"replies":[{"embeddable":true,"href":"https:\/\/www.avistahideawayphuketresort.com\/de\/wp-json\/wp\/v2\/comments?post=875"}],"version-history":[{"count":0,"href":"https:\/\/www.avistahideawayphuketresort.com\/de\/wp-json\/wp\/v2\/pages\/875\/revisions"}],"wp:attachment":[{"href":"https:\/\/www.avistahideawayphuketresort.com\/de\/wp-json\/wp\/v2\/media?parent=875"}],"wp:term":[{"taxonomy":"category","embeddable":true,"href":"https:\/\/www.avistahideawayphuketresort.com\/de\/wp-json\/wp\/v2\/categories?post=875"}],"curies":[{"name":"wp","href":"https:\/\/api.w.org\/{rel}","templated":true}]}}