{"id":884,"date":"2023-05-03T03:50:07","date_gmt":"2023-05-03T03:50:07","guid":{"rendered":"https:\/\/www.avistahideawayphuketresort.com\/weddings-meetings-in-phuket\/thai-weddings-in-phuket\/wedding-packages\/"},"modified":"2023-07-11T05:16:33","modified_gmt":"2023-07-11T05:16:33","slug":"wedding-packages","status":"publish","type":"page","link":"https:\/\/www.avistahideawayphuketresort.com\/de\/phuket-spa-wellness\/wedding-packages\/","title":{"rendered":"HOCHZEITSPAKETE"},"content":{"rendered":"<p style=\"text-align: center;\"><b>Avista Hochzeitspakete <\/b><span style=\"font-weight: 400;\">&#8211; Eine Welt, die auf Ihre k\u00fchnsten Tr\u00e4ume zugeschnitten ist; Tr\u00e4ume von einer romantischen und malerischen, tropischen Hochzeit, bei der jeder kostbare Moment Ihres besonderen Tages von unseren leidenschaftlichen und professionellen Hochzeitsplanern mit Sorgfalt und Zuneigung behandelt wird. Verwirklichen Sie Ihre Tr\u00e4ume mit <\/span><a href=\"https:\/\/www.avistahideawayphuketresort.com\/de\/weddings\/wedding-venues\/\"><span style=\"font-weight: 400;\">Avista Hochzeiten<\/span><\/a><span style=\"font-weight: 400;\"> und g\u00f6nnen Sie sich mit unseren Phuket Hochzeitspaketen einen Tag, an den Sie sich f\u00fcr den Rest Ihres Lebens erinnern werden.<\/span><\/p>\n","protected":false},"excerpt":{"rendered":"<p>Avista Hochzeitspakete &#8211; Eine Welt, die auf Ihre k\u00fchnsten Tr\u00e4ume zugeschnitten ist; Tr\u00e4ume von einer romantischen und malerischen, tropischen Hochzeit, bei der jeder kostbare Moment Ihres besonderen Tages von unseren leidenschaftlichen und professionellen Hochzeitsplanern mit Sorgfalt und Zuneigung behandelt wird. Verwirklichen Sie Ihre Tr\u00e4ume mit Avista Hochzeiten und g\u00f6nnen Sie sich mit unseren Phuket Hochzeitspaketen [&hellip;]<\/p>\n","protected":false},"author":55,"featured_media":0,"parent":1045,"menu_order":1,"comment_status":"closed","ping_status":"closed","template":"template-spa.php","meta":{"footnotes":""},"categories":[],"class_list":["post-884","page","type-page","status-publish","hentry"],"acf":[],"yoast_head":"<!-- This site is optimized with the Yoast SEO plugin v26.9 - https:\/\/yoast.com\/product\/yoast-seo-wordpress\/ -->\n<title>Wedding Packages | Avista Hideaway Phuket Patong<\/title>\n<meta name=\"description\" content=\"Wedding Packages - Your dreams come true with Avista weddings. Afford yourselves a day to remember for the rest of your lives with our wedding packages.\" \/>\n<meta name=\"robots\" content=\"index, follow, max-snippet:-1, max-image-preview:large, max-video-preview:-1\" \/>\n<link rel=\"canonical\" href=\"https:\/\/www.avistahideawayphuketresort.com\/de\/phuket-spa-wellness\/wedding-packages\/\" \/>\n<meta property=\"og:locale\" content=\"de_DE\" \/>\n<meta property=\"og:type\" content=\"article\" \/>\n<meta property=\"og:title\" content=\"Wedding Packages | Avista Hideaway Phuket Patong\" \/>\n<meta property=\"og:description\" content=\"Wedding Packages - Your dreams come true with Avista weddings. Afford yourselves a day to remember for the rest of your lives with our wedding packages.\" \/>\n<meta property=\"og:url\" content=\"https:\/\/www.avistahideawayphuketresort.com\/de\/phuket-spa-wellness\/wedding-packages\/\" \/>\n<meta property=\"og:site_name\" content=\"Avista Hideaway Phuket Patong\" \/>\n<meta property=\"article:modified_time\" content=\"2023-07-11T05:16:33+00:00\" \/>\n<meta name=\"twitter:card\" content=\"summary_large_image\" \/>\n<meta name=\"twitter:label1\" content=\"Gesch\u00e4tzte Lesezeit\" \/>\n\t<meta name=\"twitter:data1\" content=\"1 Minute\" \/>\n<script type=\"application\/ld+json\" class=\"yoast-schema-graph\">{\"@context\":\"https:\/\/schema.org\",\"@graph\":[{\"@type\":\"WebPage\",\"@id\":\"https:\/\/www.avistahideawayphuketresort.com\/de\/phuket-spa-wellness\/wedding-packages\/\",\"url\":\"https:\/\/www.avistahideawayphuketresort.com\/de\/phuket-spa-wellness\/wedding-packages\/\",\"name\":\"Wedding Packages | Avista Hideaway Phuket Patong\",\"isPartOf\":{\"@id\":\"https:\/\/www.avistahideawayphuketresort.com\/#website\"},\"datePublished\":\"2023-05-03T03:50:07+00:00\",\"dateModified\":\"2023-07-11T05:16:33+00:00\",\"description\":\"Wedding Packages - Your dreams come true with Avista weddings. Afford yourselves a day to remember for the rest of your lives with our wedding packages.\",\"breadcrumb\":{\"@id\":\"https:\/\/www.avistahideawayphuketresort.com\/de\/phuket-spa-wellness\/wedding-packages\/#breadcrumb\"},\"inLanguage\":\"de-DE\",\"potentialAction\":[{\"@type\":\"ReadAction\",\"target\":[\"https:\/\/www.avistahideawayphuketresort.com\/de\/phuket-spa-wellness\/wedding-packages\/\"]}]},{\"@type\":\"BreadcrumbList\",\"@id\":\"https:\/\/www.avistahideawayphuketresort.com\/de\/phuket-spa-wellness\/wedding-packages\/#breadcrumb\",\"itemListElement\":[{\"@type\":\"ListItem\",\"position\":1,\"name\":\"Home\",\"item\":\"https:\/\/www.avistahideawayphuketresort.com\/de\/\"},{\"@type\":\"ListItem\",\"position\":2,\"name\":\"Spa &#038; Wellness\",\"item\":\"https:\/\/www.avistahideawayphuketresort.com\/de\/phuket-spa-wellness\/\"},{\"@type\":\"ListItem\",\"position\":3,\"name\":\"HOCHZEITSPAKETE\"}]},{\"@type\":\"WebSite\",\"@id\":\"https:\/\/www.avistahideawayphuketresort.com\/#website\",\"url\":\"https:\/\/www.avistahideawayphuketresort.com\/\",\"name\":\"Avista Hideaway Phuket Patong\",\"description\":\"\",\"potentialAction\":[{\"@type\":\"SearchAction\",\"target\":{\"@type\":\"EntryPoint\",\"urlTemplate\":\"https:\/\/www.avistahideawayphuketresort.com\/?s={search_term_string}\"},\"query-input\":{\"@type\":\"PropertyValueSpecification\",\"valueRequired\":true,\"valueName\":\"search_term_string\"}}],\"inLanguage\":\"de-DE\"}]}<\/script>\n<!-- \/ Yoast SEO plugin. -->","yoast_head_json":{"title":"Wedding Packages | Avista Hideaway Phuket Patong","description":"Wedding Packages - Your dreams come true with Avista weddings. Afford yourselves a day to remember for the rest of your lives with our wedding packages.","robots":{"index":"index","follow":"follow","max-snippet":"max-snippet:-1","max-image-preview":"max-image-preview:large","max-video-preview":"max-video-preview:-1"},"canonical":"https:\/\/www.avistahideawayphuketresort.com\/de\/phuket-spa-wellness\/wedding-packages\/","og_locale":"de_DE","og_type":"article","og_title":"Wedding Packages | Avista Hideaway Phuket Patong","og_description":"Wedding Packages - Your dreams come true with Avista weddings. Afford yourselves a day to remember for the rest of your lives with our wedding packages.","og_url":"https:\/\/www.avistahideawayphuketresort.com\/de\/phuket-spa-wellness\/wedding-packages\/","og_site_name":"Avista Hideaway Phuket Patong","article_modified_time":"2023-07-11T05:16:33+00:00","twitter_card":"summary_large_image","twitter_misc":{"Gesch\u00e4tzte Lesezeit":"1 Minute"},"schema":{"@context":"https:\/\/schema.org","@graph":[{"@type":"WebPage","@id":"https:\/\/www.avistahideawayphuketresort.com\/de\/phuket-spa-wellness\/wedding-packages\/","url":"https:\/\/www.avistahideawayphuketresort.com\/de\/phuket-spa-wellness\/wedding-packages\/","name":"Wedding Packages | Avista Hideaway Phuket Patong","isPartOf":{"@id":"https:\/\/www.avistahideawayphuketresort.com\/#website"},"datePublished":"2023-05-03T03:50:07+00:00","dateModified":"2023-07-11T05:16:33+00:00","description":"Wedding Packages - Your dreams come true with Avista weddings. Afford yourselves a day to remember for the rest of your lives with our wedding packages.","breadcrumb":{"@id":"https:\/\/www.avistahideawayphuketresort.com\/de\/phuket-spa-wellness\/wedding-packages\/#breadcrumb"},"inLanguage":"de-DE","potentialAction":[{"@type":"ReadAction","target":["https:\/\/www.avistahideawayphuketresort.com\/de\/phuket-spa-wellness\/wedding-packages\/"]}]},{"@type":"BreadcrumbList","@id":"https:\/\/www.avistahideawayphuketresort.com\/de\/phuket-spa-wellness\/wedding-packages\/#breadcrumb","itemListElement":[{"@type":"ListItem","position":1,"name":"Home","item":"https:\/\/www.avistahideawayphuketresort.com\/de\/"},{"@type":"ListItem","position":2,"name":"Spa &#038; Wellness","item":"https:\/\/www.avistahideawayphuketresort.com\/de\/phuket-spa-wellness\/"},{"@type":"ListItem","position":3,"name":"HOCHZEITSPAKETE"}]},{"@type":"WebSite","@id":"https:\/\/www.avistahideawayphuketresort.com\/#website","url":"https:\/\/www.avistahideawayphuketresort.com\/","name":"Avista Hideaway Phuket Patong","description":"","potentialAction":[{"@type":"SearchAction","target":{"@type":"EntryPoint","urlTemplate":"https:\/\/www.avistahideawayphuketresort.com\/?s={search_term_string}"},"query-input":{"@type":"PropertyValueSpecification","valueRequired":true,"valueName":"search_term_string"}}],"inLanguage":"de-DE"}]}},"_links":{"self":[{"href":"https:\/\/www.avistahideawayphuketresort.com\/de\/wp-json\/wp\/v2\/pages\/884","targetHints":{"allow":["GET"]}}],"collection":[{"href":"https:\/\/www.avistahideawayphuketresort.com\/de\/wp-json\/wp\/v2\/pages"}],"about":[{"href":"https:\/\/www.avistahideawayphuketresort.com\/de\/wp-json\/wp\/v2\/types\/page"}],"author":[{"embeddable":true,"href":"https:\/\/www.avistahideawayphuketresort.com\/de\/wp-json\/wp\/v2\/users\/55"}],"replies":[{"embeddable":true,"href":"https:\/\/www.avistahideawayphuketresort.com\/de\/wp-json\/wp\/v2\/comments?post=884"}],"version-history":[{"count":0,"href":"https:\/\/www.avistahideawayphuketresort.com\/de\/wp-json\/wp\/v2\/pages\/884\/revisions"}],"up":[{"embeddable":true,"href":"https:\/\/www.avistahideawayphuketresort.com\/de\/wp-json\/wp\/v2\/pages\/1045"}],"wp:attachment":[{"href":"https:\/\/www.avistahideawayphuketresort.com\/de\/wp-json\/wp\/v2\/media?parent=884"}],"wp:term":[{"taxonomy":"category","embeddable":true,"href":"https:\/\/www.avistahideawayphuketresort.com\/de\/wp-json\/wp\/v2\/categories?post=884"}],"curies":[{"name":"wp","href":"https:\/\/api.w.org\/{rel}","templated":true}]}}