{"id":892,"date":"2023-05-03T03:54:18","date_gmt":"2023-05-03T03:54:18","guid":{"rendered":"https:\/\/www.avistahideawayphuketresort.com\/weddings-meetings-in-phuket\/thai-weddings-in-phuket\/wedding-packages\/destination-wedding-thai-theme\/"},"modified":"2023-07-05T01:44:06","modified_gmt":"2023-07-05T01:44:06","slug":"destination-wedding-thai-theme","status":"publish","type":"page","link":"https:\/\/www.avistahideawayphuketresort.com\/de\/phuket-spa-wellness\/wedding-packages\/destination-wedding-thai-theme\/","title":{"rendered":"Traditionelle Thai-Hochzeit"},"content":{"rendered":"<p style=\"text-align: center;\">Unsere sensationellen Thai-Hochzeitspakete werden das ganze Jahr \u00fcber f\u00fcr G\u00e4ste des Avista Hideaway Patong und des Novotel Phuket, Kata Avista Resort and Spa angeboten. Diese beliebte Auswahl ist von traditionellen thail\u00e4ndischen Zeremonien inspiriert und pr\u00e4sentiert detaillierte lokale Hochzeitsbr\u00e4uche in einer magischen Atmosph\u00e4re. Von delikaten thail\u00e4ndischen Ritualen bis hin zu einer wunderbaren Auswahl an Outfits f\u00fcr die Teilnehmer &#8211; unser Resort k\u00fcmmert sich um jedes Detail mit Pr\u00e4zision und Anmut. Das Erlebnis wird durch eine gro\u00dfe Auswahl an Speisen und Getr\u00e4nken f\u00fcr alle Beteiligten abgerundet, so dass die Atmosph\u00e4re w\u00e4hrend der gesamten Feier reichhaltig und lebendig ist. Mit luxuri\u00f6sen Zimmern aller Art und Gr\u00f6\u00dfe k\u00f6nnen unsere Resorts Gruppen jeder Gr\u00f6\u00dfe beherbergen.<\/p>\n<p style=\"text-align: center;\"><strong>Pauschalangebote (bis zu 70 G\u00e4ste)<\/strong><\/p>\n","protected":false},"excerpt":{"rendered":"<p>Unsere sensationellen Thai-Hochzeitspakete werden das ganze Jahr \u00fcber f\u00fcr G\u00e4ste des Avista Hideaway Patong und des Novotel Phuket, Kata Avista Resort and Spa angeboten. Diese beliebte Auswahl ist von traditionellen thail\u00e4ndischen Zeremonien inspiriert und pr\u00e4sentiert detaillierte lokale Hochzeitsbr\u00e4uche in einer magischen Atmosph\u00e4re. Von delikaten thail\u00e4ndischen Ritualen bis hin zu einer wunderbaren Auswahl an Outfits f\u00fcr [&hellip;]<\/p>\n","protected":false},"author":55,"featured_media":0,"parent":884,"menu_order":1,"comment_status":"closed","ping_status":"closed","template":"template-wedding.php","meta":{"footnotes":""},"categories":[],"class_list":["post-892","page","type-page","status-publish","hentry"],"acf":[],"yoast_head":"<!-- This site is optimized with the Yoast SEO plugin v26.9 - https:\/\/yoast.com\/product\/yoast-seo-wordpress\/ -->\n<title>Traditionelle Thai-Hochzeit - Avista Hideaway Phuket Patong<\/title>\n<meta name=\"robots\" content=\"index, follow, max-snippet:-1, max-image-preview:large, max-video-preview:-1\" \/>\n<link rel=\"canonical\" href=\"https:\/\/www.avistahideawayphuketresort.com\/de\/phuket-spa-wellness\/wedding-packages\/destination-wedding-thai-theme\/\" \/>\n<meta property=\"og:locale\" content=\"de_DE\" \/>\n<meta property=\"og:type\" content=\"article\" \/>\n<meta property=\"og:title\" content=\"Traditionelle Thai-Hochzeit - Avista Hideaway Phuket Patong\" \/>\n<meta property=\"og:description\" content=\"Unsere sensationellen Thai-Hochzeitspakete werden das ganze Jahr \u00fcber f\u00fcr G\u00e4ste des Avista Hideaway Patong und des Novotel Phuket, Kata Avista Resort and Spa angeboten. Diese beliebte Auswahl ist von traditionellen thail\u00e4ndischen Zeremonien inspiriert und pr\u00e4sentiert detaillierte lokale Hochzeitsbr\u00e4uche in einer magischen Atmosph\u00e4re. Von delikaten thail\u00e4ndischen Ritualen bis hin zu einer wunderbaren Auswahl an Outfits f\u00fcr [&hellip;]\" \/>\n<meta property=\"og:url\" content=\"https:\/\/www.avistahideawayphuketresort.com\/de\/phuket-spa-wellness\/wedding-packages\/destination-wedding-thai-theme\/\" \/>\n<meta property=\"og:site_name\" content=\"Avista Hideaway Phuket Patong\" \/>\n<meta property=\"article:modified_time\" content=\"2023-07-05T01:44:06+00:00\" \/>\n<meta name=\"twitter:card\" content=\"summary_large_image\" \/>\n<meta name=\"twitter:label1\" content=\"Gesch\u00e4tzte Lesezeit\" \/>\n\t<meta name=\"twitter:data1\" content=\"1 Minute\" \/>\n<script type=\"application\/ld+json\" class=\"yoast-schema-graph\">{\"@context\":\"https:\/\/schema.org\",\"@graph\":[{\"@type\":\"WebPage\",\"@id\":\"https:\/\/www.avistahideawayphuketresort.com\/de\/phuket-spa-wellness\/wedding-packages\/destination-wedding-thai-theme\/\",\"url\":\"https:\/\/www.avistahideawayphuketresort.com\/de\/phuket-spa-wellness\/wedding-packages\/destination-wedding-thai-theme\/\",\"name\":\"Traditionelle Thai-Hochzeit - Avista Hideaway Phuket Patong\",\"isPartOf\":{\"@id\":\"https:\/\/www.avistahideawayphuketresort.com\/#website\"},\"datePublished\":\"2023-05-03T03:54:18+00:00\",\"dateModified\":\"2023-07-05T01:44:06+00:00\",\"breadcrumb\":{\"@id\":\"https:\/\/www.avistahideawayphuketresort.com\/de\/phuket-spa-wellness\/wedding-packages\/destination-wedding-thai-theme\/#breadcrumb\"},\"inLanguage\":\"de-DE\",\"potentialAction\":[{\"@type\":\"ReadAction\",\"target\":[\"https:\/\/www.avistahideawayphuketresort.com\/de\/phuket-spa-wellness\/wedding-packages\/destination-wedding-thai-theme\/\"]}]},{\"@type\":\"BreadcrumbList\",\"@id\":\"https:\/\/www.avistahideawayphuketresort.com\/de\/phuket-spa-wellness\/wedding-packages\/destination-wedding-thai-theme\/#breadcrumb\",\"itemListElement\":[{\"@type\":\"ListItem\",\"position\":1,\"name\":\"Home\",\"item\":\"https:\/\/www.avistahideawayphuketresort.com\/de\/\"},{\"@type\":\"ListItem\",\"position\":2,\"name\":\"Spa &#038; Wellness\",\"item\":\"https:\/\/www.avistahideawayphuketresort.com\/de\/phuket-spa-wellness\/\"},{\"@type\":\"ListItem\",\"position\":3,\"name\":\"HOCHZEITSPAKETE\",\"item\":\"https:\/\/www.avistahideawayphuketresort.com\/de\/phuket-spa-wellness\/wedding-packages\/\"},{\"@type\":\"ListItem\",\"position\":4,\"name\":\"Traditionelle Thai-Hochzeit\"}]},{\"@type\":\"WebSite\",\"@id\":\"https:\/\/www.avistahideawayphuketresort.com\/#website\",\"url\":\"https:\/\/www.avistahideawayphuketresort.com\/\",\"name\":\"Avista Hideaway Phuket Patong\",\"description\":\"\",\"potentialAction\":[{\"@type\":\"SearchAction\",\"target\":{\"@type\":\"EntryPoint\",\"urlTemplate\":\"https:\/\/www.avistahideawayphuketresort.com\/?s={search_term_string}\"},\"query-input\":{\"@type\":\"PropertyValueSpecification\",\"valueRequired\":true,\"valueName\":\"search_term_string\"}}],\"inLanguage\":\"de-DE\"}]}<\/script>\n<!-- \/ Yoast SEO plugin. -->","yoast_head_json":{"title":"Traditionelle Thai-Hochzeit - Avista Hideaway Phuket Patong","robots":{"index":"index","follow":"follow","max-snippet":"max-snippet:-1","max-image-preview":"max-image-preview:large","max-video-preview":"max-video-preview:-1"},"canonical":"https:\/\/www.avistahideawayphuketresort.com\/de\/phuket-spa-wellness\/wedding-packages\/destination-wedding-thai-theme\/","og_locale":"de_DE","og_type":"article","og_title":"Traditionelle Thai-Hochzeit - Avista Hideaway Phuket Patong","og_description":"Unsere sensationellen Thai-Hochzeitspakete werden das ganze Jahr \u00fcber f\u00fcr G\u00e4ste des Avista Hideaway Patong und des Novotel Phuket, Kata Avista Resort and Spa angeboten. Diese beliebte Auswahl ist von traditionellen thail\u00e4ndischen Zeremonien inspiriert und pr\u00e4sentiert detaillierte lokale Hochzeitsbr\u00e4uche in einer magischen Atmosph\u00e4re. Von delikaten thail\u00e4ndischen Ritualen bis hin zu einer wunderbaren Auswahl an Outfits f\u00fcr [&hellip;]","og_url":"https:\/\/www.avistahideawayphuketresort.com\/de\/phuket-spa-wellness\/wedding-packages\/destination-wedding-thai-theme\/","og_site_name":"Avista Hideaway Phuket Patong","article_modified_time":"2023-07-05T01:44:06+00:00","twitter_card":"summary_large_image","twitter_misc":{"Gesch\u00e4tzte Lesezeit":"1 Minute"},"schema":{"@context":"https:\/\/schema.org","@graph":[{"@type":"WebPage","@id":"https:\/\/www.avistahideawayphuketresort.com\/de\/phuket-spa-wellness\/wedding-packages\/destination-wedding-thai-theme\/","url":"https:\/\/www.avistahideawayphuketresort.com\/de\/phuket-spa-wellness\/wedding-packages\/destination-wedding-thai-theme\/","name":"Traditionelle Thai-Hochzeit - Avista Hideaway Phuket Patong","isPartOf":{"@id":"https:\/\/www.avistahideawayphuketresort.com\/#website"},"datePublished":"2023-05-03T03:54:18+00:00","dateModified":"2023-07-05T01:44:06+00:00","breadcrumb":{"@id":"https:\/\/www.avistahideawayphuketresort.com\/de\/phuket-spa-wellness\/wedding-packages\/destination-wedding-thai-theme\/#breadcrumb"},"inLanguage":"de-DE","potentialAction":[{"@type":"ReadAction","target":["https:\/\/www.avistahideawayphuketresort.com\/de\/phuket-spa-wellness\/wedding-packages\/destination-wedding-thai-theme\/"]}]},{"@type":"BreadcrumbList","@id":"https:\/\/www.avistahideawayphuketresort.com\/de\/phuket-spa-wellness\/wedding-packages\/destination-wedding-thai-theme\/#breadcrumb","itemListElement":[{"@type":"ListItem","position":1,"name":"Home","item":"https:\/\/www.avistahideawayphuketresort.com\/de\/"},{"@type":"ListItem","position":2,"name":"Spa &#038; Wellness","item":"https:\/\/www.avistahideawayphuketresort.com\/de\/phuket-spa-wellness\/"},{"@type":"ListItem","position":3,"name":"HOCHZEITSPAKETE","item":"https:\/\/www.avistahideawayphuketresort.com\/de\/phuket-spa-wellness\/wedding-packages\/"},{"@type":"ListItem","position":4,"name":"Traditionelle Thai-Hochzeit"}]},{"@type":"WebSite","@id":"https:\/\/www.avistahideawayphuketresort.com\/#website","url":"https:\/\/www.avistahideawayphuketresort.com\/","name":"Avista Hideaway Phuket Patong","description":"","potentialAction":[{"@type":"SearchAction","target":{"@type":"EntryPoint","urlTemplate":"https:\/\/www.avistahideawayphuketresort.com\/?s={search_term_string}"},"query-input":{"@type":"PropertyValueSpecification","valueRequired":true,"valueName":"search_term_string"}}],"inLanguage":"de-DE"}]}},"_links":{"self":[{"href":"https:\/\/www.avistahideawayphuketresort.com\/de\/wp-json\/wp\/v2\/pages\/892","targetHints":{"allow":["GET"]}}],"collection":[{"href":"https:\/\/www.avistahideawayphuketresort.com\/de\/wp-json\/wp\/v2\/pages"}],"about":[{"href":"https:\/\/www.avistahideawayphuketresort.com\/de\/wp-json\/wp\/v2\/types\/page"}],"author":[{"embeddable":true,"href":"https:\/\/www.avistahideawayphuketresort.com\/de\/wp-json\/wp\/v2\/users\/55"}],"replies":[{"embeddable":true,"href":"https:\/\/www.avistahideawayphuketresort.com\/de\/wp-json\/wp\/v2\/comments?post=892"}],"version-history":[{"count":0,"href":"https:\/\/www.avistahideawayphuketresort.com\/de\/wp-json\/wp\/v2\/pages\/892\/revisions"}],"up":[{"embeddable":true,"href":"https:\/\/www.avistahideawayphuketresort.com\/de\/wp-json\/wp\/v2\/pages\/884"}],"wp:attachment":[{"href":"https:\/\/www.avistahideawayphuketresort.com\/de\/wp-json\/wp\/v2\/media?parent=892"}],"wp:term":[{"taxonomy":"category","embeddable":true,"href":"https:\/\/www.avistahideawayphuketresort.com\/de\/wp-json\/wp\/v2\/categories?post=892"}],"curies":[{"name":"wp","href":"https:\/\/api.w.org\/{rel}","templated":true}]}}