{"id":899,"date":"2023-05-03T04:04:50","date_gmt":"2023-05-03T04:04:50","guid":{"rendered":"https:\/\/www.avistahideawayphuketresort.com\/weddings-meetings-in-phuket\/thai-weddings-in-phuket\/wedding-packages\/destination-wedding-mountain-theme\/"},"modified":"2023-07-11T05:20:19","modified_gmt":"2023-07-11T05:20:19","slug":"destination-wedding-mountain-theme","status":"publish","type":"page","link":"https:\/\/www.avistahideawayphuketresort.com\/de\/phuket-spa-wellness\/wedding-packages\/destination-wedding-mountain-theme\/","title":{"rendered":"INTIME HOCHZEIT"},"content":{"rendered":"<p style=\"text-align: center;\">Wir schaffen eine wundersch\u00f6n dekorierte Atmosph\u00e4re mit Panoramablick auf den Ozean in einem abgelegenen Raum auf einem H\u00fcgel, der Ihnen Privatsph\u00e4re und Intimit\u00e4t bietet, wenn Sie Ihr Gel\u00fcbde ablegen. Unser hervorragend geschultes Personal k\u00fcmmert sich um alle Ihre W\u00fcnsche f\u00fcr eine intime Hochzeitsfeier und bietet Ihnen und Ihren G\u00e4sten extravagante Blumenarrangements, exzellente Speisen und Getr\u00e4nke sowie einen pers\u00f6nlichen Service.<\/p>\n<p style=\"text-align: center;\"><strong>Paketinhalt (bis zu 10 G\u00e4ste)<\/strong><\/p>\n","protected":false},"excerpt":{"rendered":"<p>Wir schaffen eine wundersch\u00f6n dekorierte Atmosph\u00e4re mit Panoramablick auf den Ozean in einem abgelegenen Raum auf einem H\u00fcgel, der Ihnen Privatsph\u00e4re und Intimit\u00e4t bietet, wenn Sie Ihr Gel\u00fcbde ablegen. Unser hervorragend geschultes Personal k\u00fcmmert sich um alle Ihre W\u00fcnsche f\u00fcr eine intime Hochzeitsfeier und bietet Ihnen und Ihren G\u00e4sten extravagante Blumenarrangements, exzellente Speisen und Getr\u00e4nke [&hellip;]<\/p>\n","protected":false},"author":55,"featured_media":0,"parent":884,"menu_order":2,"comment_status":"closed","ping_status":"closed","template":"template-wedding.php","meta":{"footnotes":""},"categories":[],"class_list":["post-899","page","type-page","status-publish","hentry"],"acf":[],"yoast_head":"<!-- This site is optimized with the Yoast SEO plugin v26.9 - https:\/\/yoast.com\/product\/yoast-seo-wordpress\/ -->\n<title>INTIME HOCHZEIT - Avista Hideaway Phuket Patong<\/title>\n<meta name=\"robots\" content=\"index, follow, max-snippet:-1, max-image-preview:large, max-video-preview:-1\" \/>\n<link rel=\"canonical\" href=\"https:\/\/www.avistahideawayphuketresort.com\/de\/phuket-spa-wellness\/wedding-packages\/destination-wedding-mountain-theme\/\" \/>\n<meta property=\"og:locale\" content=\"de_DE\" \/>\n<meta property=\"og:type\" content=\"article\" \/>\n<meta property=\"og:title\" content=\"INTIME HOCHZEIT - Avista Hideaway Phuket Patong\" \/>\n<meta property=\"og:description\" content=\"Wir schaffen eine wundersch\u00f6n dekorierte Atmosph\u00e4re mit Panoramablick auf den Ozean in einem abgelegenen Raum auf einem H\u00fcgel, der Ihnen Privatsph\u00e4re und Intimit\u00e4t bietet, wenn Sie Ihr Gel\u00fcbde ablegen. Unser hervorragend geschultes Personal k\u00fcmmert sich um alle Ihre W\u00fcnsche f\u00fcr eine intime Hochzeitsfeier und bietet Ihnen und Ihren G\u00e4sten extravagante Blumenarrangements, exzellente Speisen und Getr\u00e4nke [&hellip;]\" \/>\n<meta property=\"og:url\" content=\"https:\/\/www.avistahideawayphuketresort.com\/de\/phuket-spa-wellness\/wedding-packages\/destination-wedding-mountain-theme\/\" \/>\n<meta property=\"og:site_name\" content=\"Avista Hideaway Phuket Patong\" \/>\n<meta property=\"article:modified_time\" content=\"2023-07-11T05:20:19+00:00\" \/>\n<meta name=\"twitter:card\" content=\"summary_large_image\" \/>\n<meta name=\"twitter:label1\" content=\"Gesch\u00e4tzte Lesezeit\" \/>\n\t<meta name=\"twitter:data1\" content=\"1 Minute\" \/>\n<script type=\"application\/ld+json\" class=\"yoast-schema-graph\">{\"@context\":\"https:\/\/schema.org\",\"@graph\":[{\"@type\":\"WebPage\",\"@id\":\"https:\/\/www.avistahideawayphuketresort.com\/de\/phuket-spa-wellness\/wedding-packages\/destination-wedding-mountain-theme\/\",\"url\":\"https:\/\/www.avistahideawayphuketresort.com\/de\/phuket-spa-wellness\/wedding-packages\/destination-wedding-mountain-theme\/\",\"name\":\"INTIME HOCHZEIT - Avista Hideaway Phuket Patong\",\"isPartOf\":{\"@id\":\"https:\/\/www.avistahideawayphuketresort.com\/#website\"},\"datePublished\":\"2023-05-03T04:04:50+00:00\",\"dateModified\":\"2023-07-11T05:20:19+00:00\",\"breadcrumb\":{\"@id\":\"https:\/\/www.avistahideawayphuketresort.com\/de\/phuket-spa-wellness\/wedding-packages\/destination-wedding-mountain-theme\/#breadcrumb\"},\"inLanguage\":\"de-DE\",\"potentialAction\":[{\"@type\":\"ReadAction\",\"target\":[\"https:\/\/www.avistahideawayphuketresort.com\/de\/phuket-spa-wellness\/wedding-packages\/destination-wedding-mountain-theme\/\"]}]},{\"@type\":\"BreadcrumbList\",\"@id\":\"https:\/\/www.avistahideawayphuketresort.com\/de\/phuket-spa-wellness\/wedding-packages\/destination-wedding-mountain-theme\/#breadcrumb\",\"itemListElement\":[{\"@type\":\"ListItem\",\"position\":1,\"name\":\"Home\",\"item\":\"https:\/\/www.avistahideawayphuketresort.com\/de\/\"},{\"@type\":\"ListItem\",\"position\":2,\"name\":\"Spa &#038; Wellness\",\"item\":\"https:\/\/www.avistahideawayphuketresort.com\/de\/phuket-spa-wellness\/\"},{\"@type\":\"ListItem\",\"position\":3,\"name\":\"HOCHZEITSPAKETE\",\"item\":\"https:\/\/www.avistahideawayphuketresort.com\/de\/phuket-spa-wellness\/wedding-packages\/\"},{\"@type\":\"ListItem\",\"position\":4,\"name\":\"INTIME HOCHZEIT\"}]},{\"@type\":\"WebSite\",\"@id\":\"https:\/\/www.avistahideawayphuketresort.com\/#website\",\"url\":\"https:\/\/www.avistahideawayphuketresort.com\/\",\"name\":\"Avista Hideaway Phuket Patong\",\"description\":\"\",\"potentialAction\":[{\"@type\":\"SearchAction\",\"target\":{\"@type\":\"EntryPoint\",\"urlTemplate\":\"https:\/\/www.avistahideawayphuketresort.com\/?s={search_term_string}\"},\"query-input\":{\"@type\":\"PropertyValueSpecification\",\"valueRequired\":true,\"valueName\":\"search_term_string\"}}],\"inLanguage\":\"de-DE\"}]}<\/script>\n<!-- \/ Yoast SEO plugin. -->","yoast_head_json":{"title":"INTIME HOCHZEIT - Avista Hideaway Phuket Patong","robots":{"index":"index","follow":"follow","max-snippet":"max-snippet:-1","max-image-preview":"max-image-preview:large","max-video-preview":"max-video-preview:-1"},"canonical":"https:\/\/www.avistahideawayphuketresort.com\/de\/phuket-spa-wellness\/wedding-packages\/destination-wedding-mountain-theme\/","og_locale":"de_DE","og_type":"article","og_title":"INTIME HOCHZEIT - Avista Hideaway Phuket Patong","og_description":"Wir schaffen eine wundersch\u00f6n dekorierte Atmosph\u00e4re mit Panoramablick auf den Ozean in einem abgelegenen Raum auf einem H\u00fcgel, der Ihnen Privatsph\u00e4re und Intimit\u00e4t bietet, wenn Sie Ihr Gel\u00fcbde ablegen. Unser hervorragend geschultes Personal k\u00fcmmert sich um alle Ihre W\u00fcnsche f\u00fcr eine intime Hochzeitsfeier und bietet Ihnen und Ihren G\u00e4sten extravagante Blumenarrangements, exzellente Speisen und Getr\u00e4nke [&hellip;]","og_url":"https:\/\/www.avistahideawayphuketresort.com\/de\/phuket-spa-wellness\/wedding-packages\/destination-wedding-mountain-theme\/","og_site_name":"Avista Hideaway Phuket Patong","article_modified_time":"2023-07-11T05:20:19+00:00","twitter_card":"summary_large_image","twitter_misc":{"Gesch\u00e4tzte Lesezeit":"1 Minute"},"schema":{"@context":"https:\/\/schema.org","@graph":[{"@type":"WebPage","@id":"https:\/\/www.avistahideawayphuketresort.com\/de\/phuket-spa-wellness\/wedding-packages\/destination-wedding-mountain-theme\/","url":"https:\/\/www.avistahideawayphuketresort.com\/de\/phuket-spa-wellness\/wedding-packages\/destination-wedding-mountain-theme\/","name":"INTIME HOCHZEIT - Avista Hideaway Phuket Patong","isPartOf":{"@id":"https:\/\/www.avistahideawayphuketresort.com\/#website"},"datePublished":"2023-05-03T04:04:50+00:00","dateModified":"2023-07-11T05:20:19+00:00","breadcrumb":{"@id":"https:\/\/www.avistahideawayphuketresort.com\/de\/phuket-spa-wellness\/wedding-packages\/destination-wedding-mountain-theme\/#breadcrumb"},"inLanguage":"de-DE","potentialAction":[{"@type":"ReadAction","target":["https:\/\/www.avistahideawayphuketresort.com\/de\/phuket-spa-wellness\/wedding-packages\/destination-wedding-mountain-theme\/"]}]},{"@type":"BreadcrumbList","@id":"https:\/\/www.avistahideawayphuketresort.com\/de\/phuket-spa-wellness\/wedding-packages\/destination-wedding-mountain-theme\/#breadcrumb","itemListElement":[{"@type":"ListItem","position":1,"name":"Home","item":"https:\/\/www.avistahideawayphuketresort.com\/de\/"},{"@type":"ListItem","position":2,"name":"Spa &#038; Wellness","item":"https:\/\/www.avistahideawayphuketresort.com\/de\/phuket-spa-wellness\/"},{"@type":"ListItem","position":3,"name":"HOCHZEITSPAKETE","item":"https:\/\/www.avistahideawayphuketresort.com\/de\/phuket-spa-wellness\/wedding-packages\/"},{"@type":"ListItem","position":4,"name":"INTIME HOCHZEIT"}]},{"@type":"WebSite","@id":"https:\/\/www.avistahideawayphuketresort.com\/#website","url":"https:\/\/www.avistahideawayphuketresort.com\/","name":"Avista Hideaway Phuket Patong","description":"","potentialAction":[{"@type":"SearchAction","target":{"@type":"EntryPoint","urlTemplate":"https:\/\/www.avistahideawayphuketresort.com\/?s={search_term_string}"},"query-input":{"@type":"PropertyValueSpecification","valueRequired":true,"valueName":"search_term_string"}}],"inLanguage":"de-DE"}]}},"_links":{"self":[{"href":"https:\/\/www.avistahideawayphuketresort.com\/de\/wp-json\/wp\/v2\/pages\/899","targetHints":{"allow":["GET"]}}],"collection":[{"href":"https:\/\/www.avistahideawayphuketresort.com\/de\/wp-json\/wp\/v2\/pages"}],"about":[{"href":"https:\/\/www.avistahideawayphuketresort.com\/de\/wp-json\/wp\/v2\/types\/page"}],"author":[{"embeddable":true,"href":"https:\/\/www.avistahideawayphuketresort.com\/de\/wp-json\/wp\/v2\/users\/55"}],"replies":[{"embeddable":true,"href":"https:\/\/www.avistahideawayphuketresort.com\/de\/wp-json\/wp\/v2\/comments?post=899"}],"version-history":[{"count":0,"href":"https:\/\/www.avistahideawayphuketresort.com\/de\/wp-json\/wp\/v2\/pages\/899\/revisions"}],"up":[{"embeddable":true,"href":"https:\/\/www.avistahideawayphuketresort.com\/de\/wp-json\/wp\/v2\/pages\/884"}],"wp:attachment":[{"href":"https:\/\/www.avistahideawayphuketresort.com\/de\/wp-json\/wp\/v2\/media?parent=899"}],"wp:term":[{"taxonomy":"category","embeddable":true,"href":"https:\/\/www.avistahideawayphuketresort.com\/de\/wp-json\/wp\/v2\/categories?post=899"}],"curies":[{"name":"wp","href":"https:\/\/api.w.org\/{rel}","templated":true}]}}