{"id":932,"date":"2023-05-03T06:33:51","date_gmt":"2023-05-03T06:33:51","guid":{"rendered":"https:\/\/www.avistahideawayphuketresort.com\/weddings-meetings-in-phuket\/meetings-banquets\/corporate-event-venue\/"},"modified":"2023-07-12T23:12:23","modified_gmt":"2023-07-12T23:12:23","slug":"corporate-event-venue","status":"publish","type":"page","link":"https:\/\/www.avistahideawayphuketresort.com\/de\/weddings-meetings-in-phuket\/meetings-banquets\/corporate-event-venue\/","title":{"rendered":"VERANSTALTUNGSORT F\u00dcR UNTERNEHMEN"},"content":{"rendered":"<p style=\"text-align: center;\"><span style=\"font-weight: 400;\">Finden Sie Ihren perfekten Veranstaltungsort f\u00fcr eine Firmenveranstaltung in Phuket, sei es f\u00fcr eine Klausurtagung, ein Schulungsseminar, eine Vorstandssitzung oder ein Gala-Dinner. Das Avista Hideaway Patong, Phuket bietet mit einer Vielzahl von Veranstaltungsorten den perfekten <\/span><a href=\"https:\/\/www.avistahideawayphuketresort.com\/de\/weddings\/meetings-banquets\/bay-watch\/\"><b>Tagungsort auf Phuket<\/b><\/a><span style=\"font-weight: 400;\"> f\u00fcr Ihr n\u00e4chstes Meeting oder Event.<\/span><\/p>\n","protected":false},"excerpt":{"rendered":"<p>Finden Sie Ihren perfekten Veranstaltungsort f\u00fcr eine Firmenveranstaltung in Phuket, sei es f\u00fcr eine Klausurtagung, ein Schulungsseminar, eine Vorstandssitzung oder ein Gala-Dinner. Das Avista Hideaway Patong, Phuket bietet mit einer Vielzahl von Veranstaltungsorten den perfekten Tagungsort auf Phuket f\u00fcr Ihr n\u00e4chstes Meeting oder Event.<\/p>\n","protected":false},"author":55,"featured_media":0,"parent":920,"menu_order":2,"comment_status":"closed","ping_status":"closed","template":"","meta":{"footnotes":""},"categories":[],"class_list":["post-932","page","type-page","status-publish","hentry"],"acf":[],"yoast_head":"<!-- This site is optimized with the Yoast SEO plugin v26.9 - https:\/\/yoast.com\/product\/yoast-seo-wordpress\/ -->\n<title>VERANSTALTUNGSORT F\u00dcR UNTERNEHMEN - Avista Hideaway Phuket Patong<\/title>\n<meta name=\"robots\" content=\"index, follow, max-snippet:-1, max-image-preview:large, max-video-preview:-1\" \/>\n<link rel=\"canonical\" href=\"https:\/\/www.avistahideawayphuketresort.com\/de\/weddings-meetings-in-phuket\/meetings-banquets\/corporate-event-venue\/\" \/>\n<meta property=\"og:locale\" content=\"de_DE\" \/>\n<meta property=\"og:type\" content=\"article\" \/>\n<meta property=\"og:title\" content=\"VERANSTALTUNGSORT F\u00dcR UNTERNEHMEN - Avista Hideaway Phuket Patong\" \/>\n<meta property=\"og:description\" content=\"Finden Sie Ihren perfekten Veranstaltungsort f\u00fcr eine Firmenveranstaltung in Phuket, sei es f\u00fcr eine Klausurtagung, ein Schulungsseminar, eine Vorstandssitzung oder ein Gala-Dinner. Das Avista Hideaway Patong, Phuket bietet mit einer Vielzahl von Veranstaltungsorten den perfekten Tagungsort auf Phuket f\u00fcr Ihr n\u00e4chstes Meeting oder Event.\" \/>\n<meta property=\"og:url\" content=\"https:\/\/www.avistahideawayphuketresort.com\/de\/weddings-meetings-in-phuket\/meetings-banquets\/corporate-event-venue\/\" \/>\n<meta property=\"og:site_name\" content=\"Avista Hideaway Phuket Patong\" \/>\n<meta property=\"article:modified_time\" content=\"2023-07-12T23:12:23+00:00\" \/>\n<meta name=\"twitter:card\" content=\"summary_large_image\" \/>\n<meta name=\"twitter:label1\" content=\"Gesch\u00e4tzte Lesezeit\" \/>\n\t<meta name=\"twitter:data1\" content=\"1 Minute\" \/>\n<script type=\"application\/ld+json\" class=\"yoast-schema-graph\">{\"@context\":\"https:\/\/schema.org\",\"@graph\":[{\"@type\":\"WebPage\",\"@id\":\"https:\/\/www.avistahideawayphuketresort.com\/de\/weddings-meetings-in-phuket\/meetings-banquets\/corporate-event-venue\/\",\"url\":\"https:\/\/www.avistahideawayphuketresort.com\/de\/weddings-meetings-in-phuket\/meetings-banquets\/corporate-event-venue\/\",\"name\":\"VERANSTALTUNGSORT F\u00dcR UNTERNEHMEN - Avista Hideaway Phuket Patong\",\"isPartOf\":{\"@id\":\"https:\/\/www.avistahideawayphuketresort.com\/#website\"},\"datePublished\":\"2023-05-03T06:33:51+00:00\",\"dateModified\":\"2023-07-12T23:12:23+00:00\",\"breadcrumb\":{\"@id\":\"https:\/\/www.avistahideawayphuketresort.com\/de\/weddings-meetings-in-phuket\/meetings-banquets\/corporate-event-venue\/#breadcrumb\"},\"inLanguage\":\"de-DE\",\"potentialAction\":[{\"@type\":\"ReadAction\",\"target\":[\"https:\/\/www.avistahideawayphuketresort.com\/de\/weddings-meetings-in-phuket\/meetings-banquets\/corporate-event-venue\/\"]}]},{\"@type\":\"BreadcrumbList\",\"@id\":\"https:\/\/www.avistahideawayphuketresort.com\/de\/weddings-meetings-in-phuket\/meetings-banquets\/corporate-event-venue\/#breadcrumb\",\"itemListElement\":[{\"@type\":\"ListItem\",\"position\":1,\"name\":\"Home\",\"item\":\"https:\/\/www.avistahideawayphuketresort.com\/de\/\"},{\"@type\":\"ListItem\",\"position\":2,\"name\":\"Tagungen &#038; HOCHZEITEN\",\"item\":\"https:\/\/www.avistahideawayphuketresort.com\/de\/weddings-meetings-in-phuket\/\"},{\"@type\":\"ListItem\",\"position\":3,\"name\":\"TREFFEN UND VERANSTALTUNGEN\",\"item\":\"https:\/\/www.avistahideawayphuketresort.com\/de\/weddings-meetings-in-phuket\/meetings-banquets\/\"},{\"@type\":\"ListItem\",\"position\":4,\"name\":\"VERANSTALTUNGSORT F\u00dcR UNTERNEHMEN\"}]},{\"@type\":\"WebSite\",\"@id\":\"https:\/\/www.avistahideawayphuketresort.com\/#website\",\"url\":\"https:\/\/www.avistahideawayphuketresort.com\/\",\"name\":\"Avista Hideaway Phuket Patong\",\"description\":\"\",\"potentialAction\":[{\"@type\":\"SearchAction\",\"target\":{\"@type\":\"EntryPoint\",\"urlTemplate\":\"https:\/\/www.avistahideawayphuketresort.com\/?s={search_term_string}\"},\"query-input\":{\"@type\":\"PropertyValueSpecification\",\"valueRequired\":true,\"valueName\":\"search_term_string\"}}],\"inLanguage\":\"de-DE\"}]}<\/script>\n<!-- \/ Yoast SEO plugin. -->","yoast_head_json":{"title":"VERANSTALTUNGSORT F\u00dcR UNTERNEHMEN - Avista Hideaway Phuket Patong","robots":{"index":"index","follow":"follow","max-snippet":"max-snippet:-1","max-image-preview":"max-image-preview:large","max-video-preview":"max-video-preview:-1"},"canonical":"https:\/\/www.avistahideawayphuketresort.com\/de\/weddings-meetings-in-phuket\/meetings-banquets\/corporate-event-venue\/","og_locale":"de_DE","og_type":"article","og_title":"VERANSTALTUNGSORT F\u00dcR UNTERNEHMEN - Avista Hideaway Phuket Patong","og_description":"Finden Sie Ihren perfekten Veranstaltungsort f\u00fcr eine Firmenveranstaltung in Phuket, sei es f\u00fcr eine Klausurtagung, ein Schulungsseminar, eine Vorstandssitzung oder ein Gala-Dinner. Das Avista Hideaway Patong, Phuket bietet mit einer Vielzahl von Veranstaltungsorten den perfekten Tagungsort auf Phuket f\u00fcr Ihr n\u00e4chstes Meeting oder Event.","og_url":"https:\/\/www.avistahideawayphuketresort.com\/de\/weddings-meetings-in-phuket\/meetings-banquets\/corporate-event-venue\/","og_site_name":"Avista Hideaway Phuket Patong","article_modified_time":"2023-07-12T23:12:23+00:00","twitter_card":"summary_large_image","twitter_misc":{"Gesch\u00e4tzte Lesezeit":"1 Minute"},"schema":{"@context":"https:\/\/schema.org","@graph":[{"@type":"WebPage","@id":"https:\/\/www.avistahideawayphuketresort.com\/de\/weddings-meetings-in-phuket\/meetings-banquets\/corporate-event-venue\/","url":"https:\/\/www.avistahideawayphuketresort.com\/de\/weddings-meetings-in-phuket\/meetings-banquets\/corporate-event-venue\/","name":"VERANSTALTUNGSORT F\u00dcR UNTERNEHMEN - Avista Hideaway Phuket Patong","isPartOf":{"@id":"https:\/\/www.avistahideawayphuketresort.com\/#website"},"datePublished":"2023-05-03T06:33:51+00:00","dateModified":"2023-07-12T23:12:23+00:00","breadcrumb":{"@id":"https:\/\/www.avistahideawayphuketresort.com\/de\/weddings-meetings-in-phuket\/meetings-banquets\/corporate-event-venue\/#breadcrumb"},"inLanguage":"de-DE","potentialAction":[{"@type":"ReadAction","target":["https:\/\/www.avistahideawayphuketresort.com\/de\/weddings-meetings-in-phuket\/meetings-banquets\/corporate-event-venue\/"]}]},{"@type":"BreadcrumbList","@id":"https:\/\/www.avistahideawayphuketresort.com\/de\/weddings-meetings-in-phuket\/meetings-banquets\/corporate-event-venue\/#breadcrumb","itemListElement":[{"@type":"ListItem","position":1,"name":"Home","item":"https:\/\/www.avistahideawayphuketresort.com\/de\/"},{"@type":"ListItem","position":2,"name":"Tagungen &#038; HOCHZEITEN","item":"https:\/\/www.avistahideawayphuketresort.com\/de\/weddings-meetings-in-phuket\/"},{"@type":"ListItem","position":3,"name":"TREFFEN UND VERANSTALTUNGEN","item":"https:\/\/www.avistahideawayphuketresort.com\/de\/weddings-meetings-in-phuket\/meetings-banquets\/"},{"@type":"ListItem","position":4,"name":"VERANSTALTUNGSORT F\u00dcR UNTERNEHMEN"}]},{"@type":"WebSite","@id":"https:\/\/www.avistahideawayphuketresort.com\/#website","url":"https:\/\/www.avistahideawayphuketresort.com\/","name":"Avista Hideaway Phuket Patong","description":"","potentialAction":[{"@type":"SearchAction","target":{"@type":"EntryPoint","urlTemplate":"https:\/\/www.avistahideawayphuketresort.com\/?s={search_term_string}"},"query-input":{"@type":"PropertyValueSpecification","valueRequired":true,"valueName":"search_term_string"}}],"inLanguage":"de-DE"}]}},"_links":{"self":[{"href":"https:\/\/www.avistahideawayphuketresort.com\/de\/wp-json\/wp\/v2\/pages\/932","targetHints":{"allow":["GET"]}}],"collection":[{"href":"https:\/\/www.avistahideawayphuketresort.com\/de\/wp-json\/wp\/v2\/pages"}],"about":[{"href":"https:\/\/www.avistahideawayphuketresort.com\/de\/wp-json\/wp\/v2\/types\/page"}],"author":[{"embeddable":true,"href":"https:\/\/www.avistahideawayphuketresort.com\/de\/wp-json\/wp\/v2\/users\/55"}],"replies":[{"embeddable":true,"href":"https:\/\/www.avistahideawayphuketresort.com\/de\/wp-json\/wp\/v2\/comments?post=932"}],"version-history":[{"count":0,"href":"https:\/\/www.avistahideawayphuketresort.com\/de\/wp-json\/wp\/v2\/pages\/932\/revisions"}],"up":[{"embeddable":true,"href":"https:\/\/www.avistahideawayphuketresort.com\/de\/wp-json\/wp\/v2\/pages\/920"}],"wp:attachment":[{"href":"https:\/\/www.avistahideawayphuketresort.com\/de\/wp-json\/wp\/v2\/media?parent=932"}],"wp:term":[{"taxonomy":"category","embeddable":true,"href":"https:\/\/www.avistahideawayphuketresort.com\/de\/wp-json\/wp\/v2\/categories?post=932"}],"curies":[{"name":"wp","href":"https:\/\/api.w.org\/{rel}","templated":true}]}}