{"id":958,"date":"2023-04-20T04:01:11","date_gmt":"2023-04-20T04:01:11","guid":{"rendered":"https:\/\/www.avistahideawayphuketresort.com\/best-restaurants-in-phuket-patong\/"},"modified":"2023-07-10T22:47:41","modified_gmt":"2023-07-10T22:47:41","slug":"best-restaurants-in-phuket-patong","status":"publish","type":"page","link":"https:\/\/www.avistahideawayphuketresort.com\/de\/best-restaurants-in-phuket-patong\/","title":{"rendered":"Restaurants &#038; Bars"},"content":{"rendered":"<p style=\"text-align: center;\"><a href=\"https:\/\/www.avistahideawayphuketresort.com\/de\/best-restaurants-in-phuket-patong\/sizzle-rooftop-restaurant-phuket\/\"><span style=\"font-weight: 400;\">In der Sizzle Rooftop Bar<\/span><\/a><span style=\"font-weight: 400;\"> erwartet Sie eines der lebhaftesten Rooftop-Dinner-Erlebnisse in Phuket mit Holzkohlegrills, Sundowner und Meerblick<\/span><a href=\"https:\/\/www.avistahideawayphuketresort.com\/de\/best-restaurants-in-phuket-patong\/sizzle-rooftop-restaurant-phuket\/\"><span style=\"font-weight: 400;\">. Steak. Meeresfr\u00fcchte<\/span><\/a><span style=\"font-weight: 400;\"> und fortschrittliche indische Holzkohle-K\u00fcche, inspiriert von den Zeltpal\u00e4sten aus der Moghul-\u00c4ra, im <\/span><a href=\"https:\/\/www.avistahideawayphuketresort.com\/de\/best-restaurants-in-phuket-patong\/tambu-phuket\/\"><span style=\"font-weight: 400;\">Tambu Phuket<\/span><\/a><span style=\"font-weight: 400;\">. Probieren Sie authentische thail\u00e4ndische und internationale Gerichte im <\/span><a href=\"https:\/\/www.avistahideawayphuketresort.com\/de\/best-restaurants-in-phuket-patong\/vista\/\"><span style=\"font-weight: 400;\">Vista<\/span><\/a><span style=\"font-weight: 400;\">, schwimmen Sie in einer unserer drei <\/span><a href=\"https:\/\/www.avistahideawayphuketresort.com\/de\/best-restaurants-in-phuket-patong\/chiva-pool-bar-phuket\/\"><span style=\"font-weight: 400;\">Chiva Pool Bars<\/span><\/a><span style=\"font-weight: 400;\">, oder genie\u00dfen Sie die besonderen Erlebnisse wie den Hideaway High Tea und das schwimmende Fr\u00fchst\u00fcck. Unser internationales K\u00fcchenteam nimmt Sie mit auf eine kulinarische Reise, die ihresgleichen sucht, in einigen der besten Restaurants von Phuket, die in den H\u00fcgeln rund um Patong Beach eingebettet sind.<\/span><\/p>\n","protected":false},"excerpt":{"rendered":"<p>In der Sizzle Rooftop Bar erwartet Sie eines der lebhaftesten Rooftop-Dinner-Erlebnisse in Phuket mit Holzkohlegrills, Sundowner und Meerblick. Steak. Meeresfr\u00fcchte und fortschrittliche indische Holzkohle-K\u00fcche, inspiriert von den Zeltpal\u00e4sten aus der Moghul-\u00c4ra, im Tambu Phuket. Probieren Sie authentische thail\u00e4ndische und internationale Gerichte im Vista, schwimmen Sie in einer unserer drei Chiva Pool Bars, oder genie\u00dfen Sie [&hellip;]<\/p>\n","protected":false},"author":55,"featured_media":0,"parent":0,"menu_order":0,"comment_status":"closed","ping_status":"closed","template":"template-restaurants.php","meta":{"footnotes":""},"categories":[],"class_list":["post-958","page","type-page","status-publish","hentry"],"acf":[],"yoast_head":"<!-- This site is optimized with the Yoast SEO plugin v26.9 - https:\/\/yoast.com\/product\/yoast-seo-wordpress\/ -->\n<title>Restaurants &amp; Bars - Avista Hideaway Phuket Patong<\/title>\n<meta name=\"robots\" content=\"index, follow, max-snippet:-1, max-image-preview:large, max-video-preview:-1\" \/>\n<link rel=\"canonical\" href=\"https:\/\/www.avistahideawayphuketresort.com\/de\/best-restaurants-in-phuket-patong\/\" \/>\n<meta property=\"og:locale\" content=\"de_DE\" \/>\n<meta property=\"og:type\" content=\"article\" \/>\n<meta property=\"og:title\" content=\"Restaurants &amp; Bars - Avista Hideaway Phuket Patong\" \/>\n<meta property=\"og:description\" content=\"In der Sizzle Rooftop Bar erwartet Sie eines der lebhaftesten Rooftop-Dinner-Erlebnisse in Phuket mit Holzkohlegrills, Sundowner und Meerblick. Steak. Meeresfr\u00fcchte und fortschrittliche indische Holzkohle-K\u00fcche, inspiriert von den Zeltpal\u00e4sten aus der Moghul-\u00c4ra, im Tambu Phuket. Probieren Sie authentische thail\u00e4ndische und internationale Gerichte im Vista, schwimmen Sie in einer unserer drei Chiva Pool Bars, oder genie\u00dfen Sie [&hellip;]\" \/>\n<meta property=\"og:url\" content=\"https:\/\/www.avistahideawayphuketresort.com\/de\/best-restaurants-in-phuket-patong\/\" \/>\n<meta property=\"og:site_name\" content=\"Avista Hideaway Phuket Patong\" \/>\n<meta property=\"article:modified_time\" content=\"2023-07-10T22:47:41+00:00\" \/>\n<meta name=\"twitter:card\" content=\"summary_large_image\" \/>\n<meta name=\"twitter:label1\" content=\"Gesch\u00e4tzte Lesezeit\" \/>\n\t<meta name=\"twitter:data1\" content=\"1 Minute\" \/>\n<script type=\"application\/ld+json\" class=\"yoast-schema-graph\">{\"@context\":\"https:\/\/schema.org\",\"@graph\":[{\"@type\":\"WebPage\",\"@id\":\"https:\/\/www.avistahideawayphuketresort.com\/de\/best-restaurants-in-phuket-patong\/\",\"url\":\"https:\/\/www.avistahideawayphuketresort.com\/de\/best-restaurants-in-phuket-patong\/\",\"name\":\"Restaurants & Bars - Avista Hideaway Phuket Patong\",\"isPartOf\":{\"@id\":\"https:\/\/www.avistahideawayphuketresort.com\/#website\"},\"datePublished\":\"2023-04-20T04:01:11+00:00\",\"dateModified\":\"2023-07-10T22:47:41+00:00\",\"breadcrumb\":{\"@id\":\"https:\/\/www.avistahideawayphuketresort.com\/de\/best-restaurants-in-phuket-patong\/#breadcrumb\"},\"inLanguage\":\"de-DE\",\"potentialAction\":[{\"@type\":\"ReadAction\",\"target\":[\"https:\/\/www.avistahideawayphuketresort.com\/de\/best-restaurants-in-phuket-patong\/\"]}]},{\"@type\":\"BreadcrumbList\",\"@id\":\"https:\/\/www.avistahideawayphuketresort.com\/de\/best-restaurants-in-phuket-patong\/#breadcrumb\",\"itemListElement\":[{\"@type\":\"ListItem\",\"position\":1,\"name\":\"Home\",\"item\":\"https:\/\/www.avistahideawayphuketresort.com\/de\/\"},{\"@type\":\"ListItem\",\"position\":2,\"name\":\"Restaurants &#038; Bars\"}]},{\"@type\":\"WebSite\",\"@id\":\"https:\/\/www.avistahideawayphuketresort.com\/#website\",\"url\":\"https:\/\/www.avistahideawayphuketresort.com\/\",\"name\":\"Avista Hideaway Phuket Patong\",\"description\":\"\",\"potentialAction\":[{\"@type\":\"SearchAction\",\"target\":{\"@type\":\"EntryPoint\",\"urlTemplate\":\"https:\/\/www.avistahideawayphuketresort.com\/?s={search_term_string}\"},\"query-input\":{\"@type\":\"PropertyValueSpecification\",\"valueRequired\":true,\"valueName\":\"search_term_string\"}}],\"inLanguage\":\"de-DE\"}]}<\/script>\n<!-- \/ Yoast SEO plugin. -->","yoast_head_json":{"title":"Restaurants & Bars - Avista Hideaway Phuket Patong","robots":{"index":"index","follow":"follow","max-snippet":"max-snippet:-1","max-image-preview":"max-image-preview:large","max-video-preview":"max-video-preview:-1"},"canonical":"https:\/\/www.avistahideawayphuketresort.com\/de\/best-restaurants-in-phuket-patong\/","og_locale":"de_DE","og_type":"article","og_title":"Restaurants & Bars - Avista Hideaway Phuket Patong","og_description":"In der Sizzle Rooftop Bar erwartet Sie eines der lebhaftesten Rooftop-Dinner-Erlebnisse in Phuket mit Holzkohlegrills, Sundowner und Meerblick. Steak. Meeresfr\u00fcchte und fortschrittliche indische Holzkohle-K\u00fcche, inspiriert von den Zeltpal\u00e4sten aus der Moghul-\u00c4ra, im Tambu Phuket. Probieren Sie authentische thail\u00e4ndische und internationale Gerichte im Vista, schwimmen Sie in einer unserer drei Chiva Pool Bars, oder genie\u00dfen Sie [&hellip;]","og_url":"https:\/\/www.avistahideawayphuketresort.com\/de\/best-restaurants-in-phuket-patong\/","og_site_name":"Avista Hideaway Phuket Patong","article_modified_time":"2023-07-10T22:47:41+00:00","twitter_card":"summary_large_image","twitter_misc":{"Gesch\u00e4tzte Lesezeit":"1 Minute"},"schema":{"@context":"https:\/\/schema.org","@graph":[{"@type":"WebPage","@id":"https:\/\/www.avistahideawayphuketresort.com\/de\/best-restaurants-in-phuket-patong\/","url":"https:\/\/www.avistahideawayphuketresort.com\/de\/best-restaurants-in-phuket-patong\/","name":"Restaurants & Bars - Avista Hideaway Phuket Patong","isPartOf":{"@id":"https:\/\/www.avistahideawayphuketresort.com\/#website"},"datePublished":"2023-04-20T04:01:11+00:00","dateModified":"2023-07-10T22:47:41+00:00","breadcrumb":{"@id":"https:\/\/www.avistahideawayphuketresort.com\/de\/best-restaurants-in-phuket-patong\/#breadcrumb"},"inLanguage":"de-DE","potentialAction":[{"@type":"ReadAction","target":["https:\/\/www.avistahideawayphuketresort.com\/de\/best-restaurants-in-phuket-patong\/"]}]},{"@type":"BreadcrumbList","@id":"https:\/\/www.avistahideawayphuketresort.com\/de\/best-restaurants-in-phuket-patong\/#breadcrumb","itemListElement":[{"@type":"ListItem","position":1,"name":"Home","item":"https:\/\/www.avistahideawayphuketresort.com\/de\/"},{"@type":"ListItem","position":2,"name":"Restaurants &#038; Bars"}]},{"@type":"WebSite","@id":"https:\/\/www.avistahideawayphuketresort.com\/#website","url":"https:\/\/www.avistahideawayphuketresort.com\/","name":"Avista Hideaway Phuket Patong","description":"","potentialAction":[{"@type":"SearchAction","target":{"@type":"EntryPoint","urlTemplate":"https:\/\/www.avistahideawayphuketresort.com\/?s={search_term_string}"},"query-input":{"@type":"PropertyValueSpecification","valueRequired":true,"valueName":"search_term_string"}}],"inLanguage":"de-DE"}]}},"_links":{"self":[{"href":"https:\/\/www.avistahideawayphuketresort.com\/de\/wp-json\/wp\/v2\/pages\/958","targetHints":{"allow":["GET"]}}],"collection":[{"href":"https:\/\/www.avistahideawayphuketresort.com\/de\/wp-json\/wp\/v2\/pages"}],"about":[{"href":"https:\/\/www.avistahideawayphuketresort.com\/de\/wp-json\/wp\/v2\/types\/page"}],"author":[{"embeddable":true,"href":"https:\/\/www.avistahideawayphuketresort.com\/de\/wp-json\/wp\/v2\/users\/55"}],"replies":[{"embeddable":true,"href":"https:\/\/www.avistahideawayphuketresort.com\/de\/wp-json\/wp\/v2\/comments?post=958"}],"version-history":[{"count":0,"href":"https:\/\/www.avistahideawayphuketresort.com\/de\/wp-json\/wp\/v2\/pages\/958\/revisions"}],"wp:attachment":[{"href":"https:\/\/www.avistahideawayphuketresort.com\/de\/wp-json\/wp\/v2\/media?parent=958"}],"wp:term":[{"taxonomy":"category","embeddable":true,"href":"https:\/\/www.avistahideawayphuketresort.com\/de\/wp-json\/wp\/v2\/categories?post=958"}],"curies":[{"name":"wp","href":"https:\/\/api.w.org\/{rel}","templated":true}]}}