{"id":962,"date":"2023-05-10T03:25:12","date_gmt":"2023-05-10T03:25:12","guid":{"rendered":"https:\/\/www.avistahideawayphuketresort.com\/best-restaurants-in-phuket-patong\/sizzle-rooftop-restaurant-phuket\/"},"modified":"2023-07-10T22:58:57","modified_gmt":"2023-07-10T22:58:57","slug":"sizzle-rooftop-restaurant-phuket","status":"publish","type":"page","link":"https:\/\/www.avistahideawayphuketresort.com\/de\/best-restaurants-in-phuket-patong\/sizzle-rooftop-restaurant-phuket\/","title":{"rendered":"SIZZLE ROOFTOP-RESTAURANT"},"content":{"rendered":"<p style=\"text-align: center;\">Eine stilvolle, zwanglose Rooftop-Bar, ein Steak- und Meeresfr\u00fcchte-Restaurant in den Patong Hills in der N\u00e4he des Freedom Beach. Das Sizzle pr\u00e4sentiert Klassiker und Innovationen, die vom BBQ-Grill und seinen Flammen gek\u00fcsst werden. Es ist der perfekte Ort f\u00fcr einen Sundowner-Cocktail, der sich in ein Grillen verwandelt und sich zu einem sehr spontanen Abend mit geselligem Essen entwickelt. Sie k\u00f6nnen sich entweder unter die Menge mischen oder einen unserer privaten Salas buchen und ein entspanntes Abendessen unter freiem Himmel genie\u00dfen.<\/p>\n<p style=\"text-align: center;\">Freuen Sie sich auf eine k\u00f6stliche Auswahl an erfrischenden Vorspeisen und Salaten oder ein Erlebnis mit lebenden Hummern und rohen Meeresfr\u00fcchten, das Sie direkt an den Rand des Meeres versetzt. Der gemauerte Holzkohlegrill verleiht unseren Gerichten vom Land und aus dem Meer eine rustikale Note mit kr\u00e4ftigen und rauchigen Aromen. Zum Abschluss ist unsere Dessertauswahl genau das Richtige, um den s\u00fc\u00dfen Hei\u00dfhunger zu stillen.<\/p>\n","protected":false},"excerpt":{"rendered":"<p>Eine stilvolle, zwanglose Rooftop-Bar, ein Steak- und Meeresfr\u00fcchte-Restaurant in den Patong Hills in der N\u00e4he des Freedom Beach. Das Sizzle pr\u00e4sentiert Klassiker und Innovationen, die vom BBQ-Grill und seinen Flammen gek\u00fcsst werden. Es ist der perfekte Ort f\u00fcr einen Sundowner-Cocktail, der sich in ein Grillen verwandelt und sich zu einem sehr spontanen Abend mit geselligem [&hellip;]<\/p>\n","protected":false},"author":55,"featured_media":0,"parent":958,"menu_order":1,"comment_status":"closed","ping_status":"closed","template":"template-restaurant.php","meta":{"footnotes":""},"categories":[37],"class_list":["post-962","page","type-page","status-publish","hentry","category-restaurants-de"],"acf":[],"yoast_head":"<!-- This site is optimized with the Yoast SEO plugin v26.9 - https:\/\/yoast.com\/product\/yoast-seo-wordpress\/ -->\n<title>Best Rooftop Restaurant in Patong | Sizzle Rooftop Restaurant Phuket<\/title>\n<meta name=\"description\" content=\"Sizzle Rooftop Restaurant in Phuket by Avista Hideaway. Sizzle in Patong specializes in BBQ &amp; grilled seafood- the best rooftop restaurant.\" \/>\n<meta name=\"robots\" content=\"index, follow, max-snippet:-1, max-image-preview:large, max-video-preview:-1\" \/>\n<link rel=\"canonical\" href=\"https:\/\/www.avistahideawayphuketresort.com\/de\/best-restaurants-in-phuket-patong\/sizzle-rooftop-restaurant-phuket\/\" \/>\n<meta property=\"og:locale\" content=\"de_DE\" \/>\n<meta property=\"og:type\" content=\"article\" \/>\n<meta property=\"og:title\" content=\"Best Rooftop Restaurant in Patong | Sizzle Rooftop Restaurant Phuket\" \/>\n<meta property=\"og:description\" content=\"Sizzle Rooftop Restaurant in Phuket by Avista Hideaway. Sizzle in Patong specializes in BBQ &amp; grilled seafood- the best rooftop restaurant.\" \/>\n<meta property=\"og:url\" content=\"https:\/\/www.avistahideawayphuketresort.com\/de\/best-restaurants-in-phuket-patong\/sizzle-rooftop-restaurant-phuket\/\" \/>\n<meta property=\"og:site_name\" content=\"Avista Hideaway Phuket Patong\" \/>\n<meta property=\"article:modified_time\" content=\"2023-07-10T22:58:57+00:00\" \/>\n<meta name=\"twitter:card\" content=\"summary_large_image\" \/>\n<meta name=\"twitter:label1\" content=\"Gesch\u00e4tzte Lesezeit\" \/>\n\t<meta name=\"twitter:data1\" content=\"1 Minute\" \/>\n<script type=\"application\/ld+json\" class=\"yoast-schema-graph\">{\"@context\":\"https:\/\/schema.org\",\"@graph\":[{\"@type\":\"WebPage\",\"@id\":\"https:\/\/www.avistahideawayphuketresort.com\/de\/best-restaurants-in-phuket-patong\/sizzle-rooftop-restaurant-phuket\/\",\"url\":\"https:\/\/www.avistahideawayphuketresort.com\/de\/best-restaurants-in-phuket-patong\/sizzle-rooftop-restaurant-phuket\/\",\"name\":\"Best Rooftop Restaurant in Patong | Sizzle Rooftop Restaurant Phuket\",\"isPartOf\":{\"@id\":\"https:\/\/www.avistahideawayphuketresort.com\/#website\"},\"datePublished\":\"2023-05-10T03:25:12+00:00\",\"dateModified\":\"2023-07-10T22:58:57+00:00\",\"description\":\"Sizzle Rooftop Restaurant in Phuket by Avista Hideaway. Sizzle in Patong specializes in BBQ & grilled seafood- the best rooftop restaurant.\",\"breadcrumb\":{\"@id\":\"https:\/\/www.avistahideawayphuketresort.com\/de\/best-restaurants-in-phuket-patong\/sizzle-rooftop-restaurant-phuket\/#breadcrumb\"},\"inLanguage\":\"de-DE\",\"potentialAction\":[{\"@type\":\"ReadAction\",\"target\":[\"https:\/\/www.avistahideawayphuketresort.com\/de\/best-restaurants-in-phuket-patong\/sizzle-rooftop-restaurant-phuket\/\"]}]},{\"@type\":\"BreadcrumbList\",\"@id\":\"https:\/\/www.avistahideawayphuketresort.com\/de\/best-restaurants-in-phuket-patong\/sizzle-rooftop-restaurant-phuket\/#breadcrumb\",\"itemListElement\":[{\"@type\":\"ListItem\",\"position\":1,\"name\":\"Home\",\"item\":\"https:\/\/www.avistahideawayphuketresort.com\/de\/\"},{\"@type\":\"ListItem\",\"position\":2,\"name\":\"Restaurants &#038; Bars\",\"item\":\"https:\/\/www.avistahideawayphuketresort.com\/de\/best-restaurants-in-phuket-patong\/\"},{\"@type\":\"ListItem\",\"position\":3,\"name\":\"SIZZLE ROOFTOP-RESTAURANT\"}]},{\"@type\":\"WebSite\",\"@id\":\"https:\/\/www.avistahideawayphuketresort.com\/#website\",\"url\":\"https:\/\/www.avistahideawayphuketresort.com\/\",\"name\":\"Avista Hideaway Phuket Patong\",\"description\":\"\",\"potentialAction\":[{\"@type\":\"SearchAction\",\"target\":{\"@type\":\"EntryPoint\",\"urlTemplate\":\"https:\/\/www.avistahideawayphuketresort.com\/?s={search_term_string}\"},\"query-input\":{\"@type\":\"PropertyValueSpecification\",\"valueRequired\":true,\"valueName\":\"search_term_string\"}}],\"inLanguage\":\"de-DE\"}]}<\/script>\n<!-- \/ Yoast SEO plugin. -->","yoast_head_json":{"title":"Best Rooftop Restaurant in Patong | Sizzle Rooftop Restaurant Phuket","description":"Sizzle Rooftop Restaurant in Phuket by Avista Hideaway. Sizzle in Patong specializes in BBQ & grilled seafood- the best rooftop restaurant.","robots":{"index":"index","follow":"follow","max-snippet":"max-snippet:-1","max-image-preview":"max-image-preview:large","max-video-preview":"max-video-preview:-1"},"canonical":"https:\/\/www.avistahideawayphuketresort.com\/de\/best-restaurants-in-phuket-patong\/sizzle-rooftop-restaurant-phuket\/","og_locale":"de_DE","og_type":"article","og_title":"Best Rooftop Restaurant in Patong | Sizzle Rooftop Restaurant Phuket","og_description":"Sizzle Rooftop Restaurant in Phuket by Avista Hideaway. Sizzle in Patong specializes in BBQ & grilled seafood- the best rooftop restaurant.","og_url":"https:\/\/www.avistahideawayphuketresort.com\/de\/best-restaurants-in-phuket-patong\/sizzle-rooftop-restaurant-phuket\/","og_site_name":"Avista Hideaway Phuket Patong","article_modified_time":"2023-07-10T22:58:57+00:00","twitter_card":"summary_large_image","twitter_misc":{"Gesch\u00e4tzte Lesezeit":"1 Minute"},"schema":{"@context":"https:\/\/schema.org","@graph":[{"@type":"WebPage","@id":"https:\/\/www.avistahideawayphuketresort.com\/de\/best-restaurants-in-phuket-patong\/sizzle-rooftop-restaurant-phuket\/","url":"https:\/\/www.avistahideawayphuketresort.com\/de\/best-restaurants-in-phuket-patong\/sizzle-rooftop-restaurant-phuket\/","name":"Best Rooftop Restaurant in Patong | Sizzle Rooftop Restaurant Phuket","isPartOf":{"@id":"https:\/\/www.avistahideawayphuketresort.com\/#website"},"datePublished":"2023-05-10T03:25:12+00:00","dateModified":"2023-07-10T22:58:57+00:00","description":"Sizzle Rooftop Restaurant in Phuket by Avista Hideaway. Sizzle in Patong specializes in BBQ & grilled seafood- the best rooftop restaurant.","breadcrumb":{"@id":"https:\/\/www.avistahideawayphuketresort.com\/de\/best-restaurants-in-phuket-patong\/sizzle-rooftop-restaurant-phuket\/#breadcrumb"},"inLanguage":"de-DE","potentialAction":[{"@type":"ReadAction","target":["https:\/\/www.avistahideawayphuketresort.com\/de\/best-restaurants-in-phuket-patong\/sizzle-rooftop-restaurant-phuket\/"]}]},{"@type":"BreadcrumbList","@id":"https:\/\/www.avistahideawayphuketresort.com\/de\/best-restaurants-in-phuket-patong\/sizzle-rooftop-restaurant-phuket\/#breadcrumb","itemListElement":[{"@type":"ListItem","position":1,"name":"Home","item":"https:\/\/www.avistahideawayphuketresort.com\/de\/"},{"@type":"ListItem","position":2,"name":"Restaurants &#038; Bars","item":"https:\/\/www.avistahideawayphuketresort.com\/de\/best-restaurants-in-phuket-patong\/"},{"@type":"ListItem","position":3,"name":"SIZZLE ROOFTOP-RESTAURANT"}]},{"@type":"WebSite","@id":"https:\/\/www.avistahideawayphuketresort.com\/#website","url":"https:\/\/www.avistahideawayphuketresort.com\/","name":"Avista Hideaway Phuket Patong","description":"","potentialAction":[{"@type":"SearchAction","target":{"@type":"EntryPoint","urlTemplate":"https:\/\/www.avistahideawayphuketresort.com\/?s={search_term_string}"},"query-input":{"@type":"PropertyValueSpecification","valueRequired":true,"valueName":"search_term_string"}}],"inLanguage":"de-DE"}]}},"_links":{"self":[{"href":"https:\/\/www.avistahideawayphuketresort.com\/de\/wp-json\/wp\/v2\/pages\/962","targetHints":{"allow":["GET"]}}],"collection":[{"href":"https:\/\/www.avistahideawayphuketresort.com\/de\/wp-json\/wp\/v2\/pages"}],"about":[{"href":"https:\/\/www.avistahideawayphuketresort.com\/de\/wp-json\/wp\/v2\/types\/page"}],"author":[{"embeddable":true,"href":"https:\/\/www.avistahideawayphuketresort.com\/de\/wp-json\/wp\/v2\/users\/55"}],"replies":[{"embeddable":true,"href":"https:\/\/www.avistahideawayphuketresort.com\/de\/wp-json\/wp\/v2\/comments?post=962"}],"version-history":[{"count":0,"href":"https:\/\/www.avistahideawayphuketresort.com\/de\/wp-json\/wp\/v2\/pages\/962\/revisions"}],"up":[{"embeddable":true,"href":"https:\/\/www.avistahideawayphuketresort.com\/de\/wp-json\/wp\/v2\/pages\/958"}],"wp:attachment":[{"href":"https:\/\/www.avistahideawayphuketresort.com\/de\/wp-json\/wp\/v2\/media?parent=962"}],"wp:term":[{"taxonomy":"category","embeddable":true,"href":"https:\/\/www.avistahideawayphuketresort.com\/de\/wp-json\/wp\/v2\/categories?post=962"}],"curies":[{"name":"wp","href":"https:\/\/api.w.org\/{rel}","templated":true}]}}