{"id":965,"date":"2023-05-02T03:37:24","date_gmt":"2023-05-02T03:37:24","guid":{"rendered":"https:\/\/www.avistahideawayphuketresort.com\/best-restaurants-in-phuket-patong\/tambu-indian-restaurant-phuket\/"},"modified":"2023-07-10T23:02:53","modified_gmt":"2023-07-10T23:02:53","slug":"tambu-indian-restaurant-phuket","status":"publish","type":"page","link":"https:\/\/www.avistahideawayphuketresort.com\/de\/best-restaurants-in-phuket-patong\/tambu-indian-restaurant-phuket\/","title":{"rendered":"TAMBU PHUKET"},"content":{"rendered":"<p><span style=\"font-weight: 400;\">Erleben Sie Tambu, das brandneue indische Restaurant Phuket im <\/span><a href=\"https:\/\/www.avistahideawayphuketresort.com\/de\/\"><span style=\"font-weight: 400;\">Avista Hideaway Phuket Patong &#8211; MGallery<\/span><\/a><span style=\"font-weight: 400;\">, das sich in einem exquisiten Zelt auf dem Dach mit Blick auf die Bergw\u00e4lder und die Andamanensee befindet. Das neuartige Konzept des Restaurants, das fortschrittliche Holzkohle-K\u00fcche mit rauchigen, erdigen Aromen serviert, die \u00fcber gl\u00fchender Glut zubereitet werden, ist inspiriert von den \u00fcppigen Zeltpal\u00e4sten aus der Zeit der Mogul-Kaiser in Indien.<\/span><\/p>\n<h1 style=\"text-align: center;\"><\/h1>\n","protected":false},"excerpt":{"rendered":"<p>Erleben Sie Tambu, das brandneue indische Restaurant Phuket im Avista Hideaway Phuket Patong &#8211; MGallery, das sich in einem exquisiten Zelt auf dem Dach mit Blick auf die Bergw\u00e4lder und die Andamanensee befindet. Das neuartige Konzept des Restaurants, das fortschrittliche Holzkohle-K\u00fcche mit rauchigen, erdigen Aromen serviert, die \u00fcber gl\u00fchender Glut zubereitet werden, ist inspiriert von [&hellip;]<\/p>\n","protected":false},"author":55,"featured_media":0,"parent":958,"menu_order":2,"comment_status":"closed","ping_status":"closed","template":"template-restaurant.php","meta":{"footnotes":""},"categories":[37],"class_list":["post-965","page","type-page","status-publish","hentry","category-restaurants-de"],"acf":[],"yoast_head":"<!-- This site is optimized with the Yoast SEO plugin v26.9 - https:\/\/yoast.com\/product\/yoast-seo-wordpress\/ -->\n<title>Indian Restaurant Phuket | Tambu Indian Food | Avista Hideaway Phuket<\/title>\n<meta name=\"description\" content=\"Experience Progressive Charcoal Cuisine at Tambu Indian Restaurant in Phuket, Inspired by Mughal Tented Palaces. Best Indian food in Phuket.\" \/>\n<meta name=\"robots\" content=\"index, follow, max-snippet:-1, max-image-preview:large, max-video-preview:-1\" \/>\n<link rel=\"canonical\" href=\"https:\/\/www.avistahideawayphuketresort.com\/de\/best-restaurants-in-phuket-patong\/tambu-indian-restaurant-phuket\/\" \/>\n<meta property=\"og:locale\" content=\"de_DE\" \/>\n<meta property=\"og:type\" content=\"article\" \/>\n<meta property=\"og:title\" content=\"Indian Restaurant Phuket | Tambu Indian Food | Avista Hideaway Phuket\" \/>\n<meta property=\"og:description\" content=\"Experience Progressive Charcoal Cuisine at Tambu Indian Restaurant in Phuket, Inspired by Mughal Tented Palaces. Best Indian food in Phuket.\" \/>\n<meta property=\"og:url\" content=\"https:\/\/www.avistahideawayphuketresort.com\/de\/best-restaurants-in-phuket-patong\/tambu-indian-restaurant-phuket\/\" \/>\n<meta property=\"og:site_name\" content=\"Avista Hideaway Phuket Patong\" \/>\n<meta property=\"article:modified_time\" content=\"2023-07-10T23:02:53+00:00\" \/>\n<meta name=\"twitter:card\" content=\"summary_large_image\" \/>\n<meta name=\"twitter:label1\" content=\"Gesch\u00e4tzte Lesezeit\" \/>\n\t<meta name=\"twitter:data1\" content=\"1 Minute\" \/>\n<script type=\"application\/ld+json\" class=\"yoast-schema-graph\">{\"@context\":\"https:\/\/schema.org\",\"@graph\":[{\"@type\":\"WebPage\",\"@id\":\"https:\/\/www.avistahideawayphuketresort.com\/de\/best-restaurants-in-phuket-patong\/tambu-indian-restaurant-phuket\/\",\"url\":\"https:\/\/www.avistahideawayphuketresort.com\/de\/best-restaurants-in-phuket-patong\/tambu-indian-restaurant-phuket\/\",\"name\":\"Indian Restaurant Phuket | Tambu Indian Food | Avista Hideaway Phuket\",\"isPartOf\":{\"@id\":\"https:\/\/www.avistahideawayphuketresort.com\/#website\"},\"datePublished\":\"2023-05-02T03:37:24+00:00\",\"dateModified\":\"2023-07-10T23:02:53+00:00\",\"description\":\"Experience Progressive Charcoal Cuisine at Tambu Indian Restaurant in Phuket, Inspired by Mughal Tented Palaces. Best Indian food in Phuket.\",\"breadcrumb\":{\"@id\":\"https:\/\/www.avistahideawayphuketresort.com\/de\/best-restaurants-in-phuket-patong\/tambu-indian-restaurant-phuket\/#breadcrumb\"},\"inLanguage\":\"de-DE\",\"potentialAction\":[{\"@type\":\"ReadAction\",\"target\":[\"https:\/\/www.avistahideawayphuketresort.com\/de\/best-restaurants-in-phuket-patong\/tambu-indian-restaurant-phuket\/\"]}]},{\"@type\":\"BreadcrumbList\",\"@id\":\"https:\/\/www.avistahideawayphuketresort.com\/de\/best-restaurants-in-phuket-patong\/tambu-indian-restaurant-phuket\/#breadcrumb\",\"itemListElement\":[{\"@type\":\"ListItem\",\"position\":1,\"name\":\"Home\",\"item\":\"https:\/\/www.avistahideawayphuketresort.com\/de\/\"},{\"@type\":\"ListItem\",\"position\":2,\"name\":\"Restaurants &#038; Bars\",\"item\":\"https:\/\/www.avistahideawayphuketresort.com\/de\/best-restaurants-in-phuket-patong\/\"},{\"@type\":\"ListItem\",\"position\":3,\"name\":\"TAMBU PHUKET\"}]},{\"@type\":\"WebSite\",\"@id\":\"https:\/\/www.avistahideawayphuketresort.com\/#website\",\"url\":\"https:\/\/www.avistahideawayphuketresort.com\/\",\"name\":\"Avista Hideaway Phuket Patong\",\"description\":\"\",\"potentialAction\":[{\"@type\":\"SearchAction\",\"target\":{\"@type\":\"EntryPoint\",\"urlTemplate\":\"https:\/\/www.avistahideawayphuketresort.com\/?s={search_term_string}\"},\"query-input\":{\"@type\":\"PropertyValueSpecification\",\"valueRequired\":true,\"valueName\":\"search_term_string\"}}],\"inLanguage\":\"de-DE\"}]}<\/script>\n<!-- \/ Yoast SEO plugin. -->","yoast_head_json":{"title":"Indian Restaurant Phuket | Tambu Indian Food | Avista Hideaway Phuket","description":"Experience Progressive Charcoal Cuisine at Tambu Indian Restaurant in Phuket, Inspired by Mughal Tented Palaces. Best Indian food in Phuket.","robots":{"index":"index","follow":"follow","max-snippet":"max-snippet:-1","max-image-preview":"max-image-preview:large","max-video-preview":"max-video-preview:-1"},"canonical":"https:\/\/www.avistahideawayphuketresort.com\/de\/best-restaurants-in-phuket-patong\/tambu-indian-restaurant-phuket\/","og_locale":"de_DE","og_type":"article","og_title":"Indian Restaurant Phuket | Tambu Indian Food | Avista Hideaway Phuket","og_description":"Experience Progressive Charcoal Cuisine at Tambu Indian Restaurant in Phuket, Inspired by Mughal Tented Palaces. Best Indian food in Phuket.","og_url":"https:\/\/www.avistahideawayphuketresort.com\/de\/best-restaurants-in-phuket-patong\/tambu-indian-restaurant-phuket\/","og_site_name":"Avista Hideaway Phuket Patong","article_modified_time":"2023-07-10T23:02:53+00:00","twitter_card":"summary_large_image","twitter_misc":{"Gesch\u00e4tzte Lesezeit":"1 Minute"},"schema":{"@context":"https:\/\/schema.org","@graph":[{"@type":"WebPage","@id":"https:\/\/www.avistahideawayphuketresort.com\/de\/best-restaurants-in-phuket-patong\/tambu-indian-restaurant-phuket\/","url":"https:\/\/www.avistahideawayphuketresort.com\/de\/best-restaurants-in-phuket-patong\/tambu-indian-restaurant-phuket\/","name":"Indian Restaurant Phuket | Tambu Indian Food | Avista Hideaway Phuket","isPartOf":{"@id":"https:\/\/www.avistahideawayphuketresort.com\/#website"},"datePublished":"2023-05-02T03:37:24+00:00","dateModified":"2023-07-10T23:02:53+00:00","description":"Experience Progressive Charcoal Cuisine at Tambu Indian Restaurant in Phuket, Inspired by Mughal Tented Palaces. Best Indian food in Phuket.","breadcrumb":{"@id":"https:\/\/www.avistahideawayphuketresort.com\/de\/best-restaurants-in-phuket-patong\/tambu-indian-restaurant-phuket\/#breadcrumb"},"inLanguage":"de-DE","potentialAction":[{"@type":"ReadAction","target":["https:\/\/www.avistahideawayphuketresort.com\/de\/best-restaurants-in-phuket-patong\/tambu-indian-restaurant-phuket\/"]}]},{"@type":"BreadcrumbList","@id":"https:\/\/www.avistahideawayphuketresort.com\/de\/best-restaurants-in-phuket-patong\/tambu-indian-restaurant-phuket\/#breadcrumb","itemListElement":[{"@type":"ListItem","position":1,"name":"Home","item":"https:\/\/www.avistahideawayphuketresort.com\/de\/"},{"@type":"ListItem","position":2,"name":"Restaurants &#038; Bars","item":"https:\/\/www.avistahideawayphuketresort.com\/de\/best-restaurants-in-phuket-patong\/"},{"@type":"ListItem","position":3,"name":"TAMBU PHUKET"}]},{"@type":"WebSite","@id":"https:\/\/www.avistahideawayphuketresort.com\/#website","url":"https:\/\/www.avistahideawayphuketresort.com\/","name":"Avista Hideaway Phuket Patong","description":"","potentialAction":[{"@type":"SearchAction","target":{"@type":"EntryPoint","urlTemplate":"https:\/\/www.avistahideawayphuketresort.com\/?s={search_term_string}"},"query-input":{"@type":"PropertyValueSpecification","valueRequired":true,"valueName":"search_term_string"}}],"inLanguage":"de-DE"}]}},"_links":{"self":[{"href":"https:\/\/www.avistahideawayphuketresort.com\/de\/wp-json\/wp\/v2\/pages\/965","targetHints":{"allow":["GET"]}}],"collection":[{"href":"https:\/\/www.avistahideawayphuketresort.com\/de\/wp-json\/wp\/v2\/pages"}],"about":[{"href":"https:\/\/www.avistahideawayphuketresort.com\/de\/wp-json\/wp\/v2\/types\/page"}],"author":[{"embeddable":true,"href":"https:\/\/www.avistahideawayphuketresort.com\/de\/wp-json\/wp\/v2\/users\/55"}],"replies":[{"embeddable":true,"href":"https:\/\/www.avistahideawayphuketresort.com\/de\/wp-json\/wp\/v2\/comments?post=965"}],"version-history":[{"count":0,"href":"https:\/\/www.avistahideawayphuketresort.com\/de\/wp-json\/wp\/v2\/pages\/965\/revisions"}],"up":[{"embeddable":true,"href":"https:\/\/www.avistahideawayphuketresort.com\/de\/wp-json\/wp\/v2\/pages\/958"}],"wp:attachment":[{"href":"https:\/\/www.avistahideawayphuketresort.com\/de\/wp-json\/wp\/v2\/media?parent=965"}],"wp:term":[{"taxonomy":"category","embeddable":true,"href":"https:\/\/www.avistahideawayphuketresort.com\/de\/wp-json\/wp\/v2\/categories?post=965"}],"curies":[{"name":"wp","href":"https:\/\/api.w.org\/{rel}","templated":true}]}}