{"id":968,"date":"2023-05-02T04:00:37","date_gmt":"2023-05-02T04:00:37","guid":{"rendered":"https:\/\/www.avistahideawayphuketresort.com\/best-restaurants-in-phuket-patong\/vista\/"},"modified":"2023-07-10T23:09:10","modified_gmt":"2023-07-10T23:09:10","slug":"vista","status":"publish","type":"page","link":"https:\/\/www.avistahideawayphuketresort.com\/de\/best-restaurants-in-phuket-patong\/vista\/","title":{"rendered":"RESTAURANT &#8222;VISTA"},"content":{"rendered":"<p style=\"text-align: center;\"><span style=\"font-weight: 400;\">Dieses <\/span><b>Top-Restaurant in Patong, Phuket, <\/b><span style=\"font-weight: 400;\">besticht durch seine elegante Innenausstattung mit surrealem Ambiente und reichhaltiger Bestuhlung. Die W\u00e4nde schimmern und funkeln in der aquamarinfarbenen Beleuchtung des Vista-Speisesaals. Licht schafft Atmosph\u00e4re und das Gef\u00fchl eines Ortes, aber auch den Ausdruck einer Struktur. Erleben Sie die Opulenz und die gastronomischen K\u00f6stlichkeiten, die Ihre Geschmacksknospen mit Sicherheit verf\u00fchren werden<\/span><\/p>\n","protected":false},"excerpt":{"rendered":"<p>Dieses Top-Restaurant in Patong, Phuket, besticht durch seine elegante Innenausstattung mit surrealem Ambiente und reichhaltiger Bestuhlung. Die W\u00e4nde schimmern und funkeln in der aquamarinfarbenen Beleuchtung des Vista-Speisesaals. Licht schafft Atmosph\u00e4re und das Gef\u00fchl eines Ortes, aber auch den Ausdruck einer Struktur. Erleben Sie die Opulenz und die gastronomischen K\u00f6stlichkeiten, die Ihre Geschmacksknospen mit Sicherheit verf\u00fchren [&hellip;]<\/p>\n","protected":false},"author":55,"featured_media":0,"parent":958,"menu_order":3,"comment_status":"closed","ping_status":"closed","template":"template-restaurant.php","meta":{"footnotes":""},"categories":[37],"class_list":["post-968","page","type-page","status-publish","hentry","category-restaurants-de"],"acf":[],"yoast_head":"<!-- This site is optimized with the Yoast SEO plugin v26.9 - https:\/\/yoast.com\/product\/yoast-seo-wordpress\/ -->\n<title>Phuket Restaurant | Vista Buffet Restaurant | Avista Hideaway<\/title>\n<meta name=\"description\" content=\"Vista Phuket restaurant is a multicuisine speciality restaurant. Experience the best buffet meals with a hill &amp; sea view at Avista Hideaway Patong.\" \/>\n<meta name=\"robots\" content=\"index, follow, max-snippet:-1, max-image-preview:large, max-video-preview:-1\" \/>\n<link rel=\"canonical\" href=\"https:\/\/www.avistahideawayphuketresort.com\/de\/best-restaurants-in-phuket-patong\/vista\/\" \/>\n<meta property=\"og:locale\" content=\"de_DE\" \/>\n<meta property=\"og:type\" content=\"article\" \/>\n<meta property=\"og:title\" content=\"Phuket Restaurant | Vista Buffet Restaurant | Avista Hideaway\" \/>\n<meta property=\"og:description\" content=\"Vista Phuket restaurant is a multicuisine speciality restaurant. Experience the best buffet meals with a hill &amp; sea view at Avista Hideaway Patong.\" \/>\n<meta property=\"og:url\" content=\"https:\/\/www.avistahideawayphuketresort.com\/de\/best-restaurants-in-phuket-patong\/vista\/\" \/>\n<meta property=\"og:site_name\" content=\"Avista Hideaway Phuket Patong\" \/>\n<meta property=\"article:modified_time\" content=\"2023-07-10T23:09:10+00:00\" \/>\n<meta name=\"twitter:card\" content=\"summary_large_image\" \/>\n<meta name=\"twitter:label1\" content=\"Gesch\u00e4tzte Lesezeit\" \/>\n\t<meta name=\"twitter:data1\" content=\"1 Minute\" \/>\n<script type=\"application\/ld+json\" class=\"yoast-schema-graph\">{\"@context\":\"https:\/\/schema.org\",\"@graph\":[{\"@type\":\"WebPage\",\"@id\":\"https:\/\/www.avistahideawayphuketresort.com\/de\/best-restaurants-in-phuket-patong\/vista\/\",\"url\":\"https:\/\/www.avistahideawayphuketresort.com\/de\/best-restaurants-in-phuket-patong\/vista\/\",\"name\":\"Phuket Restaurant | Vista Buffet Restaurant | Avista Hideaway\",\"isPartOf\":{\"@id\":\"https:\/\/www.avistahideawayphuketresort.com\/#website\"},\"datePublished\":\"2023-05-02T04:00:37+00:00\",\"dateModified\":\"2023-07-10T23:09:10+00:00\",\"description\":\"Vista Phuket restaurant is a multicuisine speciality restaurant. Experience the best buffet meals with a hill & sea view at Avista Hideaway Patong.\",\"breadcrumb\":{\"@id\":\"https:\/\/www.avistahideawayphuketresort.com\/de\/best-restaurants-in-phuket-patong\/vista\/#breadcrumb\"},\"inLanguage\":\"de-DE\",\"potentialAction\":[{\"@type\":\"ReadAction\",\"target\":[\"https:\/\/www.avistahideawayphuketresort.com\/de\/best-restaurants-in-phuket-patong\/vista\/\"]}]},{\"@type\":\"BreadcrumbList\",\"@id\":\"https:\/\/www.avistahideawayphuketresort.com\/de\/best-restaurants-in-phuket-patong\/vista\/#breadcrumb\",\"itemListElement\":[{\"@type\":\"ListItem\",\"position\":1,\"name\":\"Home\",\"item\":\"https:\/\/www.avistahideawayphuketresort.com\/de\/\"},{\"@type\":\"ListItem\",\"position\":2,\"name\":\"Restaurants &#038; Bars\",\"item\":\"https:\/\/www.avistahideawayphuketresort.com\/de\/best-restaurants-in-phuket-patong\/\"},{\"@type\":\"ListItem\",\"position\":3,\"name\":\"RESTAURANT &#8220;VISTA\"}]},{\"@type\":\"WebSite\",\"@id\":\"https:\/\/www.avistahideawayphuketresort.com\/#website\",\"url\":\"https:\/\/www.avistahideawayphuketresort.com\/\",\"name\":\"Avista Hideaway Phuket Patong\",\"description\":\"\",\"potentialAction\":[{\"@type\":\"SearchAction\",\"target\":{\"@type\":\"EntryPoint\",\"urlTemplate\":\"https:\/\/www.avistahideawayphuketresort.com\/?s={search_term_string}\"},\"query-input\":{\"@type\":\"PropertyValueSpecification\",\"valueRequired\":true,\"valueName\":\"search_term_string\"}}],\"inLanguage\":\"de-DE\"}]}<\/script>\n<!-- \/ Yoast SEO plugin. -->","yoast_head_json":{"title":"Phuket Restaurant | Vista Buffet Restaurant | Avista Hideaway","description":"Vista Phuket restaurant is a multicuisine speciality restaurant. Experience the best buffet meals with a hill & sea view at Avista Hideaway Patong.","robots":{"index":"index","follow":"follow","max-snippet":"max-snippet:-1","max-image-preview":"max-image-preview:large","max-video-preview":"max-video-preview:-1"},"canonical":"https:\/\/www.avistahideawayphuketresort.com\/de\/best-restaurants-in-phuket-patong\/vista\/","og_locale":"de_DE","og_type":"article","og_title":"Phuket Restaurant | Vista Buffet Restaurant | Avista Hideaway","og_description":"Vista Phuket restaurant is a multicuisine speciality restaurant. Experience the best buffet meals with a hill & sea view at Avista Hideaway Patong.","og_url":"https:\/\/www.avistahideawayphuketresort.com\/de\/best-restaurants-in-phuket-patong\/vista\/","og_site_name":"Avista Hideaway Phuket Patong","article_modified_time":"2023-07-10T23:09:10+00:00","twitter_card":"summary_large_image","twitter_misc":{"Gesch\u00e4tzte Lesezeit":"1 Minute"},"schema":{"@context":"https:\/\/schema.org","@graph":[{"@type":"WebPage","@id":"https:\/\/www.avistahideawayphuketresort.com\/de\/best-restaurants-in-phuket-patong\/vista\/","url":"https:\/\/www.avistahideawayphuketresort.com\/de\/best-restaurants-in-phuket-patong\/vista\/","name":"Phuket Restaurant | Vista Buffet Restaurant | Avista Hideaway","isPartOf":{"@id":"https:\/\/www.avistahideawayphuketresort.com\/#website"},"datePublished":"2023-05-02T04:00:37+00:00","dateModified":"2023-07-10T23:09:10+00:00","description":"Vista Phuket restaurant is a multicuisine speciality restaurant. Experience the best buffet meals with a hill & sea view at Avista Hideaway Patong.","breadcrumb":{"@id":"https:\/\/www.avistahideawayphuketresort.com\/de\/best-restaurants-in-phuket-patong\/vista\/#breadcrumb"},"inLanguage":"de-DE","potentialAction":[{"@type":"ReadAction","target":["https:\/\/www.avistahideawayphuketresort.com\/de\/best-restaurants-in-phuket-patong\/vista\/"]}]},{"@type":"BreadcrumbList","@id":"https:\/\/www.avistahideawayphuketresort.com\/de\/best-restaurants-in-phuket-patong\/vista\/#breadcrumb","itemListElement":[{"@type":"ListItem","position":1,"name":"Home","item":"https:\/\/www.avistahideawayphuketresort.com\/de\/"},{"@type":"ListItem","position":2,"name":"Restaurants &#038; Bars","item":"https:\/\/www.avistahideawayphuketresort.com\/de\/best-restaurants-in-phuket-patong\/"},{"@type":"ListItem","position":3,"name":"RESTAURANT &#8220;VISTA"}]},{"@type":"WebSite","@id":"https:\/\/www.avistahideawayphuketresort.com\/#website","url":"https:\/\/www.avistahideawayphuketresort.com\/","name":"Avista Hideaway Phuket Patong","description":"","potentialAction":[{"@type":"SearchAction","target":{"@type":"EntryPoint","urlTemplate":"https:\/\/www.avistahideawayphuketresort.com\/?s={search_term_string}"},"query-input":{"@type":"PropertyValueSpecification","valueRequired":true,"valueName":"search_term_string"}}],"inLanguage":"de-DE"}]}},"_links":{"self":[{"href":"https:\/\/www.avistahideawayphuketresort.com\/de\/wp-json\/wp\/v2\/pages\/968","targetHints":{"allow":["GET"]}}],"collection":[{"href":"https:\/\/www.avistahideawayphuketresort.com\/de\/wp-json\/wp\/v2\/pages"}],"about":[{"href":"https:\/\/www.avistahideawayphuketresort.com\/de\/wp-json\/wp\/v2\/types\/page"}],"author":[{"embeddable":true,"href":"https:\/\/www.avistahideawayphuketresort.com\/de\/wp-json\/wp\/v2\/users\/55"}],"replies":[{"embeddable":true,"href":"https:\/\/www.avistahideawayphuketresort.com\/de\/wp-json\/wp\/v2\/comments?post=968"}],"version-history":[{"count":0,"href":"https:\/\/www.avistahideawayphuketresort.com\/de\/wp-json\/wp\/v2\/pages\/968\/revisions"}],"up":[{"embeddable":true,"href":"https:\/\/www.avistahideawayphuketresort.com\/de\/wp-json\/wp\/v2\/pages\/958"}],"wp:attachment":[{"href":"https:\/\/www.avistahideawayphuketresort.com\/de\/wp-json\/wp\/v2\/media?parent=968"}],"wp:term":[{"taxonomy":"category","embeddable":true,"href":"https:\/\/www.avistahideawayphuketresort.com\/de\/wp-json\/wp\/v2\/categories?post=968"}],"curies":[{"name":"wp","href":"https:\/\/api.w.org\/{rel}","templated":true}]}}