{"id":972,"date":"2023-05-02T04:16:36","date_gmt":"2023-05-02T04:16:36","guid":{"rendered":"https:\/\/www.avistahideawayphuketresort.com\/best-restaurants-in-phuket-patong\/chiva-pool-bar-phuket\/"},"modified":"2023-07-10T23:10:33","modified_gmt":"2023-07-10T23:10:33","slug":"chiva-pool-bar-phuket","status":"publish","type":"page","link":"https:\/\/www.avistahideawayphuketresort.com\/de\/best-restaurants-in-phuket-patong\/chiva-pool-bar-phuket\/","title":{"rendered":"CHIVA POOL BAR"},"content":{"rendered":"<p style=\"text-align: center;\"><span style=\"font-weight: 400;\">Entspannen Sie sich am Pool mit ruhiger Aussicht und einem Drink in der Hand an gleich <\/span><a href=\"https:\/\/www.avistahideawayphuketresort.com\/de\/phuket-spa-wellness\/swimming-pools\/\"><span style=\"font-weight: 400;\">drei Swim-up-Bars<\/span><\/a><span style=\"font-weight: 400;\">, die je nach Lust und Laune eine andere luxuri\u00f6se Stimmung verbreiten und die Entspannung an der Poolbar auf ein neues Niveau heben. Die Haupt-Poolbar des <\/span><span style=\"font-weight: 400;\">Chiva <\/span><span style=\"font-weight: 400;\">bietet eine fantastische Kulisse f\u00fcr den Infinity-Pool in den Bergen und ein familienfreundliches Ambiente mit Spa\u00df in der Sonne. Der Kinderclub befindet sich gleich dahinter, so dass die Kleinen selbst f\u00fcr Unterhaltung sorgen k\u00f6nnen. Das <\/span><span style=\"font-weight: 400;\">Chiva <\/span><span style=\"font-weight: 400;\">Riverside dient der Riverside-Poolgemeinschaft und hat eine etwas exklusivere Atmosph\u00e4re. Eine entspannte Atmosph\u00e4re nur f\u00fcr Erwachsene herrscht im <\/span><span style=\"font-weight: 400;\">Chiva <\/span><span style=\"font-weight: 400;\">Hillside, wo der onyxschwarze Pool Gelassenheit und Ruhe ausstrahlt.<\/span><\/p>\n<p style=\"text-align: center;\">Die gehobene Version der Poolbar-Speisekarte bietet eine nahrhafte Auswahl an Krispy Kravings, leichten Snacks, Sandwiches und Leckereien am Pool sowie gek\u00fchlte und gefrorene Cocktails und Mocktails, erfrischende tropische S\u00e4fte und Smoothies, cremige Milchshakes und Lassies, eiskalte Biere und erfrischende Eistees und Kaffees.<\/p>\n","protected":false},"excerpt":{"rendered":"<p>Entspannen Sie sich am Pool mit ruhiger Aussicht und einem Drink in der Hand an gleich drei Swim-up-Bars, die je nach Lust und Laune eine andere luxuri\u00f6se Stimmung verbreiten und die Entspannung an der Poolbar auf ein neues Niveau heben. Die Haupt-Poolbar des Chiva bietet eine fantastische Kulisse f\u00fcr den Infinity-Pool in den Bergen und [&hellip;]<\/p>\n","protected":false},"author":55,"featured_media":0,"parent":958,"menu_order":4,"comment_status":"closed","ping_status":"closed","template":"template-restaurant.php","meta":{"footnotes":""},"categories":[39],"class_list":["post-972","page","type-page","status-publish","hentry","category-bar-de"],"acf":[],"yoast_head":"<!-- This site is optimized with the Yoast SEO plugin v26.9 - https:\/\/yoast.com\/product\/yoast-seo-wordpress\/ -->\n<title>Chiva Pool Bar | Avista Hideaway Phuket Patong - MGallery<\/title>\n<meta name=\"description\" content=\"Refresh yourself by the pool and enjoy the delicious selection of food and drinks! Laze the day away at Chiva Pool Bar @ Avista Hideaway Phuket Patong.\" \/>\n<meta name=\"robots\" content=\"index, follow, max-snippet:-1, max-image-preview:large, max-video-preview:-1\" \/>\n<link rel=\"canonical\" href=\"https:\/\/www.avistahideawayphuketresort.com\/de\/best-restaurants-in-phuket-patong\/chiva-pool-bar-phuket\/\" \/>\n<meta property=\"og:locale\" content=\"de_DE\" \/>\n<meta property=\"og:type\" content=\"article\" \/>\n<meta property=\"og:title\" content=\"Chiva Pool Bar | Avista Hideaway Phuket Patong - MGallery\" \/>\n<meta property=\"og:description\" content=\"Refresh yourself by the pool and enjoy the delicious selection of food and drinks! Laze the day away at Chiva Pool Bar @ Avista Hideaway Phuket Patong.\" \/>\n<meta property=\"og:url\" content=\"https:\/\/www.avistahideawayphuketresort.com\/de\/best-restaurants-in-phuket-patong\/chiva-pool-bar-phuket\/\" \/>\n<meta property=\"og:site_name\" content=\"Avista Hideaway Phuket Patong\" \/>\n<meta property=\"article:modified_time\" content=\"2023-07-10T23:10:33+00:00\" \/>\n<meta name=\"twitter:card\" content=\"summary_large_image\" \/>\n<meta name=\"twitter:label1\" content=\"Gesch\u00e4tzte Lesezeit\" \/>\n\t<meta name=\"twitter:data1\" content=\"1 Minute\" \/>\n<script type=\"application\/ld+json\" class=\"yoast-schema-graph\">{\"@context\":\"https:\/\/schema.org\",\"@graph\":[{\"@type\":\"WebPage\",\"@id\":\"https:\/\/www.avistahideawayphuketresort.com\/de\/best-restaurants-in-phuket-patong\/chiva-pool-bar-phuket\/\",\"url\":\"https:\/\/www.avistahideawayphuketresort.com\/de\/best-restaurants-in-phuket-patong\/chiva-pool-bar-phuket\/\",\"name\":\"Chiva Pool Bar | Avista Hideaway Phuket Patong - MGallery\",\"isPartOf\":{\"@id\":\"https:\/\/www.avistahideawayphuketresort.com\/#website\"},\"datePublished\":\"2023-05-02T04:16:36+00:00\",\"dateModified\":\"2023-07-10T23:10:33+00:00\",\"description\":\"Refresh yourself by the pool and enjoy the delicious selection of food and drinks! Laze the day away at Chiva Pool Bar @ Avista Hideaway Phuket Patong.\",\"breadcrumb\":{\"@id\":\"https:\/\/www.avistahideawayphuketresort.com\/de\/best-restaurants-in-phuket-patong\/chiva-pool-bar-phuket\/#breadcrumb\"},\"inLanguage\":\"de-DE\",\"potentialAction\":[{\"@type\":\"ReadAction\",\"target\":[\"https:\/\/www.avistahideawayphuketresort.com\/de\/best-restaurants-in-phuket-patong\/chiva-pool-bar-phuket\/\"]}]},{\"@type\":\"BreadcrumbList\",\"@id\":\"https:\/\/www.avistahideawayphuketresort.com\/de\/best-restaurants-in-phuket-patong\/chiva-pool-bar-phuket\/#breadcrumb\",\"itemListElement\":[{\"@type\":\"ListItem\",\"position\":1,\"name\":\"Home\",\"item\":\"https:\/\/www.avistahideawayphuketresort.com\/de\/\"},{\"@type\":\"ListItem\",\"position\":2,\"name\":\"Restaurants &#038; Bars\",\"item\":\"https:\/\/www.avistahideawayphuketresort.com\/de\/best-restaurants-in-phuket-patong\/\"},{\"@type\":\"ListItem\",\"position\":3,\"name\":\"CHIVA POOL BAR\"}]},{\"@type\":\"WebSite\",\"@id\":\"https:\/\/www.avistahideawayphuketresort.com\/#website\",\"url\":\"https:\/\/www.avistahideawayphuketresort.com\/\",\"name\":\"Avista Hideaway Phuket Patong\",\"description\":\"\",\"potentialAction\":[{\"@type\":\"SearchAction\",\"target\":{\"@type\":\"EntryPoint\",\"urlTemplate\":\"https:\/\/www.avistahideawayphuketresort.com\/?s={search_term_string}\"},\"query-input\":{\"@type\":\"PropertyValueSpecification\",\"valueRequired\":true,\"valueName\":\"search_term_string\"}}],\"inLanguage\":\"de-DE\"}]}<\/script>\n<!-- \/ Yoast SEO plugin. -->","yoast_head_json":{"title":"Chiva Pool Bar | Avista Hideaway Phuket Patong - MGallery","description":"Refresh yourself by the pool and enjoy the delicious selection of food and drinks! Laze the day away at Chiva Pool Bar @ Avista Hideaway Phuket Patong.","robots":{"index":"index","follow":"follow","max-snippet":"max-snippet:-1","max-image-preview":"max-image-preview:large","max-video-preview":"max-video-preview:-1"},"canonical":"https:\/\/www.avistahideawayphuketresort.com\/de\/best-restaurants-in-phuket-patong\/chiva-pool-bar-phuket\/","og_locale":"de_DE","og_type":"article","og_title":"Chiva Pool Bar | Avista Hideaway Phuket Patong - MGallery","og_description":"Refresh yourself by the pool and enjoy the delicious selection of food and drinks! Laze the day away at Chiva Pool Bar @ Avista Hideaway Phuket Patong.","og_url":"https:\/\/www.avistahideawayphuketresort.com\/de\/best-restaurants-in-phuket-patong\/chiva-pool-bar-phuket\/","og_site_name":"Avista Hideaway Phuket Patong","article_modified_time":"2023-07-10T23:10:33+00:00","twitter_card":"summary_large_image","twitter_misc":{"Gesch\u00e4tzte Lesezeit":"1 Minute"},"schema":{"@context":"https:\/\/schema.org","@graph":[{"@type":"WebPage","@id":"https:\/\/www.avistahideawayphuketresort.com\/de\/best-restaurants-in-phuket-patong\/chiva-pool-bar-phuket\/","url":"https:\/\/www.avistahideawayphuketresort.com\/de\/best-restaurants-in-phuket-patong\/chiva-pool-bar-phuket\/","name":"Chiva Pool Bar | Avista Hideaway Phuket Patong - MGallery","isPartOf":{"@id":"https:\/\/www.avistahideawayphuketresort.com\/#website"},"datePublished":"2023-05-02T04:16:36+00:00","dateModified":"2023-07-10T23:10:33+00:00","description":"Refresh yourself by the pool and enjoy the delicious selection of food and drinks! Laze the day away at Chiva Pool Bar @ Avista Hideaway Phuket Patong.","breadcrumb":{"@id":"https:\/\/www.avistahideawayphuketresort.com\/de\/best-restaurants-in-phuket-patong\/chiva-pool-bar-phuket\/#breadcrumb"},"inLanguage":"de-DE","potentialAction":[{"@type":"ReadAction","target":["https:\/\/www.avistahideawayphuketresort.com\/de\/best-restaurants-in-phuket-patong\/chiva-pool-bar-phuket\/"]}]},{"@type":"BreadcrumbList","@id":"https:\/\/www.avistahideawayphuketresort.com\/de\/best-restaurants-in-phuket-patong\/chiva-pool-bar-phuket\/#breadcrumb","itemListElement":[{"@type":"ListItem","position":1,"name":"Home","item":"https:\/\/www.avistahideawayphuketresort.com\/de\/"},{"@type":"ListItem","position":2,"name":"Restaurants &#038; Bars","item":"https:\/\/www.avistahideawayphuketresort.com\/de\/best-restaurants-in-phuket-patong\/"},{"@type":"ListItem","position":3,"name":"CHIVA POOL BAR"}]},{"@type":"WebSite","@id":"https:\/\/www.avistahideawayphuketresort.com\/#website","url":"https:\/\/www.avistahideawayphuketresort.com\/","name":"Avista Hideaway Phuket Patong","description":"","potentialAction":[{"@type":"SearchAction","target":{"@type":"EntryPoint","urlTemplate":"https:\/\/www.avistahideawayphuketresort.com\/?s={search_term_string}"},"query-input":{"@type":"PropertyValueSpecification","valueRequired":true,"valueName":"search_term_string"}}],"inLanguage":"de-DE"}]}},"_links":{"self":[{"href":"https:\/\/www.avistahideawayphuketresort.com\/de\/wp-json\/wp\/v2\/pages\/972","targetHints":{"allow":["GET"]}}],"collection":[{"href":"https:\/\/www.avistahideawayphuketresort.com\/de\/wp-json\/wp\/v2\/pages"}],"about":[{"href":"https:\/\/www.avistahideawayphuketresort.com\/de\/wp-json\/wp\/v2\/types\/page"}],"author":[{"embeddable":true,"href":"https:\/\/www.avistahideawayphuketresort.com\/de\/wp-json\/wp\/v2\/users\/55"}],"replies":[{"embeddable":true,"href":"https:\/\/www.avistahideawayphuketresort.com\/de\/wp-json\/wp\/v2\/comments?post=972"}],"version-history":[{"count":0,"href":"https:\/\/www.avistahideawayphuketresort.com\/de\/wp-json\/wp\/v2\/pages\/972\/revisions"}],"up":[{"embeddable":true,"href":"https:\/\/www.avistahideawayphuketresort.com\/de\/wp-json\/wp\/v2\/pages\/958"}],"wp:attachment":[{"href":"https:\/\/www.avistahideawayphuketresort.com\/de\/wp-json\/wp\/v2\/media?parent=972"}],"wp:term":[{"taxonomy":"category","embeddable":true,"href":"https:\/\/www.avistahideawayphuketresort.com\/de\/wp-json\/wp\/v2\/categories?post=972"}],"curies":[{"name":"wp","href":"https:\/\/api.w.org\/{rel}","templated":true}]}}