{"id":984,"date":"2023-05-02T04:21:53","date_gmt":"2023-05-02T04:21:53","guid":{"rendered":"https:\/\/www.avistahideawayphuketresort.com\/best-restaurants-in-phuket-patong\/rendez-vue-bar\/"},"modified":"2023-07-10T23:15:59","modified_gmt":"2023-07-10T23:15:59","slug":"rendez-vue-bar","status":"publish","type":"page","link":"https:\/\/www.avistahideawayphuketresort.com\/de\/best-restaurants-in-phuket-patong\/rendez-vue-bar\/","title":{"rendered":"Rendez-Vue Terrassen-Bar"},"content":{"rendered":"<p style=\"text-align: center;\"><span style=\"font-weight: 400;\">Ein Ort, an dem die Zeit stillsteht und T\u00eate-\u00e0-T\u00eates mit kostbaren Momenten gebraut werden. Die Rendez-Vue Rooftop Bar befindet sich an der besten Stelle zum Sonnenuntergang im <\/span><a href=\"https:\/\/www.avistahideawayphuketresort.com\/de\"><b>Avista Hideaway Phuket Patong<\/b><\/a><span style=\"font-weight: 400;\">. Wenn die wirbelnden Farben des Himmels eine lebendige Kulisse f\u00fcr einen weiten Blick \u00fcber Phuket bilden. Abseits des chaotischen L\u00e4rms liegt dieser Ort im Scho\u00df der Natur, der das Beste aus beiden Welten, der vom Menschen geschaffenen und der Natur, f\u00fcr Sie bereith\u00e4lt<\/span><\/p>\n<p style=\"text-align: center;\">Genie\u00dfen Sie die Happy Hours, schl\u00fcrfen Sie Cocktails und erfreuen Sie sich an neu aufgelegten Pub-Klassikern, w\u00e4hrend sich das Spektakel vor Ihnen entfaltet. Dar\u00fcber hinaus herrscht an der Bar eine gem\u00fctliche und intime Atmosph\u00e4re. Ledersessel und wundersch\u00f6n gearbeitete Holzm\u00f6bel verleihen dem Lokal eine gem\u00fctliche, anspruchsvolle Atmosph\u00e4re. Die goldene Stunde des Sonnenuntergangs macht diesen Ort zu einem Ort der Ruhe, zu einem herrlichen Genuss f\u00fcr die Augen.<\/p>\n<p style=\"text-align: center;\"><span style=\"font-weight: 400;\">Wir sind der festen \u00dcberzeugung, dass Getr\u00e4nke und Speisen besser schmecken, wenn Sie unsere <\/span><a href=\"https:\/\/www.avistahideawayphuketresort.com\/de\/hotel-deals-in-phuket-promotions\/\"><b>Angebote<\/b><\/a><span style=\"font-weight: 400;\"> mit Freunden und im Gespr\u00e4ch genie\u00dfen. Das Zusammenspiel von elegantem Ambiente mit dezenter Beleuchtung, heiterer Atmosph\u00e4re und erstklassigem Service hat diesen Ort zu einem beliebten Treffpunkt gemacht. Ein Ort mit eigenwilligen Speisen und Getr\u00e4nken, der sich verpflichtet hat, das Beste aus seinem Potenzial f\u00fcr alle G\u00e4ste zu bieten.<\/span><\/p>\n","protected":false},"excerpt":{"rendered":"<p>Ein Ort, an dem die Zeit stillsteht und T\u00eate-\u00e0-T\u00eates mit kostbaren Momenten gebraut werden. Die Rendez-Vue Rooftop Bar befindet sich an der besten Stelle zum Sonnenuntergang im Avista Hideaway Phuket Patong. Wenn die wirbelnden Farben des Himmels eine lebendige Kulisse f\u00fcr einen weiten Blick \u00fcber Phuket bilden. Abseits des chaotischen L\u00e4rms liegt dieser Ort im [&hellip;]<\/p>\n","protected":false},"author":55,"featured_media":0,"parent":958,"menu_order":5,"comment_status":"closed","ping_status":"closed","template":"template-restaurant.php","meta":{"footnotes":""},"categories":[39],"class_list":["post-984","page","type-page","status-publish","hentry","category-bar-de"],"acf":[],"yoast_head":"<!-- This site is optimized with the Yoast SEO plugin v26.9 - https:\/\/yoast.com\/product\/yoast-seo-wordpress\/ -->\n<title>Rendez-Vue Rooftop Bar | Bar in Patong | Avista Hideaway Phuket Patong<\/title>\n<meta name=\"description\" content=\"Rendez-Vue, a Rooftop Bar is the signature bar of Avista Hideaway in Phuket Thailand. Sip your drink as you enjoy the best sunset view in Phuket Patong.\" \/>\n<meta name=\"robots\" content=\"index, follow, max-snippet:-1, max-image-preview:large, max-video-preview:-1\" \/>\n<link rel=\"canonical\" href=\"https:\/\/www.avistahideawayphuketresort.com\/de\/best-restaurants-in-phuket-patong\/rendez-vue-bar\/\" \/>\n<meta property=\"og:locale\" content=\"de_DE\" \/>\n<meta property=\"og:type\" content=\"article\" \/>\n<meta property=\"og:title\" content=\"Rendez-Vue Rooftop Bar | Bar in Patong | Avista Hideaway Phuket Patong\" \/>\n<meta property=\"og:description\" content=\"Rendez-Vue, a Rooftop Bar is the signature bar of Avista Hideaway in Phuket Thailand. Sip your drink as you enjoy the best sunset view in Phuket Patong.\" \/>\n<meta property=\"og:url\" content=\"https:\/\/www.avistahideawayphuketresort.com\/de\/best-restaurants-in-phuket-patong\/rendez-vue-bar\/\" \/>\n<meta property=\"og:site_name\" content=\"Avista Hideaway Phuket Patong\" \/>\n<meta property=\"article:modified_time\" content=\"2023-07-10T23:15:59+00:00\" \/>\n<meta name=\"twitter:card\" content=\"summary_large_image\" \/>\n<meta name=\"twitter:label1\" content=\"Gesch\u00e4tzte Lesezeit\" \/>\n\t<meta name=\"twitter:data1\" content=\"1 Minute\" \/>\n<script type=\"application\/ld+json\" class=\"yoast-schema-graph\">{\"@context\":\"https:\/\/schema.org\",\"@graph\":[{\"@type\":\"WebPage\",\"@id\":\"https:\/\/www.avistahideawayphuketresort.com\/de\/best-restaurants-in-phuket-patong\/rendez-vue-bar\/\",\"url\":\"https:\/\/www.avistahideawayphuketresort.com\/de\/best-restaurants-in-phuket-patong\/rendez-vue-bar\/\",\"name\":\"Rendez-Vue Rooftop Bar | Bar in Patong | Avista Hideaway Phuket Patong\",\"isPartOf\":{\"@id\":\"https:\/\/www.avistahideawayphuketresort.com\/#website\"},\"datePublished\":\"2023-05-02T04:21:53+00:00\",\"dateModified\":\"2023-07-10T23:15:59+00:00\",\"description\":\"Rendez-Vue, a Rooftop Bar is the signature bar of Avista Hideaway in Phuket Thailand. Sip your drink as you enjoy the best sunset view in Phuket Patong.\",\"breadcrumb\":{\"@id\":\"https:\/\/www.avistahideawayphuketresort.com\/de\/best-restaurants-in-phuket-patong\/rendez-vue-bar\/#breadcrumb\"},\"inLanguage\":\"de-DE\",\"potentialAction\":[{\"@type\":\"ReadAction\",\"target\":[\"https:\/\/www.avistahideawayphuketresort.com\/de\/best-restaurants-in-phuket-patong\/rendez-vue-bar\/\"]}]},{\"@type\":\"BreadcrumbList\",\"@id\":\"https:\/\/www.avistahideawayphuketresort.com\/de\/best-restaurants-in-phuket-patong\/rendez-vue-bar\/#breadcrumb\",\"itemListElement\":[{\"@type\":\"ListItem\",\"position\":1,\"name\":\"Home\",\"item\":\"https:\/\/www.avistahideawayphuketresort.com\/de\/\"},{\"@type\":\"ListItem\",\"position\":2,\"name\":\"Restaurants &#038; Bars\",\"item\":\"https:\/\/www.avistahideawayphuketresort.com\/de\/best-restaurants-in-phuket-patong\/\"},{\"@type\":\"ListItem\",\"position\":3,\"name\":\"Rendez-Vue Terrassen-Bar\"}]},{\"@type\":\"WebSite\",\"@id\":\"https:\/\/www.avistahideawayphuketresort.com\/#website\",\"url\":\"https:\/\/www.avistahideawayphuketresort.com\/\",\"name\":\"Avista Hideaway Phuket Patong\",\"description\":\"\",\"potentialAction\":[{\"@type\":\"SearchAction\",\"target\":{\"@type\":\"EntryPoint\",\"urlTemplate\":\"https:\/\/www.avistahideawayphuketresort.com\/?s={search_term_string}\"},\"query-input\":{\"@type\":\"PropertyValueSpecification\",\"valueRequired\":true,\"valueName\":\"search_term_string\"}}],\"inLanguage\":\"de-DE\"}]}<\/script>\n<!-- \/ Yoast SEO plugin. -->","yoast_head_json":{"title":"Rendez-Vue Rooftop Bar | Bar in Patong | Avista Hideaway Phuket Patong","description":"Rendez-Vue, a Rooftop Bar is the signature bar of Avista Hideaway in Phuket Thailand. Sip your drink as you enjoy the best sunset view in Phuket Patong.","robots":{"index":"index","follow":"follow","max-snippet":"max-snippet:-1","max-image-preview":"max-image-preview:large","max-video-preview":"max-video-preview:-1"},"canonical":"https:\/\/www.avistahideawayphuketresort.com\/de\/best-restaurants-in-phuket-patong\/rendez-vue-bar\/","og_locale":"de_DE","og_type":"article","og_title":"Rendez-Vue Rooftop Bar | Bar in Patong | Avista Hideaway Phuket Patong","og_description":"Rendez-Vue, a Rooftop Bar is the signature bar of Avista Hideaway in Phuket Thailand. Sip your drink as you enjoy the best sunset view in Phuket Patong.","og_url":"https:\/\/www.avistahideawayphuketresort.com\/de\/best-restaurants-in-phuket-patong\/rendez-vue-bar\/","og_site_name":"Avista Hideaway Phuket Patong","article_modified_time":"2023-07-10T23:15:59+00:00","twitter_card":"summary_large_image","twitter_misc":{"Gesch\u00e4tzte Lesezeit":"1 Minute"},"schema":{"@context":"https:\/\/schema.org","@graph":[{"@type":"WebPage","@id":"https:\/\/www.avistahideawayphuketresort.com\/de\/best-restaurants-in-phuket-patong\/rendez-vue-bar\/","url":"https:\/\/www.avistahideawayphuketresort.com\/de\/best-restaurants-in-phuket-patong\/rendez-vue-bar\/","name":"Rendez-Vue Rooftop Bar | Bar in Patong | Avista Hideaway Phuket Patong","isPartOf":{"@id":"https:\/\/www.avistahideawayphuketresort.com\/#website"},"datePublished":"2023-05-02T04:21:53+00:00","dateModified":"2023-07-10T23:15:59+00:00","description":"Rendez-Vue, a Rooftop Bar is the signature bar of Avista Hideaway in Phuket Thailand. Sip your drink as you enjoy the best sunset view in Phuket Patong.","breadcrumb":{"@id":"https:\/\/www.avistahideawayphuketresort.com\/de\/best-restaurants-in-phuket-patong\/rendez-vue-bar\/#breadcrumb"},"inLanguage":"de-DE","potentialAction":[{"@type":"ReadAction","target":["https:\/\/www.avistahideawayphuketresort.com\/de\/best-restaurants-in-phuket-patong\/rendez-vue-bar\/"]}]},{"@type":"BreadcrumbList","@id":"https:\/\/www.avistahideawayphuketresort.com\/de\/best-restaurants-in-phuket-patong\/rendez-vue-bar\/#breadcrumb","itemListElement":[{"@type":"ListItem","position":1,"name":"Home","item":"https:\/\/www.avistahideawayphuketresort.com\/de\/"},{"@type":"ListItem","position":2,"name":"Restaurants &#038; Bars","item":"https:\/\/www.avistahideawayphuketresort.com\/de\/best-restaurants-in-phuket-patong\/"},{"@type":"ListItem","position":3,"name":"Rendez-Vue Terrassen-Bar"}]},{"@type":"WebSite","@id":"https:\/\/www.avistahideawayphuketresort.com\/#website","url":"https:\/\/www.avistahideawayphuketresort.com\/","name":"Avista Hideaway Phuket Patong","description":"","potentialAction":[{"@type":"SearchAction","target":{"@type":"EntryPoint","urlTemplate":"https:\/\/www.avistahideawayphuketresort.com\/?s={search_term_string}"},"query-input":{"@type":"PropertyValueSpecification","valueRequired":true,"valueName":"search_term_string"}}],"inLanguage":"de-DE"}]}},"_links":{"self":[{"href":"https:\/\/www.avistahideawayphuketresort.com\/de\/wp-json\/wp\/v2\/pages\/984","targetHints":{"allow":["GET"]}}],"collection":[{"href":"https:\/\/www.avistahideawayphuketresort.com\/de\/wp-json\/wp\/v2\/pages"}],"about":[{"href":"https:\/\/www.avistahideawayphuketresort.com\/de\/wp-json\/wp\/v2\/types\/page"}],"author":[{"embeddable":true,"href":"https:\/\/www.avistahideawayphuketresort.com\/de\/wp-json\/wp\/v2\/users\/55"}],"replies":[{"embeddable":true,"href":"https:\/\/www.avistahideawayphuketresort.com\/de\/wp-json\/wp\/v2\/comments?post=984"}],"version-history":[{"count":0,"href":"https:\/\/www.avistahideawayphuketresort.com\/de\/wp-json\/wp\/v2\/pages\/984\/revisions"}],"up":[{"embeddable":true,"href":"https:\/\/www.avistahideawayphuketresort.com\/de\/wp-json\/wp\/v2\/pages\/958"}],"wp:attachment":[{"href":"https:\/\/www.avistahideawayphuketresort.com\/de\/wp-json\/wp\/v2\/media?parent=984"}],"wp:term":[{"taxonomy":"category","embeddable":true,"href":"https:\/\/www.avistahideawayphuketresort.com\/de\/wp-json\/wp\/v2\/categories?post=984"}],"curies":[{"name":"wp","href":"https:\/\/api.w.org\/{rel}","templated":true}]}}