{"id":993,"date":"2023-04-26T07:33:58","date_gmt":"2023-04-26T07:33:58","guid":{"rendered":"https:\/\/www.avistahideawayphuketresort.com\/accommodations-in-phuket-luxury\/deluxe-room-garden-view\/"},"modified":"2023-07-10T22:13:21","modified_gmt":"2023-07-10T22:13:21","slug":"deluxe-room-garden-view","status":"publish","type":"page","link":"https:\/\/www.avistahideawayphuketresort.com\/de\/accommodations-in-phuket-luxury\/deluxe-room-garden-view\/","title":{"rendered":"DELUXE-ZIMMER, GARTENBLICK"},"content":{"rendered":"<p style=\"text-align: center;\"><span style=\"font-weight: 400;\">Das Deluxe-Zimmer mit Gartenblick ist stilvoll und \u00fcppig eingerichtet. Mit \u00fcber 55 Quadratmetern Wohnfl\u00e4che und einem spektakul\u00e4ren Blick auf die umliegende \u00fcppige Vegetation bietet dieses Zimmer eine ruhige und nat\u00fcrliche Sinneserfahrung und verf\u00fcgt entweder \u00fcber ein Kingsize-Bett oder ein Kingsize- und ein Queensize-Bett. Die kunstvolle Beleuchtung und das tiefe, friedliche Blau der W\u00e4nde vermitteln ein einzigartiges Gef\u00fchl der Gelassenheit. Eine Wand aus Fenstern f\u00fchrt auf einen privaten Balkon, von dem aus man einen atemberaubenden Blick hat, der von keiner anderen <\/span><a href=\"https:\/\/www.avistahideawayphuketresort.com\/de\/luxury-accommodation\/\"><span style=\"font-weight: 400;\">Unterkunft in Patong<\/span><\/a><span style=\"font-weight: 400;\"> \u00fcbertroffen wird. Erfrischen Sie sich in der Regendusche oder genie\u00dfen Sie ein Bad in der weichen, freistehenden Badewanne. Dieses <\/span><a href=\"https:\/\/www.avistahideawayphuketresort.com\/de\/luxury-accommodation\/deluxe-duplex-suite\/\"><span style=\"font-weight: 400;\">5-Sterne-Zimmer<\/span><\/a><span style=\"font-weight: 400;\"> bietet Ihnen Privatsph\u00e4re, Komfort und Bequemlichkeit f\u00fcr einen zauberhaften und denkw\u00fcrdigen Aufenthalt.<\/span><\/p>\n","protected":false},"excerpt":{"rendered":"<p>Das Deluxe-Zimmer mit Gartenblick ist stilvoll und \u00fcppig eingerichtet. Mit \u00fcber 55 Quadratmetern Wohnfl\u00e4che und einem spektakul\u00e4ren Blick auf die umliegende \u00fcppige Vegetation bietet dieses Zimmer eine ruhige und nat\u00fcrliche Sinneserfahrung und verf\u00fcgt entweder \u00fcber ein Kingsize-Bett oder ein Kingsize- und ein Queensize-Bett. Die kunstvolle Beleuchtung und das tiefe, friedliche Blau der W\u00e4nde vermitteln ein [&hellip;]<\/p>\n","protected":false},"author":55,"featured_media":0,"parent":989,"menu_order":1,"comment_status":"closed","ping_status":"closed","template":"template-room.php","meta":{"footnotes":""},"categories":[41],"class_list":["post-993","page","type-page","status-publish","hentry","category-rooms-de"],"acf":[],"yoast_head":"<!-- This site is optimized with the Yoast SEO plugin v26.9 - https:\/\/yoast.com\/product\/yoast-seo-wordpress\/ -->\n<title>DELUXE-ZIMMER, GARTENBLICK - Avista Hideaway Phuket Patong<\/title>\n<meta name=\"robots\" content=\"index, follow, max-snippet:-1, max-image-preview:large, max-video-preview:-1\" \/>\n<link rel=\"canonical\" href=\"https:\/\/www.avistahideawayphuketresort.com\/de\/accommodations-in-phuket-luxury\/deluxe-room-garden-view\/\" \/>\n<meta property=\"og:locale\" content=\"de_DE\" \/>\n<meta property=\"og:type\" content=\"article\" \/>\n<meta property=\"og:title\" content=\"DELUXE-ZIMMER, GARTENBLICK - Avista Hideaway Phuket Patong\" \/>\n<meta property=\"og:description\" content=\"Das Deluxe-Zimmer mit Gartenblick ist stilvoll und \u00fcppig eingerichtet. Mit \u00fcber 55 Quadratmetern Wohnfl\u00e4che und einem spektakul\u00e4ren Blick auf die umliegende \u00fcppige Vegetation bietet dieses Zimmer eine ruhige und nat\u00fcrliche Sinneserfahrung und verf\u00fcgt entweder \u00fcber ein Kingsize-Bett oder ein Kingsize- und ein Queensize-Bett. Die kunstvolle Beleuchtung und das tiefe, friedliche Blau der W\u00e4nde vermitteln ein [&hellip;]\" \/>\n<meta property=\"og:url\" content=\"https:\/\/www.avistahideawayphuketresort.com\/de\/accommodations-in-phuket-luxury\/deluxe-room-garden-view\/\" \/>\n<meta property=\"og:site_name\" content=\"Avista Hideaway Phuket Patong\" \/>\n<meta property=\"article:modified_time\" content=\"2023-07-10T22:13:21+00:00\" \/>\n<meta name=\"twitter:card\" content=\"summary_large_image\" \/>\n<meta name=\"twitter:label1\" content=\"Gesch\u00e4tzte Lesezeit\" \/>\n\t<meta name=\"twitter:data1\" content=\"1 Minute\" \/>\n<script type=\"application\/ld+json\" class=\"yoast-schema-graph\">{\"@context\":\"https:\/\/schema.org\",\"@graph\":[{\"@type\":\"WebPage\",\"@id\":\"https:\/\/www.avistahideawayphuketresort.com\/de\/accommodations-in-phuket-luxury\/deluxe-room-garden-view\/\",\"url\":\"https:\/\/www.avistahideawayphuketresort.com\/de\/accommodations-in-phuket-luxury\/deluxe-room-garden-view\/\",\"name\":\"DELUXE-ZIMMER, GARTENBLICK - Avista Hideaway Phuket Patong\",\"isPartOf\":{\"@id\":\"https:\/\/www.avistahideawayphuketresort.com\/#website\"},\"datePublished\":\"2023-04-26T07:33:58+00:00\",\"dateModified\":\"2023-07-10T22:13:21+00:00\",\"breadcrumb\":{\"@id\":\"https:\/\/www.avistahideawayphuketresort.com\/de\/accommodations-in-phuket-luxury\/deluxe-room-garden-view\/#breadcrumb\"},\"inLanguage\":\"de-DE\",\"potentialAction\":[{\"@type\":\"ReadAction\",\"target\":[\"https:\/\/www.avistahideawayphuketresort.com\/de\/accommodations-in-phuket-luxury\/deluxe-room-garden-view\/\"]}]},{\"@type\":\"BreadcrumbList\",\"@id\":\"https:\/\/www.avistahideawayphuketresort.com\/de\/accommodations-in-phuket-luxury\/deluxe-room-garden-view\/#breadcrumb\",\"itemListElement\":[{\"@type\":\"ListItem\",\"position\":1,\"name\":\"Home\",\"item\":\"https:\/\/www.avistahideawayphuketresort.com\/de\/\"},{\"@type\":\"ListItem\",\"position\":2,\"name\":\"Zimmer &#038; Suiten\",\"item\":\"https:\/\/www.avistahideawayphuketresort.com\/de\/accommodations-in-phuket-luxury\/\"},{\"@type\":\"ListItem\",\"position\":3,\"name\":\"DELUXE-ZIMMER, GARTENBLICK\"}]},{\"@type\":\"WebSite\",\"@id\":\"https:\/\/www.avistahideawayphuketresort.com\/#website\",\"url\":\"https:\/\/www.avistahideawayphuketresort.com\/\",\"name\":\"Avista Hideaway Phuket Patong\",\"description\":\"\",\"potentialAction\":[{\"@type\":\"SearchAction\",\"target\":{\"@type\":\"EntryPoint\",\"urlTemplate\":\"https:\/\/www.avistahideawayphuketresort.com\/?s={search_term_string}\"},\"query-input\":{\"@type\":\"PropertyValueSpecification\",\"valueRequired\":true,\"valueName\":\"search_term_string\"}}],\"inLanguage\":\"de-DE\"}]}<\/script>\n<!-- \/ Yoast SEO plugin. -->","yoast_head_json":{"title":"DELUXE-ZIMMER, GARTENBLICK - Avista Hideaway Phuket Patong","robots":{"index":"index","follow":"follow","max-snippet":"max-snippet:-1","max-image-preview":"max-image-preview:large","max-video-preview":"max-video-preview:-1"},"canonical":"https:\/\/www.avistahideawayphuketresort.com\/de\/accommodations-in-phuket-luxury\/deluxe-room-garden-view\/","og_locale":"de_DE","og_type":"article","og_title":"DELUXE-ZIMMER, GARTENBLICK - Avista Hideaway Phuket Patong","og_description":"Das Deluxe-Zimmer mit Gartenblick ist stilvoll und \u00fcppig eingerichtet. Mit \u00fcber 55 Quadratmetern Wohnfl\u00e4che und einem spektakul\u00e4ren Blick auf die umliegende \u00fcppige Vegetation bietet dieses Zimmer eine ruhige und nat\u00fcrliche Sinneserfahrung und verf\u00fcgt entweder \u00fcber ein Kingsize-Bett oder ein Kingsize- und ein Queensize-Bett. Die kunstvolle Beleuchtung und das tiefe, friedliche Blau der W\u00e4nde vermitteln ein [&hellip;]","og_url":"https:\/\/www.avistahideawayphuketresort.com\/de\/accommodations-in-phuket-luxury\/deluxe-room-garden-view\/","og_site_name":"Avista Hideaway Phuket Patong","article_modified_time":"2023-07-10T22:13:21+00:00","twitter_card":"summary_large_image","twitter_misc":{"Gesch\u00e4tzte Lesezeit":"1 Minute"},"schema":{"@context":"https:\/\/schema.org","@graph":[{"@type":"WebPage","@id":"https:\/\/www.avistahideawayphuketresort.com\/de\/accommodations-in-phuket-luxury\/deluxe-room-garden-view\/","url":"https:\/\/www.avistahideawayphuketresort.com\/de\/accommodations-in-phuket-luxury\/deluxe-room-garden-view\/","name":"DELUXE-ZIMMER, GARTENBLICK - Avista Hideaway Phuket Patong","isPartOf":{"@id":"https:\/\/www.avistahideawayphuketresort.com\/#website"},"datePublished":"2023-04-26T07:33:58+00:00","dateModified":"2023-07-10T22:13:21+00:00","breadcrumb":{"@id":"https:\/\/www.avistahideawayphuketresort.com\/de\/accommodations-in-phuket-luxury\/deluxe-room-garden-view\/#breadcrumb"},"inLanguage":"de-DE","potentialAction":[{"@type":"ReadAction","target":["https:\/\/www.avistahideawayphuketresort.com\/de\/accommodations-in-phuket-luxury\/deluxe-room-garden-view\/"]}]},{"@type":"BreadcrumbList","@id":"https:\/\/www.avistahideawayphuketresort.com\/de\/accommodations-in-phuket-luxury\/deluxe-room-garden-view\/#breadcrumb","itemListElement":[{"@type":"ListItem","position":1,"name":"Home","item":"https:\/\/www.avistahideawayphuketresort.com\/de\/"},{"@type":"ListItem","position":2,"name":"Zimmer &#038; Suiten","item":"https:\/\/www.avistahideawayphuketresort.com\/de\/accommodations-in-phuket-luxury\/"},{"@type":"ListItem","position":3,"name":"DELUXE-ZIMMER, GARTENBLICK"}]},{"@type":"WebSite","@id":"https:\/\/www.avistahideawayphuketresort.com\/#website","url":"https:\/\/www.avistahideawayphuketresort.com\/","name":"Avista Hideaway Phuket Patong","description":"","potentialAction":[{"@type":"SearchAction","target":{"@type":"EntryPoint","urlTemplate":"https:\/\/www.avistahideawayphuketresort.com\/?s={search_term_string}"},"query-input":{"@type":"PropertyValueSpecification","valueRequired":true,"valueName":"search_term_string"}}],"inLanguage":"de-DE"}]}},"_links":{"self":[{"href":"https:\/\/www.avistahideawayphuketresort.com\/de\/wp-json\/wp\/v2\/pages\/993","targetHints":{"allow":["GET"]}}],"collection":[{"href":"https:\/\/www.avistahideawayphuketresort.com\/de\/wp-json\/wp\/v2\/pages"}],"about":[{"href":"https:\/\/www.avistahideawayphuketresort.com\/de\/wp-json\/wp\/v2\/types\/page"}],"author":[{"embeddable":true,"href":"https:\/\/www.avistahideawayphuketresort.com\/de\/wp-json\/wp\/v2\/users\/55"}],"replies":[{"embeddable":true,"href":"https:\/\/www.avistahideawayphuketresort.com\/de\/wp-json\/wp\/v2\/comments?post=993"}],"version-history":[{"count":0,"href":"https:\/\/www.avistahideawayphuketresort.com\/de\/wp-json\/wp\/v2\/pages\/993\/revisions"}],"up":[{"embeddable":true,"href":"https:\/\/www.avistahideawayphuketresort.com\/de\/wp-json\/wp\/v2\/pages\/989"}],"wp:attachment":[{"href":"https:\/\/www.avistahideawayphuketresort.com\/de\/wp-json\/wp\/v2\/media?parent=993"}],"wp:term":[{"taxonomy":"category","embeddable":true,"href":"https:\/\/www.avistahideawayphuketresort.com\/de\/wp-json\/wp\/v2\/categories?post=993"}],"curies":[{"name":"wp","href":"https:\/\/api.w.org\/{rel}","templated":true}]}}