{"id":1012,"date":"2023-04-26T08:23:19","date_gmt":"2023-04-26T08:23:19","guid":{"rendered":"https:\/\/www.avistahideawayphuketresort.com\/accommodations-in-phuket-luxury\/executive-room-ocean-view-1-king-bed\/"},"modified":"2023-07-04T02:33:13","modified_gmt":"2023-07-04T02:33:13","slug":"executive-room-ocean-view-1-king-bed","status":"publish","type":"page","link":"https:\/\/www.avistahideawayphuketresort.com\/es\/accommodations-in-phuket-luxury\/executive-room-ocean-view-1-king-bed\/","title":{"rendered":"HABITACI\u00d3N EJECUTIVA &#8211; VISTA AL OC\u00c9ANO"},"content":{"rendered":"<p>Ubicada en la ladera, esta amplia habitaci\u00f3n contempor\u00e1nea con dise\u00f1o tradicional tailand\u00e9s y colores claros de arena y conchas marinas se extiende sobre 65 metros cuadrados y cuenta con una cama king size. El ba\u00f1o cuenta con una ducha de lluvia y una ba\u00f1era separada, mientras que una terraza amueblada ofrece impresionantes vistas al mar.<\/p>\n<p>\u00a1Benef\u00edciate de la mejor tarifa garantizada al reservar directamente! Disfruta de un 10% adicional de descuento en tu estad\u00eda con Accor ALL.<\/p>\n","protected":false},"excerpt":{"rendered":"<p>Ubicada en la ladera, esta amplia habitaci\u00f3n contempor\u00e1nea con dise\u00f1o tradicional tailand\u00e9s y colores claros de arena y conchas marinas se extiende sobre 65 metros cuadrados y cuenta con una cama king size. El ba\u00f1o cuenta con una ducha de lluvia y una ba\u00f1era separada, mientras que una terraza amueblada ofrece impresionantes vistas al mar. [&hellip;]<\/p>\n","protected":false},"author":55,"featured_media":0,"parent":990,"menu_order":5,"comment_status":"closed","ping_status":"closed","template":"template-room.php","meta":{"footnotes":""},"categories":[42],"class_list":["post-1012","page","type-page","status-publish","hentry","category-rooms-es"],"acf":[],"yoast_head":"<!-- This site is optimized with the Yoast SEO plugin v26.9 - https:\/\/yoast.com\/product\/yoast-seo-wordpress\/ -->\n<title>HABITACI\u00d3N EJECUTIVA - VISTA AL OC\u00c9ANO - Avista Hideaway Phuket Patong<\/title>\n<meta name=\"robots\" content=\"index, follow, max-snippet:-1, max-image-preview:large, max-video-preview:-1\" \/>\n<link rel=\"canonical\" href=\"https:\/\/www.avistahideawayphuketresort.com\/es\/accommodations-in-phuket-luxury\/executive-room-ocean-view-1-king-bed\/\" \/>\n<meta property=\"og:locale\" content=\"es_ES\" \/>\n<meta property=\"og:type\" content=\"article\" \/>\n<meta property=\"og:title\" content=\"HABITACI\u00d3N EJECUTIVA - VISTA AL OC\u00c9ANO - Avista Hideaway Phuket Patong\" \/>\n<meta property=\"og:description\" content=\"Ubicada en la ladera, esta amplia habitaci\u00f3n contempor\u00e1nea con dise\u00f1o tradicional tailand\u00e9s y colores claros de arena y conchas marinas se extiende sobre 65 metros cuadrados y cuenta con una cama king size. El ba\u00f1o cuenta con una ducha de lluvia y una ba\u00f1era separada, mientras que una terraza amueblada ofrece impresionantes vistas al mar. [&hellip;]\" \/>\n<meta property=\"og:url\" content=\"https:\/\/www.avistahideawayphuketresort.com\/es\/accommodations-in-phuket-luxury\/executive-room-ocean-view-1-king-bed\/\" \/>\n<meta property=\"og:site_name\" content=\"Avista Hideaway Phuket Patong\" \/>\n<meta property=\"article:modified_time\" content=\"2023-07-04T02:33:13+00:00\" \/>\n<meta name=\"twitter:card\" content=\"summary_large_image\" \/>\n<script type=\"application\/ld+json\" class=\"yoast-schema-graph\">{\"@context\":\"https:\/\/schema.org\",\"@graph\":[{\"@type\":\"WebPage\",\"@id\":\"https:\/\/www.avistahideawayphuketresort.com\/es\/accommodations-in-phuket-luxury\/executive-room-ocean-view-1-king-bed\/\",\"url\":\"https:\/\/www.avistahideawayphuketresort.com\/es\/accommodations-in-phuket-luxury\/executive-room-ocean-view-1-king-bed\/\",\"name\":\"HABITACI\u00d3N EJECUTIVA - VISTA AL OC\u00c9ANO - Avista Hideaway Phuket Patong\",\"isPartOf\":{\"@id\":\"https:\/\/www.avistahideawayphuketresort.com\/#website\"},\"datePublished\":\"2023-04-26T08:23:19+00:00\",\"dateModified\":\"2023-07-04T02:33:13+00:00\",\"breadcrumb\":{\"@id\":\"https:\/\/www.avistahideawayphuketresort.com\/es\/accommodations-in-phuket-luxury\/executive-room-ocean-view-1-king-bed\/#breadcrumb\"},\"inLanguage\":\"es\",\"potentialAction\":[{\"@type\":\"ReadAction\",\"target\":[\"https:\/\/www.avistahideawayphuketresort.com\/es\/accommodations-in-phuket-luxury\/executive-room-ocean-view-1-king-bed\/\"]}]},{\"@type\":\"BreadcrumbList\",\"@id\":\"https:\/\/www.avistahideawayphuketresort.com\/es\/accommodations-in-phuket-luxury\/executive-room-ocean-view-1-king-bed\/#breadcrumb\",\"itemListElement\":[{\"@type\":\"ListItem\",\"position\":1,\"name\":\"Home\",\"item\":\"https:\/\/www.avistahideawayphuketresort.com\/es\/\"},{\"@type\":\"ListItem\",\"position\":2,\"name\":\"Habitaciones &#038; Suites\",\"item\":\"https:\/\/www.avistahideawayphuketresort.com\/es\/accommodations-in-phuket-luxury\/\"},{\"@type\":\"ListItem\",\"position\":3,\"name\":\"HABITACI\u00d3N EJECUTIVA &#8211; VISTA AL OC\u00c9ANO\"}]},{\"@type\":\"WebSite\",\"@id\":\"https:\/\/www.avistahideawayphuketresort.com\/#website\",\"url\":\"https:\/\/www.avistahideawayphuketresort.com\/\",\"name\":\"Avista Hideaway Phuket Patong\",\"description\":\"\",\"potentialAction\":[{\"@type\":\"SearchAction\",\"target\":{\"@type\":\"EntryPoint\",\"urlTemplate\":\"https:\/\/www.avistahideawayphuketresort.com\/?s={search_term_string}\"},\"query-input\":{\"@type\":\"PropertyValueSpecification\",\"valueRequired\":true,\"valueName\":\"search_term_string\"}}],\"inLanguage\":\"es\"}]}<\/script>\n<!-- \/ Yoast SEO plugin. -->","yoast_head_json":{"title":"HABITACI\u00d3N EJECUTIVA - VISTA AL OC\u00c9ANO - Avista Hideaway Phuket Patong","robots":{"index":"index","follow":"follow","max-snippet":"max-snippet:-1","max-image-preview":"max-image-preview:large","max-video-preview":"max-video-preview:-1"},"canonical":"https:\/\/www.avistahideawayphuketresort.com\/es\/accommodations-in-phuket-luxury\/executive-room-ocean-view-1-king-bed\/","og_locale":"es_ES","og_type":"article","og_title":"HABITACI\u00d3N EJECUTIVA - VISTA AL OC\u00c9ANO - Avista Hideaway Phuket Patong","og_description":"Ubicada en la ladera, esta amplia habitaci\u00f3n contempor\u00e1nea con dise\u00f1o tradicional tailand\u00e9s y colores claros de arena y conchas marinas se extiende sobre 65 metros cuadrados y cuenta con una cama king size. El ba\u00f1o cuenta con una ducha de lluvia y una ba\u00f1era separada, mientras que una terraza amueblada ofrece impresionantes vistas al mar. [&hellip;]","og_url":"https:\/\/www.avistahideawayphuketresort.com\/es\/accommodations-in-phuket-luxury\/executive-room-ocean-view-1-king-bed\/","og_site_name":"Avista Hideaway Phuket Patong","article_modified_time":"2023-07-04T02:33:13+00:00","twitter_card":"summary_large_image","schema":{"@context":"https:\/\/schema.org","@graph":[{"@type":"WebPage","@id":"https:\/\/www.avistahideawayphuketresort.com\/es\/accommodations-in-phuket-luxury\/executive-room-ocean-view-1-king-bed\/","url":"https:\/\/www.avistahideawayphuketresort.com\/es\/accommodations-in-phuket-luxury\/executive-room-ocean-view-1-king-bed\/","name":"HABITACI\u00d3N EJECUTIVA - VISTA AL OC\u00c9ANO - Avista Hideaway Phuket Patong","isPartOf":{"@id":"https:\/\/www.avistahideawayphuketresort.com\/#website"},"datePublished":"2023-04-26T08:23:19+00:00","dateModified":"2023-07-04T02:33:13+00:00","breadcrumb":{"@id":"https:\/\/www.avistahideawayphuketresort.com\/es\/accommodations-in-phuket-luxury\/executive-room-ocean-view-1-king-bed\/#breadcrumb"},"inLanguage":"es","potentialAction":[{"@type":"ReadAction","target":["https:\/\/www.avistahideawayphuketresort.com\/es\/accommodations-in-phuket-luxury\/executive-room-ocean-view-1-king-bed\/"]}]},{"@type":"BreadcrumbList","@id":"https:\/\/www.avistahideawayphuketresort.com\/es\/accommodations-in-phuket-luxury\/executive-room-ocean-view-1-king-bed\/#breadcrumb","itemListElement":[{"@type":"ListItem","position":1,"name":"Home","item":"https:\/\/www.avistahideawayphuketresort.com\/es\/"},{"@type":"ListItem","position":2,"name":"Habitaciones &#038; Suites","item":"https:\/\/www.avistahideawayphuketresort.com\/es\/accommodations-in-phuket-luxury\/"},{"@type":"ListItem","position":3,"name":"HABITACI\u00d3N EJECUTIVA &#8211; VISTA AL OC\u00c9ANO"}]},{"@type":"WebSite","@id":"https:\/\/www.avistahideawayphuketresort.com\/#website","url":"https:\/\/www.avistahideawayphuketresort.com\/","name":"Avista Hideaway Phuket Patong","description":"","potentialAction":[{"@type":"SearchAction","target":{"@type":"EntryPoint","urlTemplate":"https:\/\/www.avistahideawayphuketresort.com\/?s={search_term_string}"},"query-input":{"@type":"PropertyValueSpecification","valueRequired":true,"valueName":"search_term_string"}}],"inLanguage":"es"}]}},"_links":{"self":[{"href":"https:\/\/www.avistahideawayphuketresort.com\/es\/wp-json\/wp\/v2\/pages\/1012","targetHints":{"allow":["GET"]}}],"collection":[{"href":"https:\/\/www.avistahideawayphuketresort.com\/es\/wp-json\/wp\/v2\/pages"}],"about":[{"href":"https:\/\/www.avistahideawayphuketresort.com\/es\/wp-json\/wp\/v2\/types\/page"}],"author":[{"embeddable":true,"href":"https:\/\/www.avistahideawayphuketresort.com\/es\/wp-json\/wp\/v2\/users\/55"}],"replies":[{"embeddable":true,"href":"https:\/\/www.avistahideawayphuketresort.com\/es\/wp-json\/wp\/v2\/comments?post=1012"}],"version-history":[{"count":0,"href":"https:\/\/www.avistahideawayphuketresort.com\/es\/wp-json\/wp\/v2\/pages\/1012\/revisions"}],"up":[{"embeddable":true,"href":"https:\/\/www.avistahideawayphuketresort.com\/es\/wp-json\/wp\/v2\/pages\/990"}],"wp:attachment":[{"href":"https:\/\/www.avistahideawayphuketresort.com\/es\/wp-json\/wp\/v2\/media?parent=1012"}],"wp:term":[{"taxonomy":"category","embeddable":true,"href":"https:\/\/www.avistahideawayphuketresort.com\/es\/wp-json\/wp\/v2\/categories?post=1012"}],"curies":[{"name":"wp","href":"https:\/\/api.w.org\/{rel}","templated":true}]}}