{"id":1021,"date":"2023-04-26T08:52:47","date_gmt":"2023-04-26T08:52:47","guid":{"rendered":"https:\/\/www.avistahideawayphuketresort.com\/accommodations-in-phuket-luxury\/santi-deluxe-suite-jacuzzi\/"},"modified":"2023-07-04T02:46:39","modified_gmt":"2023-07-04T02:46:39","slug":"santi-deluxe-suite-jacuzzi","status":"publish","type":"page","link":"https:\/\/www.avistahideawayphuketresort.com\/es\/accommodations-in-phuket-luxury\/santi-deluxe-suite-jacuzzi\/","title":{"rendered":"SANTI DELUXE SUITE CON BA\u00d1ERA DE HIDROMASAJE, 1 CAMA KING"},"content":{"rendered":"<p style=\"text-align: center;\">Nuestra Santi Deluxe Suite con Ba\u00f1era de Hidromasaje y Beneficios Rendez-Vue tiene 70 metros cuadrados de espacio de vida moderno, lujoso y con buen gusto. La ingeniosa iluminaci\u00f3n interior fomenta el descanso m\u00e1s tranquilo y la relajaci\u00f3n resplandeciente. Lava todas tus preocupaciones en la ducha de lluvia o disfruta de un ba\u00f1o relajante en tus alrededores v\u00edvidos de 5 estrellas. Tu propia terraza privada cuenta con una ba\u00f1era de hidromasaje extragrande que te permite sumergirte en la felicidad mientras disfrutas de las vistas y los aromas invitadores del exquisito bosque tropical de Phuket. Una de las mejores suites con jacuzzi que Patong tiene para ofrecer, esta suite seguramente calmar\u00e1 y estimular\u00e1 tus cinco sentidos, un logro posible solo en las mejores suites privadas. Phuket te est\u00e1 llamando al Avista Hideaway, para una experiencia inolvidable en la suite con ba\u00f1era de hidromasaje.<br \/>\nBenef\u00edciate de la mejor tarifa garantizada al reservar directamente. Disfruta de un 10% adicional de descuento en tu estancia con Accor ALL.<\/p>\n","protected":false},"excerpt":{"rendered":"<p>Nuestra Santi Deluxe Suite con Ba\u00f1era de Hidromasaje y Beneficios Rendez-Vue tiene 70 metros cuadrados de espacio de vida moderno, lujoso y con buen gusto. La ingeniosa iluminaci\u00f3n interior fomenta el descanso m\u00e1s tranquilo y la relajaci\u00f3n resplandeciente. Lava todas tus preocupaciones en la ducha de lluvia o disfruta de un ba\u00f1o relajante en tus [&hellip;]<\/p>\n","protected":false},"author":55,"featured_media":0,"parent":990,"menu_order":7,"comment_status":"closed","ping_status":"closed","template":"template-room.php","meta":{"footnotes":""},"categories":[44],"class_list":["post-1021","page","type-page","status-publish","hentry","category-suites-es"],"acf":[],"yoast_head":"<!-- This site is optimized with the Yoast SEO plugin v26.9 - https:\/\/yoast.com\/product\/yoast-seo-wordpress\/ -->\n<title>SANTI DELUXE SUITE CON BA\u00d1ERA DE HIDROMASAJE, 1 CAMA KING - Avista Hideaway Phuket Patong<\/title>\n<meta name=\"robots\" content=\"index, follow, max-snippet:-1, max-image-preview:large, max-video-preview:-1\" \/>\n<link rel=\"canonical\" href=\"https:\/\/www.avistahideawayphuketresort.com\/es\/accommodations-in-phuket-luxury\/santi-deluxe-suite-jacuzzi\/\" \/>\n<meta property=\"og:locale\" content=\"es_ES\" \/>\n<meta property=\"og:type\" content=\"article\" \/>\n<meta property=\"og:title\" content=\"SANTI DELUXE SUITE CON BA\u00d1ERA DE HIDROMASAJE, 1 CAMA KING - Avista Hideaway Phuket Patong\" \/>\n<meta property=\"og:description\" content=\"Nuestra Santi Deluxe Suite con Ba\u00f1era de Hidromasaje y Beneficios Rendez-Vue tiene 70 metros cuadrados de espacio de vida moderno, lujoso y con buen gusto. La ingeniosa iluminaci\u00f3n interior fomenta el descanso m\u00e1s tranquilo y la relajaci\u00f3n resplandeciente. Lava todas tus preocupaciones en la ducha de lluvia o disfruta de un ba\u00f1o relajante en tus [&hellip;]\" \/>\n<meta property=\"og:url\" content=\"https:\/\/www.avistahideawayphuketresort.com\/es\/accommodations-in-phuket-luxury\/santi-deluxe-suite-jacuzzi\/\" \/>\n<meta property=\"og:site_name\" content=\"Avista Hideaway Phuket Patong\" \/>\n<meta property=\"article:modified_time\" content=\"2023-07-04T02:46:39+00:00\" \/>\n<meta name=\"twitter:card\" content=\"summary_large_image\" \/>\n<meta name=\"twitter:label1\" content=\"Tiempo de lectura\" \/>\n\t<meta name=\"twitter:data1\" content=\"1 minuto\" \/>\n<script type=\"application\/ld+json\" class=\"yoast-schema-graph\">{\"@context\":\"https:\/\/schema.org\",\"@graph\":[{\"@type\":\"WebPage\",\"@id\":\"https:\/\/www.avistahideawayphuketresort.com\/es\/accommodations-in-phuket-luxury\/santi-deluxe-suite-jacuzzi\/\",\"url\":\"https:\/\/www.avistahideawayphuketresort.com\/es\/accommodations-in-phuket-luxury\/santi-deluxe-suite-jacuzzi\/\",\"name\":\"SANTI DELUXE SUITE CON BA\u00d1ERA DE HIDROMASAJE, 1 CAMA KING - Avista Hideaway Phuket Patong\",\"isPartOf\":{\"@id\":\"https:\/\/www.avistahideawayphuketresort.com\/#website\"},\"datePublished\":\"2023-04-26T08:52:47+00:00\",\"dateModified\":\"2023-07-04T02:46:39+00:00\",\"breadcrumb\":{\"@id\":\"https:\/\/www.avistahideawayphuketresort.com\/es\/accommodations-in-phuket-luxury\/santi-deluxe-suite-jacuzzi\/#breadcrumb\"},\"inLanguage\":\"es\",\"potentialAction\":[{\"@type\":\"ReadAction\",\"target\":[\"https:\/\/www.avistahideawayphuketresort.com\/es\/accommodations-in-phuket-luxury\/santi-deluxe-suite-jacuzzi\/\"]}]},{\"@type\":\"BreadcrumbList\",\"@id\":\"https:\/\/www.avistahideawayphuketresort.com\/es\/accommodations-in-phuket-luxury\/santi-deluxe-suite-jacuzzi\/#breadcrumb\",\"itemListElement\":[{\"@type\":\"ListItem\",\"position\":1,\"name\":\"Home\",\"item\":\"https:\/\/www.avistahideawayphuketresort.com\/es\/\"},{\"@type\":\"ListItem\",\"position\":2,\"name\":\"Habitaciones &#038; Suites\",\"item\":\"https:\/\/www.avistahideawayphuketresort.com\/es\/accommodations-in-phuket-luxury\/\"},{\"@type\":\"ListItem\",\"position\":3,\"name\":\"SANTI DELUXE SUITE CON BA\u00d1ERA DE HIDROMASAJE, 1 CAMA KING\"}]},{\"@type\":\"WebSite\",\"@id\":\"https:\/\/www.avistahideawayphuketresort.com\/#website\",\"url\":\"https:\/\/www.avistahideawayphuketresort.com\/\",\"name\":\"Avista Hideaway Phuket Patong\",\"description\":\"\",\"potentialAction\":[{\"@type\":\"SearchAction\",\"target\":{\"@type\":\"EntryPoint\",\"urlTemplate\":\"https:\/\/www.avistahideawayphuketresort.com\/?s={search_term_string}\"},\"query-input\":{\"@type\":\"PropertyValueSpecification\",\"valueRequired\":true,\"valueName\":\"search_term_string\"}}],\"inLanguage\":\"es\"}]}<\/script>\n<!-- \/ Yoast SEO plugin. -->","yoast_head_json":{"title":"SANTI DELUXE SUITE CON BA\u00d1ERA DE HIDROMASAJE, 1 CAMA KING - Avista Hideaway Phuket Patong","robots":{"index":"index","follow":"follow","max-snippet":"max-snippet:-1","max-image-preview":"max-image-preview:large","max-video-preview":"max-video-preview:-1"},"canonical":"https:\/\/www.avistahideawayphuketresort.com\/es\/accommodations-in-phuket-luxury\/santi-deluxe-suite-jacuzzi\/","og_locale":"es_ES","og_type":"article","og_title":"SANTI DELUXE SUITE CON BA\u00d1ERA DE HIDROMASAJE, 1 CAMA KING - Avista Hideaway Phuket Patong","og_description":"Nuestra Santi Deluxe Suite con Ba\u00f1era de Hidromasaje y Beneficios Rendez-Vue tiene 70 metros cuadrados de espacio de vida moderno, lujoso y con buen gusto. La ingeniosa iluminaci\u00f3n interior fomenta el descanso m\u00e1s tranquilo y la relajaci\u00f3n resplandeciente. Lava todas tus preocupaciones en la ducha de lluvia o disfruta de un ba\u00f1o relajante en tus [&hellip;]","og_url":"https:\/\/www.avistahideawayphuketresort.com\/es\/accommodations-in-phuket-luxury\/santi-deluxe-suite-jacuzzi\/","og_site_name":"Avista Hideaway Phuket Patong","article_modified_time":"2023-07-04T02:46:39+00:00","twitter_card":"summary_large_image","twitter_misc":{"Tiempo de lectura":"1 minuto"},"schema":{"@context":"https:\/\/schema.org","@graph":[{"@type":"WebPage","@id":"https:\/\/www.avistahideawayphuketresort.com\/es\/accommodations-in-phuket-luxury\/santi-deluxe-suite-jacuzzi\/","url":"https:\/\/www.avistahideawayphuketresort.com\/es\/accommodations-in-phuket-luxury\/santi-deluxe-suite-jacuzzi\/","name":"SANTI DELUXE SUITE CON BA\u00d1ERA DE HIDROMASAJE, 1 CAMA KING - Avista Hideaway Phuket Patong","isPartOf":{"@id":"https:\/\/www.avistahideawayphuketresort.com\/#website"},"datePublished":"2023-04-26T08:52:47+00:00","dateModified":"2023-07-04T02:46:39+00:00","breadcrumb":{"@id":"https:\/\/www.avistahideawayphuketresort.com\/es\/accommodations-in-phuket-luxury\/santi-deluxe-suite-jacuzzi\/#breadcrumb"},"inLanguage":"es","potentialAction":[{"@type":"ReadAction","target":["https:\/\/www.avistahideawayphuketresort.com\/es\/accommodations-in-phuket-luxury\/santi-deluxe-suite-jacuzzi\/"]}]},{"@type":"BreadcrumbList","@id":"https:\/\/www.avistahideawayphuketresort.com\/es\/accommodations-in-phuket-luxury\/santi-deluxe-suite-jacuzzi\/#breadcrumb","itemListElement":[{"@type":"ListItem","position":1,"name":"Home","item":"https:\/\/www.avistahideawayphuketresort.com\/es\/"},{"@type":"ListItem","position":2,"name":"Habitaciones &#038; Suites","item":"https:\/\/www.avistahideawayphuketresort.com\/es\/accommodations-in-phuket-luxury\/"},{"@type":"ListItem","position":3,"name":"SANTI DELUXE SUITE CON BA\u00d1ERA DE HIDROMASAJE, 1 CAMA KING"}]},{"@type":"WebSite","@id":"https:\/\/www.avistahideawayphuketresort.com\/#website","url":"https:\/\/www.avistahideawayphuketresort.com\/","name":"Avista Hideaway Phuket Patong","description":"","potentialAction":[{"@type":"SearchAction","target":{"@type":"EntryPoint","urlTemplate":"https:\/\/www.avistahideawayphuketresort.com\/?s={search_term_string}"},"query-input":{"@type":"PropertyValueSpecification","valueRequired":true,"valueName":"search_term_string"}}],"inLanguage":"es"}]}},"_links":{"self":[{"href":"https:\/\/www.avistahideawayphuketresort.com\/es\/wp-json\/wp\/v2\/pages\/1021","targetHints":{"allow":["GET"]}}],"collection":[{"href":"https:\/\/www.avistahideawayphuketresort.com\/es\/wp-json\/wp\/v2\/pages"}],"about":[{"href":"https:\/\/www.avistahideawayphuketresort.com\/es\/wp-json\/wp\/v2\/types\/page"}],"author":[{"embeddable":true,"href":"https:\/\/www.avistahideawayphuketresort.com\/es\/wp-json\/wp\/v2\/users\/55"}],"replies":[{"embeddable":true,"href":"https:\/\/www.avistahideawayphuketresort.com\/es\/wp-json\/wp\/v2\/comments?post=1021"}],"version-history":[{"count":0,"href":"https:\/\/www.avistahideawayphuketresort.com\/es\/wp-json\/wp\/v2\/pages\/1021\/revisions"}],"up":[{"embeddable":true,"href":"https:\/\/www.avistahideawayphuketresort.com\/es\/wp-json\/wp\/v2\/pages\/990"}],"wp:attachment":[{"href":"https:\/\/www.avistahideawayphuketresort.com\/es\/wp-json\/wp\/v2\/media?parent=1021"}],"wp:term":[{"taxonomy":"category","embeddable":true,"href":"https:\/\/www.avistahideawayphuketresort.com\/es\/wp-json\/wp\/v2\/categories?post=1021"}],"curies":[{"name":"wp","href":"https:\/\/api.w.org\/{rel}","templated":true}]}}